{"id":9999,"date":"2020-10-19T14:38:01","date_gmt":"2020-10-19T14:38:01","guid":{"rendered":"https:\/\/casinofrog.com\/?page_id=9999"},"modified":"2024-06-27T13:04:56","modified_gmt":"2024-06-27T13:04:56","slug":"hur-vi-betygsatter","status":"publish","type":"page","link":"https:\/\/casinofrog.com\/se\/guider\/hur-vi-betygsatter\/","title":{"rendered":"Hur vi betygs\u00e4tter casinon"},"content":{"rendered":"\n<p class=\"wp-block-paragraph\">P\u00e5 den h\u00e4r sidan f\u00f6rklarar vi hur Casino Frog utv\u00e4rderar och betygs\u00e4tter casinosajter. Det \u00e4r en l\u00e5ng process inneh\u00e5llandes flertalet noggrant utvalda steg. V\u00e5ra experter tittar bland annat p\u00e5 faktorer som s\u00e4kerhet, bonuserbjudanden och spelutbud s\u00e5 objektivt som m\u00f6jligt.<\/p>\n\n\n\n<p class=\"wp-block-paragraph\">Syftet med den h\u00e4r artikeln \u00e4r att ge dig en insyn i varf\u00f6r vi rekommenderar de casinon som finns h\u00e4r p\u00e5 <a href=\"https:\/\/casinofrog.com\/se\/\">Casinofrog.com\/se\/<\/a>.<\/p>\n\n\n\n<hr class=\"wp-block-separator has-alpha-channel-opacity\"\/>\n\n\n\n<h2 class=\"wp-block-heading\">V\u00e5ra kriterier<\/h2>\n\n\n\n<p class=\"wp-block-paragraph\">N\u00e4r vi utv\u00e4rderar ett n\u00e4tcasino tar vi en l\u00e5ng titt p\u00e5 samtliga delar av det. Vi g\u00f6r detta f\u00f6r att s\u00e4kerst\u00e4lla att vi endast f\u00f6rmedlar h\u00f6gkvalitativa och licensierade sajter.<\/p>\n\n\n\n<p class=\"wp-block-paragraph\">Nedan ser du v\u00e5rt ramverk av kriterier vi anv\u00e4nder oss av f\u00f6r att avg\u00f6ra om en casinosajt f\u00f6rtj\u00e4nar en plats p\u00e5 Casino Frog.<\/p>\n\n\n\n<h3 class=\"wp-block-heading\">S\u00e4kerhet<\/h3>\n\n\n\n<p class=\"wp-block-paragraph\">Eftersom du f\u00f6rmodligen \u00e4r ute efter att spela f\u00f6r riktiga pengar vill du sj\u00e4lvklart att casinot ska vara s\u00e5 s\u00e4kert som m\u00f6jligt. Av den anledningen prioriterar vi s\u00e4kerhet h\u00f6gt n\u00e4r vi bed\u00f6mer casinooperat\u00f6rer. Med andra ord kommer du p\u00e5 Casino Frog inte att hitta casinon som ruckar p\u00e5 s\u00e4kerheten.<\/p>\n\n\n\n<h3 class=\"wp-block-heading\">Licensiering<\/h3>\n\n\n\n<p class=\"wp-block-paragraph\">En ordentlig spellicens \u00e4r en absolut n\u00f6dv\u00e4ndighet f\u00f6r att vi ens kan b\u00f6rja \u00f6verv\u00e4ga att rekommendera en sajt. Vad en licens avsl\u00f6jar \u00e4r att casinot i fr\u00e5ga bedriver sin verksamhet p\u00e5 ett lagligt vis och att det med st\u00f6rsta sannolikhet \u00e4r p\u00e5litligt. I Sverige \u00e4r det myndigheten <a href=\"https:\/\/www.spelinspektionen.se\/\" target=\"_blank\" rel=\"noopener noreferrer\">Spelinspektionen<\/a> som ansvarar f\u00f6r att ge tillst\u00e5nd till licensierat spel om pengar.<\/p>\n\n\n\n<h3 class=\"wp-block-heading\">Bonusar<\/h3>\n\n\n\n<p class=\"wp-block-paragraph\">Bonuserbjudande spelar en betydande roll i valet av casino f\u00f6r m\u00e5nga spelare. En <a href=\"https:\/\/casinofrog.com\/se\/online-casino\/bonus\/\">f\u00f6rm\u00e5nlig bonus<\/a> kan faktiskt h\u00f6ja din spelupplevelse. Med det sagt \u00e4r det ganska vanligt att spelare f\u00f6rbiser oms\u00e4ttningskraven som ofta f\u00f6ljer. Det v\u00e5ra testare g\u00f6r \u00e4r att de s\u00e4kerst\u00e4ller att du inte riskerar att h\u00e4mta en bonus med orimliga villkor.<\/p>\n\n\n\n<h3 class=\"wp-block-heading\">Spelutbud<\/h3>\n\n\n\n<p class=\"wp-block-paragraph\">Vi \u00e4r \u00f6vertygande om att ett brett utbud av slots och andra varianter av casinospel bidrar till en b\u00e4ttre spelupplevelse. Ofta har du m\u00f6jlighet att prova de olika spelen utan kostnad om du inte \u00e4r redo att g\u00f6ra en ins\u00e4ttning \u00e4nnu. Vi testar alltid att spela f\u00f6r riktiga pengar f\u00f6r att vara s\u00e4kra p\u00e5 att vi inte rekommenderar n\u00e5got vi sj\u00e4lva inte finner underh\u00e5llande.<\/p>\n\n\n\n<h3 class=\"wp-block-heading\">Kundtj\u00e4nst<\/h3>\n\n\n\n<p class=\"wp-block-paragraph\">En annan viktig faktor i v\u00e5r utv\u00e4rdering av casinon \u00e4r kundtj\u00e4nst. Det vi kollar efter h\u00e4r \u00e4r fr\u00e4mst responstid och hur en kan komma i kontakt med support. Eftersom det \u00e4r om\u00f6jligt att veta vilken tid p\u00e5 dygnet man kan t\u00e4nkas beh\u00f6va hj\u00e4lp \u00e4r det att f\u00f6redra kundtj\u00e4nst som har \u00f6ppet 24\/7. \u00c4r kundtj\u00e4nsten inte tillg\u00e4nglig under dygnets alla timmar riskerar du att bli utan hj\u00e4lp n\u00e4r du beh\u00f6ver den som mest.<\/p>\n\n\n\n<h3 class=\"wp-block-heading\">Betalningsmetoder<\/h3>\n\n\n\n<p class=\"wp-block-paragraph\">Ut\u00f6ver redan n\u00e4mnda faktorer ska ett n\u00e4tcasino \u00e4ven ha smidiga och s\u00e4kra betalningsmetoder p\u00e5 plats. Dagens spelare n\u00f6jer sig inte med l\u00e5ngsamma och op\u00e5litliga transaktioner. Ins\u00e4ttningar b\u00f6r ske omedelbart och uttag ska inte beh\u00f6va ta l\u00e4ngre \u00e4n ett par arbetsdagar, helst snabbare \u00e4n s\u00e5. D\u00e4rf\u00f6r \u00e4r det viktigt f\u00f6r casinon att erbjuda snabba och smidiga betals\u00e4tt.<\/p>\n\n\n\n<h3 class=\"wp-block-heading\">Rykte<\/h3>\n\n\n\n<p class=\"wp-block-paragraph\">Internet \u00e4r stort och det kommer alltid att existera mindre seri\u00f6sa akt\u00f6rer &#8211; dessa vill du sj\u00e4lvklart undvika. F\u00f6r att g\u00f6ra det m\u00e5ste du f\u00f6rst l\u00e4ra dig att identifiera dem. Ett enklare s\u00e4tt att ta reda p\u00e5 om ett casino \u00e4r oseri\u00f6st \u00e4r genom att kolla upp vad andra spelare s\u00e4ger om det. I en del av v\u00e5r genomg\u00e5ng av casinon tar vi alltid med spelares erfarenhet i ber\u00e4kning.<\/p>\n\n\n\n<hr class=\"wp-block-separator has-alpha-channel-opacity\"\/>\n\n\n\n<h2 class=\"wp-block-heading\">Vi kan industrin<\/h2>\n\n\n<div class=\"wp-block-image\">\n<figure class=\"alignright\"><img loading=\"lazy\" decoding=\"async\" width=\"130\" height=\"130\" src=\"https:\/\/casinofrog.com\/wp-content\/uploads\/hur-vi-betygsatter.png\" alt=\"Hur vi betygs\u00e4tter\" class=\"wp-image-10017\"\/><\/figure>\n<\/div>\n\n\n<p class=\"wp-block-paragraph\">Det som sticker ut med Casino Frog \u00e4r \u00e5rtioenden av erfarenhet inom v\u00e5rt team. Tack vare v\u00e5ra dedikerade experter och testare har vi kunskapen som kr\u00e4vs f\u00f6r att grundligt utv\u00e4rdera casinosajter.<\/p>\n\n\n\n<p class=\"wp-block-paragraph\">V\u00e5r expertis till\u00e5ter oss hj\u00e4lpa dig att hitta r\u00e4tt i detta universum av casinon. Att skapa ett spelkonto och g\u00f6ra sin f\u00f6rsta ins\u00e4ttning \u00e4r vanligtvis ganska r\u00e4ttfram. Det som d\u00e4remot kan vara en utmaning \u00e4r att hitta ett s\u00e4kert och passande <a href=\"https:\/\/casinofrog.com\/se\/online-casino\/\">casino online<\/a>.<\/p>\n\n\n\n<p class=\"wp-block-paragraph\">Lyckligtvis har Casino Frog gjort det tyngsta jobbet \u00e5t dig och sammanst\u00e4llt en lista \u00f6ver n\u00e4tets b\u00e4sta alternativ.<\/p>\n\n\n\n<hr class=\"wp-block-separator has-alpha-channel-opacity\"\/>\n\n\n\n<h2 class=\"wp-block-heading\">D\u00e4rf\u00f6r kan du lita p\u00e5 Casino Frog<\/h2>\n\n\n\n<p class=\"wp-block-paragraph\">D\u00e5 \u00e4r fr\u00e5gan vad som g\u00f6r Casino Frog (SE) till en trov\u00e4rdig k\u00e4lla? Varf\u00f6r du borde lita p\u00e5 oss framf\u00f6r andra j\u00e4mf\u00f6relsesajter? Nedanf\u00f6r f\u00e5r du reda p\u00e5 varf\u00f6r tusentals anv\u00e4ndare \u00e4lskar v\u00e5ra tj\u00e4nster!<\/p>\n\n\n\n<h4 class=\"wp-block-heading\">Vi tror p\u00e5 transparens<\/h4>\n\n\n\n<p class=\"wp-block-paragraph\">Vi \u00e4r v\u00e4ldigt \u00f6ppna med vad vi g\u00f6r och hur vi g\u00f6r det. Vi tror att den r\u00e4tta v\u00e4gen att g\u00e5 \u00e4r att bygga en stark relation till v\u00e5ra bes\u00f6kare genom att exempelvis l\u00e5ta dem ta del av hur vi utv\u00e4rderar v\u00e5ra rekommenderade casinosajter.<\/p>\n\n\n\n<h4 class=\"wp-block-heading\">Prisbel\u00f6nt webbplats<\/h4>\n\n\n\n<p class=\"wp-block-paragraph\">Casino Frogs h\u00e5rda arbete och investerade tid har l\u00f6nat sig p\u00e5 flera s\u00e4tt. Vi har mottagit flertalet nomineringar och d\u00e4rtill blivit utn\u00e4mnda till vinnare i diverse kategorier.<\/p>\n\n\n\n<h4 class=\"wp-block-heading\">F\u00f6rtroende f\u00f6r v\u00e5ra partners<\/h4>\n\n\n\n<p class=\"wp-block-paragraph\">Vi inleder aldrig ett partnerskap om inte f\u00f6rtroendet finns d\u00e4r. Av den enkla orsaken samarbetar vi uteslutande med casinon med gott rykte som vi gladeligen marknadsf\u00f6r p\u00e5 den h\u00e4r webbplatsen.<\/p>\n\n\n\n<h4 class=\"wp-block-heading\">Omn\u00e4mnd i ledande publikationer<\/h4>\n\n\n\n<p class=\"wp-block-paragraph\">Casino Frog Sverige har blivit omn\u00e4mnd i flera ledande publikationer genom \u00e5ren. Vi ser det som ett tecken p\u00e5 att v\u00e5rt arbete uppskattas och respekteras \u00e4ven bortom v\u00e5ra typiska bes\u00f6kare.<\/p>\n\n\n\n<hr class=\"wp-block-separator has-alpha-channel-opacity\"\/>\n\n\n\n<h2 class=\"wp-block-heading\">Alltid oberoende och aktuella<\/h2>\n\n\n\n<p class=\"wp-block-paragraph\">Casino Frog \u00e4r en oberoende j\u00e4mf\u00f6relsetj\u00e4nst som tillhandah\u00e5ller opartiska betyg, guider och mycket mer \u00e4n s\u00e5. Dessutom \u00e4r v\u00e5ra tj\u00e4nster helt och h\u00e5llet gratis. Vi kr\u00e4ver ingen ers\u00e4ttning f\u00f6r att ta del av v\u00e5r webbplats och det \u00e4r heller inget vi planerar att b\u00f6rja g\u00f6ra. Vi kommer forts\u00e4ttningsvis att vara oberoende och gratis f\u00f6r att f\u00f6rse dig med en schysst och \u00e4rlig spelupplevelse.<\/p>\n\n\n\n<p class=\"wp-block-paragraph\">Vi str\u00e4var efter att h\u00e5lla oss uppdaterade och att leverera relevant samt korrekt information. Med det sagt \u00e4r vi m\u00e4nniskor vi ocks\u00e5 och misstag kan komma att beg\u00e5s. \u00c4r det s\u00e5 att du snubblar \u00f6ver n\u00e5got som inte st\u00e4mmer p\u00e5 den h\u00e4r webbplatsen \u00e4r du v\u00e4lkommen att kontakta oss ang\u00e5ende det. Vi arbetar st\u00e4ndigt p\u00e5 att h\u00e5lla inneh\u00e5llet p\u00e5 Casinofrog.com s\u00e5 korrekt som det g\u00e5r.<\/p>\n","protected":false},"excerpt":{"rendered":"<p>P\u00e5 den h\u00e4r sidan f\u00f6rklarar vi hur Casino Frog utv\u00e4rderar och betygs\u00e4tter casinosajter. Det \u00e4r en l\u00e5ng process inneh\u00e5llandes flertalet noggrant utvalda steg. V\u00e5ra experter tittar bland annat p\u00e5 faktorer som s\u00e4kerhet, bonuserbjudanden och spelutbud s\u00e5 objektivt som m\u00f6jligt. Syftet med den h\u00e4r artikeln \u00e4r att ge dig en insyn i varf\u00f6r vi rekommenderar de &#8230; <a title=\"Hur vi betygs\u00e4tter casinon\" class=\"read-more\" href=\"https:\/\/casinofrog.com\/se\/guider\/hur-vi-betygsatter\/\" aria-label=\"L\u00e4s mer om Hur vi betygs\u00e4tter casinon\">L\u00e4s mer<\/a><\/p>\n","protected":false},"author":35,"featured_media":0,"parent":1669,"menu_order":0,"comment_status":"closed","ping_status":"closed","template":"","meta":{"_crdt_document":"","footnotes":""},"class_list":["post-9999","page","type-page","status-publish"],"_links":{"self":[{"href":"https:\/\/casinofrog.com\/se\/wp-json\/wp\/v2\/pages\/9999","targetHints":{"allow":["GET"]}}],"collection":[{"href":"https:\/\/casinofrog.com\/se\/wp-json\/wp\/v2\/pages"}],"about":[{"href":"https:\/\/casinofrog.com\/se\/wp-json\/wp\/v2\/types\/page"}],"author":[{"embeddable":true,"href":"https:\/\/casinofrog.com\/se\/wp-json\/wp\/v2\/users\/35"}],"replies":[{"embeddable":true,"href":"https:\/\/casinofrog.com\/se\/wp-json\/wp\/v2\/comments?post=9999"}],"version-history":[{"count":9,"href":"https:\/\/casinofrog.com\/se\/wp-json\/wp\/v2\/pages\/9999\/revisions"}],"predecessor-version":[{"id":19152,"href":"https:\/\/casinofrog.com\/se\/wp-json\/wp\/v2\/pages\/9999\/revisions\/19152"}],"up":[{"embeddable":true,"href":"https:\/\/casinofrog.com\/se\/wp-json\/wp\/v2\/pages\/1669"}],"wp:attachment":[{"href":"https:\/\/casinofrog.com\/se\/wp-json\/wp\/v2\/media?parent=9999"}],"curies":[{"name":"wp","href":"https:\/\/api.w.org\/{rel}","templated":true}]}}