{"id":9992,"date":"2020-10-19T15:11:24","date_gmt":"2020-10-19T15:11:24","guid":{"rendered":"https:\/\/casinofrog.com\/?page_id=9992"},"modified":"2024-06-27T13:04:31","modified_gmt":"2024-06-27T13:04:31","slug":"omsattningskrav","status":"publish","type":"page","link":"https:\/\/casinofrog.com\/se\/guider\/omsattningskrav\/","title":{"rendered":"Oms\u00e4ttningskrav &#8211; Hur fungerar det?"},"content":{"rendered":"<div class=\"wp-block-image\">\n<figure class=\"alignright\"><img loading=\"lazy\" decoding=\"async\" width=\"150\" height=\"150\" src=\"https:\/\/casinofrog.com\/wp-content\/uploads\/omsattningskrav-sverige.png\" alt=\"Oms\u00e4ttningskrav\" class=\"wp-image-6652\"\/><\/figure>\n<\/div>\n\n\n<p class=\"wp-block-paragraph\">M\u00e5nga <a href=\"https:\/\/casinofrog.com\/se\/online-casino\/\">svenska online casinon<\/a> idag erbjuder sina spelare flera olika intressanta bonusar att ta del av. Dessa bonusar kommer ofta i form av en s.k. v\u00e4lkomstbonus. Den \u00e4r allts\u00e5 endast tillg\u00e4nglig f\u00f6r nya spelare, vid f\u00f6rsta ins\u00e4ttningen. Villkoren hos casinon skiljer sig ofta en del, men oavsett vilken sida du bes\u00f6ker och vilken bonus du tar del s\u00e5 har de ofta en sak gemensamt &#8211; <strong>oms\u00e4ttningskrav<\/strong>.<\/p>\n\n\n\n<p class=\"wp-block-paragraph\">Oms\u00e4ttningskrav \u00e4r en typ av villkor som best\u00e4mmer n\u00e4r bonussummor f\u00e5 tas ut som vinst. Flera casinon erbjuder nya spelare en bonus s\u00e5 snart de registrerat sitt konto och \u00e4r p\u00e5 v\u00e4g att g\u00f6ra en f\u00f6rsta ins\u00e4ttning. Ibland kan det h\u00e4nda att casinot inte kr\u00e4ver att spelaren g\u00f6r en ins\u00e4ttning f\u00f6r att aktivera sin bonus, vilket \u00e4nd\u00e5 \u00e4r ganska ovanligt i dagsl\u00e4get. Det kan p\u00e5 f\u00f6rhand se ut som gratis pengar, men det \u00e4r h\u00e4r oms\u00e4ttningskravet spelar roll.<\/p>\n\n\n\n<p class=\"wp-block-paragraph\">Precis som med de flesta moderna f\u00f6retagsverksamheterna s\u00e5 \u00e4r casinooperat\u00f6rerna ute efter att tj\u00e4na pengar. D\u00e5 \u00e4r det inte helt logiskt att l\u00e5ta nya spelare ta del av en bonus som de sedan kan ta ut direkt, i form av gratis pengar. Det \u00e4r allts\u00e5 d\u00e4rf\u00f6r som oms\u00e4ttningskraven existerar, f\u00f6r att spelaren ska oms\u00e4tta summan ett visst antal g\u00e5nger innan den kan tas ut som vinst till bankkontot.<\/p>\n\n\n\n<p class=\"wp-block-paragraph\">Nedan tar vi en n\u00e4rmare titt p\u00e5 hur oms\u00e4ttningskraven fungerar och vad du kan beh\u00f6va veta innan du tar del av en bonus.<\/p>\n\n\n\n<hr class=\"wp-block-separator has-alpha-channel-opacity\"\/>\n\n\n\n<h2 class=\"wp-block-heading\">Hur fungerar oms\u00e4ttningskrav?<\/h2>\n\n\n\n<p class=\"wp-block-paragraph\">Ett oms\u00e4ttningskrav motsvarar antalet g\u00e5nger en bonussumma m\u00e5ste oms\u00e4ttas innan den kan omvandlas till riktiga pengar, tas ut som vinst och s\u00e4ttas in p\u00e5 ditt konto. Ett uttag kan med andra ord endast ske n\u00e4r kravet uppfyllts.<\/p>\n\n\n\n<p class=\"wp-block-paragraph\">I princip alla <a href=\"https:\/\/casinofrog.com\/se\/online-casino\/bonus\/\">casinobonusar<\/a> kommer med ett oms\u00e4ttningskrav. Vissa casinon n\u00f6jer sig med att spelaren oms\u00e4tter bonusen endast en g\u00e5ng innan de f\u00e5r g\u00f6ra ett uttag. Andra vill att man oms\u00e4tter summan flera g\u00e5nger f\u00f6rst.<\/p>\n\n\n\n<p class=\"wp-block-paragraph\">Det exakta antalet g\u00e5nger summan m\u00e5ste oms\u00e4ttas beror ofta p\u00e5 vilken typ av bonus det r\u00f6r sig om. Till exempel s\u00e5 brukar en <em>bonus utan ins\u00e4ttning<\/em> (no deposit) ha betydligt h\u00f6gra krav p\u00e5 oms\u00e4ttning \u00e4n en vanlig matchningsbonus. Det kan vara bra att l\u00e4sa bonusvillkoren innan du accepterar den, och se vilka krav som g\u00e4ller.<\/p>\n\n\n\n<p class=\"wp-block-paragraph\">\u00c4ven om oms\u00e4ttningskrav kan verka komplicerat vid f\u00f6rsta anblick, s\u00e5 blir det enklare n\u00e4r man vet vad som \u00e4r v\u00e4rt att h\u00e5lla utkik efter. H\u00e4r nedan f\u00f6ljer ett exempel p\u00e5 hur de fungerar:<\/p>\n\n\n\n<p class=\"wp-block-paragraph\">Vi s\u00e4ger att du accepterar en bonus p\u00e5 100 kr med ett oms\u00e4ttningskrav p\u00e5 35x. D\u00e5 inneb\u00e4r det att du beh\u00f6ver n\u00e5 minst 3 500 kr innan du kan ta ut summan till ditt konto. Ofta beh\u00f6ver du spendera ganska mycket innan du kan dra nytta av bonusen.<\/p>\n\n\n\n<hr class=\"wp-block-separator has-alpha-channel-opacity\"\/>\n\n\n\n<h2 class=\"wp-block-heading\">Spelar det n\u00e5gon roll vilket spel jag spelar?<\/h2>\n\n\n\n<p class=\"wp-block-paragraph\">V\u00e4rt att notera \u00e4r att reglerna kring oms\u00e4ttningskraven ofta skiljer sig beroende p\u00e5 vilket spel du v\u00e4ljer. Spelen r\u00e4knas n\u00e4mligen olika mycket mot det totala kravet. Om du exempelvis spelar f\u00f6r 20 kr p\u00e5 en spelautomat, s\u00e5 kan casinot r\u00e4kna det som 20 kr mot oms\u00e4ttningskravet. Men skulle du spedera 20 kr p\u00e5 roulette s\u00e5 kanske de bara r\u00e4knas som 10 kr mot kravet.<\/p>\n\n\n\n<p class=\"wp-block-paragraph\">Ofta r\u00e4knar casinot av en viss procent av oms\u00e4ttningskravet fr\u00e5n den totala summan du spenderat p\u00e5 t.ex. roulette. Det kan allts\u00e5 handla om att endast 10% r\u00e4knas av om du v\u00e4ljer att spendera din bonussumma p\u00e5 roulette. S\u00e5 f\u00f6r varje 20 kr du spelar f\u00f6r s\u00e5 r\u00e4knas endast 2 kr mot oms\u00e4ttningskravet.<\/p>\n\n\n\n<p class=\"wp-block-paragraph\">Reglerna kring detta skiljer sig givetvis fr\u00e5n det ena casinot till det andra, men b\u00f6r alltid tydligt s\u00e5 med i deras bonusvillkor. P\u00e5 <a href=\"https:\/\/casinofrog.com\/se\/\">Casino Frog<\/a> rekommenderar vi att du l\u00e4ser villkoren och dubbelkollar kraven f\u00f6r just dina favoritspel. Genom att g\u00f6ra detta f\u00f6rs\u00e4krar du dig om att den bonus du aktiverar ocks\u00e5 kommer att kunna omvandlas till pengar du kan plocka ut.<\/p>\n","protected":false},"excerpt":{"rendered":"<p>M\u00e5nga svenska online casinon idag erbjuder sina spelare flera olika intressanta bonusar att ta del av. Dessa bonusar kommer ofta i form av en s.k. v\u00e4lkomstbonus. Den \u00e4r allts\u00e5 endast tillg\u00e4nglig f\u00f6r nya spelare, vid f\u00f6rsta ins\u00e4ttningen. Villkoren hos casinon skiljer sig ofta en del, men oavsett vilken sida du bes\u00f6ker och vilken bonus du &#8230; <a title=\"Oms\u00e4ttningskrav &#8211; Hur fungerar det?\" class=\"read-more\" href=\"https:\/\/casinofrog.com\/se\/guider\/omsattningskrav\/\" aria-label=\"L\u00e4s mer om Oms\u00e4ttningskrav &#8211; Hur fungerar det?\">L\u00e4s mer<\/a><\/p>\n","protected":false},"author":33,"featured_media":0,"parent":1669,"menu_order":0,"comment_status":"closed","ping_status":"closed","template":"","meta":{"_crdt_document":"","footnotes":""},"class_list":["post-9992","page","type-page","status-publish"],"_links":{"self":[{"href":"https:\/\/casinofrog.com\/se\/wp-json\/wp\/v2\/pages\/9992","targetHints":{"allow":["GET"]}}],"collection":[{"href":"https:\/\/casinofrog.com\/se\/wp-json\/wp\/v2\/pages"}],"about":[{"href":"https:\/\/casinofrog.com\/se\/wp-json\/wp\/v2\/types\/page"}],"author":[{"embeddable":true,"href":"https:\/\/casinofrog.com\/se\/wp-json\/wp\/v2\/users\/33"}],"replies":[{"embeddable":true,"href":"https:\/\/casinofrog.com\/se\/wp-json\/wp\/v2\/comments?post=9992"}],"version-history":[{"count":10,"href":"https:\/\/casinofrog.com\/se\/wp-json\/wp\/v2\/pages\/9992\/revisions"}],"predecessor-version":[{"id":19150,"href":"https:\/\/casinofrog.com\/se\/wp-json\/wp\/v2\/pages\/9992\/revisions\/19150"}],"up":[{"embeddable":true,"href":"https:\/\/casinofrog.com\/se\/wp-json\/wp\/v2\/pages\/1669"}],"wp:attachment":[{"href":"https:\/\/casinofrog.com\/se\/wp-json\/wp\/v2\/media?parent=9992"}],"curies":[{"name":"wp","href":"https:\/\/api.w.org\/{rel}","templated":true}]}}