{"id":786,"date":"2020-06-26T11:10:47","date_gmt":"2020-06-26T11:10:47","guid":{"rendered":"https:\/\/www.casinofrog.com\/?page_id=786"},"modified":"2024-06-27T12:59:45","modified_gmt":"2024-06-27T12:59:45","slug":"skribenter","status":"publish","type":"page","link":"https:\/\/casinofrog.com\/se\/skribenter\/","title":{"rendered":"Skribenter hos Casino Frog (SE)"},"content":{"rendered":"\n<h2 class=\"wp-block-heading\">Skribenterna p\u00e5 Casino Frog Sverige<\/h2>\n\n\n\n<p class=\"wp-block-paragraph\">V\u00e5ra h\u00e4ngivna medarbetare g\u00f6r sitt yttersta f\u00f6r att skapa h\u00f6gkvalitativt inneh\u00e5ll om <a href=\"https:\/\/casinofrog.com\/se\/online-casino\/\">online casinon<\/a> och den svenska spelmarknaden.<\/p>\n\n\n\n<hr class=\"wp-block-separator has-alpha-channel-opacity\"\/>\n\n\n<div  class=\"lgc-column lgc-grid-parent lgc-grid-33 lgc-tablet-grid-50 lgc-mobile-grid-100 lgc-equal-heights \"><div  class=\"inside-grid-column\">\n<img loading=\"lazy\" decoding=\"async\" class=\"alignnone size-full wp-image-3360 round\" src=\"https:\/\/casinofrog.com\/wp-content\/uploads\/henrik-ericsson.jpg\" alt=\"\" width=\"150\" height=\"150\" \/><br \/>\n<strong>Henrik Ericsson<\/strong><br \/>\nH\u00e4r har vi en riktig expert som har haft ett finger med i casinov\u00e4rlden under v\u00e4ldigt l\u00e5ng tid. Henrik bidrar med mycket p\u00e5 Casino Frog och \u00e4r bland annat g\u00e4rna med och best\u00e4mmer vilka casinon vi ska lista p\u00e5 v\u00e5r webbplats. Eftersom han har sin bakgrund inom juridik har han stenkoll p\u00e5 lagar och regler.<br \/>\n<\/div><\/div>\n\n\n<div  class=\"lgc-column lgc-grid-parent lgc-grid-33 lgc-tablet-grid-50 lgc-mobile-grid-100 lgc-equal-heights \"><div  class=\"inside-grid-column\">\n<img loading=\"lazy\" decoding=\"async\" class=\"alignnone size-full wp-image-3464 round\" src=\"https:\/\/casinofrog.com\/wp-content\/uploads\/maria-blom.jpg\" alt=\"\" width=\"150\" height=\"150\" \/><br \/>\n<strong>Maria Blom<\/strong><br \/>\nMaria \u00e4r en riktig fena p\u00e5 spel och har genom \u00e5ren skaffat sig rej\u00e4l erfarenhet av casinospel. Hon f\u00f6redrar slots som \u00e4r f\u00e4rgglada och d\u00e4r det h\u00e4nder mycket. Hon har under l\u00e5ng tid skrivit omd\u00f6men om n\u00e4tcasinon och hon delar mer \u00e4n g\u00e4rna med sig av tips och tricks till nyb\u00f6rjare s\u00e5 v\u00e4l som veteraner.<br \/>\n<\/div><\/div>\n\n\n<div  class=\"lgc-column lgc-grid-parent lgc-grid-33 lgc-tablet-grid-50 lgc-mobile-grid-100 lgc-equal-heights \"><div  class=\"inside-grid-column\">\n<img loading=\"lazy\" decoding=\"async\" class=\"alignnone size-full wp-image-7059 round\" src=\"https:\/\/www.casinofrog.com\/wp-content\/uploads\/magnus-hakansson.jpg\" alt=\"\" width=\"150\" height=\"150\" \/><br \/>\n<strong>Magnus H\u00e5kansson<\/strong><br \/>\nMagnus \u00e4r utbildad webbutvecklare som ocks\u00e5 har ett enormt intresse f\u00f6r casino p\u00e5 n\u00e4tet. Han gillar speciellt slots med musiktema som till exempel Mot\u00f6rhead. Magnus skriver regelbundet om nya lanseringar och han g\u00f6r det fr\u00e5n sitt hem p\u00e5 Malta.<br \/>\n<\/div><\/div><div class=\"lgc-clear\"><\/div>\n\n\n<div  class=\"lgc-column lgc-grid-parent lgc-grid-33 lgc-tablet-grid-50 lgc-mobile-grid-100 lgc-equal-heights \"><div  class=\"inside-grid-column\">\n<img loading=\"lazy\" decoding=\"async\" class=\"alignnone size-full wp-image-3685 round\" src=\"https:\/\/casinofrog.com\/wp-content\/uploads\/ulrika-lundgren.jpg\" alt=\"\" width=\"150\" height=\"150\" \/><br \/>\n<strong>Ulrika Lundgren<\/strong><br \/>\nUlrika \u00e4r expert p\u00e5 casinospel och testar frekvent nya slots och spelsajter. F\u00f6rutom att vara en flitig anv\u00e4ndare av n\u00e4tcasinon bes\u00f6ker hon \u00e4ven traditionella casinon. Hennes expertis kommer v\u00e4l till hands n\u00e4r det dyker upp nya casinosajter att bed\u00f6ma.<br \/>\n<\/div><\/div>\n\n\n<div  class=\"lgc-column lgc-grid-parent lgc-grid-33 lgc-tablet-grid-50 lgc-mobile-grid-100 lgc-equal-heights \"><div  class=\"inside-grid-column\">\n<img loading=\"lazy\" decoding=\"async\" class=\"alignnone size-full wp-image-3691 round\" src=\"https:\/\/casinofrog.com\/wp-content\/uploads\/gustav-strandberg.jpg\" alt=\"\" width=\"150\" height=\"150\" \/><br \/>\n<strong>Gustav Strandberg<\/strong><br \/>\nGustav Strandbergs intresse f\u00f6r casino och spel v\u00e4xte fram I samband med den stora poker-boomen i Sverige. Sedan dess har han b\u00e5de hunnit spela och recensera massvis av casinosidor och spelautomater. Han \u00e4r i grunden utbildad ekonom och idag \u00e4r han bosatt p\u00e5 Cura\u00e7ao d\u00e4r han lever p\u00e5 att spela och skriva om casino.<br \/>\n<\/div><\/div>\n\n\n<div  class=\"lgc-column lgc-grid-parent lgc-grid-33 lgc-tablet-grid-50 lgc-mobile-grid-100 lgc-equal-heights \"><div  class=\"inside-grid-column\">\n<img loading=\"lazy\" decoding=\"async\" class=\"alignnone size-full wp-image-3272 round\" src=\"https:\/\/casinofrog.com\/wp-content\/uploads\/anders-thelin.jpg\" alt=\"\" width=\"150\" height=\"150\" \/><br \/>\n<strong>Anders Thel\u00edn<\/strong><br \/>\nAnders har varit involverad i spelbranschen i m\u00e5nga \u00e5r och han \u00e4r snabb med att prova p\u00e5 nya slots. Han f\u00f6ljer utvecklingen i branschen med stort intresse och han v\u00e4lkomnar alla verktyg som hj\u00e4lper spelare att f\u00e5 kontroll \u00f6ver sitt spelbeteende. Tack vare sin erfarenhet vet han ocks\u00e5 vad ett seri\u00f6st casino b\u00f6r erbjuda.<br \/>\n<\/div><\/div>\n","protected":false},"excerpt":{"rendered":"<p>Skribenterna p\u00e5 Casino Frog Sverige V\u00e5ra h\u00e4ngivna medarbetare g\u00f6r sitt yttersta f\u00f6r att skapa h\u00f6gkvalitativt inneh\u00e5ll om online casinon och den svenska spelmarknaden.<\/p>\n","protected":false},"author":72,"featured_media":0,"parent":0,"menu_order":0,"comment_status":"closed","ping_status":"closed","template":"","meta":{"_crdt_document":"","footnotes":""},"class_list":["post-786","page","type-page","status-publish"],"_links":{"self":[{"href":"https:\/\/casinofrog.com\/se\/wp-json\/wp\/v2\/pages\/786","targetHints":{"allow":["GET"]}}],"collection":[{"href":"https:\/\/casinofrog.com\/se\/wp-json\/wp\/v2\/pages"}],"about":[{"href":"https:\/\/casinofrog.com\/se\/wp-json\/wp\/v2\/types\/page"}],"author":[{"embeddable":true,"href":"https:\/\/casinofrog.com\/se\/wp-json\/wp\/v2\/users\/72"}],"replies":[{"embeddable":true,"href":"https:\/\/casinofrog.com\/se\/wp-json\/wp\/v2\/comments?post=786"}],"version-history":[{"count":25,"href":"https:\/\/casinofrog.com\/se\/wp-json\/wp\/v2\/pages\/786\/revisions"}],"predecessor-version":[{"id":19139,"href":"https:\/\/casinofrog.com\/se\/wp-json\/wp\/v2\/pages\/786\/revisions\/19139"}],"wp:attachment":[{"href":"https:\/\/casinofrog.com\/se\/wp-json\/wp\/v2\/media?parent=786"}],"curies":[{"name":"wp","href":"https:\/\/api.w.org\/{rel}","templated":true}]}}