{"id":762,"date":"2020-06-25T16:01:56","date_gmt":"2020-06-25T16:01:56","guid":{"rendered":"https:\/\/www.casinofrog.com\/?page_id=762"},"modified":"2024-12-28T08:49:26","modified_gmt":"2024-12-28T08:49:26","slug":"hjalp","status":"publish","type":"page","link":"https:\/\/casinofrog.com\/se\/hjalp\/","title":{"rendered":"Hj\u00e4lp hos Casino Frog (SE)"},"content":{"rendered":"\n<h2 class=\"wp-block-heading\">Casino Frog Hj\u00e4lpcenter<\/h2>\n\n\n\n<p class=\"wp-block-paragraph\">F\u00e5 svar p\u00e5 eventuella funderingar genom att v\u00e4lja ett \u00e4mne eller kika p\u00e5 v\u00e5r FAQ nedan.<\/p>\n\n\n<form role=\"search\" method=\"get\" action=\"https:\/\/casinofrog.com\/se\/\" class=\"wp-block-search__button-outside wp-block-search__text-button wp-block-search\"    ><label class=\"wp-block-search__label\" for=\"wp-block-search__input-2\" >S\u00f6k<\/label><div class=\"wp-block-search__inside-wrapper\" ><input class=\"wp-block-search__input\" id=\"wp-block-search__input-2\" placeholder=\"\" value=\"\" type=\"search\" name=\"s\" required \/><button aria-label=\"S\u00f6k\" class=\"wp-block-search__button wp-element-button\" type=\"submit\" >S\u00f6k<\/button><\/div><\/form>\n\n\n<hr class=\"wp-block-separator has-alpha-channel-opacity\"\/>\n\n\n\n<h2 class=\"wp-block-heading\">Hur kan vi st\u00e5 till tj\u00e4nst?<\/h2>\n\n\n\n<p class=\"has-text-align-center wp-block-paragraph\">Kom ig\u00e5ng genom att v\u00e4ja ett \u00e4mne.<\/p>\n\n\n<div  class=\"lgc-column lgc-grid-parent lgc-grid-33 lgc-tablet-grid-50 lgc-mobile-grid-100 lgc-equal-heights \"><div  class=\"inside-grid-column\">\n<h4><a href=\"https:\/\/casinofrog.com\/se\/om\/\">Om Casino Frog<\/a><\/h4>\n<p>Forts\u00e4tt till v\u00e5r &#8221;Om oss&#8221;-sida om du vill veta mer om Casino Frog, v\u00e5ra m\u00e5l och v\u00e5ra v\u00e4rden.<\/p>\n<\/div><\/div>\n\n\n<div  class=\"lgc-column lgc-grid-parent lgc-grid-33 lgc-tablet-grid-50 lgc-mobile-grid-100 lgc-equal-heights \"><div  class=\"inside-grid-column\">\n<h4><a href=\"https:\/\/casinofrog.com\/se\/ansvarsfullt-spelande\/\">Ansvarsfullt spelande<\/a><\/h4>\n<p>Vi st\u00f6djer och uppmuntrar till ansvarsfullt spelande. Ta reda p\u00e5 mer om spelproblem h\u00e4r.<\/p>\n<\/div><\/div>\n\n\n<div  class=\"lgc-column lgc-grid-parent lgc-grid-33 lgc-tablet-grid-50 lgc-mobile-grid-100 lgc-equal-heights \"><div  class=\"inside-grid-column\">\n<h4><a href=\"https:\/\/casinofrog.com\/se\/kontakt\/\">Kontakta oss<\/a><\/h4>\n<p>Vi h\u00f6r g\u00e4rna fr\u00e5n dig. Skicka ett meddelande med dina fr\u00e5gor s\u00e5 svarar vi s\u00e5 snart som m\u00f6jligt.<\/p>\n<\/div><\/div>\n\n\n\n<h2 class=\"wp-block-heading\">Resurser<\/h2>\n\n\n\n<ul class=\"wp-block-list\">\n<li><a href=\"https:\/\/casinofrog.com\/se\/guider\/hur-vi-betygsatter\/\">Hur vi betygs\u00e4tter casinon<\/a><\/li>\n\n\n\n<li><a href=\"https:\/\/casinofrog.com\/se\/guider\/omsattningskrav\/\">Hur oms\u00e4ttningskrav fungerar<\/a><\/li>\n\n\n\n<li><a href=\"https:\/\/www.spelpaus.se\/\" target=\"_blank\" rel=\"noopener noreferrer\">Spelpaus<\/a><\/li>\n<\/ul>\n\n\n\n<hr class=\"wp-block-separator has-alpha-channel-opacity\"\/>\n\n\n\n<h2 class=\"wp-block-heading\">Vanliga fr\u00e5gor<\/h2>\n\n\n<style>#sp-ea-6546 .spcollapsing { height: 0; overflow: hidden; transition-property: height;transition-duration: 500ms;}#sp-ea-6546{ position: relative; }#sp-ea-6546 .ea-card{ opacity: 0;}#eap-preloader-6546{ position: absolute; left: 0; top: 0; height: 100%;width: 100%; text-align: center;display: flex; align-items: center;justify-content: center;}#sp-ea-6546.sp-easy-accordion>.sp-ea-single {margin-bottom: 10px; border: 1px solid #e2e2e2; }#sp-ea-6546.sp-easy-accordion>.sp-ea-single>.ea-header a {color: #444;}#sp-ea-6546.sp-easy-accordion>.sp-ea-single>.sp-collapse>.ea-body {background: #fff; color: #444;}#sp-ea-6546.sp-easy-accordion>.sp-ea-single {background: #eee;}#sp-ea-6546.sp-easy-accordion>.sp-ea-single>.ea-header a .ea-expand-icon { float: left; color: #444;font-size: 16px;}<\/style><div id=\"sp_easy_accordion-1776872958\"><div id=\"sp-ea-6546\" class=\"sp-ea-one sp-easy-accordion\" data-ea-active=\"ea-click\" data-ea-mode=\"vertical\" data-preloader=\"1\" data-scroll-active-item=\"\" data-offset-to-scroll=\"0\"><div id=\"eap-preloader-6546\" class=\"accordion-preloader\"><img decoding=\"async\" src=\"https:\/\/casinofrog.com\/wp-content\/plugins\/easy-accordion-free\/public\/assets\/ea_loader.svg\" alt=\"Loader image\"\/><\/div><div class=\"ea-card ea-expand sp-ea-single\"><h3 class=\"ea-header\"><a class=\"collapsed\" id=\"ea-header-65460\" role=\"button\" data-sptoggle=\"spcollapse\" data-sptarget=\"#collapse65460\" aria-controls=\"collapse65460\" href=\"#\" aria-expanded=\"true\" tabindex=\"0\"><i aria-hidden=\"true\" role=\"presentation\" class=\"ea-expand-icon eap-icon-ea-expand-minus\"><\/i> Vad \u00e4r Casino Frog?<\/a><\/h3><div class=\"sp-collapse spcollapse collapsed show\" id=\"collapse65460\" role=\"region\" aria-labelledby=\"ea-header-65460\"> <div class=\"ea-body\"><p><a href=\"https:\/\/casinofrog.com\/se\/\">Casino Frog<\/a> \u00e4r en j\u00e4mf\u00f6relsetj\u00e4nst p\u00e5 n\u00e4tet som skapats f\u00f6r att g\u00f6ra livet l\u00e4ttare f\u00f6r spelare. V\u00e5rt team best\u00e5r av drivna experter som ser fram emot att hj\u00e4lpa dig hitta det b\u00e4sta casinot.<\/p><\/div><\/div><\/div><div class=\"ea-card ea-expand sp-ea-single\"><h3 class=\"ea-header\"><a class=\"collapsed\" id=\"ea-header-65461\" role=\"button\" data-sptoggle=\"spcollapse\" data-sptarget=\"#collapse65461\" aria-controls=\"collapse65461\" href=\"#\" aria-expanded=\"true\" tabindex=\"0\"><i aria-hidden=\"true\" role=\"presentation\" class=\"ea-expand-icon eap-icon-ea-expand-minus\"><\/i> Hur g\u00e5r jag med i en casinosida?<\/a><\/h3><div class=\"sp-collapse spcollapse collapsed show\" id=\"collapse65461\" role=\"region\" aria-labelledby=\"ea-header-65461\"> <div class=\"ea-body\"><p>Det enklaste s\u00e4ttet \u00e4r att anv\u00e4nda topplistan p\u00e5 v\u00e5r sida om <a href=\"https:\/\/casinofrog.com\/se\/online-casino\/\">online casinon<\/a> och j\u00e4mf\u00f6ra. N\u00e4r du har j\u00e4mf\u00f6rt f\u00e4rdigt s\u00e5 v\u00e4ljer du din favorit, g\u00e5r vidare och registrerar dig med BankID. Sedan \u00e4r det bara att g\u00f6ra en ins\u00e4ttning, s\u00e5 \u00e4r du ig\u00e5ng!<\/p><\/div><\/div><\/div><div class=\"ea-card ea-expand sp-ea-single\"><h3 class=\"ea-header\"><a class=\"collapsed\" id=\"ea-header-65462\" role=\"button\" data-sptoggle=\"spcollapse\" data-sptarget=\"#collapse65462\" aria-controls=\"collapse65462\" href=\"#\" aria-expanded=\"true\" tabindex=\"0\"><i aria-hidden=\"true\" role=\"presentation\" class=\"ea-expand-icon eap-icon-ea-expand-minus\"><\/i> Hur gammal m\u00e5ste jag vara f\u00f6r att spela p\u00e5 n\u00e4tet?<\/a><\/h3><div class=\"sp-collapse spcollapse collapsed show\" id=\"collapse65462\" role=\"region\" aria-labelledby=\"ea-header-65462\"> <div class=\"ea-body\"><p>\u00c5lderskravet f\u00f6r att spela p\u00e5 online casinon \u00e4r 18 \u00e5r i Sverige, och de flesta andra l\u00e4nderna.<\/p><\/div><\/div><\/div><div class=\"ea-card ea-expand sp-ea-single\"><h3 class=\"ea-header\"><a class=\"collapsed\" id=\"ea-header-65463\" role=\"button\" data-sptoggle=\"spcollapse\" data-sptarget=\"#collapse65463\" aria-controls=\"collapse65463\" href=\"#\" aria-expanded=\"true\" tabindex=\"0\"><i aria-hidden=\"true\" role=\"presentation\" class=\"ea-expand-icon eap-icon-ea-expand-minus\"><\/i> N\u00e4r kan jag g\u00f6ra ett uttag p\u00e5 min bonusvinst?<\/a><\/h3><div class=\"sp-collapse spcollapse collapsed show\" id=\"collapse65463\" role=\"region\" aria-labelledby=\"ea-header-65463\"> <div class=\"ea-body\"><p>Du kan ta ut dina bonuspengar n\u00e4r du uppfyllt casinots oms\u00e4ttningskrav. I princip varje bonuserbjudande har s\u00e4rskilda villkor, som t.ex. att beh\u00f6va oms\u00e4tta sin bonus X antal g\u00e5nger.<\/p><\/div><\/div><\/div><div class=\"ea-card ea-expand sp-ea-single\"><h3 class=\"ea-header\"><a class=\"collapsed\" id=\"ea-header-65464\" role=\"button\" data-sptoggle=\"spcollapse\" data-sptarget=\"#collapse65464\" aria-controls=\"collapse65464\" href=\"#\" aria-expanded=\"true\" tabindex=\"0\"><i aria-hidden=\"true\" role=\"presentation\" class=\"ea-expand-icon eap-icon-ea-expand-minus\"><\/i> \u00c4r online casino s\u00e4kert?<\/a><\/h3><div class=\"sp-collapse spcollapse collapsed show\" id=\"collapse65464\" role=\"region\" aria-labelledby=\"ea-header-65464\"> <div class=\"ea-body\"><p>Kort sagt \u2013 ja, online casinon \u00e4r s\u00e4kra. Det viktiga \u00e4r att du v\u00e4ljer ett casino med svensk licens, s\u00e5 att du f\u00e5r en trygg upplevelse. Alla casinon i v\u00e5r topplista \u00e4r verifierade och helt s\u00e4kra. Det \u00e4r viktigt f\u00f6r oss att spelaren k\u00e4nner sig trygg, vilket vi alltid har i \u00e5tanke n\u00e4r vi rankar ett spelbolag.<\/p><\/div><\/div><\/div><div class=\"ea-card ea-expand sp-ea-single\"><h3 class=\"ea-header\"><a class=\"collapsed\" id=\"ea-header-65465\" role=\"button\" data-sptoggle=\"spcollapse\" data-sptarget=\"#collapse65465\" aria-controls=\"collapse65465\" href=\"#\" aria-expanded=\"true\" tabindex=\"0\"><i aria-hidden=\"true\" role=\"presentation\" class=\"ea-expand-icon eap-icon-ea-expand-minus\"><\/i> Hur slutar jag spela p\u00e5 casino?<\/a><\/h3><div class=\"sp-collapse spcollapse collapsed show\" id=\"collapse65465\" role=\"region\" aria-labelledby=\"ea-header-65465\"> <div class=\"ea-body\"><p>Om du k\u00e4nner att spelandet inte l\u00e4ngre \u00e4r roligt \u00e4r det nog dags f\u00f6r en paus. Det finns flera alternativ f\u00f6r den som vill ta en paus eller sluta helt och h\u00e5llet. Du kan enkelt anv\u00e4nda dig av Spelinspektionens initiativ kallat Spelpaus. D\u00e4r f\u00e5r du st\u00e4nga av dig fr\u00e5n allt spel och \u00e4ven v\u00e4lja hur l\u00e4nge avst\u00e4ngningen ska vara. Du kan \u00e4ven kontakta St\u00f6dlinjen.<\/p><\/div><\/div><\/div><div class=\"ea-card ea-expand sp-ea-single\"><h3 class=\"ea-header\"><a class=\"collapsed\" id=\"ea-header-65466\" role=\"button\" data-sptoggle=\"spcollapse\" data-sptarget=\"#collapse65466\" aria-controls=\"collapse65466\" href=\"#\" aria-expanded=\"true\" tabindex=\"0\"><i aria-hidden=\"true\" role=\"presentation\" class=\"ea-expand-icon eap-icon-ea-expand-minus\"><\/i> Kan jag spela p\u00e5 mobilen?<\/a><\/h3><div class=\"sp-collapse spcollapse collapsed show\" id=\"collapse65466\" role=\"region\" aria-labelledby=\"ea-header-65466\"> <div class=\"ea-body\"><p>Ja, det \u00e4r fullt m\u00f6jligt. Du beh\u00f6ver en hyfsat modern telefon, en smartphone, samt tillg\u00e5ng till internet. Dagens casinosidor \u00e4r mobilanpassade f\u00f6r en optimal upplevelse. Du beh\u00f6ver oftast inte ens ladda ned n\u00e5gon app, det g\u00e5r att komma ig\u00e5ng och spela direkt i webbl\u00e4saren i telefonen.<\/p><\/div><\/div><\/div><script type=\"application\/ld+json\">{ \"@context\": \"https:\/\/schema.org\", \"@type\": \"FAQPage\", \"@id\": \"sp-ea-schema-6546-69e8edfe40303\", \"mainEntity\": [{ \"@type\": \"Question\", \"name\": \"Vad \u00e4r Casino Frog?\", \"acceptedAnswer\": { \"@type\": \"Answer\", \"text\": \"Casino Frog \u00e4r en j\u00e4mf\u00f6relsetj\u00e4nst p\u00e5 n\u00e4tet som skapats f\u00f6r att g\u00f6ra livet l\u00e4ttare f\u00f6r spelare. V\u00e5rt team best\u00e5r av drivna experter som ser fram emot att hj\u00e4lpa dig hitta det b\u00e4sta casinot.\" } },{ \"@type\": \"Question\", \"name\": \"Hur g\u00e5r jag med i en casinosida?\", \"acceptedAnswer\": { \"@type\": \"Answer\", \"text\": \"Det enklaste s\u00e4ttet \u00e4r att anv\u00e4nda topplistan p\u00e5 v\u00e5r sida om online casinon och j\u00e4mf\u00f6ra. N\u00e4r du har j\u00e4mf\u00f6rt f\u00e4rdigt s\u00e5 v\u00e4ljer du din favorit, g\u00e5r vidare och registrerar dig med BankID. Sedan \u00e4r det bara att g\u00f6ra en ins\u00e4ttning, s\u00e5 \u00e4r du ig\u00e5ng!\" } },{ \"@type\": \"Question\", \"name\": \"Hur gammal m\u00e5ste jag vara f\u00f6r att spela p\u00e5 n\u00e4tet?\", \"acceptedAnswer\": { \"@type\": \"Answer\", \"text\": \"\u00c5lderskravet f\u00f6r att spela p\u00e5 online casinon \u00e4r 18 \u00e5r i Sverige, och de flesta andra l\u00e4nderna.\" } },{ \"@type\": \"Question\", \"name\": \"N\u00e4r kan jag g\u00f6ra ett uttag p\u00e5 min bonusvinst?\", \"acceptedAnswer\": { \"@type\": \"Answer\", \"text\": \"Du kan ta ut dina bonuspengar n\u00e4r du uppfyllt casinots oms\u00e4ttningskrav. I princip varje bonuserbjudande har s\u00e4rskilda villkor, som t.ex. att beh\u00f6va oms\u00e4tta sin bonus X antal g\u00e5nger.\" } },{ \"@type\": \"Question\", \"name\": \"\u00c4r online casino s\u00e4kert?\", \"acceptedAnswer\": { \"@type\": \"Answer\", \"text\": \"Kort sagt \u2013 ja, online casinon \u00e4r s\u00e4kra. Det viktiga \u00e4r att du v\u00e4ljer ett casino med svensk licens, s\u00e5 att du f\u00e5r en trygg upplevelse. Alla casinon i v\u00e5r topplista \u00e4r verifierade och helt s\u00e4kra. Det \u00e4r viktigt f\u00f6r oss att spelaren k\u00e4nner sig trygg, vilket vi alltid har i \u00e5tanke n\u00e4r vi rankar ett spelbolag.\" } },{ \"@type\": \"Question\", \"name\": \"Hur slutar jag spela p\u00e5 casino?\", \"acceptedAnswer\": { \"@type\": \"Answer\", \"text\": \"Om du k\u00e4nner att spelandet inte l\u00e4ngre \u00e4r roligt \u00e4r det nog dags f\u00f6r en paus. Det finns flera alternativ f\u00f6r den som vill ta en paus eller sluta helt och h\u00e5llet. Du kan enkelt anv\u00e4nda dig av Spelinspektionens initiativ kallat Spelpaus. D\u00e4r f\u00e5r du st\u00e4nga av dig fr\u00e5n allt spel och \u00e4ven v\u00e4lja hur l\u00e4nge avst\u00e4ngningen ska vara. Du kan \u00e4ven kontakta St\u00f6dlinjen.\" } },{ \"@type\": \"Question\", \"name\": \"Kan jag spela p\u00e5 mobilen?\", \"acceptedAnswer\": { \"@type\": \"Answer\", \"text\": \"Ja, det \u00e4r fullt m\u00f6jligt. Du beh\u00f6ver en hyfsat modern telefon, en smartphone, samt tillg\u00e5ng till internet. Dagens casinosidor \u00e4r mobilanpassade f\u00f6r en optimal upplevelse. Du beh\u00f6ver oftast inte ens ladda ned n\u00e5gon app, det g\u00e5r att komma ig\u00e5ng och spela direkt i webbl\u00e4saren i telefonen.\" } }] }<\/script><\/div><\/div>\n\n\n\n<p class=\"wp-block-paragraph\"><\/p>\n<!-- \/wp:post-content -->","protected":false},"excerpt":{"rendered":"<p>Casino Frog Hj\u00e4lpcenter F\u00e5 svar p\u00e5 eventuella funderingar genom att v\u00e4lja ett \u00e4mne eller kika p\u00e5 v\u00e5r FAQ nedan. Hur kan vi st\u00e5 till tj\u00e4nst? Kom ig\u00e5ng genom att v\u00e4ja ett \u00e4mne. Resurser Vanliga fr\u00e5gor<\/p>\n","protected":false},"author":72,"featured_media":0,"parent":0,"menu_order":0,"comment_status":"closed","ping_status":"closed","template":"","meta":{"_crdt_document":"","footnotes":""},"class_list":["post-762","page","type-page","status-publish"],"_links":{"self":[{"href":"https:\/\/casinofrog.com\/se\/wp-json\/wp\/v2\/pages\/762","targetHints":{"allow":["GET"]}}],"collection":[{"href":"https:\/\/casinofrog.com\/se\/wp-json\/wp\/v2\/pages"}],"about":[{"href":"https:\/\/casinofrog.com\/se\/wp-json\/wp\/v2\/types\/page"}],"author":[{"embeddable":true,"href":"https:\/\/casinofrog.com\/se\/wp-json\/wp\/v2\/users\/72"}],"replies":[{"embeddable":true,"href":"https:\/\/casinofrog.com\/se\/wp-json\/wp\/v2\/comments?post=762"}],"version-history":[{"count":20,"href":"https:\/\/casinofrog.com\/se\/wp-json\/wp\/v2\/pages\/762\/revisions"}],"predecessor-version":[{"id":20590,"href":"https:\/\/casinofrog.com\/se\/wp-json\/wp\/v2\/pages\/762\/revisions\/20590"}],"wp:attachment":[{"href":"https:\/\/casinofrog.com\/se\/wp-json\/wp\/v2\/media?parent=762"}],"curies":[{"name":"wp","href":"https:\/\/api.w.org\/{rel}","templated":true}]}}