{"id":760,"date":"2020-06-25T15:20:25","date_gmt":"2020-06-25T15:20:25","guid":{"rendered":"https:\/\/www.casinofrog.com\/?page_id=760"},"modified":"2024-12-28T08:44:50","modified_gmt":"2024-12-28T08:44:50","slug":"kontakt","status":"publish","type":"page","link":"https:\/\/casinofrog.com\/se\/kontakt\/","title":{"rendered":"Kontakta Casino Frog (SE)"},"content":{"rendered":"<div class=\"wp-block-image\">\n<figure class=\"alignleft\"><img loading=\"lazy\" decoding=\"async\" width=\"100\" height=\"60\" src=\"https:\/\/casinofrog.com\/wp-content\/uploads\/contact-se.png\" alt=\"\" class=\"wp-image-5825\"\/><\/figure>\n<\/div>\n\n\n<p class=\"wp-block-paragraph\">Anv\u00e4nd formul\u00e4ret nedan f\u00f6r att kontakta oss p\u00e5 Casino Frog. Vi ser fram emot att h\u00f6ra vad du tycker om oss! Vi hj\u00e4lper \u00e4ven g\u00e4rna till om du skulle st\u00f6ta p\u00e5 n\u00e5gra problem, och tar g\u00e4rna emot feedback samt svarar p\u00e5 eventuella fr\u00e5gor.<\/p>\n\n\n\n<p class=\"wp-block-paragraph\">Skicka i v\u00e4g ett meddelande genom att fylla i din information i kontaktformul\u00e4ret nedan. Vi \u00e5terkopplar s\u00e5 snart vi kan!<\/p>\n\n\n\n<figure class=\"wp-block-table\"><table class=\"has-fixed-layout\"><tbody><tr><td><div class=\"wpforms-container wpforms-container-full\" id=\"wpforms-1166\"><form id=\"wpforms-form-1166\" class=\"wpforms-validate wpforms-form\" data-formid=\"1166\" method=\"post\" enctype=\"multipart\/form-data\" action=\"\/se\/wp-json\/wp\/v2\/pages\/760\" data-token=\"3c8b7f8c643e129b2ef77df8278bd720\" data-token-time=\"1777316951\"><noscript class=\"wpforms-error-noscript\">Aktivera JavaScript i din webbl\u00e4sare f\u00f6r att fylla i formul\u00e4ret.<\/noscript><div class=\"wpforms-field-container\"><div id=\"wpforms-1166-field_0-container\" class=\"wpforms-field wpforms-field-name\" data-field-id=\"0\"><label class=\"wpforms-field-label\" for=\"wpforms-1166-field_0\">Namn <span class=\"wpforms-required-label\">*<\/span><\/label><input type=\"text\" id=\"wpforms-1166-field_0\" class=\"wpforms-field-medium wpforms-field-required\" name=\"wpforms[fields][0]\" placeholder=\"Ditt namn\" required><\/div><div id=\"wpforms-1166-field_1-container\" class=\"wpforms-field wpforms-field-email\" data-field-id=\"1\"><label class=\"wpforms-field-label\" for=\"wpforms-1166-field_1\">Email <span class=\"wpforms-required-label\">*<\/span><\/label><input type=\"email\" id=\"wpforms-1166-field_1\" class=\"wpforms-field-medium wpforms-field-required\" name=\"wpforms[fields][1]\" placeholder=\"Din email\" spellcheck=\"false\" required><\/div><div id=\"wpforms-1166-field_6-container\" class=\"wpforms-field wpforms-field-select wpforms-field-select-style-classic\" data-field-id=\"6\"><label class=\"wpforms-field-label\" for=\"wpforms-1166-field_6\">Kategori<\/label><select id=\"wpforms-1166-field_6\" class=\"wpforms-field-medium\" name=\"wpforms[fields][6]\"><option value=\"\" class=\"placeholder\" disabled  selected='selected'>Vad funderar du \u00f6ver?<\/option><option value=\"Problem\"  class=\"choice-1 depth-1\"  >Problem<\/option><option value=\"Feedback\"  class=\"choice-2 depth-1\"  >Feedback<\/option><option value=\"Programfel\"  class=\"choice-3 depth-1\"  >Programfel<\/option><option value=\"Annat\"  class=\"choice-4 depth-1\"  >Annat<\/option><\/select><\/div><div id=\"wpforms-1166-field_2-container\" class=\"wpforms-field wpforms-field-textarea\" data-field-id=\"2\"><label class=\"wpforms-field-label\" for=\"wpforms-1166-field_2\">Meddelande <span class=\"wpforms-required-label\">*<\/span><\/label><textarea id=\"wpforms-1166-field_2\" class=\"wpforms-field-medium wpforms-field-required\" name=\"wpforms[fields][2]\" placeholder=\"Ditt meddelande\" required><\/textarea><\/div><\/div><!-- .wpforms-field-container --><div class=\"wpforms-field wpforms-field-hp\"><label for=\"wpforms-1166-field-hp\" class=\"wpforms-field-label\">Message<\/label><input type=\"text\" name=\"wpforms[hp]\" id=\"wpforms-1166-field-hp\" class=\"wpforms-field-medium\"><\/div><div class=\"wpforms-recaptcha-container wpforms-is-recaptcha wpforms-is-recaptcha-type-v3\" ><input type=\"hidden\" name=\"wpforms[recaptcha]\" value=\"\"><\/div><div class=\"wpforms-submit-container\" ><input type=\"hidden\" name=\"wpforms[id]\" value=\"1166\"><input type=\"hidden\" name=\"page_title\" value=\"\"><input type=\"hidden\" name=\"page_url\" value=\"https:\/\/casinofrog.com\/se\/wp-json\/wp\/v2\/pages\/760\"><input type=\"hidden\" name=\"url_referer\" value=\"\"><button type=\"submit\" name=\"wpforms[submit]\" id=\"wpforms-submit-1166\" class=\"wpforms-submit\" data-alt-text=\"Skickar\u2026\" data-submit-text=\"Skicka\" aria-live=\"assertive\" value=\"wpforms-submit\">Skicka<\/button><\/div><\/form><\/div>  <!-- .wpforms-container --><\/td><\/tr><\/tbody><\/table><\/figure>\n\n\n\n<p class=\"wp-block-paragraph\">Casino Frog N.V. (#938493)<br>Heelsumstraat 51 E-Commerce Park, Willemstad, Cura\u00e7ao<br>+5999 783 1899<\/p>\n","protected":false},"excerpt":{"rendered":"<p>Anv\u00e4nd formul\u00e4ret nedan f\u00f6r att kontakta oss p\u00e5 Casino Frog. Vi ser fram emot att h\u00f6ra vad du tycker om oss! Vi hj\u00e4lper \u00e4ven g\u00e4rna till om du skulle st\u00f6ta p\u00e5 n\u00e5gra problem, och tar g\u00e4rna emot feedback samt svarar p\u00e5 eventuella fr\u00e5gor. Skicka i v\u00e4g ett meddelande genom att fylla i din information i &#8230; <a title=\"Kontakta Casino Frog (SE)\" class=\"read-more\" href=\"https:\/\/casinofrog.com\/se\/kontakt\/\" aria-label=\"L\u00e4s mer om Kontakta Casino Frog (SE)\">L\u00e4s mer<\/a><\/p>\n","protected":false},"author":72,"featured_media":0,"parent":0,"menu_order":0,"comment_status":"closed","ping_status":"closed","template":"","meta":{"_crdt_document":"","footnotes":""},"class_list":["post-760","page","type-page","status-publish"],"_links":{"self":[{"href":"https:\/\/casinofrog.com\/se\/wp-json\/wp\/v2\/pages\/760","targetHints":{"allow":["GET"]}}],"collection":[{"href":"https:\/\/casinofrog.com\/se\/wp-json\/wp\/v2\/pages"}],"about":[{"href":"https:\/\/casinofrog.com\/se\/wp-json\/wp\/v2\/types\/page"}],"author":[{"embeddable":true,"href":"https:\/\/casinofrog.com\/se\/wp-json\/wp\/v2\/users\/72"}],"replies":[{"embeddable":true,"href":"https:\/\/casinofrog.com\/se\/wp-json\/wp\/v2\/comments?post=760"}],"version-history":[{"count":6,"href":"https:\/\/casinofrog.com\/se\/wp-json\/wp\/v2\/pages\/760\/revisions"}],"predecessor-version":[{"id":20572,"href":"https:\/\/casinofrog.com\/se\/wp-json\/wp\/v2\/pages\/760\/revisions\/20572"}],"wp:attachment":[{"href":"https:\/\/casinofrog.com\/se\/wp-json\/wp\/v2\/media?parent=760"}],"curies":[{"name":"wp","href":"https:\/\/api.w.org\/{rel}","templated":true}]}}