{"id":7557,"date":"2020-08-28T10:47:41","date_gmt":"2020-08-28T10:47:41","guid":{"rendered":"https:\/\/casinofrog.com\/?page_id=7557"},"modified":"2024-12-28T11:11:45","modified_gmt":"2024-12-28T11:11:45","slug":"utan-registrering","status":"publish","type":"page","link":"https:\/\/casinofrog.com\/se\/online-casino\/utan-registrering\/","title":{"rendered":"Casino utan registrering &#8211; online casino utan konto 2026"},"content":{"rendered":"\n<p class=\"has-text-align-center wp-block-paragraph\">Hos Casino Frog hittar du marknadens ledande <strong>casino utan registrering<\/strong>. Det ska vara enkelt att komma ig\u00e5ng och spela p\u00e5 casinon online, och det g\u00f6r man b\u00e4st med BankID. D\u00e4rf\u00f6r har vi samlat alla casino utan konto som anv\u00e4nder sig av e-legitimation f\u00f6r inloggning f\u00f6r den smidigaste och s\u00e4kraste spelupplevelsen.<\/p>\n\n\n\n<p class=\"wp-block-paragraph\">Du hittar \u00e4ven en guide nedan som hj\u00e4lper dig att komma ig\u00e5ng om det \u00e4r f\u00f6rsta g\u00e5ngen. Vi g\u00e5r igenom konceptet Pay N Play och hur det fungerar, varf\u00f6r det blivit en succ\u00e9, samt vilka f\u00f6rdelar du kan f\u00f6rv\u00e4nta dig n\u00e4r du spelar utan registrering.<\/p>\n\n\n\n<hr class=\"wp-block-separator has-alpha-channel-opacity\"\/>\n\n\n\n<h2 class=\"wp-block-heading\">B\u00e4st casino utan registrering 2026<\/h2>\n\n\n\n\n<table id=\"tablepress-16\" class=\"tablepress tablepress-id-16 tablepress-responsive tablepress-responsive-stack-headers tablepress-responsive-stack-phone\">\n<thead>\n<tr class=\"row-1\">\n\t<td class=\"column-1\"><\/td><th class=\"column-2\">Casino<\/th><th class=\"column-3\">Namn<\/th><th class=\"column-4\">Licens<\/th><th class=\"column-5\">Omd\u00f6me<\/th><td class=\"column-6\"><\/td>\n<\/tr>\n<\/thead>\n<tbody class=\"row-striping\">\n<tr class=\"row-2\">\n\t<td class=\"column-1\"><\/td><td class=\"column-2\"><a href=\"https:\/\/casinofrog.com\/se\/go\/ic\" target=\"_blank\" rel=\"nofollow noopener noreferrer\"><img loading=\"lazy\" decoding=\"async\" src=\"\/wp-content\/uploads\/ic.png\" width=\"130\" height=\"65\" alt=\"Internationella casinon utan svensk licens\"><\/a><\/td><td class=\"column-3\">Internationella Casinon<\/td><td class=\"column-4\">Utan svensk licens<\/td><td class=\"column-5\">5.0 \/ 5 <i class=\"fa fa-star\"><\/td><td class=\"column-6\"><a href=\"https:\/\/casinofrog.com\/se\/go\/ic\" rel=\"nofollow noopener noreferrer\" target=\"_blank\" class=\"play\">Spela nu!<\/a><\/td>\n<\/tr>\n<tr class=\"row-3\">\n\t<td class=\"column-1\"><\/td><td class=\"column-2\"><a href=\"https:\/\/casinofrog.com\/se\/go\/ic-new\" target=\"_blank\" rel=\"nofollow noopener noreferrer\"><img loading=\"lazy\" decoding=\"async\" src=\"\/wp-content\/uploads\/ic-nya.png\" width=\"130\" height=\"65\" alt=\"Nya Casinon utan svensk licens\"><\/a><\/td><td class=\"column-3\">Nya Casinon<\/td><td class=\"column-4\">Utan svensk licens<\/td><td class=\"column-5\">5.0 \/ 5 <i class=\"fa fa-star\"><\/td><td class=\"column-6\"><a href=\"https:\/\/casinofrog.com\/se\/go\/ic-new\" rel=\"nofollow noopener noreferrer\" target=\"_blank\" class=\"play\">Spela nu!<\/a><\/td>\n<\/tr>\n<tr class=\"row-4\">\n\t<td class=\"column-1\"><\/td><td class=\"column-2\"><a href=\"https:\/\/casinofrog.com\/se\/go\/ic-pnp\" target=\"_blank\" rel=\"nofollow noopener noreferrer\"><img loading=\"lazy\" decoding=\"async\" src=\"\/wp-content\/uploads\/ic-pnp.png\" width=\"130\" height=\"65\" alt=\"Pay n Play-casinon utan svensk licens\"><\/a><\/td><td class=\"column-3\">Pay n Play-Casinon<\/td><td class=\"column-4\">Utan svensk licens<\/td><td class=\"column-5\">5.0 \/ 5 <i class=\"fa fa-star\"><\/td><td class=\"column-6\"><a href=\"https:\/\/casinofrog.com\/se\/go\/ic-pnp\" rel=\"nofollow noopener noreferrer\" target=\"_blank\" class=\"play\">Spela nu!<\/a><\/td>\n<\/tr>\n<\/tbody>\n<\/table>\n<!-- #tablepress-16 from cache -->\n\n\n\n<hr class=\"wp-block-separator has-alpha-channel-opacity\"\/>\n\n\n\n<h2 class=\"wp-block-heading\">S\u00e5 fungerar casino p\u00e5 n\u00e4tet utan registrering<\/h2>\n\n\n<div class=\"wp-block-image\">\n<figure class=\"alignright\"><img loading=\"lazy\" decoding=\"async\" width=\"250\" height=\"150\" src=\"https:\/\/casinofrog.com\/wp-content\/uploads\/casino-utan-registrering.png\" alt=\"Casino utan registrering\" class=\"wp-image-7539\"\/><\/figure>\n<\/div>\n\n\n<p class=\"wp-block-paragraph\">Tack vare tekniska framsteg och listiga l\u00f6sningar \u00e4r casinov\u00e4rlden i st\u00e4ndig utveckling. Ett utm\u00e4rkt exempel p\u00e5 detta under senare tid \u00e4r s\u00e5 kallat \u201ccasino utan konto\u201d. Precis som det l\u00e5ter spelar du allts\u00e5 utan n\u00e5got som helst krav p\u00e5 att manuellt registrera ett konto.<\/p>\n\n\n\n<p class=\"wp-block-paragraph\">Med casino p\u00e5 n\u00e4tet utan registrering slipper du g\u00e5 igenom en invecklad registreringsprocess. Ist\u00e4llet f\u00f6r att fylla i formul\u00e4r d\u00e4r du uppger k\u00e4nslig information, s\u00e5 verifierar du dig och din ins\u00e4ttning med hj\u00e4lp av elektronisk identifikation (vanligtvis BankID).<\/p>\n\n\n\n<p class=\"wp-block-paragraph\">Dessutom beh\u00f6ver du inte l\u00e4mna ut n\u00e5gra bankdetaljer. Med betaltj\u00e4nsten Trustly sker \u00f6verf\u00f6ringar till och fr\u00e5n ditt bankkonto direkt. Metoden \u00e4r kostnadsfri och dina vinster syns inom 15 minuter p\u00e5 ditt bankkonto efter det att du har beg\u00e4rt ett uttag.<\/p>\n\n\n\n<p class=\"wp-block-paragraph\">F\u00f6rutom att det \u00e4r snabbt och smidigt att spela utan konto inneb\u00e4r det \u00e4ven h\u00f6g s\u00e4kerhet. Att anv\u00e4nda multifaktorautentisering som <a href=\"https:\/\/casinofrog.com\/se\/online-casino\/med-bankid\/\">mobilt BankID<\/a> \u00e4r betydligt s\u00e4krare \u00e4n att skapa konto p\u00e5 det tidigare vanligare viset med anv\u00e4ndarnamn och l\u00f6senord.<\/p>\n\n\n\n<h3 class=\"wp-block-heading\">S\u00e5 spelar du utan konto<\/h3>\n\n\n\n<p class=\"wp-block-paragraph\">En del av charmen med att spela utan konto \u00e4r att man \u00e4r ig\u00e5ng p\u00e5 bara n\u00e5gon minut. I stegen nedanf\u00f6r f\u00f6rklarar vi hur det g\u00e5r till:<\/p>\n\n\n\n<ol class=\"wp-block-list\">\n<li>Bes\u00f6k ett casino utan krav p\u00e5 registrering<\/li>\n\n\n\n<li>Tryck p\u00e5 \u201cB\u00f6rja spel\u201d (eller dylikt)<\/li>\n\n\n\n<li>Ange det belopp du vill s\u00e4tta in<\/li>\n\n\n\n<li>V\u00e4lj den bank du anv\u00e4nder<\/li>\n\n\n\n<li>Verifiera dig med hj\u00e4lp av BankID<\/li>\n<\/ol>\n\n\n\n<hr class=\"wp-block-separator has-alpha-channel-opacity\"\/>\n\n\n\n<h2 class=\"wp-block-heading\">F\u00f6rdelar och nackdelar<\/h2>\n\n\n\n<p class=\"wp-block-paragraph\">Intresset f\u00f6r att spela utan registrering \u00e4r stort eftersom det uppfyller flera av de krav dagens spelare har. Det inkluderar, men \u00e4r inte begr\u00e4nsat till: att det ska vara smidigt att komma ig\u00e5ng, g\u00e5 snabbt att ta ut vinster och vara tryggt att spela. H\u00e4r tar vi en n\u00e4rmare titt p\u00e5 vilka f\u00f6rdelar som v\u00e4ntar om du v\u00e4nder dig till casinon d\u00e4r du slipper registrera konto.<\/p>\n\n\n\n<h3 class=\"wp-block-heading\">F\u00f6rdelar<\/h3>\n\n\n\n<h4 class=\"wp-block-heading\">S\u00e4ker spelupplevelse<\/h4>\n\n\n\n<p class=\"wp-block-paragraph\">N\u00e5got de flesta kan skriva under p\u00e5 \u00e4r att en s\u00e4ker spelupplevelse \u00e4r a och o. N\u00e4r det spelas f\u00f6r riktiga pengar vill man s\u00e5 klart vara extra f\u00f6rsiktig. Alla \u00e4r inte heller bekv\u00e4ma med att l\u00e4mna ut f\u00f6r mycket personliga uppgifter. D\u00e5 \u00e4r en passande l\u00f6sning att spela p\u00e5 ett n\u00e4tcasino d\u00e4r det r\u00e4cker att du verifierar dig med e-legitimation.<\/p>\n\n\n\n<h4 class=\"wp-block-heading\">B\u00f6rja spela snabbt<\/h4>\n\n\n\n<p class=\"wp-block-paragraph\">En glasklar f\u00f6rdel \u00e4r att du \u00e4r ig\u00e5ng med att spela p\u00e5 nolltid. Det vill s\u00e4ga, du beh\u00f6ver inte g\u00e5 igenom den tidskr\u00e4vande proceduren med att skicka in dokument f\u00f6r att bekr\u00e4fta din identitet. Det \u00e4r inte heller n\u00e5gra krav p\u00e5 att fylla i anv\u00e4ndarnamn, l\u00f6senord, e-post och annan information. Ett BankID (via fil eller mobil) \u00e4r det enda du m\u00e5ste vara redo att anv\u00e4nda.<\/p>\n\n\n\n<h4 class=\"wp-block-heading\">Uttag inom n\u00e5gra minuter<\/h4>\n\n\n\n<p class=\"wp-block-paragraph\">Kanske den fr\u00e4msta f\u00f6rdelen av dem alla \u00e4r att utbetalningar g\u00e5r fortare \u00e4n n\u00e5gonsin. Det tar inte mer \u00e4n 15 minuter f\u00f6rr\u00e4n du ser dina vinster p\u00e5 ditt bankkonto. J\u00e4mf\u00f6r du det med de 5 arbetsdagar som v\u00e4ntetiden l\u00e5g p\u00e5 f\u00f6rr \u00e4r det en h\u00e4pnadsv\u00e4ckande f\u00f6rb\u00e4ttring. D\u00e4rtill ska det s\u00e4gas att uttag utan konto \u00e4r s\u00e5 s\u00e4kert det kan bli.<\/p>\n\n\n\n<h4 class=\"wp-block-heading\">Du slipper reklam<\/h4>\n\n\n\n<p class=\"wp-block-paragraph\">Har du som s\u00e5 m\u00e5nga andra tr\u00f6ttnat p\u00e5 att dagarna i \u00e4nda f\u00e5 spelreklam skickad till dig? D\u00e5 kan vi gl\u00e4dja dig med att du inte \u00e4r tvungen att ange varken mobilnummer eller e-post n\u00e4r du spelar utan registrering. Detta inneb\u00e4r i f\u00f6rl\u00e4ngningen att du slipper bada i reklamutskick.<\/p>\n\n\n\n<h3 class=\"wp-block-heading\">Nackdelar<\/h3>\n\n\n\n<p class=\"wp-block-paragraph\">Antalet nackdelar \u00e4r betydligt f\u00e4rre och tur \u00e4r v\u00e4l det. En sak som kan uppfattas som mindre bra \u00e4r att det inte finns m\u00e4ngder av betalningsmetoder. Ist\u00e4llet f\u00e5r du h\u00e5lla dig till relativt f\u00e5 tillg\u00e4ngliga alternativ s\u00e5som Trustly f\u00f6r att sk\u00f6ta ins\u00e4ttningar och uttag. Men eftersom Trustly, Swish och liknande tj\u00e4nster idag \u00e4r de ledande s\u00e4tten f\u00f6r \u00f6verf\u00f6ringar till och fr\u00e5n ditt bankkonto \u00e4r det nog inget spelare direkt lider av.<\/p>\n\n\n\n<p class=\"wp-block-paragraph\">\u00c4nnu en nackdel \u00e4r att n\u00e5gra enstaka casinon utan registrering inte v\u00e4lkomnar spelare med en bonus. Med tanke p\u00e5 att bonus \u00e4r ett uppskattat inslag f\u00f6r m\u00e5nga spelare i Sverige kan detta vara tillr\u00e4ckligt f\u00f6r att inte anv\u00e4nda ett kontol\u00f6st casino.<\/p>\n\n\n\n<hr class=\"wp-block-separator has-alpha-channel-opacity\"\/>\n\n\n\n<h2 class=\"wp-block-heading\">Spela med Pay N Play<\/h2>\n\n\n\n<p class=\"wp-block-paragraph\">Att spela utan att registrera sig \u00e4r inte l\u00e4ngre ett nytt fenomen eller f\u00f6r den delen unikt f\u00f6r den svenska marknaden. M\u00f6jligheten att spela p\u00e5 det h\u00e4r s\u00e4ttet har vi Pay N Play att tacka f\u00f6r, en l\u00f6sning framtagen av betalningstj\u00e4nsten Trustly.<\/p>\n\n\n\n<p class=\"wp-block-paragraph\">Lite slarvigt brukar det heta att spela p\u00e5 casinon \u201cutan konto\u201d eller \u201cutan registrering\u201d. Det \u00e4r ben\u00e4mningar speloperat\u00f6rerna sj\u00e4lva inte anv\u00e4nder. En mer korrekt och b\u00e4ttre beskrivande term \u00e4r i s\u00e5 fall \u201cPay N Play casino\u201d eller &#8221;casino med enkel registrering&#8221;.<\/p>\n\n\n\n<p class=\"wp-block-paragraph\">Men i grund och botten \u00e4r det samma sak och po\u00e4ngen \u00e4r att erbjuda spelare en snabb och smidig upplevelse. Oavsett vad det kallas kommer vi p\u00e5 Casino Frog att f\u00f6lja utvecklingen slaviskt s\u00e5 vi forts\u00e4ttningsvis kan rekommendera de allra b\u00e4sta alternativen.<\/p>\n\n\n\n<hr class=\"wp-block-separator has-alpha-channel-opacity\"\/>\n\n\n\n<h2 class=\"wp-block-heading\">Bonusar p\u00e5 casinon utan konto<\/h2>\n\n\n\n<p class=\"wp-block-paragraph\">En \u00e5terkommande fr\u00e5ga \u00e4r om det g\u00e5r att h\u00e4mta bonus p\u00e5 ett kontol\u00f6st casino. Svaret \u00e4r ja, det \u00e4r fullt m\u00f6jligt. Du g\u00e5r allts\u00e5 inte miste om n\u00e5got om du v\u00e4ljer att spela utan konto, det finns erbjudanden av olika slag att ta del av. Fr\u00e5n gener\u00f6sa gratisspel och ins\u00e4ttningsbonusar till gratissnurr.<\/p>\n\n\n\n<p class=\"wp-block-paragraph\">Med hj\u00e4lp av v\u00e5r topplista ser du med en g\u00e5ng huruvida ett casino erbjuder en bonus eller inte. \u00c4ven om alla v\u00e5ra listade casinon har rimliga bonusvilkor \u00e4r det smart att s\u00e4kerst\u00e4lla att allt ser okej ut innan du s\u00e4tter in pengar. Vi vill givetvis att du ska hitta b\u00e4sta m\u00f6jliga casino utan konto med <a href=\"https:\/\/casinofrog.com\/se\/online-casino\/bonus\/\">bonus<\/a>.<\/p>\n\n\n\n<hr class=\"wp-block-separator has-alpha-channel-opacity\"\/>\n\n\n\n<h2 class=\"wp-block-heading\">D\u00e4rf\u00f6r \u00e4r casino utan registrering s\u00e5dan succ\u00e9<\/h2>\n\n\n\n<p class=\"wp-block-paragraph\">Casino utan registrering \u00e4r som n\u00e4mnt inte l\u00e4ngre n\u00e5got nytt, det har snarare utvecklats till att bli standard i spelindustrin. Det \u00e4r i princip ett krav att dagens nylanseringar erbjuder spel utan on\u00f6digt kr\u00e5ngel, annars \u00f6verlever de inte. Ett par renodlade svenska casinon var tidigt ute med detta och m\u00e5nga fler har f\u00f6ljt i deras fotsp\u00e5r.<\/p>\n\n\n\n<p class=\"wp-block-paragraph\">Varf\u00f6r det har blivit en s\u00e5dan succ\u00e9 beh\u00f6ver egentligen ingen vidare f\u00f6rklaring, speciellt med tanke p\u00e5 allt vi redan har tagit upp p\u00e5 den h\u00e4r sidan. Men i ett f\u00f6rs\u00f6k att knyta ihop s\u00e4cken kan det sammanfattas enligt f\u00f6ljande punkter:<\/p>\n\n\n\n<ul class=\"wp-block-list\">\n<li>Busenkelt att komma ig\u00e5ng<\/li>\n\n\n\n<li>Blixtsnabba och s\u00e4kra uttag<\/li>\n\n\n\n<li>Generellt smidig spelupplevelse<\/li>\n\n\n\n<li>Fina bonusar och erbjudanden<\/li>\n<\/ul>\n\n\n\n<p class=\"wp-block-paragraph\">Ut\u00f6ver detta s\u00e5 g\u00e5r det \u00e4ven att skippa l\u00f6senkod genom att anv\u00e4nda sig av en fingeravtrycksl\u00e4sare, som finns tillg\u00e4nglig p\u00e5 de flesta moderna telefonerna idag. D\u00e5 anv\u00e4nder du ist\u00e4llet ditt fingeravtryck f\u00f6r att legitimera dig, och slipper d\u00e4rf\u00f6r anv\u00e4nda l\u00f6senkod. P\u00e5 nyare smartphones finns det \u00e4ven s.k. Face ID, d\u00e4r telefonen l\u00e4ser av ditt ansikte f\u00f6r att l\u00e5sa upp saker. \u00c4ven denna tj\u00e4nst fungerar med casinon, och bidrar till \u00e4nnu snabbare registrering.<\/p>\n\n\n\n<hr class=\"wp-block-separator has-alpha-channel-opacity\"\/>\n\n\n\n<h2 class=\"wp-block-heading\">Det \u00e4r s\u00e4kert att spela utan registrering<\/h2>\n\n\n\n<p class=\"wp-block-paragraph\">Att du f\u00e5r en smidig spelupplevelse \u00e4r inte den enda positiva aspekten med att spela utan registrering, det \u00e4r ocks\u00e5 otroligt s\u00e4kert. N\u00e4r du spelar p\u00e5 ett casino vill du sj\u00e4lvklart att din s\u00e4kerhet \u00e4r prioriterad s\u00e5 eventuella personliga uppgifter samt pengar \u00e4r skyddade.<\/p>\n\n\n\n<p class=\"wp-block-paragraph\">P\u00e5 kontofria casinon beh\u00f6ver du bara l\u00e4mna ifr\u00e5n dig minimalt med information. I m\u00e5nga fall r\u00e4cker det att du fyller i ditt personnummer i samband med att du loggar in med <a href=\"https:\/\/www.e-legitimation.se\/\" target=\"_blank\" rel=\"noopener\">e-legitimation<\/a>. Det betyder att det inte sparas n\u00e5gra k\u00e4nsliga uppgifter om dig f\u00f6r obeh\u00f6riga att komma \u00e5t.<\/p>\n\n\n\n<hr class=\"wp-block-separator has-alpha-channel-opacity\"\/>\n\n\n\n<h2 class=\"wp-block-heading\">Casino Frogs sammanfattning<\/h2>\n\n\n\n<p class=\"wp-block-paragraph\">\u00c4r du intresserad av att b\u00f6rja spela utan konto? D\u00e5 hoppas vi att den h\u00e4r guiden har varit till stor nytta. N\u00e4r du k\u00e4nner dig redo kan du enkelt klicka dig vidare till ett av v\u00e5ra casinon genom topplistan h\u00f6gst upp p\u00e5 sidan. Vi har lagt ner mycket tid p\u00e5 att ta fram marknadens b\u00e4sta alternativ s\u00e5 att du ska f\u00e5 en s\u00e5 behaglig vistelse som m\u00f6jligt n\u00e4r du spelar.<\/p>\n\n\n\n<p class=\"wp-block-paragraph\">J\u00e4mf\u00f6r g\u00e4rna f\u00f6r att se hur alla casino utan registrering skiljer sig \u00e5t s\u00e5 att du kan hitta din personliga favorit. Samtliga operat\u00f6rer i listan har svensk spellicens och har granskats av v\u00e5ra experter och erfarna testare. Det inneb\u00e4r att du kan v\u00e4lja helt fritt utan n\u00e5gra som helst bekymmer, d\u00e5 varje speloperat\u00f6r i topplistan uppfyller v\u00e5ra krav.<\/p>\n\n\n\n<hr class=\"wp-block-separator has-alpha-channel-opacity\"\/>\n\n\n\n<h2 class=\"wp-block-heading\">Vanliga fr\u00e5gor<\/h2>\n\n\n<style>#sp-ea-7552 .spcollapsing { height: 0; overflow: hidden; transition-property: height;transition-duration: 500ms;}#sp-ea-7552{ position: relative; }#sp-ea-7552 .ea-card{ opacity: 0;}#eap-preloader-7552{ position: absolute; left: 0; top: 0; height: 100%;width: 100%; text-align: center;display: flex; align-items: center;justify-content: center;}#sp-ea-7552.sp-easy-accordion>.sp-ea-single {margin-bottom: 10px; border: 1px solid #e2e2e2; }#sp-ea-7552.sp-easy-accordion>.sp-ea-single>.ea-header a {color: #444;}#sp-ea-7552.sp-easy-accordion>.sp-ea-single>.sp-collapse>.ea-body {background: #fff; color: #444;}#sp-ea-7552.sp-easy-accordion>.sp-ea-single {background: #eee;}#sp-ea-7552.sp-easy-accordion>.sp-ea-single>.ea-header a .ea-expand-icon { float: left; color: #444;font-size: 16px;}<\/style><div id=\"sp_easy_accordion-1776211590\"><div id=\"sp-ea-7552\" class=\"sp-ea-one sp-easy-accordion\" data-ea-active=\"ea-click\" data-ea-mode=\"vertical\" data-preloader=\"1\" data-scroll-active-item=\"\" data-offset-to-scroll=\"0\"><div id=\"eap-preloader-7552\" class=\"accordion-preloader\"><img decoding=\"async\" src=\"https:\/\/casinofrog.com\/wp-content\/plugins\/easy-accordion-free\/public\/assets\/ea_loader.svg\" alt=\"Loader image\"\/><\/div><div class=\"ea-card ea-expand sp-ea-single\"><h3 class=\"ea-header\"><a class=\"collapsed\" id=\"ea-header-75520\" role=\"button\" data-sptoggle=\"spcollapse\" data-sptarget=\"#collapse75520\" aria-controls=\"collapse75520\" href=\"#\" aria-expanded=\"true\" tabindex=\"0\"><i aria-hidden=\"true\" role=\"presentation\" class=\"ea-expand-icon eap-icon-ea-expand-minus\"><\/i> Vad inneb\u00e4r casino utan registrering?<\/a><\/h3><div class=\"sp-collapse spcollapse collapsed show\" id=\"collapse75520\" role=\"region\" aria-labelledby=\"ea-header-75520\"> <div class=\"ea-body\"><p>Casinon utan registrering \u00e4r ett koncept som blivit m\u00f6jligt tack vare elektroniska ID-handlingar s\u00e5 som BankID. Du beh\u00f6ver allts\u00e5 inte manuellt skapa ett konto som innan, utan anv\u00e4nder bara ditt BankID f\u00f6r att logga in. Alla jobbiga och l\u00e5nga registreringprocesser \u00e4r d\u00e4rmed ett minne blott. Casino utan registrering kan \u00e4ven kallas f\u00f6r Pay and Play.<\/p><\/div><\/div><\/div><div class=\"ea-card ea-expand sp-ea-single\"><h3 class=\"ea-header\"><a class=\"collapsed\" id=\"ea-header-75521\" role=\"button\" data-sptoggle=\"spcollapse\" data-sptarget=\"#collapse75521\" aria-controls=\"collapse75521\" href=\"#\" aria-expanded=\"true\" tabindex=\"0\"><i aria-hidden=\"true\" role=\"presentation\" class=\"ea-expand-icon eap-icon-ea-expand-minus\"><\/i> Var finns alla b\u00e4sta casino utan konto i Sverige?<\/a><\/h3><div class=\"sp-collapse spcollapse collapsed show\" id=\"collapse75521\" role=\"region\" aria-labelledby=\"ea-header-75521\"> <div class=\"ea-body\"><p>V\u00e5rt team p\u00e5 Casino Frog har granskat spelmarknaden f\u00f6r att hitta de b\u00e4sta alternativen till casino utan konto. Du hittar alla typer av enkel registrering h\u00e4r hos oss, och givetvis har alla spelsidor svensk licens.<\/p><\/div><\/div><\/div><div class=\"ea-card ea-expand sp-ea-single\"><h3 class=\"ea-header\"><a class=\"collapsed\" id=\"ea-header-75522\" role=\"button\" data-sptoggle=\"spcollapse\" data-sptarget=\"#collapse75522\" aria-controls=\"collapse75522\" href=\"#\" aria-expanded=\"true\" tabindex=\"0\"><i aria-hidden=\"true\" role=\"presentation\" class=\"ea-expand-icon eap-icon-ea-expand-minus\"><\/i> Varf\u00f6r ska jag v\u00e4lja casino utan registrering?<\/a><\/h3><div class=\"sp-collapse spcollapse collapsed show\" id=\"collapse75522\" role=\"region\" aria-labelledby=\"ea-header-75522\"> <div class=\"ea-body\"><p>Det finns m\u00e5nga f\u00f6rdelar med att v\u00e4lja casino utan registrering. Fr\u00e4mst g\u00e5r det betydligt snabbare och smidigare \u00e4n den mer traditionella registreringsprocessen, men det \u00e4r dessutom s\u00e4krare tack vare tj\u00e4nster som BankID. Ingen registrering, inget l\u00f6senord, inga problem.<\/p><\/div><\/div><\/div><script type=\"application\/ld+json\">{ \"@context\": \"https:\/\/schema.org\", \"@type\": \"FAQPage\", \"@id\": \"sp-ea-schema-7552-69ded686a6d7d\", \"mainEntity\": [{ \"@type\": \"Question\", \"name\": \"Vad inneb\u00e4r casino utan registrering?\", \"acceptedAnswer\": { \"@type\": \"Answer\", \"text\": \"Casinon utan registrering \u00e4r ett koncept som blivit m\u00f6jligt tack vare elektroniska ID-handlingar s\u00e5 som BankID. Du beh\u00f6ver allts\u00e5 inte manuellt skapa ett konto som innan, utan anv\u00e4nder bara ditt BankID f\u00f6r att logga in. Alla jobbiga och l\u00e5nga registreringprocesser \u00e4r d\u00e4rmed ett minne blott. Casino utan registrering kan \u00e4ven kallas f\u00f6r Pay and Play.\" } },{ \"@type\": \"Question\", \"name\": \"Var finns alla b\u00e4sta casino utan konto i Sverige?\", \"acceptedAnswer\": { \"@type\": \"Answer\", \"text\": \"V\u00e5rt team p\u00e5 Casino Frog har granskat spelmarknaden f\u00f6r att hitta de b\u00e4sta alternativen till casino utan konto. Du hittar alla typer av enkel registrering h\u00e4r hos oss, och givetvis har alla spelsidor svensk licens.\" } },{ \"@type\": \"Question\", \"name\": \"Varf\u00f6r ska jag v\u00e4lja casino utan registrering?\", \"acceptedAnswer\": { \"@type\": \"Answer\", \"text\": \"Det finns m\u00e5nga f\u00f6rdelar med att v\u00e4lja casino utan registrering. Fr\u00e4mst g\u00e5r det betydligt snabbare och smidigare \u00e4n den mer traditionella registreringsprocessen, men det \u00e4r dessutom s\u00e4krare tack vare tj\u00e4nster som BankID. Ingen registrering, inget l\u00f6senord, inga problem.\" } }] }<\/script><\/div><\/div>\n","protected":false},"excerpt":{"rendered":"<p>Hos Casino Frog hittar du marknadens ledande casino utan registrering. Det ska vara enkelt att komma ig\u00e5ng och spela p\u00e5 casinon online, och det g\u00f6r man b\u00e4st med BankID. D\u00e4rf\u00f6r har vi samlat alla casino utan konto som anv\u00e4nder sig av e-legitimation f\u00f6r inloggning f\u00f6r den smidigaste och s\u00e4kraste spelupplevelsen. Du hittar \u00e4ven en guide &#8230; <a title=\"Casino utan registrering &#8211; online casino utan konto 2026\" class=\"read-more\" href=\"https:\/\/casinofrog.com\/se\/online-casino\/utan-registrering\/\" aria-label=\"L\u00e4s mer om Casino utan registrering &#8211; online casino utan konto 2026\">L\u00e4s mer<\/a><\/p>\n","protected":false},"author":32,"featured_media":0,"parent":210,"menu_order":0,"comment_status":"closed","ping_status":"closed","template":"","meta":{"_crdt_document":"","footnotes":""},"class_list":["post-7557","page","type-page","status-publish"],"_links":{"self":[{"href":"https:\/\/casinofrog.com\/se\/wp-json\/wp\/v2\/pages\/7557","targetHints":{"allow":["GET"]}}],"collection":[{"href":"https:\/\/casinofrog.com\/se\/wp-json\/wp\/v2\/pages"}],"about":[{"href":"https:\/\/casinofrog.com\/se\/wp-json\/wp\/v2\/types\/page"}],"author":[{"embeddable":true,"href":"https:\/\/casinofrog.com\/se\/wp-json\/wp\/v2\/users\/32"}],"replies":[{"embeddable":true,"href":"https:\/\/casinofrog.com\/se\/wp-json\/wp\/v2\/comments?post=7557"}],"version-history":[{"count":32,"href":"https:\/\/casinofrog.com\/se\/wp-json\/wp\/v2\/pages\/7557\/revisions"}],"predecessor-version":[{"id":20713,"href":"https:\/\/casinofrog.com\/se\/wp-json\/wp\/v2\/pages\/7557\/revisions\/20713"}],"up":[{"embeddable":true,"href":"https:\/\/casinofrog.com\/se\/wp-json\/wp\/v2\/pages\/210"}],"wp:attachment":[{"href":"https:\/\/casinofrog.com\/se\/wp-json\/wp\/v2\/media?parent=7557"}],"curies":[{"name":"wp","href":"https:\/\/api.w.org\/{rel}","templated":true}]}}