{"id":7508,"date":"2020-08-26T15:12:53","date_gmt":"2020-08-26T15:12:53","guid":{"rendered":"https:\/\/casinofrog.com\/?page_id=7508"},"modified":"2024-12-28T11:44:02","modified_gmt":"2024-12-28T11:44:02","slug":"med-bankid","status":"publish","type":"page","link":"https:\/\/casinofrog.com\/se\/online-casino\/med-bankid\/","title":{"rendered":"Casino med BankID 2026"},"content":{"rendered":"\n<p class=\"has-text-align-center wp-block-paragraph\">Spela p\u00e5 <strong>casino med BankID<\/strong> inloggning h\u00e4r! Vi hj\u00e4lper dig att komma ig\u00e5ng snabbt. Med e-legitimation f\u00e5r du n\u00e4stan obegr\u00e4nsade m\u00f6jligheter p\u00e5 online casinon. Du kan bland annat anv\u00e4nda det f\u00f6r att logga in p\u00e5 spelkonton eller sp\u00e4rra dig via sj\u00e4lvavst\u00e4ngningsregistret. Casino med BankID 2026 har blivit alltmer popul\u00e4rt och erbjuder snabba ins\u00e4ttningar och uttag p\u00e5 alla sajter med svensk spellicens.<\/p>\n\n\n\n<p class=\"wp-block-paragraph\">V\u00e5rt svenska Casino Frog-team har kontrollerat alla BankID-casinon som du kan hitta i j\u00e4mf\u00f6relselistan nedan. Anv\u00e4nd din e-legitimation f\u00f6r att spela utan manuell registrering direkt eller l\u00e4s vidare i v\u00e5r guide f\u00f6r att ta reda p\u00e5 mer innan du b\u00f6rjar.<\/p>\n\n\n\n<hr class=\"wp-block-separator has-alpha-channel-opacity\"\/>\n\n\n\n<h2 class=\"wp-block-heading\">B\u00e4sta BankID Casino 2026<\/h2>\n\n\n\n<p class=\"wp-block-paragraph\">H\u00e4r finner du v\u00e5r topplista med online casinon d\u00e4r du kan anv\u00e4nda dig av BankID f\u00f6r att spela:<\/p>\n\n\n\n\n<table id=\"tablepress-16\" class=\"tablepress tablepress-id-16 tablepress-responsive tablepress-responsive-stack-headers tablepress-responsive-stack-phone\">\n<thead>\n<tr class=\"row-1\">\n\t<td class=\"column-1\"><\/td><th class=\"column-2\">Casino<\/th><th class=\"column-3\">Namn<\/th><th class=\"column-4\">Licens<\/th><th class=\"column-5\">Omd\u00f6me<\/th><td class=\"column-6\"><\/td>\n<\/tr>\n<\/thead>\n<tbody class=\"row-striping\">\n<tr class=\"row-2\">\n\t<td class=\"column-1\"><\/td><td class=\"column-2\"><a href=\"https:\/\/casinofrog.com\/se\/go\/ic\" target=\"_blank\" rel=\"nofollow noopener noreferrer\"><img loading=\"lazy\" decoding=\"async\" src=\"\/wp-content\/uploads\/ic.png\" width=\"130\" height=\"65\" alt=\"Internationella casinon utan svensk licens\"><\/a><\/td><td class=\"column-3\">Internationella Casinon<\/td><td class=\"column-4\">Utan svensk licens<\/td><td class=\"column-5\">5.0 \/ 5 <i class=\"fa fa-star\"><\/td><td class=\"column-6\"><a href=\"https:\/\/casinofrog.com\/se\/go\/ic\" rel=\"nofollow noopener noreferrer\" target=\"_blank\" class=\"play\">Spela nu!<\/a><\/td>\n<\/tr>\n<tr class=\"row-3\">\n\t<td class=\"column-1\"><\/td><td class=\"column-2\"><a href=\"https:\/\/casinofrog.com\/se\/go\/ic-new\" target=\"_blank\" rel=\"nofollow noopener noreferrer\"><img loading=\"lazy\" decoding=\"async\" src=\"\/wp-content\/uploads\/ic-nya.png\" width=\"130\" height=\"65\" alt=\"Nya Casinon utan svensk licens\"><\/a><\/td><td class=\"column-3\">Nya Casinon<\/td><td class=\"column-4\">Utan svensk licens<\/td><td class=\"column-5\">5.0 \/ 5 <i class=\"fa fa-star\"><\/td><td class=\"column-6\"><a href=\"https:\/\/casinofrog.com\/se\/go\/ic-new\" rel=\"nofollow noopener noreferrer\" target=\"_blank\" class=\"play\">Spela nu!<\/a><\/td>\n<\/tr>\n<tr class=\"row-4\">\n\t<td class=\"column-1\"><\/td><td class=\"column-2\"><a href=\"https:\/\/casinofrog.com\/se\/go\/ic-pnp\" target=\"_blank\" rel=\"nofollow noopener noreferrer\"><img loading=\"lazy\" decoding=\"async\" src=\"\/wp-content\/uploads\/ic-pnp.png\" width=\"130\" height=\"65\" alt=\"Pay n Play-casinon utan svensk licens\"><\/a><\/td><td class=\"column-3\">Pay n Play-Casinon<\/td><td class=\"column-4\">Utan svensk licens<\/td><td class=\"column-5\">5.0 \/ 5 <i class=\"fa fa-star\"><\/td><td class=\"column-6\"><a href=\"https:\/\/casinofrog.com\/se\/go\/ic-pnp\" rel=\"nofollow noopener noreferrer\" target=\"_blank\" class=\"play\">Spela nu!<\/a><\/td>\n<\/tr>\n<\/tbody>\n<\/table>\n<!-- #tablepress-16 from cache -->\n\n\n\n<hr class=\"wp-block-separator has-alpha-channel-opacity\"\/>\n\n\n\n<h2 class=\"wp-block-heading\">Kom ig\u00e5ng med BankID<\/h2>\n\n\n<div class=\"wp-block-image\">\n<figure class=\"alignright\"><img loading=\"lazy\" decoding=\"async\" width=\"250\" height=\"120\" src=\"https:\/\/casinofrog.com\/wp-content\/uploads\/bankid-casino.png\" alt=\"Casino BankID\" class=\"wp-image-7521\"\/><\/figure>\n<\/div>\n\n\n<p class=\"wp-block-paragraph\">BankID \u00e4r en elektronisk ID-handling som anv\u00e4nds av st\u00f6rre delen av svenska befolkningen f\u00f6r att verifiera sin identitet. Det \u00e4r en smidig och s\u00e4ker tj\u00e4nst som alla b\u00f6r anv\u00e4nda sig av, och ers\u00e4tter i m\u00e5nga fall de andra ID-handlingarna vi \u00e4r vana vid, s\u00e5 som k\u00f6rkort.<\/p>\n\n\n\n<p class=\"wp-block-paragraph\">I och med att spelv\u00e4rlden i m\u00e5ngt och mycket blivit digital kr\u00e4vs att dess l\u00f6sningar g\u00e5r i samma riktning. Just d\u00e4rf\u00f6r har den digitala e-legitimationen blivit en viktig del av Sveriges online casinon.<\/p>\n\n\n\n<p class=\"wp-block-paragraph\">Att kunna anv\u00e4nda sig av BankID f\u00f6r att spela p\u00e5 casino \u00e4r n\u00e5got som vi p\u00e5 Casino Frog verkligen uppskattar. Det skiljer sig markant fr\u00e5n hur resten av v\u00e4rlden hanterar registrering hos casinon i dagsl\u00e4get, och f\u00e5r oss att inse hur lyckligt skattade vi \u00e4r i Sverige som f\u00e5r tillg\u00e5ng till detta ytterst snabba och smidiga system.<\/p>\n\n\n\n<p class=\"wp-block-paragraph\">Hos <a href=\"https:\/\/casinofrog.com\/se\/online-casino\/utlandska\/\">utl\u00e4ndska casinon<\/a> p\u00e5minner processen f\u00f6r registrering ofta om den som tidigare var standard i Sverige. F\u00f6r att skapa ett konto beh\u00f6ver du f\u00f6rst och fr\u00e4mst manuellt fylla i en rad uppgifter om dig sj\u00e4lv, s\u00e5som namn, mailadress, telefonnummer och liknande. D\u00e4rtill beh\u00f6ver du inte s\u00e4llan skicka in en kopia av en fysisk ID-handling f\u00f6r verifiering, vilket kan inneb\u00e4ra att du beh\u00f6ver v\u00e4nta n\u00e5gra dagar innan du kan b\u00f6rja spela. BankID har eliminerat b\u00e5da dessa problem.<\/p>\n\n\n\n<p class=\"wp-block-paragraph\">Kanske har du h\u00f6rt talas om casino utan registrering? N\u00e4r man talar om detta fenomen \u00e4r det just BankID casinon som avses. Ben\u00e4mningen \u00e4r dock n\u00e5got missvisande d\u00e5 du faktiskt beh\u00f6ver registrera dig, men att anv\u00e4nda sig av BankID inneb\u00e4r att processen g\u00e5r betydligt smidigare.<\/p>\n\n\n\n<p class=\"wp-block-paragraph\">Sedan Spelinspektionen kr\u00e4ver att alla casinon i Sverige har svensk licens \u00e4r det \u00e4ven krav att varje spelare legitimerar sig. D\u00e5 BankID \u00e4r den i s\u00e4rklass mest anv\u00e4nda e-legitimationen i Sverige erbjuder numera de allra flesta svenska casinon registrering och inloggning via just denna tj\u00e4nst.<\/p>\n\n\n\n<p class=\"wp-block-paragraph\">Sedan sin lansering \u00e5r 2003 har BankIDs popularitet vuxit lavinartat, s\u00e4rskilt hos de som vill spela casino p\u00e5 n\u00e4tet. I dag har den elektroniska ID-handlingen omkring 8 miljoner anv\u00e4ndare. \u00c4r du inte en av dem? Att komma ig\u00e5ng \u00e4r superenkelt, och v\u00e5ra experter har satt ihop en snabb steg-f\u00f6r-steg guide som tar dig igenom processen.<\/p>\n\n\n\n<h3 class=\"wp-block-heading\">1. Skaffa BankID<\/h3>\n\n\n\n<p class=\"wp-block-paragraph\">Om du redan har BankID s\u00e5 kan du hoppa \u00f6ver detta steg. Att skaffa BankID \u00e4r helt gratis. F\u00f6r att kunna anv\u00e4nda dig av denna e-legitimation beh\u00f6ver du bara ett svenskt personnummer, vilket du sannolikt redan har. Kontakta sedan din internetbank (via deras hemsida eller dedikerade app) f\u00f6r att skapa ett BankID, och v\u00e4lj en sexsiffrig kod. Dela aldrig koden med n\u00e5gon annan.<\/p>\n\n\n\n<h3 class=\"wp-block-heading\">2. Casino BankID inloggning<\/h3>\n\n\n\n<p class=\"wp-block-paragraph\">V\u00e4lj ett casino fr\u00e5n topplistan ovan. Alla svensklicensierade <a href=\"https:\/\/casinofrog.com\/se\/online-casino\/\">online casinon<\/a> har en knapp avsedd f\u00f6r att spela direkt. Oftast st\u00e5r det tydligt \u201cSpela med BankID\u201d men ibland st\u00e5r det bara \u201cS\u00e4tt in och spela\u201d eller liknande. Oavsett vad det st\u00e5r s\u00e5 kommer du f\u00e5 m\u00f6jligheten att anv\u00e4nda e-legitimation f\u00f6r att verifiera dig.<\/p>\n\n\n\n<h3 class=\"wp-block-heading\">3. Fyll i belopp<\/h3>\n\n\n\n<p class=\"wp-block-paragraph\">Efter att du har klickat p\u00e5 \u201cSpela\u201d s\u00e5 f\u00e5r du v\u00e4lja hur mycket du vill s\u00e4tta in p\u00e5 casinot. Du fyller helt enkelt i beloppet i rutan, och godk\u00e4nner. Oftast kr\u00e4vs det att du g\u00f6r en ins\u00e4ttning p\u00e5 minst 100 kr, ibland 200 kr. Detta \u00e4r standard hos alla svenska spelbolag.<\/p>\n\n\n\n<h3 class=\"wp-block-heading\">4. V\u00e4lj din bank<\/h3>\n\n\n\n<p class=\"wp-block-paragraph\">Nu kommer du f\u00e5 v\u00e4lja vilken bank eller betalningsmetod du vill anv\u00e4nda f\u00f6r att g\u00f6ra din ins\u00e4ttning. Du kan v\u00e4lja att g\u00f6ra en traditionell \u00f6verf\u00f6ring fr\u00e5n din bank till ditt spelkonto. I dag \u00e4r det dock vanligt att anv\u00e4nda sig av tj\u00e4nster som Swish och Trustly. Med hj\u00e4lp av dessa kan ins\u00e4ttningar genomf\u00f6ras omedelbart. Du kan \u00e4ven g\u00f6ra uttag med dessa metoder kombinerat med BankID, och i regel har du pengarna p\u00e5 kontot inom 5-15 minuter. Samtidigt \u00e4r s\u00e4kerheten, s\u00e5klart, fortsatt \u00e4r den h\u00f6gsta tack vare e-legitimationen.<\/p>\n\n\n\n<h3 class=\"wp-block-heading\">5. Verifiera dig och b\u00f6rja spela!<\/h3>\n\n\n\n<p class=\"wp-block-paragraph\">Slutligen fyller du i ditt personnummer och verifierar dig med BankID. Det g\u00e5r att verifiera sig via b\u00e5de datorn eller mobilt. Ibland \u00f6ppnas appen automatiskt (mobilt), och ibland f\u00e5r du g\u00f6ra det manuellt. Du signerar sedan med din personliga kod, 6 siffror. Ditt saldo hos spelbolaget uppdateras, och sedan kan du b\u00f6rja spela direkt och vinna riktiga pengar!<\/p>\n\n\n\n<h3 class=\"wp-block-heading\">Spela med Mobilt BankID<\/h3>\n\n\n\n<p class=\"wp-block-paragraph\">I dag v\u00e4ljer m\u00e5nga att spela casino i mobilen eller surfplattan. En av anledningarna \u00e4r att det blir m\u00f6jligt att spela sina favoritspel var man \u00e4n befinner sig. Spelsidorna och leverant\u00f6rerna har sett till att det i dag \u00e4r minst lika smidigt att spela i mobilen som p\u00e5 dator. Och att BankID \u00e4ven finns tillg\u00e4ngligt i mobilen har f\u00f6rb\u00e4ttrat upplevelsen ytterligare.<\/p>\n\n\n\n<p class=\"wp-block-paragraph\">F\u00f6r att kunna anv\u00e4nda tj\u00e4nsten p\u00e5 casino i mobilen m\u00e5ste du skaffa s\u00e5 kallat Mobilt BankID. Detta kan du best\u00e4lla direkt efter att du skaffat ditt vanliga BankID.<\/p>\n\n\n\n<p class=\"wp-block-paragraph\">\u00c4n en g\u00e5ng kontaktar du din internetbank f\u00f6r att best\u00e4lla Mobilt BankID, och du kommer d\u00e4refter f\u00e5 ladda ned s\u00e4kerhetsappen till din mobiltelefon eller annan mobil enhet. Du kommer f\u00e5 specifika anvisningar av din bank som hj\u00e4lper dig att aktivera e-legitimationen f\u00f6r mobilt anv\u00e4ndande.<\/p>\n\n\n\n<p class=\"wp-block-paragraph\">N\u00e4r du spelar med Mobilt BankID beh\u00f6ver du endast \u00f6ppna appen och sl\u00e5 in din kod f\u00f6r att b\u00f6rja spela. Om du har en mobil av nyare modell beh\u00f6ver du dock inte ens sl\u00e5 in din kod. I st\u00e4llet kan du skriva under med hj\u00e4lp av ansiktsigenk\u00e4nning.<\/p>\n\n\n\n<p class=\"wp-block-paragraph\">Med ditt mobila BankID har du m\u00f6jlighet att spela p\u00e5 <a href=\"https:\/\/casinofrog.com\/se\/online-casino\/nya\/\">nya casinon<\/a> var du \u00e4n befinner dig &#8211; t\u00e5g, buss, taxi, hemma p\u00e5 terrassen eller p\u00e5 balkongen till exempel. Vardagen blev genast mycket roligare! Det kan \u00e4ven vara sk\u00f6nt att f\u00e5 en stund f\u00f6r sig sj\u00e4lv, koppla av och spela lite. Detta \u00e4r n\u00e5got vi tycker g\u00f6r sig b\u00e4st i soffan eller f\u00e5t\u00f6ljen, snarare \u00e4n hukad framf\u00f6r datorn. D\u00e5 hj\u00e4lper det att ha telefonen eller surfplattan tillhands med tillg\u00e5ng till casino direkt.<\/p>\n\n\n\n<hr class=\"wp-block-separator has-alpha-channel-opacity\"\/>\n\n\n\n<h2 class=\"wp-block-heading\">BankID casino 2026 &#8211; Tryggt och s\u00e4kert<\/h2>\n\n\n\n<p class=\"wp-block-paragraph\">Det kan ibland k\u00e4nnas n\u00e5got otryggt att registrera sig p\u00e5 ett casino online. Bedr\u00e4gerier p\u00e5 internet \u00e4r, tyv\u00e4rr, inte helt ovanligt, men med hj\u00e4lp av BankID minskar du risken f\u00f6r att bli utsatt avsev\u00e4rt.<\/p>\n\n\n\n<p class=\"wp-block-paragraph\">Detta, tillsammans med snabbheten, \u00e4r tv\u00e5 av de st\u00f6rsta anledningarna till att s\u00e5 m\u00e5nga svenska spelare v\u00e4ljer att spela med BankID. F\u00f6r om man k\u00e4nner sig os\u00e4ker under tiden man spelar blir upplevelsen s\u00e4llan positiv. Anv\u00e4nder du dig av v\u00e5r kurerade lista f\u00f6r att hitta ditt nya BankID casino s\u00e5 kan vi garantera att du kommer spela tryggt.<\/p>\n\n\n\n<p class=\"wp-block-paragraph\">Just nu finns det ingen annan tj\u00e4nst som \u00e4r s\u00e5 trygg och s\u00e4ker som BankID, och detta g\u00e4ller givetvis \u00e4ven den mobila versionen. Spelbolagen f\u00e5r inte tillg\u00e5ng till dina personliga uppgifter n\u00e4r du verifierar dig d\u00e5 allt \u00e4r krypterat. Du slipper med andra ord \u00e4ven reklam hemskickad till dig, samt att dina privata uppgifter n\u00e5gonsin skulle hamna i fel h\u00e4nder.<\/p>\n\n\n\n<p class=\"wp-block-paragraph\">Vi vill p\u00e5minna om att det \u00e4r viktigt att du aldrig uppger dina personliga uppgifter till andra. Dela allts\u00e5 aldrig med dig av din sexsiffriga BankID kod. Att dela med dig av din kod vore som att ge ut ditt anv\u00e4ndarnamn och l\u00f6senord, vilket g\u00f6r att obeh\u00f6rig kan komma \u00e5t ditt spelkonto och de eventuella pengar du har d\u00e4r. N\u00e5got du s\u00e5klart vill undvika.<\/p>\n\n\n\n<p class=\"wp-block-paragraph\">Var \u00e4ven noggrann med vem det \u00e4r som tar emot eventuell betalning n\u00e4r du anv\u00e4nder BankID &#8211; dubbelkolla att mottagarens namn st\u00e4mmer. Din bank kommer aldrig be dig verifiera dig med BankID via sms eller email.<\/p>\n\n\n\n<h3 class=\"wp-block-heading\">Nya casino BankID<\/h3>\n\n\n\n<p class=\"wp-block-paragraph\">V\u00e5rt m\u00e5l \u00e4r att alltid erbjuda v\u00e5ra bes\u00f6kare ett nytt casino att spela p\u00e5. Samtliga casinon vi rekommenderar har svensk licens, vilket inneb\u00e4r att du som spelare f\u00e5r tillg\u00e5ng till den s\u00e4kraste spelmilj\u00f6n. Samtidigt inneb\u00e4r den svenska licensen att du kan spela med BankID \u2013 den b\u00e5de s\u00e4kraste och smidigaste l\u00f6sningen.<\/p>\n\n\n\n<p class=\"wp-block-paragraph\">F\u00f6r 2026 har vi samlat ihop flera nya spelsidor d\u00e4r du med hj\u00e4lp av denna e-legitimation kan komma ig\u00e5ng direkt och h\u00e4mta en <a href=\"https:\/\/casinofrog.com\/se\/online-casino\/bonus\/\">gener\u00f6s bonus<\/a>. Det kan t.ex. r\u00f6ra sig om en trevlig v\u00e4lkomstbonus med extra pengar eller flertalet gratissnurr.<\/p>\n\n\n\n<p class=\"wp-block-paragraph\">V\u00e4lj fr\u00e5n v\u00e5r topplista och klicka dig vidare till valfritt casino. D\u00e5 kan vi garantera att du f\u00e5r ett casino med snabb utbetalning, svensk spellicens, och stort spelutbud, bland mycket annat. Vi har j\u00e4mf\u00f6rt alla nya sidor och endast valt ut de b\u00e4sta p\u00e5 marknaden, f\u00f6r att kunna erbjuda en s\u00e5 bra och trygg spelupplevelse som m\u00f6jligt &#8211; det \u00e4r v\u00e5r garanti.<\/p>\n\n\n\n<hr class=\"wp-block-separator has-alpha-channel-opacity\"\/>\n\n\n\n<h2 class=\"wp-block-heading\">Casino Frogs rekommendation<\/h2>\n\n\n\n<p class=\"wp-block-paragraph\">K\u00e4nner du dig os\u00e4ker p\u00e5 huruvida casino med BankID \u00e4r n\u00e5got f\u00f6r dig eller inte? V\u00e5ra experter p\u00e5 CasinoFrog rekommenderar alla spelare att v\u00e4lja denna typ av verifiering i den m\u00e5n det g\u00e5r. Ned g\u00e5r vi igenom n\u00e5gra, av m\u00e5nga, anledningar varf\u00f6r.<\/p>\n\n\n\n<ul class=\"wp-block-list\">\n<li>Det g\u00e5r alltid snabbt att komma ig\u00e5ng<\/li>\n\n\n\n<li>Man slipper l\u00e5nga traditionella registreringsprocesser<\/li>\n\n\n\n<li>Det \u00e4r mycket tryggt och s\u00e4kert att anv\u00e4nda p\u00e5 casino<\/li>\n\n\n\n<li>Man f\u00e5r ingen reklam hemskickad till sig<\/li>\n\n\n\n<li>I princip alla banker i Sverige st\u00f6djer tj\u00e4nsten<\/li>\n\n\n\n<li>Finns p\u00e5 alla online casino med svensk licens<\/li>\n\n\n\n<li>Fungerar lika bra p\u00e5 dator som telefon och surfplatta<\/li>\n\n\n\n<li>Tj\u00e4nsten \u00e4r helt gratis!<\/li>\n<\/ul>\n\n\n\n<h3 class=\"wp-block-heading\">Om BankID ligger nere<\/h3>\n\n\n\n<p class=\"wp-block-paragraph\">BankID har i dag flera miljoner anv\u00e4ndare, och tj\u00e4nsten nyttjas flera hundra g\u00e5nger i sekunden. D\u00e4rav kan det komma att ske s\u00e5 kallade driftst\u00f6rningar ibland. N\u00e4r detta h\u00e4nder slutar tj\u00e4nsten tillf\u00e4lligt fungera, s\u00e5v\u00e4l datorversionen som mobilversionen. Vi rekommenderar att du kollar p\u00e5 deras officiella sida f\u00f6r <a href=\"https:\/\/www.bankid.com\/driftsinformation\/bankid-status\" target=\"_blank\" rel=\"noopener noreferrer\">BankID driftstatus<\/a> f\u00f6r att se om n\u00e5gra st\u00f6rningar sker just nu. D\u00e4r kan du tydligt se om alla tj\u00e4nster \u00e4r ig\u00e5ng eller inte. Driftstatusen visar om allt fungerar som det ska, och spekulerar kring n\u00e4r allt kan komma att fungera igen ifall det ligger nere.<\/p>\n\n\n\n<p class=\"wp-block-paragraph\">Om tj\u00e4nsten (i ovanligare fall) utsatts f\u00f6r en \u00f6verbelastningsattack, \u00e4ven k\u00e4nt som DDoS, s\u00e5 kan det h\u00e4nda att den ligger nere l\u00e4ngre \u00e4n v\u00e4ntat. Du kommer under denna period bl.a. inte ha tillg\u00e5ng till BankID inloggning f\u00f6r att spela p\u00e5 svenska casinon. Du f\u00e5r d\u00e4rf\u00f6r v\u00e4nta med att spela om du t\u00e4nkt anv\u00e4nda dig av e-legitimation f\u00f6r att logga in. Givetvis finns det andra inloggningsmetoder som fungerar emellan\u00e5t.<\/p>\n\n\n\n<hr class=\"wp-block-separator has-alpha-channel-opacity\"\/>\n\n\n\n<h2 class=\"wp-block-heading\">Vanliga fr\u00e5gor<\/h2>\n\n\n\n<p class=\"wp-block-paragraph\"><style>#sp-ea-7512 .spcollapsing { height: 0; overflow: hidden; transition-property: height;transition-duration: 500ms;}#sp-ea-7512{ position: relative; }#sp-ea-7512 .ea-card{ opacity: 0;}#eap-preloader-7512{ position: absolute; left: 0; top: 0; height: 100%;width: 100%; text-align: center;display: flex; align-items: center;justify-content: center;}#sp-ea-7512.sp-easy-accordion>.sp-ea-single {margin-bottom: 10px; border: 1px solid #e2e2e2; }#sp-ea-7512.sp-easy-accordion>.sp-ea-single>.ea-header a {color: #444;}#sp-ea-7512.sp-easy-accordion>.sp-ea-single>.sp-collapse>.ea-body {background: #fff; color: #444;}#sp-ea-7512.sp-easy-accordion>.sp-ea-single {background: #eee;}#sp-ea-7512.sp-easy-accordion>.sp-ea-single>.ea-header a .ea-expand-icon { float: left; color: #444;font-size: 16px;}<\/style><div id=\"sp_easy_accordion-1775581618\"><div id=\"sp-ea-7512\" class=\"sp-ea-one sp-easy-accordion\" data-ea-active=\"ea-click\" data-ea-mode=\"vertical\" data-preloader=\"1\" data-scroll-active-item=\"\" data-offset-to-scroll=\"0\"><div id=\"eap-preloader-7512\" class=\"accordion-preloader\"><img decoding=\"async\" src=\"https:\/\/casinofrog.com\/wp-content\/plugins\/easy-accordion-free\/public\/assets\/ea_loader.svg\" alt=\"Loader image\"\/><\/div><div class=\"ea-card ea-expand sp-ea-single\"><h3 class=\"ea-header\"><a class=\"collapsed\" id=\"ea-header-75120\" role=\"button\" data-sptoggle=\"spcollapse\" data-sptarget=\"#collapse75120\" aria-controls=\"collapse75120\" href=\"#\" aria-expanded=\"true\" tabindex=\"0\"><i aria-hidden=\"true\" role=\"presentation\" class=\"ea-expand-icon eap-icon-ea-expand-minus\"><\/i> \u00c4r mobilt BankID s\u00e4kert?<\/a><\/h3><div class=\"sp-collapse spcollapse collapsed show\" id=\"collapse75120\" role=\"region\" aria-labelledby=\"ea-header-75120\"> <div class=\"ea-body\"><p>Ja. Mobilt BankID \u00e4r helt s\u00e4kert att anv\u00e4nda. Det \u00e4r givetvis viktigt att du beh\u00e5ller personlig information och din kod f\u00f6r dig sj\u00e4lv - dela aldrig med dig av din BankID-kod. S\u00e5 l\u00e4nge du anv\u00e4nder tj\u00e4nsten p\u00e5 r\u00e4tt s\u00e4tt s\u00e5 \u00e4r den 100% s\u00e4ker.<\/p><\/div><\/div><\/div><div class=\"ea-card ea-expand sp-ea-single\"><h3 class=\"ea-header\"><a class=\"collapsed\" id=\"ea-header-75121\" role=\"button\" data-sptoggle=\"spcollapse\" data-sptarget=\"#collapse75121\" aria-controls=\"collapse75121\" href=\"#\" aria-expanded=\"true\" tabindex=\"0\"><i aria-hidden=\"true\" role=\"presentation\" class=\"ea-expand-icon eap-icon-ea-expand-minus\"><\/i> Var finns de b\u00e4sta casino med BankID?<\/a><\/h3><div class=\"sp-collapse spcollapse collapsed show\" id=\"collapse75121\" role=\"region\" aria-labelledby=\"ea-header-75121\"> <div class=\"ea-body\"><p>H\u00e4r p\u00e5 Casino Frog s\u00e5 har v\u00e5ra experter g\u00e5tt igenom svenska spelmarknaden f\u00f6r att hitta de b\u00e4sta alternativen f\u00f6r BankID casino. I v\u00e5r kurerade <a href=\"https:\/\/casinofrog.com\/se\/online-casino\/med-bankid\/#basta_bankid_casino_2021\">topplista<\/a> s\u00e5 f\u00e5r du tillg\u00e5ng till alla v\u00e5ra favoriter direkt.<\/p><\/div><\/div><\/div><div class=\"ea-card ea-expand sp-ea-single\"><h3 class=\"ea-header\"><a class=\"collapsed\" id=\"ea-header-75122\" role=\"button\" data-sptoggle=\"spcollapse\" data-sptarget=\"#collapse75122\" aria-controls=\"collapse75122\" href=\"#\" aria-expanded=\"true\" tabindex=\"0\"><i aria-hidden=\"true\" role=\"presentation\" class=\"ea-expand-icon eap-icon-ea-expand-minus\"><\/i> G\u00e5r det att f\u00e5 utbetalning snabbt med BankID?<\/a><\/h3><div class=\"sp-collapse spcollapse collapsed show\" id=\"collapse75122\" role=\"region\" aria-labelledby=\"ea-header-75122\"> <div class=\"ea-body\"><p>Tack vare mobilt BankID och tj\u00e4nster som Trustly s\u00e5 g\u00e5r det f\u00e5 riktigt snabba uttag p\u00e5 valfritt casino i Sverige. \u00c4ven ins\u00e4ttningar sker direkt.<\/p><\/div><\/div><\/div><div class=\"ea-card ea-expand sp-ea-single\"><h3 class=\"ea-header\"><a class=\"collapsed\" id=\"ea-header-75123\" role=\"button\" data-sptoggle=\"spcollapse\" data-sptarget=\"#collapse75123\" aria-controls=\"collapse75123\" href=\"#\" aria-expanded=\"true\" tabindex=\"0\"><i aria-hidden=\"true\" role=\"presentation\" class=\"ea-expand-icon eap-icon-ea-expand-minus\"><\/i> Vad \u00e4r skillnaden mellan BankID och Mobilt BankID?<\/a><\/h3><div class=\"sp-collapse spcollapse collapsed show\" id=\"collapse75123\" role=\"region\" aria-labelledby=\"ea-header-75123\"> <div class=\"ea-body\"><p>Om du har skaffat vanligt BankID, s\u00e5 har du m\u00f6jligheten best\u00e4lla Mobilt BankID fr\u00e5n din internetbank. E-legitimationen blir d\u00e5 tillg\u00e4nglig direkt i din telefon eller surfplattta efter att du laddat ned den dedikerade appen. Detta m\u00f6jligg\u00f6r smidig inloggning p\u00e5 casino \u00e4ven n\u00e4r du spelar mobilt, och \u00e4r generellt ett snabbare s\u00e4tt att verifiera sig p\u00e5.<\/p><\/div><\/div><\/div><script type=\"application\/ld+json\">{ \"@context\": \"https:\/\/schema.org\", \"@type\": \"FAQPage\", \"@id\": \"sp-ea-schema-7512-69d539b27d19a\", \"mainEntity\": [{ \"@type\": \"Question\", \"name\": \"\u00c4r mobilt BankID s\u00e4kert?\", \"acceptedAnswer\": { \"@type\": \"Answer\", \"text\": \"Ja. Mobilt BankID \u00e4r helt s\u00e4kert att anv\u00e4nda. Det \u00e4r givetvis viktigt att du beh\u00e5ller personlig information och din kod f\u00f6r dig sj\u00e4lv - dela aldrig med dig av din BankID-kod. S\u00e5 l\u00e4nge du anv\u00e4nder tj\u00e4nsten p\u00e5 r\u00e4tt s\u00e4tt s\u00e5 \u00e4r den 100% s\u00e4ker.\" } },{ \"@type\": \"Question\", \"name\": \"Var finns de b\u00e4sta casino med BankID?\", \"acceptedAnswer\": { \"@type\": \"Answer\", \"text\": \"H\u00e4r p\u00e5 Casino Frog s\u00e5 har v\u00e5ra experter g\u00e5tt igenom svenska spelmarknaden f\u00f6r att hitta de b\u00e4sta alternativen f\u00f6r BankID casino. I v\u00e5r kurerade topplista s\u00e5 f\u00e5r du tillg\u00e5ng till alla v\u00e5ra favoriter direkt.\" } },{ \"@type\": \"Question\", \"name\": \"G\u00e5r det att f\u00e5 utbetalning snabbt med BankID?\", \"acceptedAnswer\": { \"@type\": \"Answer\", \"text\": \"Tack vare mobilt BankID och tj\u00e4nster som Trustly s\u00e5 g\u00e5r det f\u00e5 riktigt snabba uttag p\u00e5 valfritt casino i Sverige. \u00c4ven ins\u00e4ttningar sker direkt.\" } },{ \"@type\": \"Question\", \"name\": \"Vad \u00e4r skillnaden mellan BankID och Mobilt BankID?\", \"acceptedAnswer\": { \"@type\": \"Answer\", \"text\": \"Om du har skaffat vanligt BankID, s\u00e5 har du m\u00f6jligheten best\u00e4lla Mobilt BankID fr\u00e5n din internetbank. E-legitimationen blir d\u00e5 tillg\u00e4nglig direkt i din telefon eller surfplattta efter att du laddat ned den dedikerade appen. Detta m\u00f6jligg\u00f6r smidig inloggning p\u00e5 casino \u00e4ven n\u00e4r du spelar mobilt, och \u00e4r generellt ett snabbare s\u00e4tt att verifiera sig p\u00e5.\" } }] }<\/script><\/div><\/div>\n","protected":false},"excerpt":{"rendered":"<p>Spela p\u00e5 casino med BankID inloggning h\u00e4r! Vi hj\u00e4lper dig att komma ig\u00e5ng snabbt. Med e-legitimation f\u00e5r du n\u00e4stan obegr\u00e4nsade m\u00f6jligheter p\u00e5 online casinon. Du kan bland annat anv\u00e4nda det f\u00f6r att logga in p\u00e5 spelkonton eller sp\u00e4rra dig via sj\u00e4lvavst\u00e4ngningsregistret. Casino med BankID har blivit alltmer popul\u00e4rt och erbjuder snabba ins\u00e4ttningar och uttag p\u00e5 &#8230; <a title=\"Casino med BankID 2026\" class=\"read-more\" href=\"https:\/\/casinofrog.com\/se\/online-casino\/med-bankid\/\" aria-label=\"L\u00e4s mer om Casino med BankID 2026\">L\u00e4s mer<\/a><\/p>\n","protected":false},"author":30,"featured_media":0,"parent":210,"menu_order":0,"comment_status":"closed","ping_status":"closed","template":"","meta":{"_crdt_document":"","footnotes":""},"class_list":["post-7508","page","type-page","status-publish"],"_links":{"self":[{"href":"https:\/\/casinofrog.com\/se\/wp-json\/wp\/v2\/pages\/7508","targetHints":{"allow":["GET"]}}],"collection":[{"href":"https:\/\/casinofrog.com\/se\/wp-json\/wp\/v2\/pages"}],"about":[{"href":"https:\/\/casinofrog.com\/se\/wp-json\/wp\/v2\/types\/page"}],"author":[{"embeddable":true,"href":"https:\/\/casinofrog.com\/se\/wp-json\/wp\/v2\/users\/30"}],"replies":[{"embeddable":true,"href":"https:\/\/casinofrog.com\/se\/wp-json\/wp\/v2\/comments?post=7508"}],"version-history":[{"count":58,"href":"https:\/\/casinofrog.com\/se\/wp-json\/wp\/v2\/pages\/7508\/revisions"}],"predecessor-version":[{"id":20754,"href":"https:\/\/casinofrog.com\/se\/wp-json\/wp\/v2\/pages\/7508\/revisions\/20754"}],"up":[{"embeddable":true,"href":"https:\/\/casinofrog.com\/se\/wp-json\/wp\/v2\/pages\/210"}],"wp:attachment":[{"href":"https:\/\/casinofrog.com\/se\/wp-json\/wp\/v2\/media?parent=7508"}],"curies":[{"name":"wp","href":"https:\/\/api.w.org\/{rel}","templated":true}]}}