{"id":6366,"date":"2020-08-03T14:10:22","date_gmt":"2020-08-03T14:10:22","guid":{"rendered":"https:\/\/casinofrog.com\/?page_id=6366"},"modified":"2024-06-27T13:00:15","modified_gmt":"2024-06-27T13:00:15","slug":"sekretesspolicy","status":"publish","type":"page","link":"https:\/\/casinofrog.com\/se\/sekretesspolicy\/","title":{"rendered":"Sekretesspolicy hos Casino Frog (SE)"},"content":{"rendered":"\n<p class=\"wp-block-paragraph\">Hemsida: https:\/\/casinofrog.com\/se\/<\/p>\n\n\n\n<p class=\"wp-block-paragraph\">P\u00e5 Casino Frog \u00e4r v\u00e5ra bes\u00f6kares integritet en av v\u00e5ra viktigaste prioriteringar. Detta dokument f\u00f6r sekretesspolicy inneh\u00e5ller de typer av information som samlas in och registreras av Casino Frog och hur vi anv\u00e4nder den.<\/p>\n\n\n\n<p class=\"wp-block-paragraph\">Om du har ytterligare fr\u00e5gor eller beh\u00f6ver mer information om v\u00e5r integritetspolicy, tveka inte att&nbsp;<a href=\"https:\/\/casinofrog.com\/se\/kontakt\/\">kontakta oss<\/a>.<\/p>\n\n\n\n<p class=\"wp-block-paragraph\">Denna sekretesspolicy g\u00e4ller endast v\u00e5ra onlineaktiviteter och \u00e4r giltig f\u00f6r bes\u00f6kare p\u00e5 v\u00e5r webbplats med avseende informationen som de delade och\/eller samlar in till Casino Frog. Denna policy \u00e4r inte till\u00e4mplig p\u00e5 information som samlas in offline eller via andra kanaler \u00e4n denna webbplats.<\/p>\n\n\n\n<h3 class=\"wp-block-heading\">Samtycke<\/h3>\n\n\n\n<p class=\"wp-block-paragraph\">Genom att anv\u00e4nda v\u00e5r webbplats godk\u00e4nner du h\u00e4rmed v\u00e5r integritetspolicy och samtycker till dess villkor.<\/p>\n\n\n\n<hr class=\"wp-block-separator has-alpha-channel-opacity\"\/>\n\n\n\n<h2 class=\"wp-block-heading\">Information vi samlar in<\/h2>\n\n\n\n<p class=\"wp-block-paragraph\">Den personliga information som du blir ombedd att tillhandah\u00e5lla, och sk\u00e4len till att du blir ombedd att l\u00e4mna den, kommer att g\u00f6ras tydlig f\u00f6r dig vid den punkt vi ber dig att l\u00e4mna din personliga information.<\/p>\n\n\n\n<p class=\"wp-block-paragraph\">Om du kontaktar oss direkt kan vi f\u00e5 ytterligare information om dig, till exempel ditt namn, e-postadress, telefonnummer, meddelandets inneh\u00e5ll och \/ eller bilagor du kan skicka till oss, och all annan information du kan v\u00e4lja att ge.<\/p>\n\n\n\n<p class=\"wp-block-paragraph\">N\u00e4r du registrerar dig f\u00f6r ett konto kan vi be om din kontaktinformation, inklusive detaljer som namn, f\u00f6retagsnamn, adress, e-postadress och telefonnummer.<\/p>\n\n\n\n<hr class=\"wp-block-separator has-alpha-channel-opacity\"\/>\n\n\n\n<h2 class=\"wp-block-heading\">Hur vi anv\u00e4nder din information<\/h2>\n\n\n\n<p class=\"wp-block-paragraph\">Vi anv\u00e4nder informationen vi samlar in p\u00e5 olika s\u00e4tt, bland annat f\u00f6r att:<\/p>\n\n\n\n<ul class=\"wp-block-list\">\n<li>Tillhandah\u00e5lla, driva och underh\u00e5lla v\u00e5r webbplats<\/li>\n\n\n\n<li>F\u00f6rb\u00e4ttra, anpassa och ut\u00f6ka v\u00e5r webbplats<\/li>\n\n\n\n<li>F\u00f6rst\u00e5 och analysera hur du anv\u00e4nder v\u00e5r webbplats<\/li>\n\n\n\n<li>Utveckla nya produkter, tj\u00e4nster, funktioner och funktionalitet<\/li>\n\n\n\n<li>Kommunicera med dig, antingen direkt eller genom v\u00e5ra partners, inklusive f\u00f6r kundservice, f\u00f6r att ge dig uppdateringar och annan information som r\u00f6r webbplats, och f\u00f6r marknadsf\u00f6rings\u00e4ndam\u00e5l<\/li>\n\n\n\n<li>Skicka e-postmeddelanden<\/li>\n\n\n\n<li>Hitta och f\u00f6rhindra bedr\u00e4geri<\/li>\n<\/ul>\n\n\n\n<hr class=\"wp-block-separator has-alpha-channel-opacity\"\/>\n\n\n\n<h2 class=\"wp-block-heading\">Loggfiler<\/h2>\n\n\n\n<p class=\"wp-block-paragraph\">Casino Frog f\u00f6ljer ett standardf\u00f6rfarande f\u00f6r anv\u00e4ndning av loggfiler. Dessa filer loggar bes\u00f6kare n\u00e4r de bes\u00f6ker webbplatser. Alla v\u00e4rdf\u00f6retag g\u00f6r detta och en del av webbhotellens analys. Informationen som samlas in av loggfiler inkluderar IP-adresser (Internet Protocol), webbl\u00e4sartyp, Internet-tj\u00e4nstleverant\u00f6r (ISP), datum och tidst\u00e4mpel, referens-\/utg\u00e5ngssidor och eventuellt antalet klick. Dessa \u00e4r inte l\u00e4nkade till n\u00e5gon information som \u00e4r personligt identifierbar. Syftet med informationen \u00e4r att analysera trender, administrera webbplatsen, sp\u00e5ra anv\u00e4ndarnas r\u00f6relse p\u00e5 webbplatsen och samla in demografisk information.<\/p>\n\n\n\n<hr class=\"wp-block-separator has-alpha-channel-opacity\"\/>\n\n\n\n<h2 class=\"wp-block-heading\">Kakor<\/h2>\n\n\n\n<p class=\"wp-block-paragraph\">Som alla andra webbplatser anv\u00e4nder Casino Frog kakor eller &#8221;cookies&#8221;. Dessa cookies anv\u00e4nds f\u00f6r att lagra information inklusive bes\u00f6karens preferenser och sidorna p\u00e5 webbplatsen som bes\u00f6karen bes\u00f6kte. Informationen anv\u00e4nds f\u00f6r att optimera anv\u00e4ndarnas upplevelse genom att anpassa inneh\u00e5llet p\u00e5 webbsidan baserat p\u00e5 bes\u00f6karnas webbl\u00e4sartyp och\/eller annan information.<\/p>\n\n\n\n<p class=\"wp-block-paragraph\">L\u00e4s mer om kakor&nbsp;<a href=\"https:\/\/www.cookieconsent.com\/what-are-cookies\/\" target=\"_blank\" rel=\"noopener noreferrer\">h\u00e4r<\/a>.<\/p>\n\n\n\n<hr class=\"wp-block-separator has-alpha-channel-opacity\"\/>\n\n\n\n<h2 class=\"wp-block-heading\">Annonspartners sekretesspolicy<\/h2>\n\n\n\n<p class=\"wp-block-paragraph\">Tredjepartsannonsserver eller annonsn\u00e4tverk anv\u00e4nder teknologier som kakor, JavaScript eller webb-beacons som anv\u00e4nds i deras respektive annonser och l\u00e4nkar som visas p\u00e5 Casino Frog, som skickas direkt till anv\u00e4ndarens webbl\u00e4sare. De f\u00e5r automatiskt din IP-adress n\u00e4r detta intr\u00e4ffar. Denna teknik anv\u00e4nds f\u00f6r att m\u00e4ta effektiviteten i deras reklamkampanjer och\/eller f\u00f6r att anpassa annonsinneh\u00e5llet som du ser p\u00e5 webbplatser du bes\u00f6ker.<\/p>\n\n\n\n<p class=\"wp-block-paragraph\">Observera att Casino Frog inte har tillg\u00e5ng till eller kontroll \u00f6ver dessa cookies som anv\u00e4nds av tredjepartsannons\u00f6rer.<\/p>\n\n\n\n<hr class=\"wp-block-separator has-alpha-channel-opacity\"\/>\n\n\n\n<h2 class=\"wp-block-heading\">Tredjeparts sekretesspolicy<\/h2>\n\n\n\n<p class=\"wp-block-paragraph\">Casino Frogs integritetspolicy g\u00e4ller inte andra annons\u00f6rer eller webbplatser.&nbsp;D\u00e4rf\u00f6r rekommenderar vi att du konsulterar respektive sekretesspolicy f\u00f6r dessa tredjepartsannonsserver f\u00f6r mer detaljerad information.&nbsp;Det kan inneh\u00e5lla deras praxis och instruktioner f\u00f6r hur man avvisar vissa alternativ.<\/p>\n\n\n\n<p class=\"wp-block-paragraph\">Du kan v\u00e4lja att inaktivera cookies genom dina individuella webbl\u00e4saralternativ.&nbsp;Om du vill veta mer detaljerad information om cookiehantering med specifika webbl\u00e4sare kan du hitta den p\u00e5 webbl\u00e4sarnas respektive webbplatser.<\/p>\n\n\n\n<hr class=\"wp-block-separator has-alpha-channel-opacity\"\/>\n\n\n\n<h2 class=\"wp-block-heading\">Minder\u00e5riga<\/h2>\n\n\n\n<p class=\"wp-block-paragraph\">En annan del av v\u00e5r prioritering \u00e4r att l\u00e4gga till skydd f\u00f6r barn n\u00e4r internet anv\u00e4nds. Vi uppmuntrar f\u00f6r\u00e4ldrar och v\u00e5rdnadshavare att observera, delta i och\/eller \u00f6vervaka och v\u00e4gleda deras onlineaktivitet. Du m\u00e5ste vara \u00f6ver 18 \u00e5r f\u00f6r att anv\u00e4nda Casino Frog.<\/p>\n\n\n\n<p class=\"wp-block-paragraph\">Casino Frog s\u00f6ker eller samlar inte medvetet n\u00e5gon personlig information fr\u00e5n n\u00e5gon under 18 \u00e5r. Om du tror att ditt barn tillhandah\u00f6ll denna typ av information p\u00e5 v\u00e5r webbplats, uppmanar vi dig att <a href=\"https:\/\/casinofrog.com\/se\/kontakt\/\">kontakta oss<\/a> omedelbart s\u00e5 kommer vi att g\u00f6ra v\u00e5rt b\u00e4sta f\u00f6r att genast ta bort informationen fr\u00e5n v\u00e5ra uppgifter.<\/p>\n\n\n\n<hr class=\"wp-block-separator has-alpha-channel-opacity\"\/>\n\n\n\n<h2 class=\"wp-block-heading\">GDPR Dataskyddsr\u00e4ttigheter<\/h2>\n\n\n\n<p class=\"wp-block-paragraph\">Vi vill se till att du \u00e4r helt medveten om alla dina dataskyddsr\u00e4ttigheter.&nbsp;Varje anv\u00e4ndare har r\u00e4tt till f\u00f6ljande:<\/p>\n\n\n\n<ul class=\"wp-block-list\">\n<li>R\u00e4tten till tillg\u00e5ng &#8211; Du har r\u00e4tt att beg\u00e4ra kopior av dina personuppgifter.&nbsp;Vi kan ta ut en liten avgift f\u00f6r den h\u00e4r tj\u00e4nsten.<\/li>\n\n\n\n<li>R\u00e4tten till r\u00e4ttelse &#8211; Du har r\u00e4tt att beg\u00e4ra att vi korrigerar all information som du anser \u00e4r felaktig.&nbsp;Du har ocks\u00e5 r\u00e4tt att beg\u00e4ra att vi fyller i den information som du anser \u00e4r ofullst\u00e4ndig.<\/li>\n\n\n\n<li>R\u00e4tten att radera &#8211; Du har r\u00e4tt att beg\u00e4ra att vi raderar dina personuppgifter under vissa villkor.<\/li>\n\n\n\n<li>R\u00e4tten att begr\u00e4nsa behandlingen &#8211; Du har r\u00e4tt att beg\u00e4ra att vi begr\u00e4nsar behandlingen av dina personuppgifter, under vissa villkor.<\/li>\n\n\n\n<li>R\u00e4tten att inv\u00e4nda mot behandling &#8211; Du har r\u00e4tt att inv\u00e4nda mot v\u00e5r behandling av dina personuppgifter, under vissa villkor.<\/li>\n\n\n\n<li>R\u00e4tten till dataportabilitet &#8211; Du har r\u00e4tt att beg\u00e4ra att vi \u00f6verf\u00f6r data som vi har samlat in till en annan organisation, eller direkt till dig, under vissa villkor.<\/li>\n\n\n\n<li>Om du g\u00f6r en beg\u00e4ran har vi en m\u00e5nad p\u00e5 oss att svara dig. Om du vill ut\u00f6va n\u00e5gon av dessa r\u00e4ttigheter, v\u00e4nligen kontakta oss.<\/li>\n<\/ul>\n","protected":false},"excerpt":{"rendered":"<p>Hemsida: https:\/\/casinofrog.com\/se\/ P\u00e5 Casino Frog \u00e4r v\u00e5ra bes\u00f6kares integritet en av v\u00e5ra viktigaste prioriteringar. Detta dokument f\u00f6r sekretesspolicy inneh\u00e5ller de typer av information som samlas in och registreras av Casino Frog och hur vi anv\u00e4nder den. Om du har ytterligare fr\u00e5gor eller beh\u00f6ver mer information om v\u00e5r integritetspolicy, tveka inte att&nbsp;kontakta oss. Denna sekretesspolicy g\u00e4ller &#8230; <a title=\"Sekretesspolicy hos Casino Frog (SE)\" class=\"read-more\" href=\"https:\/\/casinofrog.com\/se\/sekretesspolicy\/\" aria-label=\"L\u00e4s mer om Sekretesspolicy hos Casino Frog (SE)\">L\u00e4s mer<\/a><\/p>\n","protected":false},"author":72,"featured_media":0,"parent":0,"menu_order":0,"comment_status":"closed","ping_status":"closed","template":"","meta":{"_crdt_document":"","footnotes":""},"class_list":["post-6366","page","type-page","status-publish"],"_links":{"self":[{"href":"https:\/\/casinofrog.com\/se\/wp-json\/wp\/v2\/pages\/6366","targetHints":{"allow":["GET"]}}],"collection":[{"href":"https:\/\/casinofrog.com\/se\/wp-json\/wp\/v2\/pages"}],"about":[{"href":"https:\/\/casinofrog.com\/se\/wp-json\/wp\/v2\/types\/page"}],"author":[{"embeddable":true,"href":"https:\/\/casinofrog.com\/se\/wp-json\/wp\/v2\/users\/72"}],"replies":[{"embeddable":true,"href":"https:\/\/casinofrog.com\/se\/wp-json\/wp\/v2\/comments?post=6366"}],"version-history":[{"count":12,"href":"https:\/\/casinofrog.com\/se\/wp-json\/wp\/v2\/pages\/6366\/revisions"}],"predecessor-version":[{"id":19141,"href":"https:\/\/casinofrog.com\/se\/wp-json\/wp\/v2\/pages\/6366\/revisions\/19141"}],"wp:attachment":[{"href":"https:\/\/casinofrog.com\/se\/wp-json\/wp\/v2\/media?parent=6366"}],"curies":[{"name":"wp","href":"https:\/\/api.w.org\/{rel}","templated":true}]}}