{"id":18022,"date":"2024-01-16T10:02:26","date_gmt":"2024-01-16T10:02:26","guid":{"rendered":"https:\/\/casinofrog.com\/?page_id=18022"},"modified":"2024-12-28T10:42:20","modified_gmt":"2024-12-28T10:42:20","slug":"utan-svensk-licens","status":"publish","type":"page","link":"https:\/\/casinofrog.com\/se\/online-casino\/utan-svensk-licens\/","title":{"rendered":"Casino utan svensk licens 2026"},"content":{"rendered":"\n<p class=\"wp-block-paragraph\">V\u00e5ra experter har samlat allt du beh\u00f6ver veta om casino utan svensk licens. L\u00e4s mer om hur det fungerar, vad de svenska lagarna s\u00e4ger, vilka betalningsmetoder som finns och mycket mer i v\u00e5r genomg\u00e5ende guide nedan.<\/p>\n\n\n\n<hr class=\"wp-block-separator has-alpha-channel-opacity\"\/>\n\n\n\n<h2 class=\"wp-block-heading\">B\u00e4sta nya casinon utan svensk licens och Spelpaus<\/h2>\n\n\n\n\n<table id=\"tablepress-16\" class=\"tablepress tablepress-id-16 tablepress-responsive tablepress-responsive-stack-headers tablepress-responsive-stack-phone\">\n<thead>\n<tr class=\"row-1\">\n\t<td class=\"column-1\"><\/td><th class=\"column-2\">Casino<\/th><th class=\"column-3\">Namn<\/th><th class=\"column-4\">Licens<\/th><th class=\"column-5\">Omd\u00f6me<\/th><td class=\"column-6\"><\/td>\n<\/tr>\n<\/thead>\n<tbody class=\"row-striping\">\n<tr class=\"row-2\">\n\t<td class=\"column-1\"><\/td><td class=\"column-2\"><a href=\"https:\/\/casinofrog.com\/se\/go\/ic\" target=\"_blank\" rel=\"nofollow noopener noreferrer\"><img loading=\"lazy\" decoding=\"async\" src=\"\/wp-content\/uploads\/ic.png\" width=\"130\" height=\"65\" alt=\"Internationella casinon utan svensk licens\"><\/a><\/td><td class=\"column-3\">Internationella Casinon<\/td><td class=\"column-4\">Utan svensk licens<\/td><td class=\"column-5\">5.0 \/ 5 <i class=\"fa fa-star\"><\/td><td class=\"column-6\"><a href=\"https:\/\/casinofrog.com\/se\/go\/ic\" rel=\"nofollow noopener noreferrer\" target=\"_blank\" class=\"play\">Spela nu!<\/a><\/td>\n<\/tr>\n<tr class=\"row-3\">\n\t<td class=\"column-1\"><\/td><td class=\"column-2\"><a href=\"https:\/\/casinofrog.com\/se\/go\/ic-new\" target=\"_blank\" rel=\"nofollow noopener noreferrer\"><img loading=\"lazy\" decoding=\"async\" src=\"\/wp-content\/uploads\/ic-nya.png\" width=\"130\" height=\"65\" alt=\"Nya Casinon utan svensk licens\"><\/a><\/td><td class=\"column-3\">Nya Casinon<\/td><td class=\"column-4\">Utan svensk licens<\/td><td class=\"column-5\">5.0 \/ 5 <i class=\"fa fa-star\"><\/td><td class=\"column-6\"><a href=\"https:\/\/casinofrog.com\/se\/go\/ic-new\" rel=\"nofollow noopener noreferrer\" target=\"_blank\" class=\"play\">Spela nu!<\/a><\/td>\n<\/tr>\n<tr class=\"row-4\">\n\t<td class=\"column-1\"><\/td><td class=\"column-2\"><a href=\"https:\/\/casinofrog.com\/se\/go\/ic-pnp\" target=\"_blank\" rel=\"nofollow noopener noreferrer\"><img loading=\"lazy\" decoding=\"async\" src=\"\/wp-content\/uploads\/ic-pnp.png\" width=\"130\" height=\"65\" alt=\"Pay n Play-casinon utan svensk licens\"><\/a><\/td><td class=\"column-3\">Pay n Play-Casinon<\/td><td class=\"column-4\">Utan svensk licens<\/td><td class=\"column-5\">5.0 \/ 5 <i class=\"fa fa-star\"><\/td><td class=\"column-6\"><a href=\"https:\/\/casinofrog.com\/se\/go\/ic-pnp\" rel=\"nofollow noopener noreferrer\" target=\"_blank\" class=\"play\">Spela nu!<\/a><\/td>\n<\/tr>\n<\/tbody>\n<\/table>\n<!-- #tablepress-16 from cache -->\n\n\n\n<hr class=\"wp-block-separator has-alpha-channel-opacity\"\/>\n\n\n\n<h2 class=\"wp-block-heading\">Vad inneb\u00e4r casino utan svensk licens?<\/h2>\n\n\n\n<p class=\"wp-block-paragraph\">Det hela b\u00f6rjade vid \u00e5rsskiftet 2018 till 2019, n\u00e4r den svenska spellicensen introducerades som ett nytt system f\u00f6r att reglera den svenska spelmarknaden. Spelmyndigheten Spelinspektionen bildades f\u00f6r att utf\u00e4rda dessa licenser till <a href=\"https:\/\/casinofrog.com\/se\/online-casino\/utlandska\/\" data-type=\"page\" data-id=\"13232\">utl\u00e4ndska casino<\/a> som ville rikta sig mot spelare i Sverige.<\/p>\n\n\n\n<p class=\"wp-block-paragraph\">N\u00e4r vi pratar om casino utan svensk licens, ibland \u00e4ven k\u00e4nt som casino utan licens, s\u00e5 syftar vi p\u00e5 ett spelbolag som valt att inte ans\u00f6ka om svensk spellicens fr\u00e5n Spelinspektionen. Detta inneb\u00e4r i sin tur att de inte f\u00e5r rikta sig till svenska spelare med bland annat marknadsf\u00f6ring.<\/p>\n\n\n\n<p class=\"wp-block-paragraph\">I de flesta fallen betyder dock inte avsaknaden av svensk licens att de inte har n\u00e5gon licens alls. Ist\u00e4llet brukar det vara andra spelmyndigheter i l\u00e4nder som Malta, Storbritannien och Estland som utf\u00e4rdar spellicensen.<\/p>\n\n\n\n<h3 class=\"wp-block-heading\">Varf\u00f6r finns det?<\/h3>\n\n\n\n<p class=\"wp-block-paragraph\">Casinoindustrin \u00e4r i st\u00e4ndig r\u00f6relse och f\u00f6r\u00e4ndring, men det \u00e4r inte alla som vill h\u00e4nga med i sv\u00e4ngarna. I dagsl\u00e4get \u00e4r det omkring 60 st spelbolag som har svensk spellicens, som g\u00e4ller f\u00f6r bland annat online casino och betting. Det inneb\u00e4r att resterande casinon v\u00e4rlden \u00f6ver inte har en svensk spellicens.<\/p>\n\n\n\n<p class=\"wp-block-paragraph\">V\u00e5r analys visar flera anledningar till varf\u00f6r ett casinobolag helt enkelt avst\u00e5r fr\u00e5n att ans\u00f6ka, potentiellt f\u00e5r ett avslag eller till och med sin licens indragen. Ut\u00f6ver den dyra avgiften f\u00f6r att b\u00e5de ans\u00f6ka och f\u00e5 beh\u00e5lla in spellicens, s\u00e5 bidrar \u00e4ven dessa faktorer till varf\u00f6r allt fler spelbolag skippar svensk licens:<\/p>\n\n\n\n<ul class=\"wp-block-list\">\n<li>Fler restriktioner och begr\u00e4nsningar<\/li>\n\n\n\n<li>Frekventa kontroller fr\u00e5n strikt spelmyndighet<\/li>\n\n\n\n<li>Betydligt mer resurskr\u00e4vande<\/li>\n\n\n\n<li>18% spelskatt<\/li>\n\n\n\n<li>F\u00e4rre bonus- och spelm\u00f6jligheter<\/li>\n<\/ul>\n\n\n\n<hr class=\"wp-block-separator has-alpha-channel-opacity\"\/>\n\n\n\n<h2 class=\"wp-block-heading\">Detta s\u00e4ger spellagen om casino utan licens<\/h2>\n\n\n\n<p class=\"wp-block-paragraph\">Inget i den svenska spellagen s\u00e4ger n\u00e5got om att du som individuell spelare in f\u00e5r spela p\u00e5 casino utan svensk licens. Vad som d\u00e4remot g\u00e4ller \u00e4r att operat\u00f6rerna som vill verka i Sverige m\u00e5ste ans\u00f6ka och erh\u00e5lla licens fr\u00e5n Spelinspektionen. Utan en s\u00e5dan licens s\u00e5 \u00e4r det olagligt f\u00f6r dem att rikta sig mot och acceptera svenska spelare.<\/p>\n\n\n\n<p class=\"wp-block-paragraph\">Kort sagt g\u00e4ller lagen allts\u00e5 inte dig som spelare. Huruvida du vill spela p\u00e5 ett casino utan licens eller inte \u00e4r helt upp till dig. Det ska dock s\u00e4gas att det \u00e4r en god id\u00e9 att h\u00e5lla sig till svensklicensierade casinon, eftersom dessa erbjuder b\u00e4ttre konsumentskydd, bland annat.<\/p>\n\n\n\n<h3 class=\"wp-block-heading\">Beh\u00f6ver jag betala vinstskatt?<\/h3>\n\n\n\n<p class=\"wp-block-paragraph\">Med tre faktorer i \u00e5tanke s\u00e5 blir det enkelt att h\u00e5lla koll p\u00e5 vilka casinon du beh\u00f6ver betala vinstskatt hos, och vilka som \u00e4r helt skattefria. Det h\u00e4r g\u00e4ller f\u00f6r svenska spelare:<\/p>\n\n\n\n<ul class=\"wp-block-list\">\n<li>Casino med svensk licens \u00e4r skattefria<\/li>\n\n\n\n<li>Casinon utan svensk licens inom EU\/EES \u00e4r skattefria<\/li>\n\n\n\n<li>Casinon utan svensk licens utanf\u00f6r \u00e4r 30% vinstskatt<\/li>\n<\/ul>\n\n\n\n<p class=\"wp-block-paragraph\">Spelbolag utan svensk licens f\u00e5r inte ha spr\u00e5k eller kundtj\u00e4nst p\u00e5 svenska. De f\u00e5r heller inte ha valuta eller bonuserbjudanden i SEK. P\u00e5 nordiska casino utan licens kan det finnas norska och finska som spr\u00e5k, med valutorna NOK och Euro.<\/p>\n\n\n\n<hr class=\"wp-block-separator has-alpha-channel-opacity\"\/>\n\n\n\n<h2 class=\"wp-block-heading\">Spelpaus.se<\/h2>\n\n\n\n<p class=\"wp-block-paragraph\">P\u00e5 Casino Frog v\u00e4rnar vi om ansvarsfullt spelande. Det \u00e4r ett ansvar som inte enbart faller p\u00e5 oss, men \u00e4ven p\u00e5 spelaren och p\u00e5 svenska Spelinspektionen.<\/p>\n\n\n\n<p class=\"wp-block-paragraph\">I Sverige har vi flera konsumentskydd f\u00f6r s\u00e4krare spel p\u00e5 n\u00e4tet. En av m\u00e5nga spelansvars\u00e5tg\u00e4rder som Spelinspektionen erbjuder oss \u00e4r tj\u00e4nsten Spelpaus. Det \u00e4r sj\u00e4lvavst\u00e4ngningsregistret d\u00e4r man med ett par klick kan st\u00e4nga av sig sj\u00e4lv fr\u00e5n all gambling p\u00e5 n\u00e4tet. Detta g\u00f6rs via svensk e-legitimation, som exempelvis BankID.&nbsp;<\/p>\n\n\n\n<p class=\"wp-block-paragraph\">Du kan v\u00e4lja hur l\u00e4nge avst\u00e4ngningsperioden ska g\u00e4lla, fr\u00e5n 1 m\u00e5nad, 3 m\u00e5nader, 6 m\u00e5nader eller upp till 12+ m\u00e5nader, varp\u00e5 den g\u00e4ller tills vidare (manuell avblockering).<\/p>\n\n\n\n<p class=\"wp-block-paragraph\">Avst\u00e4ngningen g\u00e4ller enbart f\u00f6r casinon med svensk licens. Man kan allts\u00e5 fortsatt spela p\u00e5 en del casino utan svensk licens, vilket f\u00f6r oss till n\u00e4sta \u00e4mne.<\/p>\n\n\n\n<h3 class=\"wp-block-heading\">Casino utan Spelpaus<\/h3>\n\n\n\n<p class=\"wp-block-paragraph\">Trots att vi har m\u00f6jligheten att pausa allt spel, s\u00e5 g\u00e4ller avst\u00e4ngningen inte hos casinon som inte har svensk licens. Anledningen \u00e4r att de inte omfattas av Spelpaus, eftersom de inte \u00e4r kopplade till registret. Det \u00e4r olagligt f\u00f6r ett casino utan licens att acceptera svenska spelare, men m\u00e5nga g\u00f6r det \u00e4nd\u00e5.<\/p>\n\n\n\n<p class=\"wp-block-paragraph\">I samband med detta s\u00e5 finns det svenska spelare som v\u00e4ljer att spela utan Spelpaus. De kanske har st\u00e4ngt av sig via registret men vill forts\u00e4tta spela, och v\u00e4ljer d\u00e5 att s\u00f6ka sig till casino utan Spelpaus. Detta \u00e4r s\u00e4rskilt riskfyllt f\u00f6r spelare som st\u00e4ngt av sig p\u00e5 grund av spelberoende.<\/p>\n\n\n\n<h3 class=\"wp-block-heading\">Hur man begr\u00e4nsar sitt spelande<\/h3>\n\n\n\n<p class=\"wp-block-paragraph\">N\u00e4r man tar del av underh\u00e5llning p\u00e5 n\u00e4tet s\u00e5 \u00e4r det viktigt att kunna s\u00e4tta gr\u00e4nser. Hur man p\u00e5verkas av spel \u00e4r individuellt. Det \u00e4r d\u00e4rf\u00f6r viktigt att analysera hur ofta man spelar och hur mycket man spenderar p\u00e5 spel. Vidare \u00e4r det bra att veta hur man ska begr\u00e4nsa sitt spelande och <a href=\"https:\/\/casinofrog.com\/se\/ansvarsfullt-spelande\/\" data-type=\"page\" data-id=\"1274\">f\u00f6rebygga spelproblem<\/a>. Nedan f\u00f6ljer n\u00e5gra av v\u00e5ra rekommendationer.<\/p>\n\n\n\n<ol class=\"wp-block-list\">\n<li>S\u00e4tt en budget. Innan man b\u00f6rjar spela f\u00f6r riktiga pengar s\u00e5 \u00e4r det viktigt att s\u00e4tta en budget. D\u00e5 kan du best\u00e4mma en fast summa som du \u00f6verf\u00f6r till ett konto och sedan anv\u00e4nder n\u00e4r du ska g\u00f6ra ins\u00e4ttningar\/uttag p\u00e5 casino. V\u00e4lj en summa du har r\u00e5d att f\u00f6rlora och h\u00e5ll dig till den.<\/li>\n\n\n\n<li>Spela inte f\u00f6r att generera inkomst. Man kan vinna pengar genom att spela p\u00e5 casino, men det \u00e4r aldrig ett s\u00e4kert s\u00e4tt att tj\u00e4na pengar p\u00e5. Fr\u00e4mst ska man spela f\u00f6r att ha kul, det \u00e4r ju trots allt en form av underh\u00e5llning bara.<\/li>\n\n\n\n<li>Var inte r\u00e4dd att s\u00f6ka hj\u00e4lp. Det g\u00e5r alltid att kontakta St\u00f6dlinjen om man beh\u00f6ver hj\u00e4lp med spelberoende. B\u00f6rjar du k\u00e4nna att du f\u00f6rlorat kontroll \u00f6ver ditt spelande s\u00e5 kan ta du ett sj\u00e4lvtest f\u00f6r att se hur det st\u00e5r till.<\/li>\n\n\n\n<li>Anv\u00e4nd dig av spelansvarsverktyg. I Sverige har du tillg\u00e5ng till bland annat Spelpaus och liknande verktyg som begr\u00e4nsar ditt spelande. P\u00e5 utl\u00e4ndska casinon kan du kontakta kundservice f\u00f6r att manuellt st\u00e4nga av dig sj\u00e4lv.<\/li>\n<\/ol>\n\n\n\n<hr class=\"wp-block-separator has-alpha-channel-opacity\"\/>\n\n\n\n<h2 class=\"wp-block-heading\">Hur ins\u00e4ttningar och uttag fungerar<\/h2>\n\n\n\n<p class=\"wp-block-paragraph\">P\u00e5 svenska casinosajter har du tillg\u00e5ng till m\u00e5nga olika betalningsmetoder. P\u00e5 casinon utan svensk licens \u00e4r de betydligt f\u00e4rre, men det finns n\u00e5gra som \u00e4r b\u00e5de s\u00e4kra och smidiga. H\u00e4r listar vi vilka dessa \u00e4r, s\u00e5 att du vet vad som finns tillg\u00e4ngligt.<\/p>\n\n\n\n<ul class=\"wp-block-list\">\n<li>Visa<\/li>\n\n\n\n<li>Mastercard<\/li>\n\n\n\n<li>Faktura (Siru)<\/li>\n\n\n\n<li>Bitcoin<\/li>\n\n\n\n<li>Ethereum<\/li>\n\n\n\n<li>Bitcoin Cash<\/li>\n\n\n\n<li>Litecoin<\/li>\n\n\n\n<li>Zimpler (fungerar ej l\u00e4ngre)<\/li>\n\n\n\n<li>Trustly (fungerar ej l\u00e4ngre)<\/li>\n<\/ul>\n\n\n\n<p class=\"wp-block-paragraph\">Efter att ha registrerat ett konto hos spelbolaget kan du g\u00f6ra en ins\u00e4ttning. Detta fungerar som vanligt, d\u00e4r man v\u00e4ljer betalningsmetod och bank. Uttag sker oftast lika enkelt, men det beror p\u00e5 vilket casino man bes\u00f6ker. Ibland kan du beh\u00f6va skicka ID-handlingar f\u00f6r att bevisa att du \u00e4r du, s\u00e5som k\u00f6rkort, pass, ID-kort eller r\u00e4kningar (fr\u00e5n h\u00f6gst 3 m\u00e5nader sedan).<\/p>\n\n\n\n<hr class=\"wp-block-separator has-alpha-channel-opacity\"\/>\n\n\n\n<h2 class=\"wp-block-heading\">Casino utan licens betalningsmetoder<\/h2>\n\n\n\n<p class=\"wp-block-paragraph\">H\u00e4r p\u00e5 Casino Frog brukar vi gr\u00e4va lite djupare och i informationssyfte g\u00e5r vi igenom betalningsmetoder f\u00f6r att du ska f\u00f6rst\u00e5 hur allt detta fungerar hos spelbolag som inte har licens i Sverige.<\/p>\n\n\n\n<p class=\"wp-block-paragraph\">Det finns flera alternativ i den h\u00e4r kategorin. M\u00e5nga betalmetoder som tidigare fungerat har med tiden blivit ovanligare eller f\u00f6rsvunnit fr\u00e5n den olicensierade marknaden helt och h\u00e5llet. Dessa inkluderar bland annat Trustly och Zimpler, medan svenska betalningsmetoder som Swish aldrig fungerat p\u00e5 casino utan licens fr\u00e5n f\u00f6rsta b\u00f6rjan.<\/p>\n\n\n\n<p class=\"wp-block-paragraph\">Ist\u00e4llet har det dykt upp nya s\u00e4tt som vissa svenskar valt att anv\u00e4nda sig av f\u00f6r att spela p\u00e5 utl\u00e4ndska casinon. Kryptovaluta t.ex. g\u00e5r inte att reglera p\u00e5 samma s\u00e4tt som b\u00f6rsnoterade Trustly. D\u00e4rf\u00f6r \u00e4r det allt fler kryptovalutor som blivit tillg\u00e4ngliga p\u00e5 bland annat casinon med licens fr\u00e5n Curacao. Bitcoin \u00e4r givetvis den vanligaste i dagsl\u00e4get och har potential att bli standard p\u00e5 alla casino i framtiden.<\/p>\n\n\n\n<p class=\"wp-block-paragraph\">P\u00e5 den svenska marknaden har det ocks\u00e5 tillkommit en del nya betalningsmetoder, men huruvida dessa kommer g\u00e5 att anv\u00e4nda p\u00e5 utl\u00e4ndska casinon \u00e5terst\u00e5r att se.<\/p>\n\n\n\n<h3 class=\"wp-block-heading\">Casino utan svensk licens Trustly<\/h3>\n\n\n\n<p class=\"wp-block-paragraph\">Trustly har l\u00e4nge ansetts vara en av de tryggare och smidigare betalningsmetoderna p\u00e5 casinomarknaden. De finns tillg\u00e4ngliga p\u00e5 flertalet svenska casinon, men har blivit n\u00e5got man ser allt mer s\u00e4llan p\u00e5 casino utan svensk licens.<\/p>\n\n\n\n<p class=\"wp-block-paragraph\">Anledningen \u00e4r att att Trustly motarbetar dessa spelbolag, d\u00e5 de inte vill f\u00f6rknippas med deras verksamhet.<\/p>\n\n\n\n<h4 class=\"wp-block-heading\">Pay N Play Casino utan svensk licens<\/h4>\n\n\n\n<p class=\"wp-block-paragraph\">Tj\u00e4nsten Pay N Play tillh\u00f6r Trustly, och \u00e4r en produkt de utvecklat f\u00f6r att g\u00f6ra alla transaktioner enklare och smidigare. I dagsl\u00e4get finns det inga casinon utan svensk licens som kan erbjuda Pay N Play till svenska spelare. Vill man anv\u00e4nda sig av tj\u00e4nsten rekommenderar vi att bes\u00f6ka ett spelbolag fr\u00e5n v\u00e5ra skr\u00e4ddarsydda topplistor.<\/p>\n\n\n\n<h3 class=\"wp-block-heading\">Zimpler casino utan svensk licens<\/h3>\n\n\n\n<p class=\"wp-block-paragraph\">Svenska betalningstj\u00e4nsten Zimpler har funnits p\u00e5 casinomarknaden ett bra tag. De erbjuder trygga och smidiga transaktioner och har har \u00e4ven en app som f\u00f6rb\u00e4ttrar fl\u00f6det.<\/p>\n\n\n\n<p class=\"wp-block-paragraph\">I skrivande stund \u00e4r det fortsatt sv\u00e5rt att hitta n\u00e5gra utl\u00e4ndska casinon som erbjuder Zimpler f\u00f6r svenska spelare. Casino Frog h\u00e5ller utkik och uppdaterar konstant s\u00e5 att du inte beh\u00f6ver g\u00e5 miste om ett casino med Zimpler.<\/p>\n\n\n\n<hr class=\"wp-block-separator has-alpha-channel-opacity\"\/>\n\n\n\n<h2 class=\"wp-block-heading\">Skillnaden mellan casinon med och utan svensk licens<\/h2>\n\n\n\n<p class=\"wp-block-paragraph\">De flesta online casinon \u00e4r i grunden lika, men n\u00e4r det kommer till licenser s\u00e5 finns det flera aspekt som f\u00f6r\u00e4ndrar hur casinot fungerar. I tabellen nedan f\u00e5r du en tydlig \u00f6verblick av skillnaderna mellan de som har och inte har spellicens i Sverige. P\u00e5 s\u00e5 vis \u00e4r du ordentligt informerad innan du fattar ett beslut.<\/p>\n\n\n\n<figure class=\"wp-block-table\"><table class=\"has-fixed-layout\"><thead><tr><th>Casino <strong>med<\/strong> svensk licens<\/th><th>Casino <strong>utan<\/strong> svensk licens<\/th><\/tr><\/thead><tbody><tr><td>Spelansvarsverktyg och Spelpaus<\/td><td>Ing\u00e5r inte i svenska sj\u00e4lvavst\u00e4ngningsregistret<\/td><\/tr><tr><td>Kontrollerade av Spelinspektionen<\/td><td>G\u00e5r inte att logga in med BankID<\/td><\/tr><tr><td>Omfattas av svenskt konsumentskydd<\/td><td>St\u00f6rre bonusar och fler spelm\u00f6jligheter<\/td><\/tr><tr><td>Alltid skattefria vinster<\/td><td>G\u00e5r inte att spela i SEK och ej svensk support<\/td><\/tr><tr><td>Inloggning med svensk e-legitimation<\/td><td>Potentiell 30% vinstskatt med vissa licenser<\/td><\/tr><\/tbody><\/table><\/figure>\n\n\n\n<hr class=\"wp-block-separator has-alpha-channel-opacity\"\/>\n\n\n\n<h2 class=\"wp-block-heading\">Vanliga fr\u00e5gor och svar<\/h2>\n\n\n<div id=\"rank-math-faq\" class=\"rank-math-block\">\n<div class=\"rank-math-list \">\n<div id=\"faq-question-1673861176488\" class=\"rank-math-list-item\">\n<h3 class=\"rank-math-question \">Finns det casino utan svensk licens Trustly 2026?<\/h3>\n<div class=\"rank-math-answer \">\n\n<p>B\u00e5de Trustly och Zimpler har dragit sig ur den olicensierade spelmarknaden. Det betyder allts\u00e5 att man som svensk spelare inte kan anv\u00e4nda betalningsmetoderna f\u00f6r att spela p\u00e5 casinon utan licens i \u00e5r eller fram\u00f6ver.<\/p>\n\n<\/div>\n<\/div>\n<div id=\"faq-question-1673861186667\" class=\"rank-math-list-item\">\n<h3 class=\"rank-math-question \">Kan man komma runt Spelpaus?<\/h3>\n<div class=\"rank-math-answer \">\n\n<p>Det g\u00e5r inte att avbryta Spelpaus, man m\u00e5ste v\u00e4nta till den valda avst\u00e4ngningsperioden l\u00f6pt ut. Vissa spelare v\u00e4ljer att ist\u00e4llet s\u00f6ka sig till casino utan Spelpaus f\u00f6r att forts\u00e4tta spela, n\u00e5got vi inte rekommenderar. Man b\u00f6r alltid v\u00e4nta ut sin avst\u00e4ngning, eftersom det antagligen \u00e4r en v\u00e4lbeh\u00f6vd paus.<\/p>\n\n<\/div>\n<\/div>\n<div id=\"faq-question-1673861187291\" class=\"rank-math-list-item\">\n<h3 class=\"rank-math-question \">\u00c4r det olagligt att spela p\u00e5 casino utan svensk licens?<\/h3>\n<div class=\"rank-math-answer \">\n\n<p>Som individuell spelare \u00e4r det inte olagligt att spela utan licens. Det \u00e4r ett val vi sj\u00e4lva f\u00e5r g\u00f6ra. D\u00e4remot \u00e4r det inte lagligt f\u00f6r utl\u00e4ndska casinon att acceptera svenska spelare.<\/p>\n\n<\/div>\n<\/div>\n<div id=\"faq-question-1673861187852\" class=\"rank-math-list-item\">\n<h3 class=\"rank-math-question \">Har de ingen licens alls?<\/h3>\n<div class=\"rank-math-answer \">\n\n<p>Jo, de flesta casino utan svensk licens har fortfarande licens, men fr\u00e5n en annan spelmyndighet utanf\u00f6r Sverige. I vissa ovanliga fall finns det casinon helt utan licens, men i de flesta fallen s\u00e5 \u00e4r det spelmyndigheter som MGA, TTJA, UKGC och CEG som licenserar casinooperat\u00f6rer i utlandet.<\/p>\n\n<\/div>\n<\/div>\n<div id=\"faq-question-1673861671490\" class=\"rank-math-list-item\">\n<h3 class=\"rank-math-question \">Vad betyder casino utan spelstopp?<\/h3>\n<div class=\"rank-math-answer \">\n\n<p>N\u00e4r man s\u00f6ker efter casinon utan spelstopp s\u00e5 menar man egentligen casino utan Spelpaus. Spelstopp g\u00e4ller enbart f\u00f6r betting p\u00e5 bland annat lotto och trav, och syftar p\u00e5 vilka tider man kan spela till. Det \u00e4r allts\u00e5 inte samma sak som att spela p\u00e5 casino utan Spelpaus, som \u00e4r en synonym till casino utan svensk licens.<\/p>\n\n<\/div>\n<\/div>\n<div id=\"faq-question-1673861672089\" class=\"rank-math-list-item\">\n<h3 class=\"rank-math-question \">G\u00e5r det att f\u00e5 bonus p\u00e5 casino utan licens?<\/h3>\n<div class=\"rank-math-answer \">\n\n<p>I vissa fall g\u00e5r det att f\u00e5 en bonus \u00e4ven p\u00e5 casinon utan svensk licens. Det brukar st\u00e5 vilka l\u00e4nder som begr\u00e4nsade och inte f\u00e5r ta del av bland annat v\u00e4lkomstbonusen eller lojalitetsprogrammet. D\u00e5 g\u00e4ller det att Sverige inte \u00e4r en av l\u00e4nderna som n\u00e4mns.<\/p>\n\n<\/div>\n<\/div>\n<div id=\"faq-question-1673861672614\" class=\"rank-math-list-item\">\n<h3 class=\"rank-math-question \">\u00c4r casinon utan Spelpaus s\u00e4kra?<\/h3>\n<div class=\"rank-math-answer \">\n\n<p>Om ett casino utan Spelpaus fortfarande har spellicens fr\u00e5n t.ex. Malta, Estland eller Curacao s\u00e5 anses de fortfarande vara s\u00e4kra, eftersom de regleras och kontrolleras av en utl\u00e4ndsk spelmyndighet, som oftast bara har lite sn\u00e4llare begr\u00e4nsningar \u00e4n den svenska.<\/p>\n\n<\/div>\n<\/div>\n<\/div>\n<\/div>\n\n\n<hr class=\"wp-block-separator has-alpha-channel-opacity\"\/>\n\n\n\n<h2 class=\"wp-block-heading\">Referenser<\/h2>\n\n\n\n<ul class=\"wp-block-list\">\n<li><a href=\"https:\/\/www.spelinspektionen.se\/\" target=\"_blank\" rel=\"noreferrer noopener\">https:\/\/www.spelinspektionen.se\/<\/a><\/li>\n\n\n\n<li><a href=\"https:\/\/spelpaus.se\/\" target=\"_blank\" rel=\"noreferrer noopener\">https:\/\/spelpaus.se\/<\/a><\/li>\n\n\n\n<li><a href=\"https:\/\/www.regeringen.se\/rattsliga-dokument\/proposition\/2022\/05\/prop.-202122242\/\" target=\"_blank\" rel=\"noreferrer noopener\">https:\/\/www.regeringen.se\/rattsliga-dokument\/proposition\/2022\/05\/prop.-202122242\/<\/a><\/li>\n<\/ul>\n\n\n\n<h3 class=\"wp-block-heading\">Ytterligare resurser<\/h3>\n\n\n\n<p class=\"wp-block-paragraph\">Nedan kan du ta del av en officiell video fr\u00e5n Spelpaus.se, d\u00e4r du p\u00e5 bara 2 minuter f\u00e5r reda p\u00e5 allt du beh\u00f6ver veta om tj\u00e4nsten innan du ansluter dig till registret.<\/p>\n\n\n\n<figure class=\"wp-block-embed is-type-video is-provider-youtube wp-block-embed-youtube wp-embed-aspect-16-9 wp-has-aspect-ratio\"><div class=\"wp-block-embed__wrapper\">\n<iframe loading=\"lazy\" title=\"Spelpaus.se, st\u00e4ng av dig fr\u00e5n spel om pengar.\" width=\"1200\" height=\"675\" src=\"https:\/\/www.youtube.com\/embed\/LHjbyqBuGQU?feature=oembed\" frameborder=\"0\" allow=\"accelerometer; autoplay; clipboard-write; encrypted-media; gyroscope; picture-in-picture; web-share\" allowfullscreen><\/iframe>\n<\/div><\/figure>\n","protected":false},"excerpt":{"rendered":"<p>V\u00e5ra experter har samlat allt du beh\u00f6ver veta om casino utan svensk licens. L\u00e4s mer om hur det fungerar, vad de svenska lagarna s\u00e4ger, vilka betalningsmetoder som finns och mycket mer i v\u00e5r genomg\u00e5ende guide nedan. B\u00e4sta nya casinon utan svensk licens och Spelpaus Vad inneb\u00e4r casino utan svensk licens? Det hela b\u00f6rjade vid \u00e5rsskiftet &#8230; <a title=\"Casino utan svensk licens 2026\" class=\"read-more\" href=\"https:\/\/casinofrog.com\/se\/online-casino\/utan-svensk-licens\/\" aria-label=\"L\u00e4s mer om Casino utan svensk licens 2026\">L\u00e4s mer<\/a><\/p>\n","protected":false},"author":35,"featured_media":0,"parent":210,"menu_order":0,"comment_status":"closed","ping_status":"closed","template":"","meta":{"_crdt_document":"","footnotes":""},"class_list":["post-18022","page","type-page","status-publish"],"_links":{"self":[{"href":"https:\/\/casinofrog.com\/se\/wp-json\/wp\/v2\/pages\/18022","targetHints":{"allow":["GET"]}}],"collection":[{"href":"https:\/\/casinofrog.com\/se\/wp-json\/wp\/v2\/pages"}],"about":[{"href":"https:\/\/casinofrog.com\/se\/wp-json\/wp\/v2\/types\/page"}],"author":[{"embeddable":true,"href":"https:\/\/casinofrog.com\/se\/wp-json\/wp\/v2\/users\/35"}],"replies":[{"embeddable":true,"href":"https:\/\/casinofrog.com\/se\/wp-json\/wp\/v2\/comments?post=18022"}],"version-history":[{"count":24,"href":"https:\/\/casinofrog.com\/se\/wp-json\/wp\/v2\/pages\/18022\/revisions"}],"predecessor-version":[{"id":20644,"href":"https:\/\/casinofrog.com\/se\/wp-json\/wp\/v2\/pages\/18022\/revisions\/20644"}],"up":[{"embeddable":true,"href":"https:\/\/casinofrog.com\/se\/wp-json\/wp\/v2\/pages\/210"}],"wp:attachment":[{"href":"https:\/\/casinofrog.com\/se\/wp-json\/wp\/v2\/media?parent=18022"}],"curies":[{"name":"wp","href":"https:\/\/api.w.org\/{rel}","templated":true}]}}