{"id":1669,"date":"2020-07-15T14:30:03","date_gmt":"2020-07-15T14:30:03","guid":{"rendered":"https:\/\/www.casinofrog.com\/?page_id=1669"},"modified":"2024-06-27T13:05:02","modified_gmt":"2024-06-27T13:05:02","slug":"guider","status":"publish","type":"page","link":"https:\/\/casinofrog.com\/se\/guider\/","title":{"rendered":"Guider"},"content":{"rendered":"\n<h2 class=\"wp-block-heading\">Casino Frog Kunskapsbank<\/h2>\n\n\n\n<p class=\"wp-block-paragraph\">Innan du p\u00e5b\u00f6rjar din casinoresa s\u00e5 \u00e4r det viktigt att du f\u00f6rst\u00e5r grunderna. Genom att dyka ned i v\u00e5r kunskapsbank s\u00e5 ser du till att din f\u00f6rsta upplevelse blir s\u00e5 bra som m\u00f6jligt.<\/p>\n\n\n\n<p class=\"wp-block-paragraph\">Vi har f\u00f6rberett flera nyb\u00f6rjarguider som tagits fram f\u00f6r att du ska kunna komma ig\u00e5ng snabbt. Vi respekterar din tid, vilket \u00e4r anledningen till att alla v\u00e5ra guider \u00e4r kortfattade och l\u00e4ttl\u00e4sta.<\/p>\n\n\n\n<h2 class=\"wp-block-heading\">V\u00e5ra guider<\/h2>\n\n\n\n<p class=\"wp-block-paragraph\">Oavsett om du \u00e4r ny till onlinespel eller kunnig casinospelare, s\u00e5 finns det anv\u00e4ndbar information att h\u00e4mta fr\u00e5n dessa guider.<\/p>\n\n\n<div  class=\"lgc-column lgc-grid-parent lgc-grid-33 lgc-tablet-grid-50 lgc-mobile-grid-100 lgc-equal-heights \"><div  class=\"inside-grid-column\">\n<h3><a href=\"https:\/\/casinofrog.com\/se\/guider\/hur-vi-betygsatter\/\">Hur vi rankar och betygs\u00e4tter<\/a><\/h3>\n<p>V\u00e5ra experter h\u00e5ller koll p\u00e5 nyckelfunktioner s\u00e5 som s\u00e4kerhet, bonuserbjudanden..<\/p>\n<\/div><\/div>\n\n\n<div  class=\"lgc-column lgc-grid-parent lgc-grid-33 lgc-tablet-grid-50 lgc-mobile-grid-100 lgc-equal-heights \"><div  class=\"inside-grid-column\">\n<h3><a href=\"https:\/\/casinofrog.com\/se\/ansvarsfullt-spelande\/\">Ansvarsfullt Spelande<\/a><\/h3>\n<p>Att spela p\u00e5 casino \u00e4r underh\u00e5llande och kan vara ett utm\u00e4rkt s\u00e4tt att f\u00f6rdriva..<\/p>\n<\/div><\/div>\n\n\n<div  class=\"lgc-column lgc-grid-parent lgc-grid-33 lgc-tablet-grid-50 lgc-mobile-grid-100 lgc-equal-heights \"><div  class=\"inside-grid-column\">\n<h3><a href=\"https:\/\/casinofrog.com\/se\/guider\/omsattningskrav\/\">Oms\u00e4ttningskrav<\/a><\/h3>\n<p>Ta reda p\u00e5 hur oms\u00e4ttningskrav fungerar innan du aktiverar en bonus..<\/p>\n<\/div><\/div>\n","protected":false},"excerpt":{"rendered":"<p>Casino Frog Kunskapsbank Innan du p\u00e5b\u00f6rjar din casinoresa s\u00e5 \u00e4r det viktigt att du f\u00f6rst\u00e5r grunderna. Genom att dyka ned i v\u00e5r kunskapsbank s\u00e5 ser du till att din f\u00f6rsta upplevelse blir s\u00e5 bra som m\u00f6jligt. Vi har f\u00f6rberett flera nyb\u00f6rjarguider som tagits fram f\u00f6r att du ska kunna komma ig\u00e5ng snabbt. Vi respekterar din &#8230; <a title=\"Guider\" class=\"read-more\" href=\"https:\/\/casinofrog.com\/se\/guider\/\" aria-label=\"L\u00e4s mer om Guider\">L\u00e4s mer<\/a><\/p>\n","protected":false},"author":72,"featured_media":0,"parent":0,"menu_order":0,"comment_status":"closed","ping_status":"closed","template":"","meta":{"_crdt_document":"","footnotes":""},"class_list":["post-1669","page","type-page","status-publish"],"_links":{"self":[{"href":"https:\/\/casinofrog.com\/se\/wp-json\/wp\/v2\/pages\/1669","targetHints":{"allow":["GET"]}}],"collection":[{"href":"https:\/\/casinofrog.com\/se\/wp-json\/wp\/v2\/pages"}],"about":[{"href":"https:\/\/casinofrog.com\/se\/wp-json\/wp\/v2\/types\/page"}],"author":[{"embeddable":true,"href":"https:\/\/casinofrog.com\/se\/wp-json\/wp\/v2\/users\/72"}],"replies":[{"embeddable":true,"href":"https:\/\/casinofrog.com\/se\/wp-json\/wp\/v2\/comments?post=1669"}],"version-history":[{"count":8,"href":"https:\/\/casinofrog.com\/se\/wp-json\/wp\/v2\/pages\/1669\/revisions"}],"predecessor-version":[{"id":19153,"href":"https:\/\/casinofrog.com\/se\/wp-json\/wp\/v2\/pages\/1669\/revisions\/19153"}],"wp:attachment":[{"href":"https:\/\/casinofrog.com\/se\/wp-json\/wp\/v2\/media?parent=1669"}],"curies":[{"name":"wp","href":"https:\/\/api.w.org\/{rel}","templated":true}]}}