{"id":16242,"date":"2022-08-30T14:19:41","date_gmt":"2022-08-30T14:19:41","guid":{"rendered":"https:\/\/casinofrog.com\/?page_id=16242"},"modified":"2024-12-28T11:10:12","modified_gmt":"2024-12-28T11:10:12","slug":"utan-krangel","status":"publish","type":"page","link":"https:\/\/casinofrog.com\/se\/online-casino\/utan-krangel\/","title":{"rendered":"Casino utan kr\u00e5ngel 2026"},"content":{"rendered":"\n<p class=\"wp-block-paragraph\">Vi har samlat alla casino utan kr\u00e5ngel p\u00e5 den h\u00e4r sidan f\u00f6r att du ska f\u00e5 en s\u00e5 kr\u00e5ngelfri spelupplevelse som m\u00f6jligt. Tack vare tj\u00e4nster som BankID och Trustly s\u00e5 har du m\u00f6jlighet att komma ig\u00e5ng och spela direkt.<\/p>\n\n\n\n<p class=\"wp-block-paragraph\">H\u00e4r kikar vi n\u00e4rmare p\u00e5 hur du kan spela utan kr\u00e5ngliga registreringsprocesser med tj\u00e4nster som Pay N Play och vad som \u00e4r v\u00e4rt att h\u00e5lla extra utkik efter. Forts\u00e4tt l\u00e4sa v\u00e5r guide nedan!<\/p>\n\n\n\n<h2 class=\"wp-block-heading\">Lista: Casino utan kr\u00e5ngel 2026<\/h2>\n\n\n\n<table id=\"tablepress-16\" class=\"tablepress tablepress-id-16 tablepress-responsive tablepress-responsive-stack-headers tablepress-responsive-stack-phone\">\n<thead>\n<tr class=\"row-1\">\n\t<td class=\"column-1\"><\/td><th class=\"column-2\">Casino<\/th><th class=\"column-3\">Namn<\/th><th class=\"column-4\">Licens<\/th><th class=\"column-5\">Omd\u00f6me<\/th><td class=\"column-6\"><\/td>\n<\/tr>\n<\/thead>\n<tbody class=\"row-striping\">\n<tr class=\"row-2\">\n\t<td class=\"column-1\"><\/td><td class=\"column-2\"><a href=\"https:\/\/casinofrog.com\/se\/go\/ic\" target=\"_blank\" rel=\"nofollow noopener noreferrer\"><img loading=\"lazy\" decoding=\"async\" src=\"\/wp-content\/uploads\/ic.png\" width=\"130\" height=\"65\" alt=\"Internationella casinon utan svensk licens\"><\/a><\/td><td class=\"column-3\">Internationella Casinon<\/td><td class=\"column-4\">Utan svensk licens<\/td><td class=\"column-5\">5.0 \/ 5 <i class=\"fa fa-star\"><\/td><td class=\"column-6\"><a href=\"https:\/\/casinofrog.com\/se\/go\/ic\" rel=\"nofollow noopener noreferrer\" target=\"_blank\" class=\"play\">Spela nu!<\/a><\/td>\n<\/tr>\n<tr class=\"row-3\">\n\t<td class=\"column-1\"><\/td><td class=\"column-2\"><a href=\"https:\/\/casinofrog.com\/se\/go\/ic-new\" target=\"_blank\" rel=\"nofollow noopener noreferrer\"><img loading=\"lazy\" decoding=\"async\" src=\"\/wp-content\/uploads\/ic-nya.png\" width=\"130\" height=\"65\" alt=\"Nya Casinon utan svensk licens\"><\/a><\/td><td class=\"column-3\">Nya Casinon<\/td><td class=\"column-4\">Utan svensk licens<\/td><td class=\"column-5\">5.0 \/ 5 <i class=\"fa fa-star\"><\/td><td class=\"column-6\"><a href=\"https:\/\/casinofrog.com\/se\/go\/ic-new\" rel=\"nofollow noopener noreferrer\" target=\"_blank\" class=\"play\">Spela nu!<\/a><\/td>\n<\/tr>\n<tr class=\"row-4\">\n\t<td class=\"column-1\"><\/td><td class=\"column-2\"><a href=\"https:\/\/casinofrog.com\/se\/go\/ic-pnp\" target=\"_blank\" rel=\"nofollow noopener noreferrer\"><img loading=\"lazy\" decoding=\"async\" src=\"\/wp-content\/uploads\/ic-pnp.png\" width=\"130\" height=\"65\" alt=\"Pay n Play-casinon utan svensk licens\"><\/a><\/td><td class=\"column-3\">Pay n Play-Casinon<\/td><td class=\"column-4\">Utan svensk licens<\/td><td class=\"column-5\">5.0 \/ 5 <i class=\"fa fa-star\"><\/td><td class=\"column-6\"><a href=\"https:\/\/casinofrog.com\/se\/go\/ic-pnp\" rel=\"nofollow noopener noreferrer\" target=\"_blank\" class=\"play\">Spela nu!<\/a><\/td>\n<\/tr>\n<\/tbody>\n<\/table>\n<!-- #tablepress-16 from cache -->\n\n\n\n<div style=\"height:20px\" aria-hidden=\"true\" class=\"wp-block-spacer\"><\/div>\n\n\n\n<h2 class=\"wp-block-heading\">Casino Frog f\u00f6rklarar hur casino utan kr\u00e5ngel fungerar<\/h2>\n\n\n\n<p class=\"wp-block-paragraph\">N\u00e4r du ska b\u00f6rja spela p\u00e5 ett nytt online casino s\u00e5 beh\u00f6ver du fylla i flera formul\u00e4r f\u00f6r att verifiera din identitet, bland annat. Detta tar oftast inte mer \u00e4n n\u00e5gra minuter, men kan snabbt bli tr\u00f6ttsamt n\u00e4r man hela tiden f\u00e5r upprepa processen p\u00e5 <a href=\"https:\/\/casinofrog.com\/se\/online-casino\/nya\/\" data-type=\"page\" data-id=\"204\">nya casinon<\/a>.<\/p>\n\n\n\n<p class=\"wp-block-paragraph\">S\u00e5 d\u00f6k \u201ccasino utan kr\u00e5ngel\u201d upp f\u00f6r att f\u00f6r\u00e4ndra hur vi spelar casino p\u00e5 n\u00e4tet. Tanken var att f\u00e5 bort alla jobbiga registreringsprocesser och fokusera p\u00e5 att ge spelarna en snabb och smidig inloggning.<\/p>\n\n\n\n<p class=\"wp-block-paragraph\">Nu kan man med hj\u00e4lp av mobilt BankID och Pay N Play skapa ett konto hos ett casino utan att beh\u00f6va fylla i massa formul\u00e4r eller uppge privat information. Det fungerar precis som n\u00e4r du loggar in med BankID p\u00e5 andra tj\u00e4nster.<\/p>\n\n\n\n<h3 class=\"wp-block-heading\">Vad inneb\u00e4r casinon utan kr\u00e5ngel?<\/h3>\n\n\n\n<p class=\"wp-block-paragraph\">Casino utan kr\u00e5ngel \u00e4r i princip detsamma som <a href=\"https:\/\/casinofrog.com\/se\/online-casino\/utan-registrering\/\" data-type=\"page\" data-id=\"7557\">casino utan konto och casino utan registrering<\/a>. Det betyder att du anv\u00e4nder vanligt mobilt BankID i samband med Trustlys Pay N Play f\u00f6r att logga in direkt p\u00e5 ett casino. D\u00e5 skapas ett konto \u00e5t dig automatiskt i bakgrunden. Du f\u00e5r \u00e4ven g\u00f6ra din ins\u00e4ttning direkt genom att v\u00e4lja summa och bank.<\/p>\n\n\n\n<h3 class=\"wp-block-heading\">Det enda du beh\u00f6ver: Mobilt BankID och Pay N Play<\/h3>\n\n\n\n<p class=\"wp-block-paragraph\">F\u00f6r att komma ig\u00e5ng beh\u00f6ver du endast tv\u00e5 tj\u00e4nster: BankID (mobilt) och Pay N Play.<\/p>\n\n\n\n<p class=\"wp-block-paragraph\">Den mobila versionen av BankID g\u00e5r att best\u00e4lla n\u00e4r man redan har ett vanligt BankID, n\u00e5got som varje svensk medborgare b\u00f6r ha. BankID \u00e4r ett s\u00e4kerhetsprogram som anv\u00e4nds f\u00f6r m\u00e5nga svenska tj\u00e4nster och \u00e4r en app man i princip redan m\u00e5ste ha i Sverige f\u00f6r att kunna leva smidigt i dagens samh\u00e4lle.<\/p>\n\n\n\n<p class=\"wp-block-paragraph\">Pay N Play \u00e4r en tj\u00e4nst fr\u00e5n svenska Trustly som l\u00e5ter spelare s\u00e4tta in pengar direkt utan att beh\u00f6va skapa ett konto f\u00f6rst. Notera att du inte beh\u00f6ver ladda ned Pay N Play eller Trustly alls f\u00f6r att anv\u00e4nda tj\u00e4nsten. Den \u00e4r i f\u00f6rsta hand skapad just f\u00f6r att g\u00f6ra inloggnigar p\u00e5 casinosajter s\u00e5 smidiga som m\u00f6jligt. Kombinera BankID med Pay N Play s\u00e5 f\u00e5r du det b\u00e4sta s\u00e4ttet att spela p\u00e5 n\u00e4tet &#8211; casino utan kr\u00e5ngel.<\/p>\n\n\n\n<h3 class=\"wp-block-heading\">S\u00e5 spelar du<\/h3>\n\n\n\n<p class=\"wp-block-paragraph\">Att komma ig\u00e5ng med casino utan kr\u00e5ngel kr\u00e4ver bara n\u00e5gra f\u00e5 enkla steg. Det tar inte mer \u00e4n ett par minuter eftersom du inte beh\u00f6ver skapa ett konto p\u00e5 manuellt vis. F\u00f6lj de 5 stegen nedan f\u00f6r att b\u00f6rja spela helt kr\u00e5ngelfritt.<\/p>\n\n\n\n<ol class=\"wp-block-list\">\n<li>V\u00e4lj ett kr\u00e5ngelfritt casino i v\u00e5r lista<\/li>\n\n\n\n<li>Fyll i det belopp du vill s\u00e4tta in<\/li>\n\n\n\n<li>Klicka p\u00e5 \u201cSpela h\u00e4r\u201d eller liknande<\/li>\n\n\n\n<li>V\u00e4lj din bank fr\u00e5n listan<\/li>\n\n\n\n<li>Verifiera dig med mobilt BankID och b\u00f6rja spela!<\/li>\n<\/ol>\n\n\n\n<div style=\"height:20px\" aria-hidden=\"true\" class=\"wp-block-spacer\"><\/div>\n\n\n\n<h2 class=\"wp-block-heading\">F\u00f6rdelar och nackdelar<\/h2>\n\n\n\n<p class=\"wp-block-paragraph\">Att spela p\u00e5 casino utan kr\u00e5ngel kommer med m\u00e5nga f\u00f6rdelar och ytterst f\u00e5 nackdelar. Det har blivit en del av den svenska standarden f\u00f6r hur spela p\u00e5 n\u00e4tet fungerar och f\u00f6r spelaren som f\u00f6redrar casinon med svensk spellicens s\u00e5 \u00e4r det ett givet val.<\/p>\n\n\n\n<h3 class=\"wp-block-heading\">F\u00f6rdelarna<\/h3>\n\n\n\n<ul class=\"wp-block-list\">\n<li><strong>Ingen registreringsprocess<\/strong> &#8211; B\u00f6rja spela direkt utan manuell registrering<\/li>\n\n\n\n<li><strong>Snabba uttag<\/strong> &#8211; Pay N Play har oftast lika snabba utbetalningar som ins\u00e4ttningar<\/li>\n\n\n\n<li><strong>H\u00f6gre s\u00e4kerhet<\/strong> &#8211; Alla transaktioner \u00e4r krypterade och din privata info l\u00e4mnas inte ut<\/li>\n\n\n\n<li><strong>Ingen reklam<\/strong> &#8211; Du l\u00e4mnar inte ut n\u00e5gon mailadress, spelbolagen kan inte skicka reklam<\/li>\n\n\n\n<li><strong>Inga extra avgifter<\/strong> &#8211; Kreditkort kan ibland komma med avgifter, det g\u00e4ller inte Pay N Play<\/li>\n<\/ul>\n\n\n\n<h3 class=\"wp-block-heading\">Nackdelarna<\/h3>\n\n\n\n<ul class=\"wp-block-list\">\n<li><strong>Begr\u00e4nsat antal betalningsmetoder<\/strong> &#8211; Du kan endast anv\u00e4nda Pay N Play eller Swish<\/li>\n\n\n\n<li><strong>F\u00f6rlitar sig p\u00e5 BankID<\/strong> &#8211; Om BankID ligger nere s\u00e5 kommer du inte kunna logga in<\/li>\n<\/ul>\n\n\n\n<div style=\"height:20px\" aria-hidden=\"true\" class=\"wp-block-spacer\"><\/div>\n\n\n\n<h2 class=\"wp-block-heading\">De b\u00e4sta betalningsmetoderna<\/h2>\n\n\n\n<p class=\"wp-block-paragraph\">N\u00e4r det kommer till att spela p\u00e5 casinon utan kr\u00e5ngel s\u00e5 finns det inte j\u00e4ttem\u00e5nga betalningsmetoder att v\u00e4lja mellan i dagsl\u00e4get. Fr\u00e4mst \u00e4r det Trustlys Pay N Play som g\u00e4ller, och tur nog har det blivit allt vanligare p\u00e5 svenska spelsajter.<\/p>\n\n\n\n<p class=\"wp-block-paragraph\">Ett annat alternativ brukar vara Swish, som fungerar p\u00e5 samma s\u00e4tt. Dessa \u00e4r de tv\u00e5 b\u00e4sta betalningsmetoderna om man vill skippa registreringen. Liknande tj\u00e4nster \u00e4r Zimpler, men det fungerar inte helt lika smidigt och l\u00e4mpar sig b\u00e4ttre f\u00f6r <a href=\"https:\/\/casinofrog.com\/se\/online-casino\/utlandska\/\" data-type=\"page\" data-id=\"13232\">utl\u00e4ndska casinon<\/a>.<\/p>\n\n\n\n<h3 class=\"wp-block-heading\">Snabba uttag p\u00e5 casino utan kr\u00e5ngel<\/h3>\n\n\n\n<p class=\"wp-block-paragraph\">En stor f\u00f6rdel med att spela utan konto \u00e4r att uttagen ocks\u00e5 blir riktigt snabba och smidiga. Detta beror p\u00e5 att man anv\u00e4nder sig av betalningsmetoder s\u00e5 som Pay N Play. Tj\u00e4nsten erbjuder mycket snabba utbetalningar och man beh\u00f6ver inte l\u00e4ngre v\u00e4nta flera dagar p\u00e5 att ens vinster hamnar p\u00e5 bankkontot.<\/p>\n\n\n\n<div style=\"height:20px\" aria-hidden=\"true\" class=\"wp-block-spacer\"><\/div>\n\n\n\n<h2 class=\"wp-block-heading\">Casino bonus utan kr\u00e5ngel<\/h2>\n\n\n\n<p class=\"wp-block-paragraph\">Trots att man v\u00e4ljer att spela p\u00e5 casinon utan kr\u00e5ngel s\u00e5 har man fortfarande tillg\u00e5ng till casinobonusar, vilket \u00e4r sk\u00f6nt. Det hade varit en potentiell nackdel, men ist\u00e4llet erbjuds samma bonusar man \u00e4r van vid hos ett vanligt casino.<\/p>\n\n\n\n<p class=\"wp-block-paragraph\">Du kan f\u00f6rv\u00e4nta dig popul\u00e4ra bonusar \u00e4ven n\u00e4r du skippar skapandet av konto. S\u00e5 fort du gjort din f\u00f6rsta ins\u00e4ttning f\u00e5r du en v\u00e4lkomstbonus (om det finns en tillg\u00e4nglig) och ibland flertalet free spins med. H\u00e4r \u00e4r n\u00e5gra av bonustyperna du kan st\u00f6ta p\u00e5 n\u00e4r du spelar utan kr\u00e5ngel:<\/p>\n\n\n\n<ul class=\"wp-block-list\">\n<li>V\u00e4lkomstbonus (matchbonus, t.ex. 100% upp till 1000 kr)<\/li>\n\n\n\n<li>Free spins (gratissnurr)<\/li>\n\n\n\n<li>Cashback (t.ex. 20% av dina f\u00f6rluster tillbaka)<\/li>\n<\/ul>\n\n\n\n<div style=\"height:20px\" aria-hidden=\"true\" class=\"wp-block-spacer\"><\/div>\n\n\n\n<h2 class=\"wp-block-heading\">Sammanfattning: Slipp kr\u00e5ngliga registreringsprocesser!<\/h2>\n\n\n\n<p class=\"wp-block-paragraph\">Nu hoppas vi att du kan allt om casino utan kr\u00e5ngel! Det du fr\u00e4mst ska ta med dig \u00e4r att det blivit allt vanligare att svenska casinosajter som dyker upp p\u00e5 marknaden erbjuder att spela kr\u00e5ngelfritt.<\/p>\n\n\n\n<p class=\"wp-block-paragraph\">Du ska \u00e4ven komma ih\u00e5g att det enda du egentligen beh\u00f6ver \u00e4r ett mobilt BankID. Pay N Play anv\u00e4nds f\u00f6r att slippa registrera sig, men den tj\u00e4nsten beh\u00f6ver man inte ladda ned. Allt sker automatiskt n\u00e4r du fyller i belopp och v\u00e4ljer bank f\u00f6rsta g\u00e5ngen du ska spela p\u00e5 ett nytt casino utan kr\u00e5ngel.<\/p>\n\n\n\n<p class=\"wp-block-paragraph\">Det finns inte l\u00e4ngre n\u00e5gon registreringsprocess att tala om, f\u00f6r allt har blivit automatiserat i samband med BankID och Pay N Play.<\/p>\n\n\n\n<div style=\"height:20px\" aria-hidden=\"true\" class=\"wp-block-spacer\"><\/div>\n\n\n\n<h2 class=\"wp-block-heading\">Vanliga fr\u00e5gor<\/h2>\n\n\n<style>#sp-ea-16246 .spcollapsing { height: 0; overflow: hidden; transition-property: height;transition-duration: 300ms;}#sp-ea-16246{ position: relative; }#sp-ea-16246 .ea-card{ opacity: 0;}#eap-preloader-16246{ position: absolute; left: 0; top: 0; height: 100%;width: 100%; text-align: center;display: flex; align-items: center;justify-content: center;}#sp-ea-16246.sp-easy-accordion>.sp-ea-single {margin-bottom: 10px; border: 1px solid #e2e2e2; }#sp-ea-16246.sp-easy-accordion>.sp-ea-single>.ea-header a {color: #444;}#sp-ea-16246.sp-easy-accordion>.sp-ea-single>.sp-collapse>.ea-body {background: #fff; color: #444;}#sp-ea-16246.sp-easy-accordion>.sp-ea-single {background: #eee;}#sp-ea-16246.sp-easy-accordion>.sp-ea-single>.ea-header a .ea-expand-icon { float: left; color: #444;font-size: 16px;}<\/style><div id=\"sp_easy_accordion-1776575494\"><div id=\"sp-ea-16246\" class=\"sp-ea-one sp-easy-accordion\" data-ea-active=\"ea-click\" data-ea-mode=\"vertical\" data-preloader=\"1\" data-scroll-active-item=\"\" data-offset-to-scroll=\"0\"><div id=\"eap-preloader-16246\" class=\"accordion-preloader\"><img decoding=\"async\" src=\"https:\/\/casinofrog.com\/wp-content\/plugins\/easy-accordion-free\/public\/assets\/ea_loader.svg\" alt=\"Loader image\"\/><\/div><div class=\"ea-card ea-expand sp-ea-single\"><h3 class=\"ea-header\"><a class=\"collapsed\" id=\"ea-header-162460\" role=\"button\" data-sptoggle=\"spcollapse\" data-sptarget=\"#collapse162460\" aria-controls=\"collapse162460\" href=\"#\" aria-expanded=\"true\" tabindex=\"0\"><i aria-hidden=\"true\" role=\"presentation\" class=\"ea-expand-icon eap-icon-ea-expand-minus\"><\/i> \u00c4r casino utan kr\u00e5ngel samma sak som casino utan konto?<\/a><\/h3><div class=\"sp-collapse spcollapse collapsed show\" id=\"collapse162460\" role=\"region\" aria-labelledby=\"ea-header-162460\"> <div class=\"ea-body\"><p>Ja, det tycker vi i alla fall. Att inte beh\u00f6va skapa ett konto \u00e4r n\u00e5got som g\u00f6r ett casino kr\u00e5ngelfritt. Det brukar \u00e4ven vara seri\u00f6sa casinon som har snabba utbetalningar, s\u00e5 att dina vinster hamnar p\u00e5 bankkontot direkt.<\/p><\/div><\/div><\/div><div class=\"ea-card ea-expand sp-ea-single\"><h3 class=\"ea-header\"><a class=\"collapsed\" id=\"ea-header-162461\" role=\"button\" data-sptoggle=\"spcollapse\" data-sptarget=\"#collapse162461\" aria-controls=\"collapse162461\" href=\"#\" aria-expanded=\"true\" tabindex=\"0\"><i aria-hidden=\"true\" role=\"presentation\" class=\"ea-expand-icon eap-icon-ea-expand-minus\"><\/i> Vad beh\u00f6ver jag f\u00f6r att spela kr\u00e5ngelfritt?<\/a><\/h3><div class=\"sp-collapse spcollapse collapsed show\" id=\"collapse162461\" role=\"region\" aria-labelledby=\"ea-header-162461\"> <div class=\"ea-body\"><p><span style=\"font-weight: 400\">Du beh\u00f6ver inte n\u00e5got annat \u00e4n ett mobilt BankID, vilket du som har svenskt personnummer kan skaffa. De flesta i Sverige har redan ett BankID, eftersom det anv\u00e4nds till m\u00e5nga andra tj\u00e4nster.<\/span><\/p><\/div><\/div><\/div><div class=\"ea-card ea-expand sp-ea-single\"><h3 class=\"ea-header\"><a class=\"collapsed\" id=\"ea-header-162462\" role=\"button\" data-sptoggle=\"spcollapse\" data-sptarget=\"#collapse162462\" aria-controls=\"collapse162462\" href=\"#\" aria-expanded=\"true\" tabindex=\"0\"><i aria-hidden=\"true\" role=\"presentation\" class=\"ea-expand-icon eap-icon-ea-expand-minus\"><\/i> \u00c4r det tryggt och s\u00e4kert att spela?<\/a><\/h3><div class=\"sp-collapse spcollapse collapsed show\" id=\"collapse162462\" role=\"region\" aria-labelledby=\"ea-header-162462\"> <div class=\"ea-body\"><p><span style=\"font-weight: 400\">Ja. Casino utan kr\u00e5ngel \u00e4r i skrivande stund det s\u00e4kraste s\u00e4ttet att spela casino p\u00e5. Din privata information \u00e4r helt skyddad och alla transaktioner \u00e4r krypterade. Du anv\u00e4nder inte n\u00e5got annat \u00e4n BankID f\u00f6r att logga in.<\/span><\/p><\/div><\/div><\/div><script type=\"application\/ld+json\">{ \"@context\": \"https:\/\/schema.org\", \"@type\": \"FAQPage\", \"@id\": \"sp-ea-schema-16246-69e46406cd382\", \"mainEntity\": [{ \"@type\": \"Question\", \"name\": \"\u00c4r casino utan kr\u00e5ngel samma sak som casino utan konto?\", \"acceptedAnswer\": { \"@type\": \"Answer\", \"text\": \"Ja, det tycker vi i alla fall. Att inte beh\u00f6va skapa ett konto \u00e4r n\u00e5got som g\u00f6r ett casino kr\u00e5ngelfritt. Det brukar \u00e4ven vara seri\u00f6sa casinon som har snabba utbetalningar, s\u00e5 att dina vinster hamnar p\u00e5 bankkontot direkt.\" } },{ \"@type\": \"Question\", \"name\": \"Vad beh\u00f6ver jag f\u00f6r att spela kr\u00e5ngelfritt?\", \"acceptedAnswer\": { \"@type\": \"Answer\", \"text\": \"Du beh\u00f6ver inte n\u00e5got annat \u00e4n ett mobilt BankID, vilket du som har svenskt personnummer kan skaffa. De flesta i Sverige har redan ett BankID, eftersom det anv\u00e4nds till m\u00e5nga andra tj\u00e4nster.\" } },{ \"@type\": \"Question\", \"name\": \"\u00c4r det tryggt och s\u00e4kert att spela?\", \"acceptedAnswer\": { \"@type\": \"Answer\", \"text\": \"Ja. Casino utan kr\u00e5ngel \u00e4r i skrivande stund det s\u00e4kraste s\u00e4ttet att spela casino p\u00e5. Din privata information \u00e4r helt skyddad och alla transaktioner \u00e4r krypterade. Du anv\u00e4nder inte n\u00e5got annat \u00e4n BankID f\u00f6r att logga in.\" } }] }<\/script><\/div><\/div>\n","protected":false},"excerpt":{"rendered":"<p>Vi har samlat alla casino utan kr\u00e5ngel p\u00e5 den h\u00e4r sidan f\u00f6r att du ska f\u00e5 en s\u00e5 kr\u00e5ngelfri spelupplevelse som m\u00f6jligt. Tack vare tj\u00e4nster som BankID och Trustly s\u00e5 har du m\u00f6jlighet att komma ig\u00e5ng och spela direkt. H\u00e4r kikar vi n\u00e4rmare p\u00e5 hur du kan spela utan kr\u00e5ngliga registreringsprocesser med tj\u00e4nster som Pay &#8230; <a title=\"Casino utan kr\u00e5ngel 2026\" class=\"read-more\" href=\"https:\/\/casinofrog.com\/se\/online-casino\/utan-krangel\/\" aria-label=\"L\u00e4s mer om Casino utan kr\u00e5ngel 2026\">L\u00e4s mer<\/a><\/p>\n","protected":false},"author":30,"featured_media":0,"parent":210,"menu_order":0,"comment_status":"closed","ping_status":"closed","template":"","meta":{"_crdt_document":"","footnotes":""},"class_list":["post-16242","page","type-page","status-publish"],"_links":{"self":[{"href":"https:\/\/casinofrog.com\/se\/wp-json\/wp\/v2\/pages\/16242","targetHints":{"allow":["GET"]}}],"collection":[{"href":"https:\/\/casinofrog.com\/se\/wp-json\/wp\/v2\/pages"}],"about":[{"href":"https:\/\/casinofrog.com\/se\/wp-json\/wp\/v2\/types\/page"}],"author":[{"embeddable":true,"href":"https:\/\/casinofrog.com\/se\/wp-json\/wp\/v2\/users\/30"}],"replies":[{"embeddable":true,"href":"https:\/\/casinofrog.com\/se\/wp-json\/wp\/v2\/comments?post=16242"}],"version-history":[{"count":11,"href":"https:\/\/casinofrog.com\/se\/wp-json\/wp\/v2\/pages\/16242\/revisions"}],"predecessor-version":[{"id":20710,"href":"https:\/\/casinofrog.com\/se\/wp-json\/wp\/v2\/pages\/16242\/revisions\/20710"}],"up":[{"embeddable":true,"href":"https:\/\/casinofrog.com\/se\/wp-json\/wp\/v2\/pages\/210"}],"wp:attachment":[{"href":"https:\/\/casinofrog.com\/se\/wp-json\/wp\/v2\/media?parent=16242"}],"curies":[{"name":"wp","href":"https:\/\/api.w.org\/{rel}","templated":true}]}}