{"id":162,"date":"2020-06-11T17:08:37","date_gmt":"2020-06-11T17:08:37","guid":{"rendered":"https:\/\/www.casinofrog.com\/?page_id=162"},"modified":"2024-12-28T11:36:13","modified_gmt":"2024-12-28T11:36:13","slug":"casino-frog-sverige","status":"publish","type":"page","link":"https:\/\/casinofrog.com\/se\/","title":{"rendered":"Casino Frog Sverige (SE)"},"content":{"rendered":"\n<h2 class=\"wp-block-heading\">Svensk Online Casino Guide 2026<\/h2>\n\n\n<div class=\"wp-block-image\">\n<figure class=\"alignright\"><img loading=\"lazy\" decoding=\"async\" width=\"140\" height=\"130\" src=\"https:\/\/casinofrog.com\/wp-content\/uploads\/casino-frog-sverige-1.png\" alt=\"Casino Frog Sverige\" class=\"wp-image-5304\"\/><\/figure>\n<\/div>\n\n\n<table id=\"tablepress-8\" class=\"tablepress tablepress-id-8 tablepress-responsive tablepress-responsive-stack-headers tablepress-responsive-stack-phone\">\n<thead>\n<tr class=\"row-1\">\n\t<td class=\"column-1\"><\/td><th class=\"column-2\">Casino<\/th><th class=\"column-3\">Namn<\/th><th class=\"column-4\">Omd\u00f6me<\/th><th class=\"column-5\">Bonus<\/th><td class=\"column-6\"><\/td>\n<\/tr>\n<\/thead>\n<tbody class=\"row-striping\">\n<tr class=\"row-2\">\n\t<td class=\"column-1\"><\/td><td class=\"column-2\"><a href=\"https:\/\/casinofrog.com\/se\/go\/nano-casino\" target=\"_blank\" rel=\"nofollow noopener noreferrer\"><img loading=\"lazy\" decoding=\"async\" src=\"\/wp-content\/uploads\/nano-casino.png\" width=\"130\" height=\"65\" alt=\"Nano Casino\"><\/a><\/td><td class=\"column-3\"><strong>Nano Casino<\/strong><\/td><td class=\"column-4\">5.0 \/ 5 <i class=\"fa fa-star\"><\/td><td class=\"column-5\"><strong>100%<\/strong> upp till <strong>3000 kr<\/strong><br \/>\n<small><a href=\"https:\/\/casinofrog.com\/se\/go\/nano-casino\" target=\"_blank\" rel=\"nofollow noopener\">Regler & villkor<\/a> &#8211; Spela ansvarsfullt (18+) &#8211; Stodlinjen.se<br \/>\n<\/small><\/td><td class=\"column-6\"><a href=\"https:\/\/casinofrog.com\/se\/go\/nano-casino\" rel=\"nofollow noopener noreferrer\" target=\"_blank\" class=\"play\">Till casinot<\/a><\/td>\n<\/tr>\n<tr class=\"row-3\">\n\t<td class=\"column-1\"><\/td><td class=\"column-2\"><a href=\"https:\/\/casinofrog.com\/se\/go\/mr-vegas\" target=\"_blank\" rel=\"nofollow noopener noreferrer\"><img loading=\"lazy\" decoding=\"async\" src=\"\/wp-content\/uploads\/mr-vegas.png\" width=\"130\" height=\"65\" alt=\"Mr Vegas\"><\/a><\/td><td class=\"column-3\"><strong>Mr Vegas<\/strong><\/td><td class=\"column-4\">4.9 \/ 5 <i class=\"fa fa-star\"><\/td><td class=\"column-5\"><strong>100%<\/strong> upp till <strong>1000 kr<\/strong><br \/>\n<small><a href=\"https:\/\/casinofrog.com\/se\/go\/mr-vegas\" target=\"_blank\" rel=\"nofollow noopener\">Regler & villkor<\/a> &#8211; Spela ansvarsfullt (18+) &#8211; Stodlinjen.se<br \/>\n<\/small><\/td><td class=\"column-6\"><a href=\"https:\/\/casinofrog.com\/se\/go\/mr-vegas\" rel=\"nofollow noopener noreferrer\" target=\"_blank\" class=\"play\">Till casinot<\/a><\/td>\n<\/tr>\n<tr class=\"row-4\">\n\t<td class=\"column-1\"><\/td><td class=\"column-2\"><a href=\"https:\/\/casinofrog.com\/se\/go\/mr-green\" target=\"_blank\" rel=\"nofollow noopener noreferrer\"><img loading=\"lazy\" decoding=\"async\" src=\"\/wp-content\/uploads\/mr-green.png\" width=\"130\" height=\"65\" alt=\"Mr Green\"><\/a><\/td><td class=\"column-3\"><strong>Mr Green<\/strong><\/td><td class=\"column-4\">4.8 \/ 5 <i class=\"fa fa-star\"><\/td><td class=\"column-5\"><strong>100%<\/strong> upp till <strong>2000 kr<\/strong><br \/>\n<small><a href=\"https:\/\/casinofrog.com\/se\/go\/mr-green\" target=\"_blank\" rel=\"nofollow noopener\">Regler & villkor<\/a> &#8211; Spela ansvarsfullt (18+) &#8211; Stodlinjen.se<br \/>\n<\/small><\/td><td class=\"column-6\"><a href=\"https:\/\/casinofrog.com\/se\/go\/mr-green\" rel=\"nofollow noopener noreferrer\" target=\"_blank\" class=\"play\">Till casinot<\/a><\/td>\n<\/tr>\n<tr class=\"row-5\">\n\t<td class=\"column-1\"><\/td><td class=\"column-2\"><a href=\"https:\/\/casinofrog.com\/se\/go\/betsafe\" target=\"_blank\" rel=\"nofollow noopener noreferrer\"><img loading=\"lazy\" decoding=\"async\" src=\"\/wp-content\/uploads\/betsafe.png\" width=\"130\" height=\"65\" alt=\"Betsafe\"><\/a><\/td><td class=\"column-3\"><strong>Betsafe<\/strong><\/td><td class=\"column-4\">4.7 \/ 5 <i class=\"fa fa-star\"><\/td><td class=\"column-5\"><strong>100%<\/strong> upp till <strong>500 kr<\/strong> & 100 Free Spins<br \/>\n<small><a href=\"https:\/\/casinofrog.com\/se\/go\/betsafe\" target=\"_blank\" rel=\"nofollow noopener\">Regler & villkor<\/a> &#8211; Spela ansvarsfullt (18+) &#8211; Stodlinjen.se<br \/>\n<\/small><\/td><td class=\"column-6\"><a href=\"https:\/\/casinofrog.com\/se\/go\/betsafe\" rel=\"nofollow noopener noreferrer\" target=\"_blank\" class=\"play\">Till casinot<\/a><\/td>\n<\/tr>\n<\/tbody>\n<\/table>\n<!-- #tablepress-8 from cache -->\n\n\n<p class=\"wp-block-paragraph\">Hos oss kan du ta del av flertalet \u00e4rliga, transparenta och st\u00e4ndigt uppdaterade artiklar om casino-industrin. V\u00e5r kunskapsbank v\u00e4xer stadigt och l\u00e4r dig allt du beh\u00f6ver veta om casinon.<\/p>\n\n\n\n<p class=\"wp-block-paragraph\">Klicka dig vidare till n\u00e5gon av f\u00f6ljande l\u00e4nkar f\u00f6r att komma till v\u00e5ra mest popul\u00e4ra artiklar direkt.<\/p>\n\n\n\n<ul class=\"wp-block-list\">\n<li><a href=\"https:\/\/casinofrog.com\/se\/online-casino\/\">Online Casino Sverige<\/a><\/li>\n\n\n\n<li><a href=\"https:\/\/casinofrog.com\/se\/online-casino\/nya\/\">Nya casinon<\/a><\/li>\n\n\n\n<li><a href=\"https:\/\/casinofrog.com\/se\/online-casino\/bonus\/\">Casino bonus<\/a><\/li>\n\n\n\n<li><a href=\"https:\/\/casinofrog.com\/se\/online-casino\/med-bankid\/\">Casino med BankID<\/a><\/li>\n\n\n\n<li><a href=\"https:\/\/casinofrog.com\/se\/online-casino\/utan-registrering\/\">Casino utan registrering<\/a><\/li>\n<\/ul>\n\n\n\n<hr class=\"wp-block-separator has-alpha-channel-opacity\"\/>\n\n\n\n<h2 class=\"wp-block-heading\">V\u00e4lj ett casino f\u00f6r dig<\/h2>\n\n\n\n<p class=\"wp-block-paragraph\">F\u00e5 ett f\u00f6rspr\u00e5ng genom att anv\u00e4nda v\u00e5rt j\u00e4mf\u00f6relseverktyg. Vi har gjort det enkelt f\u00f6r dig att hitta dina favoritcasinon. Anv\u00e4nd v\u00e5r topplista h\u00e4r nere f\u00f6r en \u00f6versikt av marknadens b\u00e4sta casinon, betalningsalternativ, bonuserbjudanden och mycket mer.<\/p>\n\n\n\n<h3 class=\"wp-block-heading\">Vi \u00e4r h\u00e4r f\u00f6r att hj\u00e4lpa dig<\/h3>\n\n\n\n<p class=\"wp-block-paragraph\">Det \u00e4r viktigt f\u00f6r oss att alla fr\u00e5gor du har f\u00e5r ett ordentligt svar. Ibland kan det h\u00e4nda att en fr\u00e5ga inte besvarats i n\u00e5gon av v\u00e5ra artiklar, guider eller p\u00e5 v\u00e5r Hj\u00e4lp-sida.<\/p>\n\n\n\n<p class=\"wp-block-paragraph\">Om detta \u00e4r fallet ber vi dig skicka fr\u00e5gor och feedback via v\u00e5rt <a href=\"https:\/\/casinofrog.com\/se\/kontakt\/\">kontaktformul\u00e4r<\/a>, s\u00e5 svarar vi omg\u00e5ende.<\/p>\n\n\n\n<hr class=\"wp-block-separator has-alpha-channel-opacity\"\/>\n\n\n\n<h2 class=\"wp-block-heading\">Din trygghet kommer f\u00f6rst<\/h2>\n\n\n\n<p class=\"wp-block-paragraph\">Tillit, \u00e4rlighet och s\u00e4kerhet \u00e4r viktigt f\u00f6r oss. V\u00e5rt m\u00e5l \u00e4r att granska varje casino p\u00e5 marknaden och f\u00f6rs\u00e4kra oss om att de \u00e4r p\u00e5litliga innan vi rekommenderar dem till dig.<\/p>\n\n\n\n<p class=\"wp-block-paragraph\">Varje casino vi rekommenderar m\u00e5ste ha svensk licens, popul\u00e4ra betalningsmetoder, professionell kundtj\u00e4nst och snabba uttag. Det \u00e4r v\u00e5r garanti p\u00e5 Casino Frog.<\/p>\n\n\n\n<p class=\"wp-block-paragraph\">Spel &#8211; i r\u00e4tt m\u00e4ngd &#8211; ska vara roligt och sp\u00e4nnande. Viktigast av allt \u00e4r att man spelar i en trygg milj\u00f6. D\u00e4rf\u00f6r prioriterar vi att se till att alla casinon vi listar \u00e4r p\u00e5litliga och s\u00e4kra &#8211; f\u00f6r din trygghet.<\/p>\n\n\n\n<h3 class=\"wp-block-heading\">Varf\u00f6r Casino Frog?<\/h3>\n\n\n\n<p class=\"wp-block-paragraph\">Vi p\u00e5 Casino Frog gillar att ha roligt. Med det sagt, s\u00e5 \u00e4r vi ett seri\u00f6st f\u00f6retag. N\u00e4r du spelar s\u00e5 spenderar du dina pengar, och vi vill se till att du f\u00e5r mest valuta f\u00f6r pengarna.<\/p>\n\n\n\n<p class=\"wp-block-paragraph\"><a href=\"https:\/\/casinofrog.com\/se\/skribenter\/\">Teamet p\u00e5 Casino Frog<\/a> har varit med i branschen i flera decennier. Vi vet vad vi g\u00f6r, och vi garanterar att du kommer f\u00e5 den b\u00e4sta upplevelsen hos oss.<\/p>\n\n\n\n<p class=\"wp-block-paragraph\">G\u00e5r du med i Casino Frog-familjen har du tillg\u00e5ng till varje etablerat casino, b\u00e5de nya och \u00e4ldre. Givetvis slipper du skapa konton och liknande. Du hittar \u00e4ven de b\u00e4sta bonusarna och all aktuell information du beh\u00f6ver f\u00f6r att ta ditt casinospel till n\u00e4sta niv\u00e5.<\/p>\n\n\n\n<p class=\"wp-block-paragraph\">V\u00e5ra tj\u00e4nster kommer dessutom alltid att vara helt gratis. Vi tar inte betalt f\u00f6r n\u00e5got. Inga dolda avgifter, allt inneh\u00e5ll \u00e4r gratis.<\/p>\n\n\n\n<p class=\"wp-block-paragraph\">Vill du veta mer om oss? Bes\u00f6k v\u00e5r <a href=\"https:\/\/casinofrog.com\/se\/om\/\">Om oss-sida<\/a> f\u00f6r att f\u00e5 veta mer om v\u00e5ra v\u00e4rderingar.<\/p>\n\n\n\n<hr class=\"wp-block-separator has-alpha-channel-opacity\"\/>\n\n\n\n<h2 class=\"wp-block-heading\">Expertr\u00e5d &#8211; ett klick bort<\/h2>\n\n\n\n<p class=\"wp-block-paragraph\">Oavsett om du \u00e4r ny till casinospelande eller en riktig veteran, s\u00e5 kan du f\u00e5 alla dina fr\u00e5gor besvarade h\u00e4r.<\/p>\n\n\n\n<p class=\"wp-block-paragraph\">Experterna p\u00e5 Casino Frog har tagit fram nyb\u00f6rjarguider s\u00e5 att alla nya anv\u00e4ndare kan komma ig\u00e5ng och spela direkt. Ta reda p\u00e5 allt om hur du vinner mer och f\u00e5r snabbare utbetalning. Bli en framg\u00e5ngsrik casinospelare redan idag!<\/p>\n\n\n\n<p class=\"wp-block-paragraph\">\u00c4ven erfarna anv\u00e4ndare kommer kunna hitta anv\u00e4ndbar information och h\u00e5lla sig uppdaterade om de senaste f\u00f6r\u00e4ndringarna p\u00e5 casinomarknaden.<\/p>\n\n\n\n<h3 class=\"wp-block-heading\">Vi bryr oss<\/h3>\n\n\n\n<p class=\"wp-block-paragraph\">Precis som med det mesta, s\u00e5 b\u00f6r \u00e4ven underh\u00e5llning p\u00e5 n\u00e4tet avnjutas i r\u00e4tt m\u00e4ngd. Casinospel ska vara kul och sp\u00e4nnande, men de kan ocks\u00e5 leda till problem. Upplever du att du eller n\u00e5gon du k\u00e4nner b\u00f6rjar f\u00e5 spelproblem s\u00e5 \u00e4r det viktigt att s\u00f6ka hj\u00e4lp.<\/p>\n\n\n\n<p class=\"wp-block-paragraph\">Bes\u00f6k v\u00e5r guide om <a href=\"https:\/\/casinofrog.com\/se\/ansvarsfullt-spelande\/\">Ansvarsfullt Spelande<\/a> f\u00f6r att ta reda p\u00e5 mer. D\u00e4r tipsar vi bland annat om hemsidor du kan bes\u00f6ka f\u00f6r att f\u00e5 hj\u00e4lp och st\u00f6d direkt.<\/p>\n","protected":false},"excerpt":{"rendered":"<p>Svensk Online Casino Guide Hos oss kan du ta del av flertalet \u00e4rliga, transparenta och st\u00e4ndigt uppdaterade artiklar om casino-industrin. V\u00e5r kunskapsbank v\u00e4xer stadigt och l\u00e4r dig allt du beh\u00f6ver veta om casinon. Klicka dig vidare till n\u00e5gon av f\u00f6ljande l\u00e4nkar f\u00f6r att komma till v\u00e5ra mest popul\u00e4ra artiklar direkt. V\u00e4lj ett casino f\u00f6r dig &#8230; <a title=\"Casino Frog Sverige (SE)\" class=\"read-more\" href=\"https:\/\/casinofrog.com\/se\/\" aria-label=\"L\u00e4s mer om Casino Frog Sverige (SE)\">L\u00e4s mer<\/a><\/p>\n","protected":false},"author":72,"featured_media":0,"parent":0,"menu_order":0,"comment_status":"closed","ping_status":"closed","template":"","meta":{"_crdt_document":"","footnotes":""},"class_list":["post-162","page","type-page","status-publish"],"_links":{"self":[{"href":"https:\/\/casinofrog.com\/se\/wp-json\/wp\/v2\/pages\/162","targetHints":{"allow":["GET"]}}],"collection":[{"href":"https:\/\/casinofrog.com\/se\/wp-json\/wp\/v2\/pages"}],"about":[{"href":"https:\/\/casinofrog.com\/se\/wp-json\/wp\/v2\/types\/page"}],"author":[{"embeddable":true,"href":"https:\/\/casinofrog.com\/se\/wp-json\/wp\/v2\/users\/72"}],"replies":[{"embeddable":true,"href":"https:\/\/casinofrog.com\/se\/wp-json\/wp\/v2\/comments?post=162"}],"version-history":[{"count":35,"href":"https:\/\/casinofrog.com\/se\/wp-json\/wp\/v2\/pages\/162\/revisions"}],"predecessor-version":[{"id":20733,"href":"https:\/\/casinofrog.com\/se\/wp-json\/wp\/v2\/pages\/162\/revisions\/20733"}],"wp:attachment":[{"href":"https:\/\/casinofrog.com\/se\/wp-json\/wp\/v2\/media?parent=162"}],"curies":[{"name":"wp","href":"https:\/\/api.w.org\/{rel}","templated":true}]}}