{"id":1465,"date":"2020-07-09T14:52:45","date_gmt":"2020-07-09T14:52:45","guid":{"rendered":"https:\/\/www.casinofrog.com\/?page_id=1465"},"modified":"2024-06-27T13:00:29","modified_gmt":"2024-06-27T13:00:29","slug":"partners","status":"publish","type":"page","link":"https:\/\/casinofrog.com\/se\/partners\/","title":{"rendered":"Partners till Casino Frog (SE)"},"content":{"rendered":"\n<p class=\"wp-block-paragraph\">Casino Frog har valt att samarbeta med flera v\u00e4lk\u00e4nda spelbolag f\u00f6r att kunna ge v\u00e5ra anv\u00e4ndare den b\u00e4sta m\u00f6jliga upplevelsen och exklusiva bonusar. Vi tror p\u00e5 att starka relationer \u00e4r grunden till framg\u00e5ng, och det \u00e4r viktigt f\u00f6r oss att varje Casino Frog-partner st\u00f6djer ansvarsfullt spelande och Spelinspektionens initiativ.<\/p>\n\n\n\n<p class=\"wp-block-paragraph\">Om ditt f\u00f6retag \u00e4r intresserat av att ing\u00e5 partnerskap med Casino Frog, tveka inte att <a href=\"https:\/\/casinofrog.com\/se\/kontakt\/\">kontakta oss<\/a>, s\u00e5 tar vi diskussionen vidare d\u00e4rifr\u00e5n. Tills dess s\u00e5 kan du kika p\u00e5 v\u00e5ra nuvarande uppskattade partners nedan:<\/p>\n\n\n<div class=\"su-custom-gallery su-custom-gallery-align-left su-custom-gallery-title-never\"><div class=\"su-custom-gallery-slide\" style=\"width:130px;height:65px\"><a><img loading=\"lazy\" decoding=\"async\" src=\"https:\/\/casinofrog.com\/wp-content\/uploads\/yoyo-casino-130x65.png\" alt=\"yoyo-casino\" width=\"130\" height=\"65\" \/><span class=\"su-custom-gallery-title\">yoyo-casino<\/span><\/a><\/div><div class=\"su-custom-gallery-slide\" style=\"width:130px;height:65px\"><a><img loading=\"lazy\" decoding=\"async\" src=\"https:\/\/casinofrog.com\/wp-content\/uploads\/casinostugan-130x65.png\" alt=\"casinostugan\" width=\"130\" height=\"65\" \/><span class=\"su-custom-gallery-title\">casinostugan<\/span><\/a><\/div><div class=\"su-custom-gallery-slide\" style=\"width:130px;height:65px\"><a><img loading=\"lazy\" decoding=\"async\" src=\"https:\/\/casinofrog.com\/wp-content\/uploads\/norske-automater-130x65.png\" alt=\"norske-automater\" width=\"130\" height=\"65\" \/><span class=\"su-custom-gallery-title\">norske-automater<\/span><\/a><\/div><div class=\"su-custom-gallery-slide\" style=\"width:130px;height:65px\"><a><img loading=\"lazy\" decoding=\"async\" src=\"https:\/\/casinofrog.com\/wp-content\/uploads\/spin-station-x-130x65.png\" alt=\"spin-station-x\" width=\"130\" height=\"65\" \/><span class=\"su-custom-gallery-title\">spin-station-x<\/span><\/a><\/div><div class=\"su-custom-gallery-slide\" style=\"width:130px;height:65px\"><a><img loading=\"lazy\" decoding=\"async\" src=\"https:\/\/casinofrog.com\/wp-content\/uploads\/hajper-130x65.png\" alt=\"hajper\" width=\"130\" height=\"65\" \/><span class=\"su-custom-gallery-title\">hajper<\/span><\/a><\/div><div class=\"su-custom-gallery-slide\" style=\"width:130px;height:65px\"><a><img loading=\"lazy\" decoding=\"async\" src=\"https:\/\/casinofrog.com\/wp-content\/uploads\/spela-130x65.png\" alt=\"spela\" width=\"130\" height=\"65\" \/><span class=\"su-custom-gallery-title\">spela<\/span><\/a><\/div><div class=\"su-clear\"><\/div><\/div>\n","protected":false},"excerpt":{"rendered":"<p>Casino Frog har valt att samarbeta med flera v\u00e4lk\u00e4nda spelbolag f\u00f6r att kunna ge v\u00e5ra anv\u00e4ndare den b\u00e4sta m\u00f6jliga upplevelsen och exklusiva bonusar. Vi tror p\u00e5 att starka relationer \u00e4r grunden till framg\u00e5ng, och det \u00e4r viktigt f\u00f6r oss att varje Casino Frog-partner st\u00f6djer ansvarsfullt spelande och Spelinspektionens initiativ. Om ditt f\u00f6retag \u00e4r intresserat av &#8230; <a title=\"Partners till Casino Frog (SE)\" class=\"read-more\" href=\"https:\/\/casinofrog.com\/se\/partners\/\" aria-label=\"L\u00e4s mer om Partners till Casino Frog (SE)\">L\u00e4s mer<\/a><\/p>\n","protected":false},"author":72,"featured_media":0,"parent":0,"menu_order":0,"comment_status":"closed","ping_status":"closed","template":"","meta":{"_crdt_document":"","footnotes":""},"class_list":["post-1465","page","type-page","status-publish"],"_links":{"self":[{"href":"https:\/\/casinofrog.com\/se\/wp-json\/wp\/v2\/pages\/1465","targetHints":{"allow":["GET"]}}],"collection":[{"href":"https:\/\/casinofrog.com\/se\/wp-json\/wp\/v2\/pages"}],"about":[{"href":"https:\/\/casinofrog.com\/se\/wp-json\/wp\/v2\/types\/page"}],"author":[{"embeddable":true,"href":"https:\/\/casinofrog.com\/se\/wp-json\/wp\/v2\/users\/72"}],"replies":[{"embeddable":true,"href":"https:\/\/casinofrog.com\/se\/wp-json\/wp\/v2\/comments?post=1465"}],"version-history":[{"count":15,"href":"https:\/\/casinofrog.com\/se\/wp-json\/wp\/v2\/pages\/1465\/revisions"}],"predecessor-version":[{"id":19142,"href":"https:\/\/casinofrog.com\/se\/wp-json\/wp\/v2\/pages\/1465\/revisions\/19142"}],"wp:attachment":[{"href":"https:\/\/casinofrog.com\/se\/wp-json\/wp\/v2\/media?parent=1465"}],"curies":[{"name":"wp","href":"https:\/\/api.w.org\/{rel}","templated":true}]}}