{"id":1451,"date":"2020-07-09T11:02:15","date_gmt":"2020-07-09T11:02:15","guid":{"rendered":"https:\/\/www.casinofrog.com\/?page_id=1451"},"modified":"2024-06-27T13:04:08","modified_gmt":"2024-06-27T13:04:08","slug":"om","status":"publish","type":"page","link":"https:\/\/casinofrog.com\/se\/om\/","title":{"rendered":"Om Casino Frog (SE)"},"content":{"rendered":"\n<h2 class=\"wp-block-heading\"><img loading=\"lazy\" decoding=\"async\" class=\"alignnone wp-image-10162 size-full\" src=\"https:\/\/casinofrog.com\/wp-content\/uploads\/om-oss-se.png\" alt=\"Om oss\" width=\"1400\" height=\"425\" srcset=\"https:\/\/casinofrog.com\/wp-content\/uploads\/om-oss-se.png 1400w, https:\/\/casinofrog.com\/wp-content\/uploads\/om-oss-se-300x91.png 300w, https:\/\/casinofrog.com\/wp-content\/uploads\/om-oss-se-1024x311.png 1024w, https:\/\/casinofrog.com\/wp-content\/uploads\/om-oss-se-768x233.png 768w\" sizes=\"auto, (max-width: 1400px) 100vw, 1400px\" \/><\/h2>\n\n\n\n<h2 class=\"wp-block-heading\">V\u00e5rt uppdrag<\/h2>\n\n\n\n<p class=\"wp-block-paragraph\">V\u00e5rt uppdrag p\u00e5 Casino Frog \u00e4r att f\u00f6rse dig med mer insikt av vad som sker inom casinoindustrin. Transparens \u00e4r viktigt f\u00f6r oss &#8211; vi kommer alltid vara en p\u00e5litlig k\u00e4lla f\u00f6r \u00e4rlig och opartisk information. Din upplevelse p\u00e5 casinon ska vara den b\u00e4sta m\u00f6jliga, och d\u00e4rf\u00f6r utf\u00f6r v\u00e5ra experter tester som ser till att vi f\u00e5r fram objektiva resultat.<\/p>\n\n\n\n<hr class=\"wp-block-separator has-alpha-channel-opacity\"\/>\n\n\n\n<h2 class=\"wp-block-heading\">V\u00e5ra v\u00e4rderingar<\/h2>\n\n\n\n<p class=\"wp-block-paragraph\"><a href=\"https:\/\/casinofrog.com\/se\/skribenter\/\">Teamet p\u00e5 Casino Frog<\/a> f\u00f6ljer v\u00e5ra k\u00e4rnv\u00e4rderingar.<\/p>\n\n\n\n<p class=\"wp-block-paragraph\">F\u00f6r oss \u00e4r bes\u00f6karen alltid i fokus, vilket hj\u00e4lper oss forma v\u00e5r sida f\u00f6r att anv\u00e4ndarna ska bli s\u00e5 n\u00f6jda som m\u00f6jligt. Vi prioriterar kvalitet \u00f6ver kvantitet, det g\u00f6r att vi kan hj\u00e4lpa v\u00e5ra bes\u00f6kare samtidigt som vi respekterar deras tid.<\/p>\n\n\n\n<p class=\"wp-block-paragraph\">Transparent och integritet \u00e4r helt avg\u00f6rande f\u00f6r oss. Det inneh\u00e5ll vi producerar m\u00e5ste vara genuint, l\u00e4ttillg\u00e4ngligt och h\u00e5llas mot h\u00f6gsta m\u00f6jliga standard.<\/p>\n\n\n\n<p class=\"wp-block-paragraph\">V\u00e5ra k\u00e4rnv\u00e4rderingar delas av hela v\u00e5r verksamhet. Vi samarbetar f\u00f6r att navigera f\u00f6retaget i r\u00e4tt riktning.<\/p>\n\n\n\n<hr class=\"wp-block-separator has-alpha-channel-opacity\"\/>\n\n\n\n<h2 class=\"wp-block-heading\">V\u00e5rt l\u00f6fte<\/h2>\n\n\n\n<p class=\"wp-block-paragraph\">Vi \u00e4r en oberoende sida, vilket g\u00f6r att vi kan publicera opartiskt inneh\u00e5ll. Detta inkluderar alla v\u00e5ra artiklar, guider och rankningar.<\/p>\n\n\n\n<p class=\"wp-block-paragraph\">Alla casinon p\u00e5 Casino Frog m\u00e5ste uppfylla v\u00e5ra strikta krav innan de publiceras p\u00e5 sidan. De ska vara p\u00e5litliga, r\u00e4ttvisa, snabba och fr\u00e4mst s\u00e4kra. Din trygghet \u00e4r prioriterad.<\/p>\n\n\n\n<p class=\"wp-block-paragraph\">Casino Frog kommer alltid vara gratis att anv\u00e4nda. Den expertis och kunskap vi erbjuder \u00e4r utan kostnad, och s\u00e5 kommer det forts\u00e4tta vara.<\/p>\n\n\n\n<p class=\"wp-block-paragraph\">F\u00f6rtydligande:<br><em>Casino Frog \u00e4r en affiliatesida. Detta inneb\u00e4r att allts\u00e5 att vi inte har v\u00e5ra egna casinospel, utan snarare marknadsf\u00f6r andra online casinon. Om en bes\u00f6kare b\u00f6rja spela p\u00e5 ett casino via v\u00e5r hemsida, kan vi f\u00e5 ers\u00e4ttning f\u00f6r det.<\/em><\/p>\n","protected":false},"excerpt":{"rendered":"<p>V\u00e5rt uppdrag V\u00e5rt uppdrag p\u00e5 Casino Frog \u00e4r att f\u00f6rse dig med mer insikt av vad som sker inom casinoindustrin. Transparens \u00e4r viktigt f\u00f6r oss &#8211; vi kommer alltid vara en p\u00e5litlig k\u00e4lla f\u00f6r \u00e4rlig och opartisk information. Din upplevelse p\u00e5 casinon ska vara den b\u00e4sta m\u00f6jliga, och d\u00e4rf\u00f6r utf\u00f6r v\u00e5ra experter tester som ser &#8230; <a title=\"Om Casino Frog (SE)\" class=\"read-more\" href=\"https:\/\/casinofrog.com\/se\/om\/\" aria-label=\"L\u00e4s mer om Om Casino Frog (SE)\">L\u00e4s mer<\/a><\/p>\n","protected":false},"author":72,"featured_media":0,"parent":0,"menu_order":0,"comment_status":"closed","ping_status":"closed","template":"","meta":{"_crdt_document":"","footnotes":""},"class_list":["post-1451","page","type-page","status-publish"],"_links":{"self":[{"href":"https:\/\/casinofrog.com\/se\/wp-json\/wp\/v2\/pages\/1451","targetHints":{"allow":["GET"]}}],"collection":[{"href":"https:\/\/casinofrog.com\/se\/wp-json\/wp\/v2\/pages"}],"about":[{"href":"https:\/\/casinofrog.com\/se\/wp-json\/wp\/v2\/types\/page"}],"author":[{"embeddable":true,"href":"https:\/\/casinofrog.com\/se\/wp-json\/wp\/v2\/users\/72"}],"replies":[{"embeddable":true,"href":"https:\/\/casinofrog.com\/se\/wp-json\/wp\/v2\/comments?post=1451"}],"version-history":[{"count":16,"href":"https:\/\/casinofrog.com\/se\/wp-json\/wp\/v2\/pages\/1451\/revisions"}],"predecessor-version":[{"id":19148,"href":"https:\/\/casinofrog.com\/se\/wp-json\/wp\/v2\/pages\/1451\/revisions\/19148"}],"wp:attachment":[{"href":"https:\/\/casinofrog.com\/se\/wp-json\/wp\/v2\/media?parent=1451"}],"curies":[{"name":"wp","href":"https:\/\/api.w.org\/{rel}","templated":true}]}}