{"id":1288,"date":"2020-07-03T12:26:15","date_gmt":"2020-07-03T12:26:15","guid":{"rendered":"https:\/\/www.casinofrog.com\/?page_id=1288"},"modified":"2024-06-27T13:04:20","modified_gmt":"2024-06-27T13:04:20","slug":"karriar","status":"publish","type":"page","link":"https:\/\/casinofrog.com\/se\/karriar\/","title":{"rendered":"Karri\u00e4r hos Casino Frog (SE)"},"content":{"rendered":"\n<p class=\"wp-block-paragraph\">V\u00e5r ambition \u00e4r att bli ledande inom spelsektorn och idag hj\u00e4lper Casino Frog bes\u00f6kare fr\u00e5n hela Sverige s\u00e5 v\u00e4l som andra delar av v\u00e4rlden. Eftersom vi \u00e4r i en expanderande fas \u00f6nskar vi att ut\u00f6ka v\u00e5rt team med hungriga talanger &#8211; kanske \u00e4r det just din kompetens vi \u00e4r ute efter?<\/p>\n\n\n\n<hr class=\"wp-block-separator has-alpha-channel-opacity\"\/>\n\n\n\n<h2 class=\"wp-block-heading\">Varf\u00f6r arbeta p\u00e5 Casino Frog?<\/h2>\n\n\n\n<p class=\"wp-block-paragraph\">P\u00e5 Casino Frog har vi som v\u00e5r fr\u00e4msta uppgift att underl\u00e4tta f\u00f6r folk att hitta s\u00e4kra och p\u00e5litliga alternativ inom casinov\u00e4rlden. Detta g\u00f6r vi genom att noggrannt f\u00f6lja branschen och h\u00e5lla oss uppdaterade om f\u00f6r\u00e4ndringar.<\/p>\n\n\n\n<p class=\"wp-block-paragraph\">Vi v\u00e4rderar b\u00e5de samarbete och personliga initiativ h\u00f6gt. Hos oss l\u00e5ter vi samtliga medarbetare komma till tals och vi \u00e4r \u00f6vertygade om att utbyte av id\u00e9er och kunskap \u00e4r v\u00e4gen till framg\u00e5ng.<\/p>\n\n\n\n<p class=\"wp-block-paragraph\">Laganda \u00e4r ett nyckelord i v\u00e5r arbetskultur och d\u00e4rf\u00f6r ser vi till att hj\u00e4lpa och l\u00e4ra av varandra i v\u00e5r resa mot gemensamma m\u00e5l. Samtidigt g\u00f6r vi insatser f\u00f6r personlig kompetensutveckling genom att st\u00f6tta och utbilda n\u00e4r och om det finns behov f\u00f6r det.<\/p>\n\n\n\n<h3 class=\"wp-block-heading\">Vi tror p\u00e5 v\u00e5ra medarbetare<\/h3>\n\n\n\n<p class=\"wp-block-paragraph\">Eftersom vi arbetar i en v\u00e4ldigt utvecklande milj\u00f6 finns det alltid utrymme att bredda sin kompetens. Vi ser det som v\u00e5r plikt att s\u00e4kerst\u00e4lla att samtliga medarbetare trivs i sina roller. Dessutom erbjuder vi utbildningar och andra redskap f\u00f6r att skapa en trivsam arbetsplats f\u00f6r v\u00e5ra anst\u00e4llda.<\/p>\n\n\n\n<h3 class=\"wp-block-heading\">Attraktiv arbetsmilj\u00f6<\/h3>\n\n\n\n<p class=\"wp-block-paragraph\">Alla anst\u00e4llda p\u00e5 Casino Frog ska k\u00e4nna att de fyller en funktion i f\u00f6retaget. Vi \u00e4r \u00e4ven varma f\u00f6respr\u00e5kare av j\u00e4mst\u00e4lldhet och m\u00e5ngfald. Du \u00e4r d\u00e4rf\u00f6r v\u00e4lkommen med en ans\u00f6kan oavsett vilken bakgrund du har. Vi anser att v\u00e5r inst\u00e4llning till j\u00e4mlikhet och m\u00e5ngfald bidrar till en mer \u00e5tr\u00e5v\u00e4rd och dynamisk arbetsplats.<\/p>\n\n\n\n<h3 class=\"wp-block-heading\">Gemensamma m\u00e5l<\/h3>\n\n\n\n<p class=\"wp-block-paragraph\">Den gamla klyschan \u201cstarkare tillsammans\u201d vet vi av erfarenhet att det st\u00e4mmer. H\u00e4r delar vi i stort samma v\u00e4rderingar och arbetar mot gemensamma m\u00e5l. Detta har hittills varit ett framg\u00e5ngsrikt koncept f\u00f6r Casino Frog. Med det sagt r\u00e4knar vi sj\u00e4lvklart \u00e4ven med eget ansvar, men det \u00e4r fortfarande de kollektiva m\u00e5len som \u00e4r drivkraften.<\/p>\n\n\n\n<hr class=\"wp-block-separator has-alpha-channel-opacity\"\/>\n\n\n\n<h2 class=\"wp-block-heading\">Lediga jobb<\/h2>\n\n\n\n<p class=\"wp-block-paragraph\">Nedan hittar du de tj\u00e4nster som \u00e4r lediga just nu.<\/p>\n\n\n\n<h3 class=\"wp-block-heading\">Casinoskribent<\/h3>\n\n\n\n<p class=\"wp-block-paragraph\">\u00c4r du en \u00e5terkommande casinospelare med f\u00f6rm\u00e5gan att kunna uttrycka dig v\u00e4l i tal och skrift? D\u00e5 kan tj\u00e4nsten \u201ccasinoskribent\u201d passa dig som handen i handsken. Det \u00e4r en kreativ yrkesroll d\u00e4r du kommer att f\u00e5 recensera b\u00e5de n\u00e4tcasinon och spelautomater. Det \u00e4r viktigt att du har en k\u00e4nsla f\u00f6r spr\u00e5k och \u00e4r van vid att arbeta efter deadlines.<\/p>\n\n\n\n<h3 class=\"wp-block-heading\">Senior webbutvecklare<\/h3>\n\n\n\n<p class=\"wp-block-paragraph\">Vi \u00e4r i stort behov av en erfaren webbutvecklare d\u00e5 v\u00e5ra webbplatser kontinuerligt byggs ut och beh\u00f6ver underh\u00e5llas. Du kommer att jobba n\u00e4ra med v\u00e5ra \u00f6vriga webbutvecklare och ansvara f\u00f6r att arbetsuppgifterna utf\u00f6rs tidsenligt. Det \u00e4r meriterande med relevant h\u00f6gskoleutbildning, men inte n\u00f6dv\u00e4ndigtvis ett krav. Viktigast f\u00f6r oss \u00e4r att du sitter p\u00e5 den kompetens vi efterfr\u00e5gar.<\/p>\n\n\n\n<h3 class=\"wp-block-heading\">UX-designer<\/h3>\n\n\n\n<p class=\"wp-block-paragraph\">Som UX-designer har du rollen att se till att v\u00e5ra webbplatser och \u00f6vrigt material \u00e4r estetiskt tilltalande. Samtidigt m\u00e5ste du vara analytiskt beg\u00e5vad och f\u00f6rst\u00e5 anv\u00e4ndarbeteenden. V\u00e5ra produkter ska vara responsiva, tillg\u00e4ngliga och tilltalande f\u00f6r v\u00e5ra anv\u00e4ndare. K\u00e4nner du igen dig i beskrivningen \u00e4r du v\u00e4lkommen att skicka in en ans\u00f6kan.<\/p>\n\n\n\n<hr class=\"wp-block-separator has-alpha-channel-opacity\"\/>\n\n\n\n<h2 class=\"wp-block-heading\">Ans\u00f6k idag<\/h2>\n\n\n\n<p class=\"wp-block-paragraph\">\u00c4r ovanst\u00e5ende positioner n\u00e5got f\u00f6r dig? D\u00e5 tycker vi inte att du ska tveka att skicka iv\u00e4g en ans\u00f6kan till oss. Det g\u00f6r du genom att fylla i v\u00e5rt <a href=\"https:\/\/casinofrog.com\/se\/kontakt\/\">kontaktformul\u00e4r<\/a>.<\/p>\n","protected":false},"excerpt":{"rendered":"<p>V\u00e5r ambition \u00e4r att bli ledande inom spelsektorn och idag hj\u00e4lper Casino Frog bes\u00f6kare fr\u00e5n hela Sverige s\u00e5 v\u00e4l som andra delar av v\u00e4rlden. Eftersom vi \u00e4r i en expanderande fas \u00f6nskar vi att ut\u00f6ka v\u00e5rt team med hungriga talanger &#8211; kanske \u00e4r det just din kompetens vi \u00e4r ute efter? Varf\u00f6r arbeta p\u00e5 Casino &#8230; <a title=\"Karri\u00e4r hos Casino Frog (SE)\" class=\"read-more\" href=\"https:\/\/casinofrog.com\/se\/karriar\/\" aria-label=\"L\u00e4s mer om Karri\u00e4r hos Casino Frog (SE)\">L\u00e4s mer<\/a><\/p>\n","protected":false},"author":72,"featured_media":0,"parent":0,"menu_order":0,"comment_status":"closed","ping_status":"closed","template":"","meta":{"_crdt_document":"","footnotes":""},"class_list":["post-1288","page","type-page","status-publish"],"_links":{"self":[{"href":"https:\/\/casinofrog.com\/se\/wp-json\/wp\/v2\/pages\/1288","targetHints":{"allow":["GET"]}}],"collection":[{"href":"https:\/\/casinofrog.com\/se\/wp-json\/wp\/v2\/pages"}],"about":[{"href":"https:\/\/casinofrog.com\/se\/wp-json\/wp\/v2\/types\/page"}],"author":[{"embeddable":true,"href":"https:\/\/casinofrog.com\/se\/wp-json\/wp\/v2\/users\/72"}],"replies":[{"embeddable":true,"href":"https:\/\/casinofrog.com\/se\/wp-json\/wp\/v2\/comments?post=1288"}],"version-history":[{"count":37,"href":"https:\/\/casinofrog.com\/se\/wp-json\/wp\/v2\/pages\/1288\/revisions"}],"predecessor-version":[{"id":19149,"href":"https:\/\/casinofrog.com\/se\/wp-json\/wp\/v2\/pages\/1288\/revisions\/19149"}],"wp:attachment":[{"href":"https:\/\/casinofrog.com\/se\/wp-json\/wp\/v2\/media?parent=1288"}],"curies":[{"name":"wp","href":"https:\/\/api.w.org\/{rel}","templated":true}]}}