{"id":1274,"date":"2020-07-03T08:34:42","date_gmt":"2020-07-03T08:34:42","guid":{"rendered":"https:\/\/www.casinofrog.com\/?page_id=1274"},"modified":"2024-06-27T13:05:18","modified_gmt":"2024-06-27T13:05:18","slug":"ansvarsfullt-spelande","status":"publish","type":"page","link":"https:\/\/casinofrog.com\/se\/ansvarsfullt-spelande\/","title":{"rendered":"Ansvarsfullt spelande i Sverige"},"content":{"rendered":"<div class=\"wp-block-image\">\n<figure class=\"alignright\"><img loading=\"lazy\" decoding=\"async\" width=\"130\" height=\"130\" src=\"https:\/\/casinofrog.com\/wp-content\/uploads\/ansvarsfullt-spelande.png\" alt=\"\" class=\"wp-image-5873\"\/><\/figure>\n<\/div>\n\n\n<p class=\"wp-block-paragraph\">Att spela p\u00e5 casino \u00e4r v\u00e4ldigt underh\u00e5llande och kan vara ett utm\u00e4rkt s\u00e4tt att f\u00f6rdriva tiden. D\u00e4remot finns det risker kopplat till spelande och det \u00e4r d\u00e4rf\u00f6r absolut n\u00f6dv\u00e4ndigt att spela ansvarsfullt. De flesta l\u00e4nder som till\u00e5ter spel har utvecklat program avsedda f\u00f6r personer som riskerar eller har hamnat i destruktiva spelvanor. Akt\u00f6rer som tillhandah\u00e5ller spel har vanligtvis krav p\u00e5 sig att erbjuda hj\u00e4lp f\u00f6r de som ligger i riskzonen f\u00f6r spelberoende.<\/p>\n\n\n\n<p class=\"wp-block-paragraph\">I Sverige har man gott om information och r\u00e5d om ansvarsfullt spelande att tillg\u00e5. Flera organisationer har som sin fr\u00e4msta uppgift att f\u00f6respr\u00e5ka ansvarsfullt spelande och bek\u00e4mpa spelmissbruk.<\/p>\n\n\n\n<hr class=\"wp-block-separator has-alpha-channel-opacity\"\/>\n\n\n\n<h2 class=\"wp-block-heading\">Vad \u00e4r spelproblem?<\/h2>\n\n\n\n<p class=\"wp-block-paragraph\">Spelproblem \u00e4r en term som anv\u00e4nds f\u00f6r att beskriva n\u00e4r spelandet har g\u00e5tt \u00f6verstyr och inte l\u00e4ngre handlar om l\u00e4ttsam underh\u00e5llning. De som f\u00e5r problem p\u00e5 grund av spelandet, eller till och med \u00e4r beroende, upplever att det inte l\u00e4ngre \u00e4r roligt att spela. Ist\u00e4llet k\u00e4nner de att de inte l\u00e4ngre har n\u00e5got val \u00e4n att spela och resultatet blir att deras liv p\u00e5verkas sv\u00e5rt.<\/p>\n\n\n\n<p class=\"wp-block-paragraph\">Det \u00e4r n\u00e5gra faktorer spelare borde beakta n\u00e4r de funderar p\u00e5 huruvida spelandet har blivit ett problem f\u00f6r dem eller inte. Varningssignaler inkluderar spelande f\u00f6r att vinna tillbaka f\u00f6rluster, eller spelande f\u00f6r pengar som egentligen beh\u00f6vs f\u00f6r grundl\u00e4ggande utgifter s\u00e5som hyra, r\u00e4kningar och mat. Det borde ocks\u00e5 ringa en varningsklocka om spelandet har upph\u00f6rt att vara roligt eller n\u00e4r f\u00f6r h\u00f6ga summor l\u00e4ggs p\u00e5 spel.<\/p>\n\n\n\n<p class=\"wp-block-paragraph\">Spel p\u00e5 casino ska aldrig vara ett s\u00e4tt att tj\u00e4na pengar och det ska inte heller ses som n\u00e5got som kan hj\u00e4lpa till att betala r\u00e4kningar. Det \u00e4r enbart en form av underh\u00e5llning och inget annat.<\/p>\n\n\n\n<hr class=\"wp-block-separator has-alpha-channel-opacity\"\/>\n\n\n\n<h2 class=\"wp-block-heading\">F\u00f6rebyggande av problem<\/h2>\n\n\n\n<p class=\"wp-block-paragraph\">Visst kan det vara skoj att spela. Men det \u00e4r otroligt viktigt att man begriper vikten av ansvarsfullt spelande och hur man identifierar tecken p\u00e5 spelproblem. V\u00e5ra experter rekommenderar att spelare s\u00e4kerst\u00e4ller att de \u00e4r medvetna om faran med spelande och tar till n\u00f6dv\u00e4ndiga \u00e5tg\u00e4rder f\u00f6r att se till att man bara spelar i underh\u00e5llningssyfte.<\/p>\n\n\n\n<p class=\"wp-block-paragraph\">N\u00e4r du spelar online \u00e4r det v\u00e4rt att ha i \u00e5tanke att ett spel bara \u00e4r ett spel. Spelandet ska aldrig vara en inkomstk\u00e4lla eller ses som en m\u00f6jlig investering. N\u00e4tet \u00e4r fullt av strategier och taktiker f\u00f6r spel, men dessa ska absolut inte betraktas som s\u00e4kra s\u00e4tt att vinna pengar.<\/p>\n\n\n\n<p class=\"wp-block-paragraph\">Innan du spelar f\u00f6r riktiga pengar borde du best\u00e4mma en budget. Se till att det \u00e4r en summa du har r\u00e5d att bli av med och var inst\u00e4lld p\u00e5 att l\u00e4mna om du f\u00f6rlorar hela beloppet. F\u00f6rluster \u00e4r oundvikligt n\u00e4r du spelar. Men de som har ett spelberoende tenderar att ta detta extra h\u00e5rt och g\u00f6r sig av med mycket pengar i f\u00f6rs\u00f6k att \u00e5terh\u00e4mta sig fr\u00e5n f\u00f6rlusten. Undvik att hamna i den f\u00e4llan. Om du skulle f\u00f6rlora pengarna du har satt in, acceptera det och l\u00e4mna spelet.<\/p>\n\n\n\n<p class=\"wp-block-paragraph\">Blanda inte ihop din spelbudget med din \u00f6vriga ekonomi. L\u00e4gg undan pengar till hyra, mat, r\u00e4kningar och andra kostnader. Spela aldrig med de pengarna, \u00e4ven om det kan k\u00e4nnas frestande! Kom ih\u00e5g, oavsett hur \u00f6vertygad du \u00e4r om att just din strategi \u00e4r den r\u00e4tta och att du inte l\u00e4r f\u00f6rlora, kan det fortfarande intr\u00e4ffa.<\/p>\n\n\n\n<p class=\"wp-block-paragraph\">Vi r\u00e5der alla spelare att ta reda p\u00e5 vad f\u00f6r slags hj\u00e4lp och r\u00e5dgivning som \u00e4r tillg\u00e4nglig i omr\u00e5det de bor i. Det finns ingen skam i att s\u00f6ka hj\u00e4lp, faktum \u00e4r att det kan bli f\u00f6rsta steget i en lyckad rehabilitering. Spelmissbruk kan vara f\u00f6r\u00f6dande. Men spelare som vet med sig hur man ber om hj\u00e4lp vid f\u00f6rsta tecken p\u00e5 problem f\u00e5r det l\u00e4ttare att \u00e5terg\u00e5 till det normala.<\/p>\n\n\n\n<hr class=\"wp-block-separator has-alpha-channel-opacity\"\/>\n\n\n\n<h2 class=\"wp-block-heading\">St\u00f6d och hj\u00e4lp<\/h2>\n\n\n\n<p class=\"wp-block-paragraph\">Tveka inte att s\u00f6ka hj\u00e4lp om du eller en anh\u00f6rig st\u00f6ter p\u00e5 problem med spelande. Om du k\u00e4nner att du gradvis tappar kontroll \u00f6ver ditt spelande b\u00f6r du ta detta p\u00e5 allvar. G\u00f6r du inte n\u00e5got \u00e5t det kan det snabbt leda till m\u00e5nga negativa konsekvenser. D\u00e4rf\u00f6r g\u00f6r du b\u00e4st i att nyttja den hj\u00e4lp som g\u00e5r att f\u00e5. P\u00e5 svensk mark \u00e4r<a href=\"https:\/\/www.stodlinjen.se\/\" target=\"_blank\" rel=\"noreferrer noopener\" aria-label=\" (opens in a new tab)\"> St\u00f6dlinjen<\/a> och<a href=\"https:\/\/spelberoende.se\/\" target=\"_blank\" rel=\"noreferrer noopener\" aria-label=\" (opens in a new tab)\"> Spelberoendes Riksf\u00f6rbund<\/a> exempel p\u00e5 framtr\u00e4dande organisationer som \u00e4r experter p\u00e5 att handskas med spelproblematik.<\/p>\n\n\n\n<p class=\"wp-block-paragraph\">Ring St\u00f6dlinjen: 020 \u2013 81 91 00<br>Ring Spelberoendes Riksf\u00f6rbund: 020 \u2013 81 91 00<\/p>\n\n\n\n<h3 class=\"wp-block-heading\">St\u00e4ng av dig sj\u00e4lv fr\u00e5n spel<\/h3>\n\n\n\n<p class=\"wp-block-paragraph\">F\u00f6rutom att s\u00f6ka hj\u00e4lp hos st\u00f6dorganisationer kan du \u00e4ven st\u00e4nga av dig fr\u00e5n allt spelande. Spelinspektionen har skapat det nationella avst\u00e4ngningssystemet <a class=\"rank-math-link\" href=\"https:\/\/www.spelpaus.se\/\" target=\"_blank\" rel=\"noreferrer noopener\" aria-label=\"Spelpaus.se (opens in a new tab)\">Spelpaus.se<\/a> d\u00e4r det g\u00e5r att st\u00e4nga av sig fr\u00e5n alla former av spel. I skrivande stund har \u00f6ver 73 000 spelare valt att pausa sitt spelande.<\/p>\n\n\n\n<p class=\"wp-block-paragraph\">P\u00e5 Spelpaus.se har du fyra perioder att v\u00e4lja mellan:<\/p>\n\n\n\n<ul class=\"wp-block-list\">\n<li>1 m\u00e5nad<\/li>\n\n\n\n<li>3 m\u00e5nader<\/li>\n\n\n\n<li>6 m\u00e5nader<\/li>\n\n\n\n<li>Tills vidare<\/li>\n<\/ul>\n\n\n\n<p class=\"wp-block-paragraph\">Avst\u00e4ngningen f\u00f6rsvinner i regel automatiskt, f\u00f6rutom vid alternativet \u201cTills vidare\u201d d\u00e4r du manuellt m\u00e5ste logga in f\u00f6r att s\u00e4tta stopp f\u00f6r avst\u00e4ngningen. Ta tillbaka kontrollen \u00f6ver ditt spelande och l\u00e4r dig mer om hur Spelpaus fungerar i den h\u00e4r officiella videon fr\u00e5n Spelinspektionen:<\/p>\n\n\n<div class=\"su-youtube su-u-responsive-media-yes\"><iframe loading=\"lazy\" width=\"600\" height=\"400\" src=\"https:\/\/www.youtube.com\/embed\/LHjbyqBuGQU?autohide=2&autoplay=0&mute=0&controls=1&fs=1&loop=0&modestbranding=0&rel=0&showinfo=1&theme=dark&wmode=&playsinline=0\" frameborder=\"0\" allowfullscreen allow=\"autoplay; encrypted-media; picture-in-picture\" title=\"Spelpaus - hur det fungerar\"><\/iframe><\/div>\n","protected":false},"excerpt":{"rendered":"<p>Att spela p\u00e5 casino \u00e4r v\u00e4ldigt underh\u00e5llande och kan vara ett utm\u00e4rkt s\u00e4tt att f\u00f6rdriva tiden. D\u00e4remot finns det risker kopplat till spelande och det \u00e4r d\u00e4rf\u00f6r absolut n\u00f6dv\u00e4ndigt att spela ansvarsfullt. De flesta l\u00e4nder som till\u00e5ter spel har utvecklat program avsedda f\u00f6r personer som riskerar eller har hamnat i destruktiva spelvanor. Akt\u00f6rer som tillhandah\u00e5ller &#8230; <a title=\"Ansvarsfullt spelande i Sverige\" class=\"read-more\" href=\"https:\/\/casinofrog.com\/se\/ansvarsfullt-spelande\/\" aria-label=\"L\u00e4s mer om Ansvarsfullt spelande i Sverige\">L\u00e4s mer<\/a><\/p>\n","protected":false},"author":35,"featured_media":0,"parent":0,"menu_order":0,"comment_status":"closed","ping_status":"closed","template":"","meta":{"_crdt_document":"","footnotes":""},"class_list":["post-1274","page","type-page","status-publish"],"_links":{"self":[{"href":"https:\/\/casinofrog.com\/se\/wp-json\/wp\/v2\/pages\/1274","targetHints":{"allow":["GET"]}}],"collection":[{"href":"https:\/\/casinofrog.com\/se\/wp-json\/wp\/v2\/pages"}],"about":[{"href":"https:\/\/casinofrog.com\/se\/wp-json\/wp\/v2\/types\/page"}],"author":[{"embeddable":true,"href":"https:\/\/casinofrog.com\/se\/wp-json\/wp\/v2\/users\/35"}],"replies":[{"embeddable":true,"href":"https:\/\/casinofrog.com\/se\/wp-json\/wp\/v2\/comments?post=1274"}],"version-history":[{"count":18,"href":"https:\/\/casinofrog.com\/se\/wp-json\/wp\/v2\/pages\/1274\/revisions"}],"predecessor-version":[{"id":19155,"href":"https:\/\/casinofrog.com\/se\/wp-json\/wp\/v2\/pages\/1274\/revisions\/19155"}],"wp:attachment":[{"href":"https:\/\/casinofrog.com\/se\/wp-json\/wp\/v2\/media?parent=1274"}],"curies":[{"name":"wp","href":"https:\/\/api.w.org\/{rel}","templated":true}]}}