{"id":9363,"date":"2020-10-09T07:53:27","date_gmt":"2020-10-09T07:53:27","guid":{"rendered":"https:\/\/casinofrog.com\/?page_id=9363"},"modified":"2024-12-28T08:43:12","modified_gmt":"2024-12-28T08:43:12","slug":"autorzy","status":"publish","type":"page","link":"https:\/\/casinofrog.com\/pl\/autorzy\/","title":{"rendered":"Autorzy Casino Frog (PL)"},"content":{"rendered":"\n<p class=\"wp-block-paragraph\">Poznaj polski zesp\u00f3\u0142 Casino Frog. Naszym celem jest dostarczanie czytelnikom najlepszych tre\u015bci kasynowych w ca\u0142ej Polsce. Dzi\u0119ki po\u0142\u0105czeniu swoich umiej\u0119tno\u015bci i do\u015bwiadczenia w bran\u017cy, nieustannie przekraczamy granice, prezentuj\u0105c fanom gier kasynowych wy\u0142\u0105cznie tre\u015bci najwy\u017cszej jako\u015bci.<\/p>\n\n\n\n<hr class=\"wp-block-separator has-alpha-channel-opacity\"\/>\n\n\n<div  class=\"lgc-column lgc-grid-parent lgc-grid-33 lgc-tablet-grid-50 lgc-mobile-grid-100 lgc-equal-heights \"><div  class=\"inside-grid-column\">\n<img loading=\"lazy\" decoding=\"async\" class=\"round alignnone wp-image-9365 size-full\" src=\"https:\/\/casinofrog.com\/wp-content\/uploads\/agnieszka-michalska.jpg\" alt=\"\" width=\"150\" height=\"150\" \/>\n<p style=\"text-align: left;\"><strong>Agnieszka Michalska<br \/>\n<\/strong>Agnieszka pracowa\u0142a na luksusowych jachtach, na kt\u00f3rych w wolnych chwilach gra\u0142a w gry kasynowe. B\u0119d\u0105c w Polsce rozpocz\u0119\u0142a karier\u0119 w marketingu. Aga szczeg\u00f3lnym sentymentem darzy gry w kasynie na \u017cywo. Jest mi\u0142o\u015bniczk\u0105 ruletki. W Casino Frog pomaga graczom zrozumie\u0107, jak dzia\u0142aj\u0105 gry sto\u0142owe i recenzuje nowo\u015bci pojawiaj\u0105ce si\u0119 na rynku.<\/p>\n<p style=\"text-align: left;\"><\/p><\/div><\/div>\n\n\n<div  class=\"lgc-column lgc-grid-parent lgc-grid-33 lgc-tablet-grid-50 lgc-mobile-grid-100 lgc-equal-heights \"><div  class=\"inside-grid-column\">\n<img loading=\"lazy\" decoding=\"async\" class=\"round alignnone wp-image-9378 size-full\" src=\"https:\/\/casinofrog.com\/wp-content\/uploads\/mateusz-zajac.jpg\" alt=\"\" width=\"150\" height=\"150\" \/><br \/>\n<strong>Mateusz Zaj\u0105c<\/strong><br \/>\nMateusz uwielbia automaty, szczeg\u00f3lnie te, kt\u00f3re s\u0105 wype\u0142nione funkcjami bonusowymi. Slotem, do kt\u00f3rego najch\u0119tniej powraca jest Gonzo\u2019s Quest. W naszym zespole zajmuje si\u0119 bacznym \u015bledzeniem nowinek w \u015bwiecie dostawc\u00f3w oprogramowania kasynowego oraz testuje nowe automaty do gry. W wolnych chwilach uprawia kolarstwo i przygotowuje si\u0119 do pierwszego wyst\u0119pu w triathlonie.<br \/>\n<\/div><\/div>\n\n\n<div  class=\"lgc-column lgc-grid-parent lgc-grid-33 lgc-tablet-grid-50 lgc-mobile-grid-100 lgc-equal-heights \"><div  class=\"inside-grid-column\">\n<img loading=\"lazy\" decoding=\"async\" class=\"round alignnone wp-image-9391 size-full\" src=\"https:\/\/casinofrog.com\/wp-content\/uploads\/kamil-sikora.jpg\" alt=\"\" width=\"150\" height=\"150\" \/><br \/>\n<strong>Kamil Sikora<\/strong><br \/>\nKamil jest magistrem polonistyki. Od kilku lat jest zafascynowany bran\u017c\u0105 kasynow\u0105 i ch\u0119tnie zajmuje si\u0119 szczeg\u00f3\u0142owym recenzowaniem kasyn online. Rejestruje si\u0119 jako u\u017cytkownik w ka\u017cdym z nich, testuje gry, odbiera bonusy, oraz kontaktuje si\u0119 ze wsparciem. W wolnym czasie ch\u0119tnie wybiera si\u0119 na d\u0142ugie spacery i s\u0142ucha podcast\u00f3w kryminalnych.<br \/>\n<\/div><\/div><div class=\"lgc-clear\"><\/div>\n","protected":false},"excerpt":{"rendered":"<p>Poznaj polski zesp\u00f3\u0142 Casino Frog. Naszym celem jest dostarczanie czytelnikom najlepszych tre\u015bci kasynowych w ca\u0142ej Polsce. Dzi\u0119ki po\u0142\u0105czeniu swoich umiej\u0119tno\u015bci i do\u015bwiadczenia w bran\u017cy, nieustannie przekraczamy granice, prezentuj\u0105c fanom gier kasynowych wy\u0142\u0105cznie tre\u015bci najwy\u017cszej jako\u015bci.<\/p>\n","protected":false},"author":72,"featured_media":0,"parent":0,"menu_order":0,"comment_status":"closed","ping_status":"closed","template":"","meta":{"_crdt_document":"","footnotes":""},"class_list":["post-9363","page","type-page","status-publish"],"_links":{"self":[{"href":"https:\/\/casinofrog.com\/pl\/wp-json\/wp\/v2\/pages\/9363","targetHints":{"allow":["GET"]}}],"collection":[{"href":"https:\/\/casinofrog.com\/pl\/wp-json\/wp\/v2\/pages"}],"about":[{"href":"https:\/\/casinofrog.com\/pl\/wp-json\/wp\/v2\/types\/page"}],"author":[{"embeddable":true,"href":"https:\/\/casinofrog.com\/pl\/wp-json\/wp\/v2\/users\/72"}],"replies":[{"embeddable":true,"href":"https:\/\/casinofrog.com\/pl\/wp-json\/wp\/v2\/comments?post=9363"}],"version-history":[{"count":3,"href":"https:\/\/casinofrog.com\/pl\/wp-json\/wp\/v2\/pages\/9363\/revisions"}],"predecessor-version":[{"id":20561,"href":"https:\/\/casinofrog.com\/pl\/wp-json\/wp\/v2\/pages\/9363\/revisions\/20561"}],"wp:attachment":[{"href":"https:\/\/casinofrog.com\/pl\/wp-json\/wp\/v2\/media?parent=9363"}],"curies":[{"name":"wp","href":"https:\/\/api.w.org\/{rel}","templated":true}]}}