{"id":9356,"date":"2020-10-05T14:38:15","date_gmt":"2020-10-05T14:38:15","guid":{"rendered":"https:\/\/casinofrog.com\/?page_id=9356"},"modified":"2024-12-28T08:44:17","modified_gmt":"2024-12-28T08:44:17","slug":"pomoc","status":"publish","type":"page","link":"https:\/\/casinofrog.com\/pl\/pomoc\/","title":{"rendered":"Pomoc w Casino Frog (PL)"},"content":{"rendered":"\n<h2 class=\"wp-block-heading\">Centrum Pomocy Casino Frog<\/h2>\n\n\n\n<p class=\"wp-block-paragraph\">Wybierz temat lub przejrzyj poni\u017csze FAQ, aby znale\u017a\u0107 odpowiedzi na wszelkie w\u0105tpliwo\u015bci, kt\u00f3re przyjd\u0105 Ci do g\u0142owy. Znajd\u017a<\/p>\n\n\n<form role=\"search\" method=\"get\" action=\"https:\/\/casinofrog.com\/pl\/\" class=\"wp-block-search__button-outside wp-block-search__text-button wp-block-search\"    ><label class=\"wp-block-search__label\" for=\"wp-block-search__input-2\" >Szukaj<\/label><div class=\"wp-block-search__inside-wrapper\" ><input class=\"wp-block-search__input\" id=\"wp-block-search__input-2\" placeholder=\"\" value=\"\" type=\"search\" name=\"s\" required \/><button aria-label=\"Szukaj\" class=\"wp-block-search__button wp-element-button\" type=\"submit\" >Szukaj<\/button><\/div><\/form>\n\n\n<hr class=\"wp-block-separator has-alpha-channel-opacity\"\/>\n\n\n\n<h2 class=\"wp-block-heading\">Jak mo\u017cemy Ci pom\u00f3c?<\/h2>\n\n\n\n<p class=\"has-text-align-center wp-block-paragraph\">Wybierz interesuj\u0105cy Ci\u0119 temat.<\/p>\n\n\n<div  class=\"lgc-column lgc-grid-parent lgc-grid-33 lgc-tablet-grid-50 lgc-mobile-grid-100 lgc-equal-heights \"><div  class=\"inside-grid-column\">\n<h4><a href=\"https:\/\/casinofrog.com\/pl\/o-nas\/\">O Casino Frog<\/a><\/h4>\n<p>Przejd\u017a do strony \u201eO Nas\u201d, je\u015bli chcesz dowiedzie\u0107 si\u0119 wi\u0119cej o Casino Frog, w tym o naszych celach i warto\u015bciach. <\/p><\/div><\/div>\n\n\n<div  class=\"lgc-column lgc-grid-parent lgc-grid-33 lgc-tablet-grid-50 lgc-mobile-grid-100 lgc-equal-heights \"><div  class=\"inside-grid-column\">\n<h4><a href=\"https:\/\/casinofrog.com\/pl\/odpowiedzialny-hazard\/\">Odpowiedzialna Gra<\/a><\/h4>\n<p>W pe\u0142ni wspieramy i promujemy odpowiedzialny hazard. Dowiedz si\u0119 wi\u0119cej o naszym stanowisku w tej sprawie. <\/p><\/div><\/div>\n\n\n<div  class=\"lgc-column lgc-grid-parent lgc-grid-33 lgc-tablet-grid-50 lgc-mobile-grid-100 lgc-equal-heights \"><div  class=\"inside-grid-column\">\n<h4><a href=\"https:\/\/casinofrog.com\/pl\/kontakt\/\">Skontaktuj si\u0119 z nami<\/a><\/h4>\n<p>Bardzo chcieliby\u015bmy by\u0107 z Tob\u0105 w kontakcie. Wy\u015blij nam wiadomo\u015b\u0107 z jakimkolwiek problemem, kt\u00f3ry Ci\u0119 trapi, a my skontaktujemy si\u0119 z Tob\u0105 tak szybko, jak to mo\u017cliwe. <\/p><\/div><\/div>\n\n\n\n<hr class=\"wp-block-separator has-alpha-channel-opacity\"\/>\n\n\n\n<h2 class=\"wp-block-heading\">Cz\u0119sto Zadawane Pytania<\/h2>\n\n\n<style>#sp-ea-9357 .spcollapsing { height: 0; overflow: hidden; transition-property: height;transition-duration: 500ms;}#sp-ea-9357{ position: relative; }#sp-ea-9357 .ea-card{ opacity: 0;}#eap-preloader-9357{ position: absolute; left: 0; top: 0; height: 100%;width: 100%; text-align: center;display: flex; align-items: center;justify-content: center;}#sp-ea-9357.sp-easy-accordion>.sp-ea-single {margin-bottom: 10px; border: 1px solid #e2e2e2; }#sp-ea-9357.sp-easy-accordion>.sp-ea-single>.ea-header a {color: #444;}#sp-ea-9357.sp-easy-accordion>.sp-ea-single>.sp-collapse>.ea-body {background: #fff; color: #444;}#sp-ea-9357.sp-easy-accordion>.sp-ea-single {background: #eee;}#sp-ea-9357.sp-easy-accordion>.sp-ea-single>.ea-header a .ea-expand-icon { float: left; color: #444;font-size: 16px;}<\/style><div id=\"sp_easy_accordion-1776793910\"><div id=\"sp-ea-9357\" class=\"sp-ea-one sp-easy-accordion\" data-ea-active=\"ea-click\" data-ea-mode=\"vertical\" data-preloader=\"1\" data-scroll-active-item=\"\" data-offset-to-scroll=\"0\"><div id=\"eap-preloader-9357\" class=\"accordion-preloader\"><img decoding=\"async\" src=\"https:\/\/casinofrog.com\/wp-content\/plugins\/easy-accordion-free\/public\/assets\/ea_loader.svg\" alt=\"Loader image\"\/><\/div><div class=\"ea-card ea-expand sp-ea-single\"><h3 class=\"ea-header\"><a class=\"collapsed\" id=\"ea-header-93570\" role=\"button\" data-sptoggle=\"spcollapse\" data-sptarget=\"#collapse93570\" aria-controls=\"collapse93570\" href=\"#\" aria-expanded=\"true\" tabindex=\"0\"><i aria-hidden=\"true\" role=\"presentation\" class=\"ea-expand-icon eap-icon-ea-expand-minus\"><\/i> Czym jest Casino Frog?<\/a><\/h3><div class=\"sp-collapse spcollapse collapsed show\" id=\"collapse93570\" role=\"region\" aria-labelledby=\"ea-header-93570\"> <div class=\"ea-body\"><p><span style=\"font-weight: 400\">Casino Frog to internetowa por\u00f3wnywarka stworzona po to, aby u\u0142atwi\u0107 \u017cycie graczom. Nasz zesp\u00f3\u0142 sk\u0142ada si\u0119 z do\u015bwiadczonych ekspert\u00f3w z r\u00f3\u017cnych dziedzin, kt\u00f3rzy z pasj\u0105 pomagaj\u0105 naszym czytelnikom znale\u017a\u0107 idealn\u0105 stron\u0119 kasyna online.<\/span><\/p><\/div><\/div><\/div><div class=\"ea-card ea-expand sp-ea-single\"><h3 class=\"ea-header\"><a class=\"collapsed\" id=\"ea-header-93571\" role=\"button\" data-sptoggle=\"spcollapse\" data-sptarget=\"#collapse93571\" aria-controls=\"collapse93571\" href=\"#\" aria-expanded=\"true\" tabindex=\"0\"><i aria-hidden=\"true\" role=\"presentation\" class=\"ea-expand-icon eap-icon-ea-expand-minus\"><\/i> Jak do\u0142\u0105czy\u0107 do strony kasyna online?<\/a><\/h3><div class=\"sp-collapse spcollapse collapsed show\" id=\"collapse93571\" role=\"region\" aria-labelledby=\"ea-header-93571\"> <div class=\"ea-body\"><p><span style=\"font-weight: 400\">Naj\u0142atwiejszym sposobem jest <\/span><b>por\u00f3wnanie ofert<\/b><span style=\"font-weight: 400\"> dost\u0119pnych na naszych szczeg\u00f3\u0142owych listach kasyn online. Wybierz swoje ulubione, gdy sko\u0144czysz je por\u00f3wnywa\u0107. Nast\u0119pnie musisz za\u0142o\u017cy\u0107 konto i wype\u0142ni\u0107 formularz rejestracyjny. Po zarejestrowaniu si\u0119 pozostaje tylko dokona\u0107 wp\u0142aty i gotowe.<\/span><\/p><\/div><\/div><\/div><div class=\"ea-card ea-expand sp-ea-single\"><h3 class=\"ea-header\"><a class=\"collapsed\" id=\"ea-header-93572\" role=\"button\" data-sptoggle=\"spcollapse\" data-sptarget=\"#collapse93572\" aria-controls=\"collapse93572\" href=\"#\" aria-expanded=\"true\" tabindex=\"0\"><i aria-hidden=\"true\" role=\"presentation\" class=\"ea-expand-icon eap-icon-ea-expand-minus\"><\/i> Ile musz\u0119 mie\u0107 lat, aby gra\u0107 online?<\/a><\/h3><div class=\"sp-collapse spcollapse collapsed show\" id=\"collapse93572\" role=\"region\" aria-labelledby=\"ea-header-93572\"> <div class=\"ea-body\"><p><span style=\"font-weight: 400\">Aby legalnie gra\u0107 w kasynie online, trzeba mie\u0107 <\/span><b>uko\u0144czone 18 lat<\/b><span style=\"font-weight: 400\">. Tak jest zar\u00f3wno w Polsce i wi\u0119kszo\u015bci kraj\u00f3w na ca\u0142ym \u015bwiecie.<\/span><\/p><\/div><\/div><\/div><div class=\"ea-card ea-expand sp-ea-single\"><h3 class=\"ea-header\"><a class=\"collapsed\" id=\"ea-header-93573\" role=\"button\" data-sptoggle=\"spcollapse\" data-sptarget=\"#collapse93573\" aria-controls=\"collapse93573\" href=\"#\" aria-expanded=\"true\" tabindex=\"0\"><i aria-hidden=\"true\" role=\"presentation\" class=\"ea-expand-icon eap-icon-ea-expand-minus\"><\/i> Kiedy mog\u0119 wyp\u0142aci\u0107 wygrane bonusowe?<\/a><\/h3><div class=\"sp-collapse spcollapse collapsed show\" id=\"collapse93573\" role=\"region\" aria-labelledby=\"ea-header-93573\"> <div class=\"ea-body\"><p><span style=\"font-weight: 400\">Mo\u017cesz wyp\u0142aci\u0107 bonusowe pieni\u0105dze, gdy tylko spe\u0142nisz wymagania bonusowe. Prawie ka\u017cda oferta bonusowa zawiera okre\u015blone warunki, takie jak obowi\u0105zek obr\u00f3cenia warto\u015bci\u0105 bonusu X razy.<\/span><\/p><\/div><\/div><\/div><div class=\"ea-card ea-expand sp-ea-single\"><h3 class=\"ea-header\"><a class=\"collapsed\" id=\"ea-header-93574\" role=\"button\" data-sptoggle=\"spcollapse\" data-sptarget=\"#collapse93574\" aria-controls=\"collapse93574\" href=\"#\" aria-expanded=\"true\" tabindex=\"0\"><i aria-hidden=\"true\" role=\"presentation\" class=\"ea-expand-icon eap-icon-ea-expand-minus\"><\/i> Czy kasyna online s\u0105 bezpieczne?<\/a><\/h3><div class=\"sp-collapse spcollapse collapsed show\" id=\"collapse93574\" role=\"region\" aria-labelledby=\"ea-header-93574\"> <div class=\"ea-body\"><p><span style=\"font-weight: 400\">Kr\u00f3tka odpowied\u017a brzmi: <\/span><b>tak<\/b><span style=\"font-weight: 400\">, kasyna online s\u0105 bezpieczne. Je\u015bli wybierzesz licencjonowan\u0105 i zweryfikowan\u0105 stron\u0119 kasyna, jeste\u015b w bezpiecznych r\u0119kach. Wszystkie promowane przez nas kasyna s\u0105 w pe\u0142ni licencjonowane i szyfrowane. Bezpiecze\u0144stwo graczy jest dla nas bardzo wa\u017cne i jest to g\u0142\u00f3wny czynnik, kt\u00f3ry bierzemy pod uwag\u0119 przy ocenie ka\u017cdego kasyna.<\/span><\/p><\/div><\/div><\/div><div class=\"ea-card ea-expand sp-ea-single\"><h3 class=\"ea-header\"><a class=\"collapsed\" id=\"ea-header-93575\" role=\"button\" data-sptoggle=\"spcollapse\" data-sptarget=\"#collapse93575\" aria-controls=\"collapse93575\" href=\"#\" aria-expanded=\"true\" tabindex=\"0\"><i aria-hidden=\"true\" role=\"presentation\" class=\"ea-expand-icon eap-icon-ea-expand-minus\"><\/i> Jak sko\u0144czy\u0107 z hazardem?<\/a><\/h3><div class=\"sp-collapse spcollapse collapsed show\" id=\"collapse93575\" role=\"region\" aria-labelledby=\"ea-header-93575\"> <div class=\"ea-body\"><p><span style=\"font-weight: 400\">Je\u015bli doszed\u0142e\u015b do momentu, w kt\u00f3rym hazard nie jest ju\u017c dla Ciebie ani zabawny, ani przyjemny, koniecznie zr\u00f3b sobie przerw\u0119. Istnieje wiele opcji dla tych os\u00f3b, kt\u00f3rzy chc\u0105 odpocz\u0105\u0107 od hazardu lub ca\u0142kowicie z niego zrezygnowa\u0107. Jedn\u0105 z alternatyw jest \u201ezablokowanie\u201d sobie dost\u0119pu do wszystkich witryn kasyn. Istniej\u0105 r\u00f3wnie\u017c organizacje pomocowe, takie jak <\/span><a href=\"http:\/\/www.anonimowihazardzisci.org\/\" target=\"_blank\" rel=\"noopener\"><span style=\"font-weight: 400\">Anonimowi Hazardzi\u015bci<\/span><\/a><span style=\"font-weight: 400\">, w kt\u00f3rej mo\u017cna uzyska\u0107 porady i pomoc<\/span><\/p><\/div><\/div><\/div><div class=\"ea-card ea-expand sp-ea-single\"><h3 class=\"ea-header\"><a class=\"collapsed\" id=\"ea-header-93576\" role=\"button\" data-sptoggle=\"spcollapse\" data-sptarget=\"#collapse93576\" aria-controls=\"collapse93576\" href=\"#\" aria-expanded=\"true\" tabindex=\"0\"><i aria-hidden=\"true\" role=\"presentation\" class=\"ea-expand-icon eap-icon-ea-expand-minus\"><\/i> Czy mog\u0119 gra\u0107 na moim telefonie?<\/a><\/h3><div class=\"sp-collapse spcollapse collapsed show\" id=\"collapse93576\" role=\"region\" aria-labelledby=\"ea-header-93576\"> <div class=\"ea-body\"><p><b>Tak, <\/b><span style=\"font-weight: 400\">mo\u017cesz. Wystarczy, \u017ce b\u0119dziesz posiada\u0142 smartfon i po\u0142\u0105czenie z Internetem. Dzisiejsze kasyna maj\u0105 \u015bwietne wsparcie dla u\u017cytkownik\u00f3w mobilnych. Zwykle nie musisz nawet pobiera\u0107 aplikacji, aby zacz\u0105\u0107 gr\u0119, poniewa\u017c w wi\u0119kszo\u015bci przypadk\u00f3w wystarczy przegl\u0105darka internetowa w telefonie.<\/span><\/p><\/div><\/div><\/div><script type=\"application\/ld+json\">{ \"@context\": \"https:\/\/schema.org\", \"@type\": \"FAQPage\", \"@id\": \"sp-ea-schema-9357-69e7b936dbe78\", \"mainEntity\": [{ \"@type\": \"Question\", \"name\": \"Czym jest Casino Frog?\", \"acceptedAnswer\": { \"@type\": \"Answer\", \"text\": \"Casino Frog to internetowa por\u00f3wnywarka stworzona po to, aby u\u0142atwi\u0107 \u017cycie graczom. Nasz zesp\u00f3\u0142 sk\u0142ada si\u0119 z do\u015bwiadczonych ekspert\u00f3w z r\u00f3\u017cnych dziedzin, kt\u00f3rzy z pasj\u0105 pomagaj\u0105 naszym czytelnikom znale\u017a\u0107 idealn\u0105 stron\u0119 kasyna online.\" } },{ \"@type\": \"Question\", \"name\": \"Jak do\u0142\u0105czy\u0107 do strony kasyna online?\", \"acceptedAnswer\": { \"@type\": \"Answer\", \"text\": \"Naj\u0142atwiejszym sposobem jest<b>por\u00f3wnanie ofert<\/b>dost\u0119pnych na naszych szczeg\u00f3\u0142owych listach kasyn online. Wybierz swoje ulubione, gdy sko\u0144czysz je por\u00f3wnywa\u0107. Nast\u0119pnie musisz za\u0142o\u017cy\u0107 konto i wype\u0142ni\u0107 formularz rejestracyjny. Po zarejestrowaniu si\u0119 pozostaje tylko dokona\u0107 wp\u0142aty i gotowe.\" } },{ \"@type\": \"Question\", \"name\": \"Ile musz\u0119 mie\u0107 lat, aby gra\u0107 online?\", \"acceptedAnswer\": { \"@type\": \"Answer\", \"text\": \"Aby legalnie gra\u0107 w kasynie online, trzeba mie\u0107<b>uko\u0144czone 18 lat<\/b>. Tak jest zar\u00f3wno w Polsce i wi\u0119kszo\u015bci kraj\u00f3w na ca\u0142ym \u015bwiecie.\" } },{ \"@type\": \"Question\", \"name\": \"Kiedy mog\u0119 wyp\u0142aci\u0107 wygrane bonusowe?\", \"acceptedAnswer\": { \"@type\": \"Answer\", \"text\": \"Mo\u017cesz wyp\u0142aci\u0107 bonusowe pieni\u0105dze, gdy tylko spe\u0142nisz wymagania bonusowe. Prawie ka\u017cda oferta bonusowa zawiera okre\u015blone warunki, takie jak obowi\u0105zek obr\u00f3cenia warto\u015bci\u0105 bonusu X razy.\" } },{ \"@type\": \"Question\", \"name\": \"Czy kasyna online s\u0105 bezpieczne?\", \"acceptedAnswer\": { \"@type\": \"Answer\", \"text\": \"Kr\u00f3tka odpowied\u017a brzmi:<b>tak<\/b>, kasyna online s\u0105 bezpieczne. Je\u015bli wybierzesz licencjonowan\u0105 i zweryfikowan\u0105 stron\u0119 kasyna, jeste\u015b w bezpiecznych r\u0119kach. Wszystkie promowane przez nas kasyna s\u0105 w pe\u0142ni licencjonowane i szyfrowane. Bezpiecze\u0144stwo graczy jest dla nas bardzo wa\u017cne i jest to g\u0142\u00f3wny czynnik, kt\u00f3ry bierzemy pod uwag\u0119 przy ocenie ka\u017cdego kasyna.\" } },{ \"@type\": \"Question\", \"name\": \"Jak sko\u0144czy\u0107 z hazardem?\", \"acceptedAnswer\": { \"@type\": \"Answer\", \"text\": \"Je\u015bli doszed\u0142e\u015b do momentu, w kt\u00f3rym hazard nie jest ju\u017c dla Ciebie ani zabawny, ani przyjemny, koniecznie zr\u00f3b sobie przerw\u0119. Istnieje wiele opcji dla tych os\u00f3b, kt\u00f3rzy chc\u0105 odpocz\u0105\u0107 od hazardu lub ca\u0142kowicie z niego zrezygnowa\u0107. Jedn\u0105 z alternatyw jest \u201ezablokowanie\u201d sobie dost\u0119pu do wszystkich witryn kasyn. Istniej\u0105 r\u00f3wnie\u017c organizacje pomocowe, takie jak Anonimowi Hazardzi\u015bci, w kt\u00f3rej mo\u017cna uzyska\u0107 porady i pomoc\" } },{ \"@type\": \"Question\", \"name\": \"Czy mog\u0119 gra\u0107 na moim telefonie?\", \"acceptedAnswer\": { \"@type\": \"Answer\", \"text\": \"<b>Tak,<\/b>mo\u017cesz. Wystarczy, \u017ce b\u0119dziesz posiada\u0142 smartfon i po\u0142\u0105czenie z Internetem. Dzisiejsze kasyna maj\u0105 \u015bwietne wsparcie dla u\u017cytkownik\u00f3w mobilnych. Zwykle nie musisz nawet pobiera\u0107 aplikacji, aby zacz\u0105\u0107 gr\u0119, poniewa\u017c w wi\u0119kszo\u015bci przypadk\u00f3w wystarczy przegl\u0105darka internetowa w telefonie.\" } }] }<\/script><\/div><\/div>\n","protected":false},"excerpt":{"rendered":"<p>Centrum Pomocy Casino Frog Wybierz temat lub przejrzyj poni\u017csze FAQ, aby znale\u017a\u0107 odpowiedzi na wszelkie w\u0105tpliwo\u015bci, kt\u00f3re przyjd\u0105 Ci do g\u0142owy. Znajd\u017a Jak mo\u017cemy Ci pom\u00f3c? Wybierz interesuj\u0105cy Ci\u0119 temat. Cz\u0119sto Zadawane Pytania<\/p>\n","protected":false},"author":72,"featured_media":0,"parent":0,"menu_order":0,"comment_status":"closed","ping_status":"closed","template":"","meta":{"_crdt_document":"","footnotes":""},"class_list":["post-9356","page","type-page","status-publish"],"_links":{"self":[{"href":"https:\/\/casinofrog.com\/pl\/wp-json\/wp\/v2\/pages\/9356","targetHints":{"allow":["GET"]}}],"collection":[{"href":"https:\/\/casinofrog.com\/pl\/wp-json\/wp\/v2\/pages"}],"about":[{"href":"https:\/\/casinofrog.com\/pl\/wp-json\/wp\/v2\/types\/page"}],"author":[{"embeddable":true,"href":"https:\/\/casinofrog.com\/pl\/wp-json\/wp\/v2\/users\/72"}],"replies":[{"embeddable":true,"href":"https:\/\/casinofrog.com\/pl\/wp-json\/wp\/v2\/comments?post=9356"}],"version-history":[{"count":4,"href":"https:\/\/casinofrog.com\/pl\/wp-json\/wp\/v2\/pages\/9356\/revisions"}],"predecessor-version":[{"id":20563,"href":"https:\/\/casinofrog.com\/pl\/wp-json\/wp\/v2\/pages\/9356\/revisions\/20563"}],"wp:attachment":[{"href":"https:\/\/casinofrog.com\/pl\/wp-json\/wp\/v2\/media?parent=9356"}],"curies":[{"name":"wp","href":"https:\/\/api.w.org\/{rel}","templated":true}]}}