{"id":9354,"date":"2020-10-09T07:49:45","date_gmt":"2020-10-09T07:49:45","guid":{"rendered":"https:\/\/casinofrog.com\/?page_id=9354"},"modified":"2024-12-28T08:43:07","modified_gmt":"2024-12-28T08:43:07","slug":"kontakt","status":"publish","type":"page","link":"https:\/\/casinofrog.com\/pl\/kontakt\/","title":{"rendered":"Kontakt do Casino Frog (PL)"},"content":{"rendered":"<div class=\"wp-block-image\">\n<figure class=\"alignleft\"><img loading=\"lazy\" decoding=\"async\" width=\"100\" height=\"60\" src=\"https:\/\/casinofrog.com\/wp-content\/uploads\/kontakt-pl.png\" alt=\"\" class=\"wp-image-9470\"\/><\/figure>\n<\/div>\n\n\n<p class=\"wp-block-paragraph\">U\u017cyj poni\u017cszego formularza, aby skontaktowa\u0107 si\u0119 z zespo\u0142em Casino Frog. Daj nam zna\u0107, co o nas my\u015blisz! Ch\u0119tnie pomo\u017cemy Ci rozwi\u0105za\u0107 wszelkie napotkane przez Ciebie problemy, wys\u0142uchamy Twojej opinii i odpowiemy na pytania.<\/p>\n\n\n\n<p class=\"wp-block-paragraph\">Wy\u015blij nam wiadomo\u015b\u0107, wpisuj\u0105c swoje dane w poni\u017cszym formularzu kontaktowym. Skontaktujemy si\u0119 z Tob\u0105 tak szybko, jak to mo\u017cliwe!<\/p>\n\n\n\n<figure class=\"wp-block-table\"><table class=\"has-fixed-layout\"><tbody><tr><td><div class=\"wpforms-container wpforms-container-full\" id=\"wpforms-9359\"><form id=\"wpforms-form-9359\" class=\"wpforms-validate wpforms-form\" data-formid=\"9359\" method=\"post\" enctype=\"multipart\/form-data\" action=\"\/pl\/wp-json\/wp\/v2\/pages\/9354\" data-token=\"4f71b36ec8bc35393068eac5eb52d5d5\" data-token-time=\"1775619042\"><noscript class=\"wpforms-error-noscript\">Aby wype\u0142ni\u0107 ten formularz, w\u0142\u0105cz obs\u0142ug\u0119 JavaScript w przegl\u0105darce.<\/noscript><div class=\"wpforms-field-container\"><div id=\"wpforms-9359-field_0-container\" class=\"wpforms-field wpforms-field-name\" data-field-id=\"0\"><label class=\"wpforms-field-label\" for=\"wpforms-9359-field_0\">Imi\u0119 <span class=\"wpforms-required-label\">*<\/span><\/label><input type=\"text\" id=\"wpforms-9359-field_0\" class=\"wpforms-field-medium wpforms-field-required\" name=\"wpforms[fields][0]\" placeholder=\"Twoje imi\u0119\" required><\/div><div id=\"wpforms-9359-field_1-container\" class=\"wpforms-field wpforms-field-email\" data-field-id=\"1\"><label class=\"wpforms-field-label\" for=\"wpforms-9359-field_1\">E-mail <span class=\"wpforms-required-label\">*<\/span><\/label><input type=\"email\" id=\"wpforms-9359-field_1\" class=\"wpforms-field-medium wpforms-field-required\" name=\"wpforms[fields][1]\" placeholder=\"Tw\u00f3j e-mail\" spellcheck=\"false\" required><\/div><div id=\"wpforms-9359-field_6-container\" class=\"wpforms-field wpforms-field-select wpforms-field-select-style-classic\" data-field-id=\"6\"><label class=\"wpforms-field-label\" for=\"wpforms-9359-field_6\">Kategoria<\/label><select id=\"wpforms-9359-field_6\" class=\"wpforms-field-medium\" name=\"wpforms[fields][6]\"><option value=\"\" class=\"placeholder\" disabled  selected='selected'>Jaki jest temat Twojej wiadomo\u015bci?<\/option><option value=\"Problem\"  class=\"choice-1 depth-1\"  >Problem<\/option><option value=\"Opinia\"  class=\"choice-2 depth-1\"  >Opinia<\/option><option value=\"B\u0142\u0105d\"  class=\"choice-3 depth-1\"  >B\u0142\u0105d<\/option><option value=\"Inny\"  class=\"choice-4 depth-1\"  >Inny<\/option><\/select><\/div><div id=\"wpforms-9359-field_2-container\" class=\"wpforms-field wpforms-field-textarea\" data-field-id=\"2\"><label class=\"wpforms-field-label\" for=\"wpforms-9359-field_2\">Wiadomo\u015b\u0107 <span class=\"wpforms-required-label\">*<\/span><\/label><textarea id=\"wpforms-9359-field_2\" class=\"wpforms-field-medium wpforms-field-required\" name=\"wpforms[fields][2]\" placeholder=\"Twoja wiadomo\u015b\u0107\" required><\/textarea><\/div><\/div><!-- .wpforms-field-container --><div class=\"wpforms-field wpforms-field-hp\"><label for=\"wpforms-9359-field-hp\" class=\"wpforms-field-label\">Phone<\/label><input type=\"text\" name=\"wpforms[hp]\" id=\"wpforms-9359-field-hp\" class=\"wpforms-field-medium\"><\/div><div class=\"wpforms-recaptcha-container wpforms-is-recaptcha wpforms-is-recaptcha-type-v3\" ><input type=\"hidden\" name=\"wpforms[recaptcha]\" value=\"\"><\/div><div class=\"wpforms-submit-container\" ><input type=\"hidden\" name=\"wpforms[id]\" value=\"9359\"><input type=\"hidden\" name=\"page_title\" value=\"\"><input type=\"hidden\" name=\"page_url\" value=\"https:\/\/casinofrog.com\/pl\/wp-json\/wp\/v2\/pages\/9354\"><input type=\"hidden\" name=\"url_referer\" value=\"\"><button type=\"submit\" name=\"wpforms[submit]\" id=\"wpforms-submit-9359\" class=\"wpforms-submit\" data-alt-text=\"Sending\u2026\" data-submit-text=\"Wy\u015blij\" aria-live=\"assertive\" value=\"wpforms-submit\">Wy\u015blij<\/button><\/div><\/form><\/div>  <!-- .wpforms-container --><\/td><\/tr><\/tbody><\/table><\/figure>\n\n\n\n<p class=\"wp-block-paragraph\">Casino Frog N.V. (#938493)<br>Heelsumstraat 51 E-Commerce Park, Willemstad, Cura\u00e7ao<br>+5999 783 1899<\/p>\n","protected":false},"excerpt":{"rendered":"<p>U\u017cyj poni\u017cszego formularza, aby skontaktowa\u0107 si\u0119 z zespo\u0142em Casino Frog. Daj nam zna\u0107, co o nas my\u015blisz! Ch\u0119tnie pomo\u017cemy Ci rozwi\u0105za\u0107 wszelkie napotkane przez Ciebie problemy, wys\u0142uchamy Twojej opinii i odpowiemy na pytania. Wy\u015blij nam wiadomo\u015b\u0107, wpisuj\u0105c swoje dane w poni\u017cszym formularzu kontaktowym. Skontaktujemy si\u0119 z Tob\u0105 tak szybko, jak to mo\u017cliwe! Casino Frog N.V. &#8230; <a title=\"Kontakt do Casino Frog (PL)\" class=\"read-more\" href=\"https:\/\/casinofrog.com\/pl\/kontakt\/\" aria-label=\"Dowiedz si\u0119 wi\u0119cej o Kontakt do Casino Frog (PL)\">Czytaj dalej<\/a><\/p>\n","protected":false},"author":72,"featured_media":0,"parent":0,"menu_order":0,"comment_status":"closed","ping_status":"closed","template":"","meta":{"_crdt_document":"","footnotes":""},"class_list":["post-9354","page","type-page","status-publish"],"_links":{"self":[{"href":"https:\/\/casinofrog.com\/pl\/wp-json\/wp\/v2\/pages\/9354","targetHints":{"allow":["GET"]}}],"collection":[{"href":"https:\/\/casinofrog.com\/pl\/wp-json\/wp\/v2\/pages"}],"about":[{"href":"https:\/\/casinofrog.com\/pl\/wp-json\/wp\/v2\/types\/page"}],"author":[{"embeddable":true,"href":"https:\/\/casinofrog.com\/pl\/wp-json\/wp\/v2\/users\/72"}],"replies":[{"embeddable":true,"href":"https:\/\/casinofrog.com\/pl\/wp-json\/wp\/v2\/comments?post=9354"}],"version-history":[{"count":8,"href":"https:\/\/casinofrog.com\/pl\/wp-json\/wp\/v2\/pages\/9354\/revisions"}],"predecessor-version":[{"id":20560,"href":"https:\/\/casinofrog.com\/pl\/wp-json\/wp\/v2\/pages\/9354\/revisions\/20560"}],"wp:attachment":[{"href":"https:\/\/casinofrog.com\/pl\/wp-json\/wp\/v2\/media?parent=9354"}],"curies":[{"name":"wp","href":"https:\/\/api.w.org\/{rel}","templated":true}]}}