{"id":9352,"date":"2020-10-05T14:38:01","date_gmt":"2020-10-05T14:38:01","guid":{"rendered":"https:\/\/casinofrog.com\/?page_id=9352"},"modified":"2024-12-28T08:43:02","modified_gmt":"2024-12-28T08:43:02","slug":"partnerzy","status":"publish","type":"page","link":"https:\/\/casinofrog.com\/pl\/partnerzy\/","title":{"rendered":"Partnerzy Casino Frog (PL)"},"content":{"rendered":"\n<p class=\"wp-block-paragraph\">Casino Frog nawi\u0105za\u0142o wsp\u00f3\u0142prac\u0119 z kilkoma uznanymi witrynami kasyn online, aby zaoferowa\u0107 naszym klientom wy\u0142\u0105cznie najlepsze wra\u017cenia z pobytu w kasynach, wliczaj\u0105c w to dost\u0119p do ekskluzywnych bonus\u00f3w. Wierzymy, \u017ce silne partnerstwo jest podstaw\u0105 sukcesu i jest dla nas wa\u017cne to, aby ka\u017cdy z partner\u00f3w Casino Frog wspiera\u0142 bezpieczny i odpowiedzialny hazard.<\/p>\n\n\n\n<p class=\"wp-block-paragraph\">Czy Twoja firma chce poszerzy\u0107 swoje horyzonty i do\u0142\u0105czy\u0107 do rodziny partner\u00f3w Casino Frog? Nie wahaj si\u0119 i <a href=\"https:\/\/casinofrog.com\/ca\/contact\/\">skontaktuj si\u0119 z nami<\/a>, aby pozna\u0107 wi\u0119cej szczeg\u00f3\u0142\u00f3w. W mi\u0119dzyczasie sp\u00f3jrz na naszych ukochanych partner\u00f3w:<\/p>\n","protected":false},"excerpt":{"rendered":"<p>Casino Frog nawi\u0105za\u0142o wsp\u00f3\u0142prac\u0119 z kilkoma uznanymi witrynami kasyn online, aby zaoferowa\u0107 naszym klientom wy\u0142\u0105cznie najlepsze wra\u017cenia z pobytu w kasynach, wliczaj\u0105c w to dost\u0119p do ekskluzywnych bonus\u00f3w. Wierzymy, \u017ce silne partnerstwo jest podstaw\u0105 sukcesu i jest dla nas wa\u017cne to, aby ka\u017cdy z partner\u00f3w Casino Frog wspiera\u0142 bezpieczny i odpowiedzialny hazard. Czy Twoja firma &#8230; <a title=\"Partnerzy Casino Frog (PL)\" class=\"read-more\" href=\"https:\/\/casinofrog.com\/pl\/partnerzy\/\" aria-label=\"Dowiedz si\u0119 wi\u0119cej o Partnerzy Casino Frog (PL)\">Czytaj dalej<\/a><\/p>\n","protected":false},"author":72,"featured_media":0,"parent":0,"menu_order":0,"comment_status":"closed","ping_status":"closed","template":"","meta":{"_crdt_document":"","footnotes":""},"class_list":["post-9352","page","type-page","status-publish"],"_links":{"self":[{"href":"https:\/\/casinofrog.com\/pl\/wp-json\/wp\/v2\/pages\/9352","targetHints":{"allow":["GET"]}}],"collection":[{"href":"https:\/\/casinofrog.com\/pl\/wp-json\/wp\/v2\/pages"}],"about":[{"href":"https:\/\/casinofrog.com\/pl\/wp-json\/wp\/v2\/types\/page"}],"author":[{"embeddable":true,"href":"https:\/\/casinofrog.com\/pl\/wp-json\/wp\/v2\/users\/72"}],"replies":[{"embeddable":true,"href":"https:\/\/casinofrog.com\/pl\/wp-json\/wp\/v2\/comments?post=9352"}],"version-history":[{"count":2,"href":"https:\/\/casinofrog.com\/pl\/wp-json\/wp\/v2\/pages\/9352\/revisions"}],"predecessor-version":[{"id":20559,"href":"https:\/\/casinofrog.com\/pl\/wp-json\/wp\/v2\/pages\/9352\/revisions\/20559"}],"wp:attachment":[{"href":"https:\/\/casinofrog.com\/pl\/wp-json\/wp\/v2\/media?parent=9352"}],"curies":[{"name":"wp","href":"https:\/\/api.w.org\/{rel}","templated":true}]}}