{"id":9350,"date":"2020-10-09T07:54:10","date_gmt":"2020-10-09T07:54:10","guid":{"rendered":"https:\/\/casinofrog.com\/?page_id=9350"},"modified":"2024-12-28T08:43:15","modified_gmt":"2024-12-28T08:43:15","slug":"kariera","status":"publish","type":"page","link":"https:\/\/casinofrog.com\/pl\/kariera\/","title":{"rendered":"Kariera w Casino Frog (PL)"},"content":{"rendered":"\n<p class=\"wp-block-paragraph\">W Casino Frog stawiamy poprzeczk\u0119 wysoko, a naszym celem jest pomoc naszym czytelnikom z ca\u0142ej Polski. Poniewa\u017c jeste\u015bmy w fazie ci\u0105g\u0142ej ekspansji, chcemy rekrutowa\u0107 nowe talenty do naszego zespo\u0142u.<\/p>\n\n\n\n<p class=\"wp-block-paragraph\">Mo\u017ce Ty masz w\u0142a\u015bnie takie umiej\u0119tno\u015bci, kt\u00f3rych szukamy? Wy\u015blij nam swoj\u0105 aplikacj\u0119 na adres: jobs@casinofrog.com!<\/p>\n\n\n\n<hr class=\"wp-block-separator has-alpha-channel-opacity\"\/>\n\n\n\n<h2 class=\"wp-block-heading\">Dlaczego warto z nami pracowa\u0107?<\/h2>\n\n\n\n<p class=\"wp-block-paragraph\">Naszym g\u0142\u00f3wnym celem jest pomoc naszym czytelnikom w znalezieniu najbardziej niezawodnych i bezpiecznych kasyn online na rynku. Mo\u017cemy to osi\u0105gn\u0105\u0107, poprzez uwa\u017cne \u015bledzenie tego, co dzieje si\u0119 w bran\u017cy i bycie na bie\u017c\u0105co ze wszelkimi zmianami.<\/p>\n\n\n\n<p class=\"wp-block-paragraph\">Wysoko cenimy zar\u00f3wno prac\u0119 zespo\u0142ow\u0105, jak i indywidualne inicjatywy. W naszym zespole ka\u017cdy wsp\u00f3\u0142pracownik ma mo\u017cliwo\u015b\u0107 wypowiedzenia swoich opinii. a my jeste\u015bmy przekonani, \u017ce wymiana pomys\u0142\u00f3w i wiedzy to klucz do sukcesu.<\/p>\n\n\n\n<p class=\"wp-block-paragraph\">Duch zespo\u0142owy to kolejne s\u0142owo kluczowe w kulturze naszej firmy, dlatego zawsze chcemy sobie pomaga\u0107 i uczy\u0107 si\u0119 od siebie nawzajem, aby wsp\u00f3lnie osi\u0105ga\u0107 zamierzone cele. Dbamy r\u00f3wnie\u017c o to, aby cz\u0142onkowie naszego zespo\u0142u mieli mo\u017cliwo\u015b\u0107 sta\u0142ego rozwoju kompetencji osobistych. Wspieramy je i zapewniamy odpowiednie szkolenia, je\u015bli tylko zajdzie taka potrzeba.<\/p>\n\n\n\n<h3 class=\"wp-block-heading\">Wierzymy w naszych wsp\u00f3\u0142pracownik\u00f3w<\/h3>\n\n\n\n<p class=\"wp-block-paragraph\">\u015arodowisko, w kt\u00f3rym pracujemy, stale si\u0119 zmienia i ewoluuje, wi\u0119c zawsze znajdziesz okazj\u0119, do poszerzenia swoich umiej\u0119tno\u015bci. Naszym obowi\u0105zkiem jest zapewnienie, aby ka\u017cdy wsp\u00f3\u0142pracownik czu\u0142 si\u0119 komfortowo w swojej roli. Zapewniamy szkolenia i inne narz\u0119dzia, kt\u00f3re tworz\u0105 idealne \u015brodowisko pracy dla naszych pracownik\u00f3w.<\/p>\n\n\n\n<h3 class=\"wp-block-heading\">Przyjazne \u015brodowisko pracy<\/h3>\n\n\n\n<p class=\"wp-block-paragraph\">Ka\u017cdy pracownik Casino Frog powinien czu\u0107, \u017ce pe\u0142ni wa\u017cn\u0105 rol\u0119 w naszej firmie. Wierzymy w zr\u00f3\u017cnicowane i integracyjne \u015brodowisko, w kt\u00f3rym wszyscy s\u0105 traktowani jednakowo. Dzi\u0119ki temu przyczyniamy si\u0119 do stworzenia bardziej dynamicznego i przyjaznego miejsca pracy.<\/p>\n\n\n\n<h3 class=\"wp-block-heading\">Wsp\u00f3lne cele<\/h3>\n\n\n\n<p class=\"wp-block-paragraph\">Wierzymy w prac\u0119 zespo\u0142ow\u0105 i w to, \u017ce dziel\u0105c te same warto\u015bci, mo\u017cemy razem pracowa\u0107 nad wsp\u00f3lnymi celami. Ta strategia okaza\u0142a si\u0119 niezwykle skuteczna dla zespo\u0142u Casino Frog. Nie zapominamy o tym, aby ceni\u0107, indywidualn\u0105 odpowiedzialno\u015b\u0107, poniewa\u017c buduje ona charakter i wzmacnia ducha zespo\u0142owego.<\/p>\n\n\n\n<hr class=\"wp-block-separator has-alpha-channel-opacity\"\/>\n\n\n\n<h2 class=\"wp-block-heading\">Do\u0142\u0105cz do naszego zespo\u0142u<\/h2>\n\n\n\n<p class=\"wp-block-paragraph\">Chcesz rozwin\u0105\u0107 swoj\u0105 karier\u0119? Poni\u017cej znajdziesz wszystkie aktualne oferty pracy w Casino Frog.<\/p>\n\n\n\n<h4 class=\"wp-block-heading\">Web developer \u2013 Pe\u0142en etat<\/h4>\n\n\n\n<p class=\"wp-block-paragraph\">Je\u015bli jeste\u015b do\u015bwiadczonym programist\u0105 internetowym i pasjonujesz si\u0119 grami, mo\u017cesz zosta\u0107 nasz\u0105 now\u0105 gwiazd\u0105! Nieustannie szukamy nowych pomys\u0142\u00f3w i mo\u017cliwo\u015bci na implementacj\u0119 funkcji i us\u0142ug w naszej witrynie i szukamy kogo\u015b, kto podziela nasz\u0105 wizj\u0119.<\/p>\n\n\n\n<h4 class=\"wp-block-heading\">Recenzent kasyn \u2013 Pe\u0142en etat \/ niepe\u0142ny wymiar godzin<\/h4>\n\n\n\n<p class=\"wp-block-paragraph\">Chcemy rozszerzy\u0107 nasz\u0105 nieustannie rosn\u0105c\u0105 bibliotek\u0119 tre\u015bci o kolejne, wyj\u0105tkowe recenzje kasyn. Aby tego dokona\u0107, potrzebujemy recenzenta z udokumentowanym do\u015bwiadczeniem i znajomo\u015bci\u0105 rynku kasyn.<\/p>\n\n\n\n<hr class=\"wp-block-separator has-alpha-channel-opacity\"\/>\n\n\n\n<h2 class=\"wp-block-heading\">Zaaplikuj ju\u017c teraz<\/h2>\n\n\n\n<p class=\"wp-block-paragraph\">Nie mo\u017cesz znale\u017a\u0107 stanowiska, kt\u00f3rego szukasz? Wy\u015blij nam wiadomo\u015b\u0107 i daj nam zna\u0107, w jaki spos\u00f3b mo\u017cesz pom\u00f3c zespo\u0142owi Casino Frog. Bardzo chcieliby\u015bmy zobaczy\u0107 Twoje CV, wi\u0119c prze\u015blij je do nas e-mailem na adres: jobs@casinofrog.com.<\/p>\n","protected":false},"excerpt":{"rendered":"<p>W Casino Frog stawiamy poprzeczk\u0119 wysoko, a naszym celem jest pomoc naszym czytelnikom z ca\u0142ej Polski. Poniewa\u017c jeste\u015bmy w fazie ci\u0105g\u0142ej ekspansji, chcemy rekrutowa\u0107 nowe talenty do naszego zespo\u0142u. Mo\u017ce Ty masz w\u0142a\u015bnie takie umiej\u0119tno\u015bci, kt\u00f3rych szukamy? Wy\u015blij nam swoj\u0105 aplikacj\u0119 na adres: jobs@casinofrog.com! Dlaczego warto z nami pracowa\u0107? Naszym g\u0142\u00f3wnym celem jest pomoc naszym &#8230; <a title=\"Kariera w Casino Frog (PL)\" class=\"read-more\" href=\"https:\/\/casinofrog.com\/pl\/kariera\/\" aria-label=\"Dowiedz si\u0119 wi\u0119cej o Kariera w Casino Frog (PL)\">Czytaj dalej<\/a><\/p>\n","protected":false},"author":72,"featured_media":0,"parent":0,"menu_order":0,"comment_status":"closed","ping_status":"closed","template":"","meta":{"_crdt_document":"","footnotes":""},"class_list":["post-9350","page","type-page","status-publish"],"_links":{"self":[{"href":"https:\/\/casinofrog.com\/pl\/wp-json\/wp\/v2\/pages\/9350","targetHints":{"allow":["GET"]}}],"collection":[{"href":"https:\/\/casinofrog.com\/pl\/wp-json\/wp\/v2\/pages"}],"about":[{"href":"https:\/\/casinofrog.com\/pl\/wp-json\/wp\/v2\/types\/page"}],"author":[{"embeddable":true,"href":"https:\/\/casinofrog.com\/pl\/wp-json\/wp\/v2\/users\/72"}],"replies":[{"embeddable":true,"href":"https:\/\/casinofrog.com\/pl\/wp-json\/wp\/v2\/comments?post=9350"}],"version-history":[{"count":3,"href":"https:\/\/casinofrog.com\/pl\/wp-json\/wp\/v2\/pages\/9350\/revisions"}],"predecessor-version":[{"id":20562,"href":"https:\/\/casinofrog.com\/pl\/wp-json\/wp\/v2\/pages\/9350\/revisions\/20562"}],"wp:attachment":[{"href":"https:\/\/casinofrog.com\/pl\/wp-json\/wp\/v2\/media?parent=9350"}],"curies":[{"name":"wp","href":"https:\/\/api.w.org\/{rel}","templated":true}]}}