{"id":9348,"date":"2020-10-07T12:13:44","date_gmt":"2020-10-07T12:13:44","guid":{"rendered":"https:\/\/casinofrog.com\/?page_id=9348"},"modified":"2024-12-28T08:34:11","modified_gmt":"2024-12-28T08:34:11","slug":"odpowiedzialny-hazard","status":"publish","type":"page","link":"https:\/\/casinofrog.com\/pl\/odpowiedzialny-hazard\/","title":{"rendered":"Odpowiedzialny Hazard w Polsce"},"content":{"rendered":"<div class=\"wp-block-image\">\n<figure class=\"alignright\"><img loading=\"lazy\" decoding=\"async\" width=\"130\" height=\"130\" src=\"https:\/\/casinofrog.com\/wp-content\/uploads\/odpowiedzialny-hazard.png\" alt=\"Odpowiedzialny Hazard\" class=\"wp-image-9496\"\/><\/figure>\n<\/div>\n\n\n<p class=\"wp-block-paragraph\">Internetowa rozrywka, taka jak gra w kasynach online i obstawianie zak\u0142ad\u00f3w bukmacherskich, to \u015bwietny spos\u00f3b na zabicie czasu. Istnieje jednak ryzyko zwi\u0105zane z uzale\u017cnieniem od hazardu dlatego niezwykle wa\u017cne jest, aby gracze grali odpowiedzialnie.<\/p>\n\n\n\n<p class=\"wp-block-paragraph\">Wi\u0119kszo\u015b\u0107 kraj\u00f3w, kt\u00f3re zezwalaj\u0105 na hazard internetowy i stacjonarny, posiada specjalnie przygotowane systemy pomocy dla os\u00f3b dotkni\u0119tych problemami z uzale\u017cnieniem od hazardu. Firmy, kt\u00f3re czerpi\u0105 zyski z hazardu, s\u0105 r\u00f3wnie\u017c zwykle zobowi\u0105zane do zapewnienia pomocy tym, kt\u00f3rzy popadaj\u0105 w na\u0142\u00f3g lub s\u0105 w grupie ryzyka.<\/p>\n\n\n\n<p class=\"wp-block-paragraph\">W Polsce dost\u0119pne s\u0105 dedykowane programy wsparcia dla os\u00f3b uzale\u017cnionych prowadzone przez instytucje zajmuj\u0105ce si\u0119 uzale\u017cnieniami. Mo\u017cna tam znale\u017a\u0107 nie tylko potrzebne wsparcie, ale tak\u017ce porady dotycz\u0105ce odpowiedzialnego hazardu.<\/p>\n\n\n\n<hr class=\"wp-block-separator has-alpha-channel-opacity\"\/>\n\n\n\n<h2 class=\"wp-block-heading\">Czym jest problem z hazardem?<\/h2>\n\n\n\n<p class=\"wp-block-paragraph\">Problem z hazardem pojawia si\u0119 wtedy, gdy zaanga\u017cowanie w hazard wykracza daleko poza zwyk\u0142\u0105 rozrywk\u0119. Osoby maj\u0105ce problem z hazardem lub nawet b\u0119d\u0105ce uzale\u017cnione od hazardu dochodz\u0105 w pewnym momencie do wniosku, \u017ce sp\u0119dzanie czasu na grze na pieni\u0105dze nie przynosi im ju\u017c rado\u015bci. Zamiast tego mog\u0105 jednak odkry\u0107, \u017ce tak naprawd\u0119 nie maj\u0105 innego wyboru, jak kontynuowa\u0107 gr\u0119. W rezultacie takie zachowanie w ogromnym stopniu wp\u0142ywa na wszystkie pozosta\u0142e aspekty ich \u017cycia &#8211; zar\u00f3wno zawodowego, jak i prywatnego.<\/p>\n\n\n\n<p class=\"wp-block-paragraph\">Istnieje kilka szczeg\u00f3lnych czynnik\u00f3w, kt\u00f3re gracze powinni wzi\u0105\u0107 pod uwag\u0119, zastanawiaj\u0105c si\u0119 na tym, czy hazard sta\u0142 si\u0119 dla nich problemem. Te sygna\u0142y ostrzegawcze to mi\u0119dzy innymi: kontynuowanie gry w celu \u201eodegrania si\u0119\u201d i odzyskania utraconych \u015brodk\u00f3w lub granie za pieni\u0105dze, kt\u00f3re by\u0142y przeznaczone na podstawowe wydatki niezb\u0119dne do codziennego \u017cycia, takie jak op\u0142aty za czynsz i inne rachunki lub wydatki na \u017cywno\u015b\u0107.<\/p>\n\n\n\n<p class=\"wp-block-paragraph\">Hazard nigdy nie powinien by\u0107 postrzegany jako spos\u00f3b na zarabianie pieni\u0119dzy. Nie nale\u017cy traktowa\u0107 hazardu jako czego\u015b, co mo\u017ce pom\u00f3c w op\u0142aceniu rachunk\u00f3w lub czynszu. Idealnie, hazard zawsze powinno by\u0107 traktowany w kategoriach niezobowi\u0105zuj\u0105cej rozrywki i niczego wi\u0119cej.<\/p>\n\n\n\n<h3 class=\"wp-block-heading\">Porady od Casino Frog dotycz\u0105ce Odpowiedzialnego Hazardu<\/h3>\n\n\n\n<p class=\"wp-block-paragraph\">Hazard mo\u017ce by\u0107 \u015bwietn\u0105 zabaw\u0105, ale wa\u017cne jest, aby gracze zrozumieli, jak gra\u0107 odpowiedzialnie i unikn\u0105\u0107 potencjalnych problem\u00f3w. Nasz zesp\u00f3\u0142 ekspert\u00f3w zaleca, aby gracze zawsze byli \u015bwiadomi wszelkich zagro\u017ce\u0144 zwi\u0105zanych z hazardem. Podejmij niezb\u0119dne kroki ju\u017c teraz i spraw, aby czas, jaki sp\u0119dzasz na hazardzie by\u0142 dedykowany wy\u0142\u0105cznie celom rozrywkowym.<\/p>\n\n\n\n<p class=\"wp-block-paragraph\">Podczas gry za pieni\u0105dze w sieci warto pami\u0119ta\u0107, \u017ce jest to tylko gra. Internetowy hazard nie powinien by\u0107 postrzegany jako spos\u00f3b na zarabianie pieni\u0119dzy ani jako okazja inwestycyjna. Internet jest pe\u0142en strategii i taktyk zwi\u0105zanych z hazardem online, ale \u017cadnej z nich nie nale\u017cy uwa\u017ca\u0107 za niezawodny spos\u00f3b zarabiania na \u017cycie.<\/p>\n\n\n\n<h4 class=\"wp-block-heading\">Ustalenie bud\u017cetu<\/h4>\n\n\n\n<p class=\"wp-block-paragraph\">Zanim zaczniesz gra\u0107 w gry na prawdziwe pieni\u0105dze, powiniene\u015b ustali\u0107 sw\u00f3j bud\u017cet na gr\u0119. Upewnij si\u0119, \u017ce jest to kwota, na kt\u00f3r\u0105 mo\u017cesz sobie pozwoli\u0107. Przygotuj si\u0119 na zako\u0144czenie gry w momencie, gdy wykorzystasz ca\u0142\u0105 t\u0119 kwot\u0119.<\/p>\n\n\n\n<p class=\"wp-block-paragraph\">Straty s\u0105 nieuniknione podczas ca\u0142ego procesu uprawiania hazardu, ale te osoby, kt\u00f3re borykaj\u0105 si\u0119 z problemami z hazardem, zwykle bior\u0105 sobie te straty do serca, staraj\u0105c si\u0119 za wszelk\u0105 cen\u0119 \u201eodegra\u0107 si\u0119\u201d i trac\u0105c tym samym jeszcze wi\u0119cej pieni\u0119dzy. Upewnij si\u0119, \u017ce nie wpadniesz w t\u0119 pu\u0142apk\u0119. Je\u015bli stracisz wszystko, zaakceptuj to i zako\u0144cz gr\u0119.<\/p>\n\n\n\n<p class=\"wp-block-paragraph\">Upewnij si\u0119 r\u00f3wnie\u017c, \u017ce wszelkie pieni\u0105dze, kt\u00f3rych u\u017cywasz do uprawiania hazardu, stanowi\u0105 jedynie cz\u0119\u015b\u0107 Twojego bud\u017cetu na rozrywk\u0119. Je\u015bli potrzebujesz pieni\u0119dzy na czynsz, jedzenie lub rachunki, upewnij si\u0119, \u017ce s\u0105 one od\u0142o\u017cone i gotowe zawsze wtedy, gdy ich potrzebujesz. Pami\u0119taj, \u017ce nawet je\u015bli uwa\u017casz, \u017ce Twoja strategia jest zwyci\u0119ska i masz pewno\u015b\u0107, \u017ce nie stracisz pieni\u0119dzy, przegrana zawsze mo\u017ce si\u0119 zdarzy\u0107.<\/p>\n\n\n\n<p class=\"wp-block-paragraph\">Sugerujemy, aby wszyscy gracze zapoznali si\u0119 ze wsparciem i poradami, jakie s\u0105 dost\u0119pne dla polskich graczy. B\u0105d\u017a przygotowany na to, aby poprosi\u0107 o pomoc, je\u015bli kiedykolwiek b\u0119dziesz jej potrzebowa\u0107. Proszenie o pomoc nie jest \u017cadn\u0105 ujm\u0105, lecz mo\u017ce to by\u0107 pierwszy krok do pomy\u015blnego powrotu do zdrowia i rozwi\u0105zania swoich problem\u00f3w. Uzale\u017cnienie od hazardu mo\u017ce by\u0107 katastrofalne w skutkach. Je\u015bli gracze b\u0119d\u0105 wiedzieli, \u017ce powinni poprosi\u0107 o pomoc przy pierwszych oznakach problemu, \u0142atwiej b\u0119dzie im wr\u00f3ci\u0107 do normalno\u015bci.<\/p>\n\n\n\n<hr class=\"wp-block-separator has-alpha-channel-opacity\"\/>\n\n\n\n<h2 class=\"wp-block-heading\">Jak uzyska\u0107 pomoc przy problemach z hazardem w Polsce?<\/h2>\n\n\n\n<p class=\"wp-block-paragraph\">Je\u015bli Ty lub kto\u015b z Twoich bliskich boryka si\u0119 z problemem z hazardem, nie wahaj si\u0119 skontaktowa\u0107 z jedn\u0105 z wielu dost\u0119pnych polskich grup wsparcia, o\u015brodk\u00f3w prywatnych i publicznych lub portali internetowych. Wiod\u0105cym dostawc\u0105 wsparcia w zakresie uzale\u017cnienia od hazardu i hazardu problemowego w Polsce jest wsp\u00f3lnota Anonimowych Hazardzist\u00f3w. Grupa zrzesza osoby, kt\u00f3re borykaj\u0105 si\u0119 z problemem hazardowym, oraz te, kt\u00f3rym uda\u0142o si\u0119 go pokona\u0107. Cz\u0142onkostwo w grupie jest bezp\u0142atne, a jedynym warunkiem, jaki nale\u017cy spe\u0142ni\u0107, aby przyst\u0105pi\u0107 do grupy jest ch\u0119\u0107 zaprzestania uprawiania hazardu.<\/p>\n\n\n\n<p class=\"wp-block-paragraph\">Odwied\u017a stron\u0119 <a href=\"http:\/\/www.anonimowihazardzisci.org\/\" target=\"_blank\" rel=\"noopener noreferrer\">Anonimowych Hazardzist\u00f3w<\/a> i dowiedz si\u0119 wi\u0119cej.<\/p>\n\n\n\n<p class=\"wp-block-paragraph\">Pozosta\u0142e przydatne \u017ar\u00f3d\u0142a, kt\u00f3re oferuj\u0105 pomoc osobom uzale\u017cnionym od hazardu oraz ich rodzinom to:<\/p>\n\n\n\n<ul class=\"wp-block-list\">\n<li><a href=\"http:\/\/odpowiedzialnyhazard.pl\/\" target=\"_blank\" rel=\"noopener noreferrer\">OdpowiedzialnyHazard.pl<\/a><\/li>\n\n\n\n<li><a href=\"https:\/\/swiadomyryzyka.pl\/\" target=\"_blank\" rel=\"noopener noreferrer\">\u015awiadomyRyzyka.pl<\/a><\/li>\n<\/ul>\n\n\n\n<p class=\"wp-block-paragraph\">Aby naprawd\u0119 cieszy\u0107 si\u0119 hazardem i jak najlepiej wykorzysta\u0107 wszystkie dost\u0119pne kasyna online, aplikacje z grami, oferty bukmacher\u00f3w i gry na pieni\u0105dze, wa\u017cne jest, aby gracze brali odpowiedzialny hazard na powa\u017cnie.<\/p>\n\n\n\n<p class=\"wp-block-paragraph\">Zawsze, gdy grasz online na pieni\u0105dze, pami\u0119taj o naszych radach dotycz\u0105cych odpowiedzialnego hazardu. Dzi\u0119ki temu znacznie zmniejszysz ryzyko wpadni\u0119cia w stref\u0119 zagro\u017cenia.<\/p>\n\n\n\n<p class=\"wp-block-paragraph\">Nigdy nie stawiaj pieni\u0119dzy, na kt\u00f3rych utrat\u0119 nie mo\u017cesz sobie pozwoli\u0107, i zawsze b\u0105d\u017a gotowy na zako\u0144czenie gry. Je\u015bli Twoja g\u0142owa pozostaje czysta i nie kusi Ci\u0119 nadmierne wydawanie pieni\u0119dzy podczas hazardu online, to znacznie bardziej prawdopodobne jest, \u017ce b\u0119dziesz doskonale bawi\u0107 si\u0119 graj\u0105c w dowoln\u0105 gr\u0119, w kt\u00f3r\u0105 zdecydujesz si\u0119 gra\u0107. Polscy gracze mog\u0105 liczy\u0107 na \u015bwietne wsparcie i porady. Wystarczy odwiedzi\u0107 <a href=\"http:\/\/odpowiedzialnyhazard.pl\/\" target=\"_blank\" rel=\"noopener noreferrer\">OdpowiedzialnyHazard.pl<\/a> lub inn\u0105 z podanych przez nas wcze\u015bniej stron, aby zawsze by\u0107 na bie\u017c\u0105co i uzyska\u0107 pomoc, je\u015bli zajdzie taka potrzeba.<\/p>\n","protected":false},"excerpt":{"rendered":"<p>Internetowa rozrywka, taka jak gra w kasynach online i obstawianie zak\u0142ad\u00f3w bukmacherskich, to \u015bwietny spos\u00f3b na zabicie czasu. Istnieje jednak ryzyko zwi\u0105zane z uzale\u017cnieniem od hazardu dlatego niezwykle wa\u017cne jest, aby gracze grali odpowiedzialnie. Wi\u0119kszo\u015b\u0107 kraj\u00f3w, kt\u00f3re zezwalaj\u0105 na hazard internetowy i stacjonarny, posiada specjalnie przygotowane systemy pomocy dla os\u00f3b dotkni\u0119tych problemami z uzale\u017cnieniem od &#8230; <a title=\"Odpowiedzialny Hazard w Polsce\" class=\"read-more\" href=\"https:\/\/casinofrog.com\/pl\/odpowiedzialny-hazard\/\" aria-label=\"Dowiedz si\u0119 wi\u0119cej o Odpowiedzialny Hazard w Polsce\">Czytaj dalej<\/a><\/p>\n","protected":false},"author":53,"featured_media":0,"parent":0,"menu_order":0,"comment_status":"closed","ping_status":"closed","template":"","meta":{"_crdt_document":"","footnotes":""},"class_list":["post-9348","page","type-page","status-publish"],"_links":{"self":[{"href":"https:\/\/casinofrog.com\/pl\/wp-json\/wp\/v2\/pages\/9348","targetHints":{"allow":["GET"]}}],"collection":[{"href":"https:\/\/casinofrog.com\/pl\/wp-json\/wp\/v2\/pages"}],"about":[{"href":"https:\/\/casinofrog.com\/pl\/wp-json\/wp\/v2\/types\/page"}],"author":[{"embeddable":true,"href":"https:\/\/casinofrog.com\/pl\/wp-json\/wp\/v2\/users\/53"}],"replies":[{"embeddable":true,"href":"https:\/\/casinofrog.com\/pl\/wp-json\/wp\/v2\/comments?post=9348"}],"version-history":[{"count":3,"href":"https:\/\/casinofrog.com\/pl\/wp-json\/wp\/v2\/pages\/9348\/revisions"}],"predecessor-version":[{"id":20498,"href":"https:\/\/casinofrog.com\/pl\/wp-json\/wp\/v2\/pages\/9348\/revisions\/20498"}],"wp:attachment":[{"href":"https:\/\/casinofrog.com\/pl\/wp-json\/wp\/v2\/media?parent=9348"}],"curies":[{"name":"wp","href":"https:\/\/api.w.org\/{rel}","templated":true}]}}