{"id":9344,"date":"2020-10-05T14:36:53","date_gmt":"2020-10-05T14:36:53","guid":{"rendered":"https:\/\/casinofrog.com\/?page_id=9344"},"modified":"2024-12-28T08:42:59","modified_gmt":"2024-12-28T08:42:59","slug":"o-nas","status":"publish","type":"page","link":"https:\/\/casinofrog.com\/pl\/o-nas\/","title":{"rendered":"O Casino Frog (PL)"},"content":{"rendered":"\n<h2 class=\"wp-block-heading\"><figure><img loading=\"lazy\" decoding=\"async\" class=\"alignnone wp-image-10212 size-full\" src=\"https:\/\/casinofrog.com\/wp-content\/uploads\/o-nas-pl.png\" alt=\"O nas\" width=\"1400\" height=\"425\" srcset=\"https:\/\/casinofrog.com\/wp-content\/uploads\/o-nas-pl.png 1400w, https:\/\/casinofrog.com\/wp-content\/uploads\/o-nas-pl-300x91.png 300w, https:\/\/casinofrog.com\/wp-content\/uploads\/o-nas-pl-1024x311.png 1024w, https:\/\/casinofrog.com\/wp-content\/uploads\/o-nas-pl-768x233.png 768w\" sizes=\"auto, (max-width: 1400px) 100vw, 1400px\" \/><\/figure><\/h2>\n\n\n\n<h2 class=\"wp-block-heading\">Nasza misja<\/h2>\n\n\n\n<p class=\"wp-block-paragraph\">Misj\u0105 Casino Frog Polska jest zapewnienie Ci obszernego wgl\u0105du w bran\u017c\u0119 hazardow\u0105. Przejrzysto\u015b\u0107 jest dla nas kluczowa, przez co zawsze pozostaniemy wiarygodnym \u017ar\u00f3d\u0142em dok\u0142adnych i obiektywnych informacji. Poprzez obszerne testy, nasz zesp\u00f3\u0142 ekspert\u00f3w ma na celu dostarczanie bezstronnych tre\u015bci i zapewnienie, \u017ce Twoje do\u015bwiadczenie w kasynach b\u0119dzie jak najlepsze.<\/p>\n\n\n\n<hr class=\"wp-block-separator has-alpha-channel-opacity\"\/>\n\n\n\n<h2 class=\"wp-block-heading\">Nasze warto\u015bci<\/h2>\n\n\n\n<p class=\"wp-block-paragraph\">Zesp\u00f3\u0142 Casino Frog Polska kieruje si\u0119 naszymi podstawowymi warto\u015bciami.<\/p>\n\n\n\n<p class=\"wp-block-paragraph\">Wierzymy w prawdziwe zaanga\u017cowanie klient\u00f3w, kszta\u0142tuj\u0105c nasze tre\u015bci w taki spos\u00f3b, aby nad\u0105\u017ca\u0142y za aktualnymi potrzebami naszych u\u017cytkownik\u00f3w. Przedk\u0142adaj\u0105c jako\u015b\u0107 nad ilo\u015b\u0107, jeste\u015bmy w stanie pom\u00f3c naszym czytelnikom, szanuj\u0105c ich cenny czas.<\/p>\n\n\n\n<p class=\"wp-block-paragraph\">Przejrzysto\u015b\u0107 i uczciwo\u015b\u0107 s\u0105 dla nas kluczowe. Dostarczane przez nas tre\u015bci musz\u0105 by\u0107 autentyczne, zrozumia\u0142e i spe\u0142nia\u0107 najwy\u017csze mo\u017cliwe standardy.<\/p>\n\n\n\n<p class=\"wp-block-paragraph\">Te podstawowe warto\u015bci s\u0105 wsp\u00f3lne dla nas wszystkich, poniewa\u017c wsp\u00f3\u0142praca i praca zespo\u0142owa s\u0105 kluczem do rozwoju naszej firmy.<\/p>\n\n\n\n<hr class=\"wp-block-separator has-alpha-channel-opacity\"\/>\n\n\n\n<h2 class=\"wp-block-heading\">Nasza gwarancja<\/h2>\n\n\n\n<p class=\"wp-block-paragraph\">Pozostaj\u0105c niezale\u017cnymi zapewniamy, \u017ce zawarto\u015b\u0107 naszej witryny jest bezstronna. Obejmuje to wszystkie nasze artyku\u0142y, przewodniki i oceny kasyn.<\/p>\n\n\n\n<p class=\"wp-block-paragraph\">Kasyna oferowane w Casino Frog Polska s\u0105 zawsze dok\u0142adnie sprawdzane. Ka\u017cde kasyno umieszczone na naszej stronie musi spe\u0142nia\u0107 wszystkie nasze wymagania. Godne zaufania, uczciwe, szybkie i co najwa\u017cniejsze &#8211; bezpieczne. Twoje bezpiecze\u0144stwo jest dla nas priorytetem.<\/p>\n\n\n\n<p class=\"wp-block-paragraph\">Casino Frog Polska zawsze b\u0119dzie oferowa\u0142o swoje us\u0142ugi bez dodatkowych koszt\u00f3w. Do\u015bwiadczenie i stale poszerzana wiedza, kt\u00f3re oferujemy, s\u0105 bezp\u0142atne &#8211; i zawsze takie pozostan\u0105.<\/p>\n\n\n\n<p class=\"wp-block-paragraph\">Komentarz:<br><em>Casino Frog jest stron\u0105 afiliacyjn\u0105. Oznacza to, \u017ce nie udost\u0119pniamy \u017cadnych w\u0142asnych gier kasynowych, ale promujemy witryny kasyn online. Za ka\u017cdym razem, gdy nasi go\u015bcie rejestruj\u0105 si\u0119 i graj\u0105 w kasynie za po\u015brednictwem naszej strony internetowej, mo\u017cemy otrzyma\u0107 honorarium.<\/em><\/p>\n","protected":false},"excerpt":{"rendered":"<p>Nasza misja Misj\u0105 Casino Frog Polska jest zapewnienie Ci obszernego wgl\u0105du w bran\u017c\u0119 hazardow\u0105. Przejrzysto\u015b\u0107 jest dla nas kluczowa, przez co zawsze pozostaniemy wiarygodnym \u017ar\u00f3d\u0142em dok\u0142adnych i obiektywnych informacji. Poprzez obszerne testy, nasz zesp\u00f3\u0142 ekspert\u00f3w ma na celu dostarczanie bezstronnych tre\u015bci i zapewnienie, \u017ce Twoje do\u015bwiadczenie w kasynach b\u0119dzie jak najlepsze. Nasze warto\u015bci Zesp\u00f3\u0142 Casino &#8230; <a title=\"O Casino Frog (PL)\" class=\"read-more\" href=\"https:\/\/casinofrog.com\/pl\/o-nas\/\" aria-label=\"Dowiedz si\u0119 wi\u0119cej o O Casino Frog (PL)\">Czytaj dalej<\/a><\/p>\n","protected":false},"author":72,"featured_media":0,"parent":0,"menu_order":0,"comment_status":"closed","ping_status":"closed","template":"","meta":{"_crdt_document":"","footnotes":""},"class_list":["post-9344","page","type-page","status-publish"],"_links":{"self":[{"href":"https:\/\/casinofrog.com\/pl\/wp-json\/wp\/v2\/pages\/9344","targetHints":{"allow":["GET"]}}],"collection":[{"href":"https:\/\/casinofrog.com\/pl\/wp-json\/wp\/v2\/pages"}],"about":[{"href":"https:\/\/casinofrog.com\/pl\/wp-json\/wp\/v2\/types\/page"}],"author":[{"embeddable":true,"href":"https:\/\/casinofrog.com\/pl\/wp-json\/wp\/v2\/users\/72"}],"replies":[{"embeddable":true,"href":"https:\/\/casinofrog.com\/pl\/wp-json\/wp\/v2\/comments?post=9344"}],"version-history":[{"count":4,"href":"https:\/\/casinofrog.com\/pl\/wp-json\/wp\/v2\/pages\/9344\/revisions"}],"predecessor-version":[{"id":20558,"href":"https:\/\/casinofrog.com\/pl\/wp-json\/wp\/v2\/pages\/9344\/revisions\/20558"}],"wp:attachment":[{"href":"https:\/\/casinofrog.com\/pl\/wp-json\/wp\/v2\/media?parent=9344"}],"curies":[{"name":"wp","href":"https:\/\/api.w.org\/{rel}","templated":true}]}}