{"id":154,"date":"2020-06-11T16:39:31","date_gmt":"2020-06-11T16:39:31","guid":{"rendered":"https:\/\/www.casinofrog.com\/?page_id=154"},"modified":"2024-12-23T11:16:46","modified_gmt":"2024-12-23T11:16:46","slug":"casino-frog-polska","status":"publish","type":"page","link":"https:\/\/casinofrog.com\/pl\/","title":{"rendered":"Casino Frog Polska (PL)"},"content":{"rendered":"\n<h2 class=\"wp-block-heading\">Przewodnik po polskich kasynach online 2026<\/h2>\n\n\n<div class=\"wp-block-image\">\n<figure class=\"alignright\"><img loading=\"lazy\" decoding=\"async\" width=\"140\" height=\"130\" src=\"https:\/\/casinofrog.com\/wp-content\/uploads\/casino-frog-polska.png\" alt=\"Casino Frog Polska\" class=\"wp-image-9483\"\/><\/figure>\n<\/div>\n\n\n<table id=\"tablepress-6\" class=\"tablepress tablepress-id-6 tablepress-responsive tablepress-responsive-stack-headers tablepress-responsive-stack-phone\">\n<thead>\n<tr class=\"row-1\">\n\t<td class=\"column-1\"><\/td><th class=\"column-2\">Kasyno<\/th><th class=\"column-3\">Nazwa<\/th><th class=\"column-4\">Ocena<\/th><th class=\"column-5\">Bonusy Kasynowe<\/th><td class=\"column-6\"><\/td>\n<\/tr>\n<\/thead>\n<tbody class=\"row-striping\">\n<tr class=\"row-2\">\n\t<td class=\"column-1\"><\/td><td class=\"column-2\"><a href=\"\/pl\/go\/winlegends\" target=\"_blank\" rel=\"nofollow noopener noreferrer\"><img loading=\"lazy\" decoding=\"async\" src=\"\/wp-content\/uploads\/winlegends.png\" width=\"130\" height=\"65\" alt=\"WinLegends\"><\/a><\/td><td class=\"column-3\"><strong>WinLegends<\/strong><\/td><td class=\"column-4\">5.0 \/ 5 <i class=\"fa fa-star\"><\/td><td class=\"column-5\"><strong>100%<\/strong> do <strong>2400 PLN<\/strong><br \/>\n<small><a href=\"\/pl\/go\/winlegends\" target=\"_blank\" rel=\"nofollow noopener\">Regulamin<\/a> &#8211; Graj odpowiedzialnie (18+)<br \/>\n<\/small><\/td><td class=\"column-6\"><a href=\"\/pl\/go\/winlegends\" rel=\"nofollow noopener noreferrer\" target=\"_blank\" class=\"play\">Zagraj Teraz!<\/a><\/td>\n<\/tr>\n<tr class=\"row-3\">\n\t<td class=\"column-1\"><\/td><td class=\"column-2\"><a href=\"\/pl\/go\/smokace\" target=\"_blank\" rel=\"nofollow noopener noreferrer\"><img loading=\"lazy\" decoding=\"async\" src=\"\/wp-content\/uploads\/smokace.png\" width=\"130\" height=\"65\" alt=\"SmokAce\"><\/a><\/td><td class=\"column-3\"><strong>SmokAce<\/strong><\/td><td class=\"column-4\">5.0 \/ 5 <i class=\"fa fa-star\"><\/td><td class=\"column-5\"><strong>100%<\/strong> do <strong>2400 PLN<\/strong><br \/>\n<small><a href=\"\/pl\/go\/smokace\" target=\"_blank\" rel=\"nofollow noopener\">Regulamin<\/a> &#8211; Graj odpowiedzialnie (18+)<br \/>\n<\/small><\/td><td class=\"column-6\"><a href=\"\/pl\/go\/smokace\" rel=\"nofollow noopener noreferrer\" target=\"_blank\" class=\"play\">Zagraj Teraz!<\/a><\/td>\n<\/tr>\n<tr class=\"row-4\">\n\t<td class=\"column-1\"><\/td><td class=\"column-2\"><a href=\"\/pl\/go\/sg-casino\" target=\"_blank\" rel=\"nofollow noopener noreferrer\"><img loading=\"lazy\" decoding=\"async\" src=\"\/wp-content\/uploads\/sg-casino.png\" width=\"130\" height=\"65\" alt=\"SG Casino\"><\/a><\/td><td class=\"column-3\"><strong>SG Casino<\/strong><\/td><td class=\"column-4\">5.0 \/ 5 <i class=\"fa fa-star\"><\/td><td class=\"column-5\"><strong>100%<\/strong> do <strong>2250 PLN<\/strong> & 200 darmowych spin\u00f3w<br \/>\n<small><a href=\"\/pl\/go\/sg-casino\" target=\"_blank\" rel=\"nofollow noopener\">Regulamin<\/a> &#8211; Graj odpowiedzialnie (18+)<br \/>\n<\/small><\/td><td class=\"column-6\"><a href=\"\/pl\/go\/sg-casino\" rel=\"nofollow noopener noreferrer\" target=\"_blank\" class=\"play\">Zagraj Teraz!<\/a><\/td>\n<\/tr>\n<tr class=\"row-5\">\n\t<td class=\"column-1\"><\/td><td class=\"column-2\"><a href=\"\/pl\/go\/dolly-casino\" target=\"_blank\" rel=\"nofollow noopener noreferrer\"><img loading=\"lazy\" decoding=\"async\" src=\"\/wp-content\/uploads\/dolly-casino.png\" width=\"130\" height=\"65\" alt=\"Dolly Casino\"><\/a><\/td><td class=\"column-3\"><strong>Dolly Casino<\/strong><\/td><td class=\"column-4\">4.7 \/ 5 <i class=\"fa fa-star\"><\/td><td class=\"column-5\"><strong>100%<\/strong> do <strong>2250 PLN<\/strong> & 100 darmowych spin\u00f3w<br \/>\n<small><a href=\"\/pl\/go\/dolly-casino\" target=\"_blank\" rel=\"nofollow noopener\">Regulamin<\/a> &#8211; Graj odpowiedzialnie (18+)<br \/>\n<\/small><\/td><td class=\"column-6\"><a href=\"\/pl\/go\/dolly-casino\" rel=\"nofollow noopener noreferrer\" target=\"_blank\" class=\"play\">Zagraj Teraz!<\/a><\/td>\n<\/tr>\n<tr class=\"row-6\">\n\t<td class=\"column-1\"><\/td><td class=\"column-2\"><a href=\"\/pl\/go\/ice-casino\" target=\"_blank\" rel=\"nofollow noopener noreferrer\"><img loading=\"lazy\" decoding=\"async\" src=\"\/wp-content\/uploads\/ice-casino.png\" width=\"130\" height=\"65\" alt=\"Ice Casino\"><\/a><\/td><td class=\"column-3\"><strong>Ice Casino<\/strong><\/td><td class=\"column-4\">4.6 \/ 5 <i class=\"fa fa-star\"><\/td><td class=\"column-5\"><strong>120%<\/strong> do <strong>1200 PLN<\/strong> & 120 darmowych spin\u00f3w<br \/>\n<small><a href=\"\/pl\/go\/ice-casino\" target=\"_blank\" rel=\"nofollow noopener\">Regulamin<\/a> &#8211; Graj odpowiedzialnie (18+)<br \/>\n<\/small><\/td><td class=\"column-6\"><a href=\"\/pl\/go\/ice-casino\" rel=\"nofollow noopener noreferrer\" target=\"_blank\" class=\"play\">Zagraj Teraz!<\/a><\/td>\n<\/tr>\n<tr class=\"row-7\">\n\t<td class=\"column-1\"><\/td><td class=\"column-2\"><a href=\"\/pl\/go\/casombie\" target=\"_blank\" rel=\"nofollow noopener noreferrer\"><img loading=\"lazy\" decoding=\"async\" src=\"\/wp-content\/uploads\/casombie.png\" width=\"130\" height=\"65\" alt=\"Casombie\"><\/a><\/td><td class=\"column-3\"><strong>Casombie<\/strong><\/td><td class=\"column-4\">4.6 \/ 5 <i class=\"fa fa-star\"><\/td><td class=\"column-5\"><strong>100%<\/strong> do <strong>2250 PLN<\/strong> & 100 darmowych spin\u00f3w<br \/>\n<small><a href=\"\/pl\/go\/casombie\" target=\"_blank\" rel=\"nofollow noopener\">Regulamin<\/a> &#8211; Graj odpowiedzialnie (18+)<br \/>\n<\/small><\/td><td class=\"column-6\"><a href=\"\/pl\/go\/casombie\" rel=\"nofollow noopener noreferrer\" target=\"_blank\" class=\"play\">Zagraj Teraz!<\/a><\/td>\n<\/tr>\n<\/tbody>\n<\/table>\n<!-- #tablepress-6 from cache -->\n\n\n<p class=\"wp-block-paragraph\">Zanurz si\u0119 w nasze tre\u015bci i zapoznaj si\u0119 ze szczerymi, uczciwymi i zawsze aktualnymi artyku\u0142ami dotycz\u0105cymi bran\u017cy kasyn online. Casino Frog to jedyne \u017ar\u00f3d\u0142o, kt\u00f3rego b\u0119dziesz potrzebujesz, je\u015bli szukasz kasyna dopasowanego do swoich potrzeb.<\/p>\n\n\n\n<p class=\"wp-block-paragraph\">Mocno wierzymy w zasady fair play i prawa konsument\u00f3w, dlatego polecamy wy\u0142\u0105cznie niezawodne strony kasyn online. Stale poszerzamy nasz\u0105 wiedz\u0119 i nasz portal obejmuje wszystkie niezb\u0119dne zagadnienia zwi\u0105zane z kasynami.<\/p>\n\n\n\n<p class=\"wp-block-paragraph\">U\u017cyj dowolnego z poni\u017cszych link\u00f3w, aby przej\u015b\u0107 bezpo\u015brednio do naszych najpopularniejszych artyku\u0142\u00f3w. Przy ka\u017cdym artykule znajdziesz por\u0119czn\u0105 i \u0142atw\u0105 w u\u017cyciu list\u0119 por\u00f3wnawcz\u0105.<\/p>\n\n\n\n<ul class=\"wp-block-list\">\n<li>\n<ul class=\"wp-block-list\">\n<li><a href=\"https:\/\/casinofrog.com\/pl\/kasyno-online\/\">Kasyno online w Polsce<\/a><\/li>\n\n\n\n<li><a href=\"https:\/\/casinofrog.com\/pl\/kasyno-online\/gry\/\">Gry online kasyno<\/a><\/li>\n\n\n\n<li><a href=\"https:\/\/casinofrog.com\/pl\/casino-online\/\">Casino online<\/a><\/li>\n\n\n\n<li><a href=\"https:\/\/casinofrog.com\/pl\/ranking-kasyn\/\">Ranking kasyn online<\/a><\/li>\n\n\n\n<li><a href=\"https:\/\/casinofrog.com\/pl\/kasyno-online\/legalne\/\">Kasyno online legalne<\/a><\/li>\n<\/ul>\n<\/li>\n<\/ul>\n\n\n\n<hr class=\"wp-block-separator has-alpha-channel-opacity\"\/>\n\n\n\n<h2 class=\"wp-block-heading\">Znajd\u017a swoje kasyno<\/h2>\n\n\n\n<p class=\"wp-block-paragraph\">Daj sobie przewag\u0119 ju\u017c na starcie, korzystaj\u0105c z naszego narz\u0119dzia do por\u00f3wnywania kasyn. U\u0142atwili\u015bmy Ci znalezienie Twojej ulubionej witryny. Skorzystaj z poni\u017cszej, starannie wyselekcjonowanej listy, aby uzyska\u0107 przegl\u0105d najbardziej zaufanych kasyn, opcji bankowych, ofert bonusowych, ranking\u00f3w i wiele wi\u0119cej.<\/p>\n\n\n\n<h3 class=\"wp-block-heading\">Jeste\u015bmy tu, aby Ci pom\u00f3c<\/h3>\n\n\n\n<p class=\"wp-block-paragraph\">Chcemy mie\u0107 pewno\u015b\u0107, \u017ce na ka\u017cde Twoje pytanie udzielono w\u0142a\u015bciwej odpowiedzi. Czasami mo\u017ce pojawi\u0107 si\u0119 takie zapytanie, na kt\u00f3re \u017caden z naszych artyku\u0142\u00f3w, poradnik\u00f3w lub strona z cz\u0119sto zadawanymi pytaniami nie posiada jeszcze dobrego rozwi\u0105zania.<\/p>\n\n\n\n<p class=\"wp-block-paragraph\">Je\u015bli tak si\u0119 stanie, prosimy, aby\u015b przes\u0142a\u0142 do nas swoje pytania i opinie korzystaj\u0105c z <a href=\"https:\/\/casinofrog.com\/ca\/contact\/\">formularza kontaktowego<\/a>, a my od razu na nie odpowiemy!<\/p>\n\n\n\n<hr class=\"wp-block-separator has-alpha-channel-opacity\"\/>\n\n\n\n<h2 class=\"wp-block-heading\">Najwa\u017cniejsze jest Twoje bezpiecze\u0144stwo<\/h2>\n\n\n\n<p class=\"wp-block-paragraph\">Zaufanie, uczciwo\u015b\u0107 i bezpiecze\u0144stwo s\u0105 dla nas niezwykle wa\u017cne. Naszym celem jest zbadanie ka\u017cdej witryny kasyna online na rynku i zanim polecimy j\u0105 Tobie, chcemy upewni\u0107 si\u0119, \u017ce jest ona godna zaufania i bezpieczna.<\/p>\n\n\n\n<p class=\"wp-block-paragraph\">Ka\u017cde kasyno, kt\u00f3re polecamy, musi mie\u0107 odpowiedni\u0105 licencj\u0119, niezawodne metody p\u0142atno\u015bci, profesjonaln\u0105 obs\u0142ug\u0119 klienta i szybkie wyp\u0142aty. To co\u015b, co gwarantuje Casino Frog.<\/p>\n\n\n\n<p class=\"wp-block-paragraph\">Hazard &#8211; z umiarem &#8211; powinien by\u0107 zabawny i ekscytuj\u0105cy. Co najwa\u017cniejsze, nale\u017cy si\u0119 nim cieszy\u0107 w bezpiecznym otoczeniu. Dlatego naszym priorytetem jest zapewnienie, \u017ce wszystkie oferowane przez nas kasyna s\u0105 zaufane i bezpieczne.<\/p>\n\n\n\n<h3 class=\"wp-block-heading\">Dlaczego Casino Frog?<\/h3>\n\n\n\n<p class=\"wp-block-paragraph\">W Casino Frog stawiamy na dobr\u0105 zabaw\u0119. Jako powa\u017cna firma, zawsze mamy to na uwadze. Hazard oznacza, \u017ce \u200b\u200bwydajesz swoje ci\u0119\u017cko zarobione pieni\u0105dze, co oznacza, \u017ce \u200b\u200bnaszym zadaniem b\u0119dzie upewnienie si\u0119, \u017ce dostaniesz jak najwi\u0119cej za ka\u017cd\u0105 wp\u0142acon\u0105 z\u0142ot\u00f3wk\u0119.<\/p>\n\n\n\n<p class=\"wp-block-paragraph\">Zesp\u00f3\u0142 Casino Frog dzia\u0142a na rynku od dziesi\u0119cioleci. Doskonale wiemy, co robimy i mo\u017cemy zagwarantowa\u0107, \u017ce uzyskasz u nas wy\u0142\u0105cznie najlepsze do\u015bwiadczenia.<\/p>\n\n\n\n<p class=\"wp-block-paragraph\">Do\u0142\u0105cz do rodziny Casino Frog i uzyskaj dost\u0119p do ka\u017cdego istniej\u0105cego kasyna, nowego lub starego. Znajdziesz tu r\u00f3wnie\u017c najlepsze oferty bonusowe i wszystkie aktualne informacje potrzebne do przeniesienia swojej gry w kasynie na nast\u0119pny poziom.<\/p>\n\n\n\n<p class=\"wp-block-paragraph\">Ponadto nasze us\u0142ugi s\u0105 i zawsze b\u0119d\u0105 ca\u0142kowicie bezp\u0142atne. Nigdy nie b\u0119dziemy pobiera\u0107 od Ciebie \u017cadnych op\u0142at. \u017badnych ukrytych koszt\u00f3w, wszystkie informacje dostaniesz od nas za darmo.<\/p>\n\n\n\n<p class=\"wp-block-paragraph\">Chcesz dowiedzie\u0107 si\u0119 o nas czego\u015b jeszcze? Odwied\u017a stron\u0119 <a href=\"https:\/\/casinofrog.com\/ca\/about\/\">O Nas<\/a> i dowiedz si\u0119 wi\u0119cej o naszej misji i warto\u015bciach.<\/p>\n\n\n\n<hr class=\"wp-block-separator has-alpha-channel-opacity\"\/>\n\n\n\n<h2 class=\"wp-block-heading\">Porady ekspert\u00f3w na wyci\u0105gni\u0119cie r\u0119ki<\/h2>\n\n\n\n<p class=\"wp-block-paragraph\">Niezale\u017cnie od tego, czy dopiero zaczynasz przygod\u0119 z hazardem, czy jeste\u015b do\u015bwiadczonym weteranem kasyn online, znajdziesz tutaj odpowiedzi na swoje pytania.<\/p>\n\n\n\n<p class=\"wp-block-paragraph\">Eksperci z Casino Frog starannie opracowali <a href=\"https:\/\/casinofrog.com\/ca\/guides\/\">przewodniki dla pocz\u0105tkuj\u0105cych<\/a>, aby ka\u017cdy nowy gracz m\u00f3g\u0142 od razu rozpocz\u0105\u0107 gr\u0119. Zdob\u0105d\u017a wszystkie informacje, kt\u00f3rych potrzebujesz, aby wygra\u0107 jeszcze wi\u0119cej i uzyska\u0107 szybsze wyp\u0142aty. Ju\u017c dzi\u015b mo\u017cesz zosta\u0107 graczem, kt\u00f3ry odnosi sukcesy podczas gry w kasynie online.<\/p>\n\n\n\n<p class=\"wp-block-paragraph\">R\u00f3wnie\u017c weterani gier hazardowych znajd\u0105 tu wiele przydatnych informacji i zawsze b\u0119d\u0105 na bie\u017c\u0105co z najnowszymi zmianami na rynku kasyn.<\/p>\n\n\n\n<h3 class=\"wp-block-heading\">Troszczymy si\u0119<\/h3>\n\n\n\n<p class=\"wp-block-paragraph\">Z rozrywki online zawsze nale\u017cy korzysta\u0107 z umiarem. Gry kasynowe maj\u0105 by\u0107 zabawne i ekscytuj\u0105ce, ale mog\u0105 te\u017c sta\u0107 si\u0119 problemem. Je\u015bli zauwa\u017cysz, \u017ce Ty lub kto\u015b, kogo znasz ma problemy z hazardem, wa\u017cne jest, aby szybko poszuka\u0107 odpowiedniej pomocy.<\/p>\n\n\n\n<p class=\"wp-block-paragraph\">Odwied\u017a nasz <a href=\"https:\/\/casinofrog.com\/ca\/responsible-gambling\/\">przewodnik po Odpowiedzialnej Grze<\/a>, aby dowiedzie\u0107 si\u0119 wi\u0119cej. Znajdziesz tam r\u00f3wnie\u017c wszystkie potrzebne linki, aby natychmiast uzyska\u0107 pomoc od w\u0142a\u015bciwych organ\u00f3w.<\/p>\n","protected":false},"excerpt":{"rendered":"<p>Przewodnik po polskich kasynach online Zanurz si\u0119 w nasze tre\u015bci i zapoznaj si\u0119 ze szczerymi, uczciwymi i zawsze aktualnymi artyku\u0142ami dotycz\u0105cymi bran\u017cy kasyn online. Casino Frog to jedyne \u017ar\u00f3d\u0142o, kt\u00f3rego b\u0119dziesz potrzebujesz, je\u015bli szukasz kasyna dopasowanego do swoich potrzeb. Mocno wierzymy w zasady fair play i prawa konsument\u00f3w, dlatego polecamy wy\u0142\u0105cznie niezawodne strony kasyn online. &#8230; <a title=\"Casino Frog Polska (PL)\" class=\"read-more\" href=\"https:\/\/casinofrog.com\/pl\/\" aria-label=\"Dowiedz si\u0119 wi\u0119cej o Casino Frog Polska (PL)\">Czytaj dalej<\/a><\/p>\n","protected":false},"author":72,"featured_media":0,"parent":0,"menu_order":0,"comment_status":"closed","ping_status":"closed","template":"","meta":{"_crdt_document":"","footnotes":""},"class_list":["post-154","page","type-page","status-publish"],"_links":{"self":[{"href":"https:\/\/casinofrog.com\/pl\/wp-json\/wp\/v2\/pages\/154","targetHints":{"allow":["GET"]}}],"collection":[{"href":"https:\/\/casinofrog.com\/pl\/wp-json\/wp\/v2\/pages"}],"about":[{"href":"https:\/\/casinofrog.com\/pl\/wp-json\/wp\/v2\/types\/page"}],"author":[{"embeddable":true,"href":"https:\/\/casinofrog.com\/pl\/wp-json\/wp\/v2\/users\/72"}],"replies":[{"embeddable":true,"href":"https:\/\/casinofrog.com\/pl\/wp-json\/wp\/v2\/comments?post=154"}],"version-history":[{"count":15,"href":"https:\/\/casinofrog.com\/pl\/wp-json\/wp\/v2\/pages\/154\/revisions"}],"predecessor-version":[{"id":20468,"href":"https:\/\/casinofrog.com\/pl\/wp-json\/wp\/v2\/pages\/154\/revisions\/20468"}],"wp:attachment":[{"href":"https:\/\/casinofrog.com\/pl\/wp-json\/wp\/v2\/media?parent=154"}],"curies":[{"name":"wp","href":"https:\/\/api.w.org\/{rel}","templated":true}]}}