{"id":3995,"date":"2020-07-22T08:04:16","date_gmt":"2020-07-22T08:04:16","guid":{"rendered":"https:\/\/www.casinofrog.com\/?page_id=3995"},"modified":"2024-06-27T13:21:20","modified_gmt":"2024-06-27T13:21:20","slug":"hvordan-vi-vurderer","status":"publish","type":"page","link":"https:\/\/casinofrog.com\/no\/guider\/hvordan-vi-vurderer\/","title":{"rendered":"Hvordan vi evaluerer og vurderer casinoer"},"content":{"rendered":"\n<p class=\"wp-block-paragraph\">P\u00e5 denne siden forklarer vi hvordan CasinoFrog.com evaluerer og vurderer de ulike casinosidene. Det er en lang prosess best\u00e5ende av mange n\u00f8ye gjennomtenkte kriterier. V\u00e5re eksperter ser p\u00e5 de viktige funksjonene som sikkerhet, kampanjetilbud og mye mer &#8211; s\u00e5 objektivt som overhodet mulig.<\/p>\n\n\n\n<p class=\"wp-block-paragraph\">V\u00e5rt m\u00e5l med denne artikkelen er \u00e5 tilby en komplett gjennomgang av hvorfor vi anbefaler casinosidene som finnes p\u00e5 Casino Frog.<\/p>\n\n\n\n<hr class=\"wp-block-separator has-alpha-channel-opacity\"\/>\n\n\n\n<h2 class=\"wp-block-heading\">V\u00e5r evalueringsprosess<\/h2>\n\n\n\n<p class=\"wp-block-paragraph\">N\u00e5r vi vurderer casinosider tar vi en n\u00f8ye titt p\u00e5 hver eneste del av siden. Dette er for \u00e5 forsikre oss om at vi bare lister lisensierte casinoer av h\u00f8y kvalitet.<\/p>\n\n\n\n<p class=\"wp-block-paragraph\">Listen nedenfor er selve rammeverket vi bruker for \u00e5 avgj\u00f8re om en casinoside fortjener \u00e5 bli listet p\u00e5 Casino Frog eller ikke.<\/p>\n\n\n\n<h3 class=\"wp-block-heading\">Sikkerhet<\/h3>\n\n\n\n<p class=\"wp-block-paragraph\">Ettersom du mest sannsynlig er ute etter \u00e5 spille med ekte penger, vil du at casinoet skal v\u00e6re s\u00e5 trygt som mulig. Akkurat derfor er sikkerhet aller \u00f8verst p\u00e5 v\u00e5r liste av kriterier n\u00e5r vi vurderer casinooperat\u00f8rer. Med andre ord vil du ikke se et nettsted med d\u00e5rlig sikkerhet og beskyttelse listet p\u00e5 <a href=\"https:\/\/casinofrog.com\/no\/\">CasinoFrog.com<\/a>.<\/p>\n\n\n\n<h3 class=\"wp-block-heading\">Lisens<\/h3>\n\n\n\n<p class=\"wp-block-paragraph\">En skikkelig spillisens er essensielt f\u00f8r vi i det hele tatt kan vurdere \u00e5 anbefale en side. \u00c5 ha en lisens forteller deg at casinoet opererer lovlig, og kan i de fleste tilfellet bli stolt p\u00e5. Det er mange autoriteter vi ser p\u00e5 som p\u00e5litelige &#8211; noen av de er Malta Gaming Authority, UK Gambling Commission og Gibraltar Regulatory Authority.<\/p>\n\n\n\n<h3 class=\"wp-block-heading\">Bonuser<\/h3>\n\n\n\n<p class=\"wp-block-paragraph\">Casinobonuser og kampanjer spiller en betydelig rolle n\u00e5r du som spiller skal velge hvor du \u00f8nsker \u00e5 spille. En lukrativ bonus kan definitivt gi deg en skikkelig boost p\u00e5 spillingen din. Likevel er det mange spillere som overser omsetningskravene som er knyttet til bonustilbud. V\u00e5re casino eksperter s\u00f8rger for at du ikke registrerer deg p\u00e5 et casino hvor bonusene har urettferdige vilk\u00e5r.<\/p>\n\n\n\n<h3 class=\"wp-block-heading\">Spill<\/h3>\n\n\n\n<p class=\"wp-block-paragraph\">Vi tror at et bredt spekter av spilleautomater sammen med andre type casinospill gir en bedre opplevelse for deg som spiller. I tillegg settes det stor pris p\u00e5 at det er et godt utvalg av livespill i deres live casino. Du vil ofte ha muligheten til \u00e5 teste ut nye spill helt gratis f\u00f8r du begynner \u00e5 spille for ekte penger. Vi pr\u00f8ver derimot alltid \u00e5 spille med ekte penger. Det er enkelt og greit fordi vi ikke \u00f8nsker \u00e5 promotere et casino vi ikke trives \u00e5 spille hos selv.<\/p>\n\n\n\n<h3 class=\"wp-block-heading\">Kundeservice<\/h3>\n\n\n\n<p class=\"wp-block-paragraph\">En annen viktig del av vurderingsprosessen v\u00e5r er kundeservice. Det vi ser etter her er hovedsaklig hvor fort du f\u00e5r svar, og hvordan du kan komme i kontakt med en representant. Det er i tillegg en bonus om kundeservice best\u00e5r av norske representanter slik at du slipper \u00e5 kommunisere p\u00e5 engelsk. Kundeservice b\u00f8r helst v\u00e6re \u00e5pen 24 timer i d\u00f8gnet, eller i det minste store deler av dagen og utover kvelden.<\/p>\n\n\n\n<h3 class=\"wp-block-heading\">Bankmuligheter<\/h3>\n\n\n\n<p class=\"wp-block-paragraph\">Bankmuligheter er en annen viktig faktor for ethvert <a href=\"https:\/\/casinofrog.com\/no\/online-casino\/pa-nett\/\">nettcasino<\/a>. Spillere vil ikke n\u00f8ye seg med trege transaksjoner og lite \u00e5 velge mellom. Innskudd skal v\u00e6re umiddelbare og vi forventer at uttak ikke tar mer enn et par virkedager. I tillegg \u00f8nsker vi \u00e5 se at uttakene gj\u00f8res uten gebyrer og at det ikke er en lav begrensning p\u00e5 hvor mye du kan ta ut per dag, uke eller m\u00e5ned. Derfor er det absolutt essensielt for enhver casinoside \u00e5 tilby b\u00e5de sikre og raske betalingsmetoder.<\/p>\n\n\n\n<h3 class=\"wp-block-heading\">Omd\u00f8mme<\/h3>\n\n\n\n<p class=\"wp-block-paragraph\">Det er ingen tvil om at det finnes en del d\u00e5rlige casinoer der ute som du b\u00f8r holde deg unna. For \u00e5 kunne gj\u00f8re det m\u00e5 du f\u00f8rst identifisere dem. En m\u00e5te du kan finne ut om en casinoside har et d\u00e5rlig omd\u00f8mme er \u00e5 se hva andre spillere skriver om dem. Tilbakemelding fra spillere er essensielt og er derfor inkludert i v\u00e5r evalueringsprosess. P\u00e5 grunn av dette s\u00f8ker vi etter seri\u00f8se tilbakemeldinger fra spillere p\u00e5 nettet og i sosiale medier i tillegg til det vi f\u00e5r tilsendt p\u00e5 e-post n\u00e5r vi vurderer casinoer.<\/p>\n\n\n\n<hr class=\"wp-block-separator has-alpha-channel-opacity\"\/>\n\n\n\n<h2 class=\"wp-block-heading\">Vi kjenner industrien<\/h2>\n\n\n<div class=\"wp-block-image\">\n<figure class=\"alignright\"><img loading=\"lazy\" decoding=\"async\" width=\"130\" height=\"130\" src=\"https:\/\/casinofrog.com\/wp-content\/uploads\/hvordan-vi-vurderer-no.png\" alt=\"Hvordan vi evaluerer og vurderer casinoer\" class=\"wp-image-6763\"\/><\/figure>\n<\/div>\n\n\n<p class=\"wp-block-paragraph\">En av de fine sidene med Casino Frog er at vi har flere ti\u00e5rs erfaring i teamet v\u00e5rt. Takket v\u00e6re v\u00e5re dedikerte ansatte har vi kunnskapen som kreves for \u00e5 evaluere casinosider p\u00e5 en tilfredsstillende m\u00e5te.<\/p>\n\n\n\n<p class=\"wp-block-paragraph\">Ekspertene v\u00e5re hjelper deg \u00e5 finne veien i det som er en jungel av casinosider. \u00c5 lage en spillerkonto og gj\u00f8re det f\u00f8rste innskuddet er mye lettere. Det som er vanskelig er \u00e5 finne et p\u00e5litelig casino som passer godt for akkurat deg.<\/p>\n\n\n\n<p class=\"wp-block-paragraph\">Heldigvis har CasinoFrog.com gjort alle de tidkrevende unders\u00f8kelsene og laget en liste med de aller beste alternativene.<\/p>\n\n\n\n<hr class=\"wp-block-separator has-alpha-channel-opacity\"\/>\n\n\n\n<h2 class=\"wp-block-heading\">Hvorfor du kan stole p\u00e5 Casino Frog (NO)<\/h2>\n\n\n\n<p class=\"wp-block-paragraph\">S\u00e5, hva gj\u00f8r CasinoFrog.com til en p\u00e5litelig kilde? Hvorfor skal du stole p\u00e5 oss i stedet for andre liknende nettsider? Nedenfor finner du ut hvorfor tusenvis av spillere \u00f8nsker \u00e5 bruke akkurat v\u00e5re tjenester.<\/p>\n\n\n\n<h4 class=\"wp-block-heading\">Vi tror p\u00e5 \u00e5penhet<\/h4>\n\n\n\n<p class=\"wp-block-paragraph\">Vi er veldig \u00e5pne om hva vi gj\u00f8r og hvordan vi gj\u00f8r det. Vi tror p\u00e5 \u00e5 bygge et sterkt forhold til v\u00e5re lesere ved for eksempel \u00e5 inkludere dem i vurderingsprosessen v\u00e5r.<\/p>\n\n\n\n<h4 class=\"wp-block-heading\">Prisbel\u00f8nnet selskap<\/h4>\n\n\n\n<p class=\"wp-block-paragraph\">Casino Frog sitt harde arbeid har betalt seg p\u00e5 flere omr\u00e5der. Vi har mottatt flere nominasjoner i tillegg til \u00e5 bli utnevnt som vinner i noen av kategoriene.<\/p>\n\n\n\n<h4 class=\"wp-block-heading\">Gjensidig tillit i v\u00e5re partnerskap<\/h4>\n\n\n\n<p class=\"wp-block-paragraph\">Vi g\u00e5r aldri inn i et partnerskap om tilliten ikke er gjensidig. Av den grunn samarbeider vi kun med anerkjente casinoer som vi stolt promoterer p\u00e5 v\u00e5r nettside.<\/p>\n\n\n\n<h4 class=\"wp-block-heading\">Omtalt i ledende publikasjoner<\/h4>\n\n\n\n<p class=\"wp-block-paragraph\">Casino Frog har blitt omtalt i en rekke ledende publikasjoner. Vi ser dette som et sikkert tegn p\u00e5 at vi blir verdsatt og respektert verden over, ogs\u00e5 utover v\u00e5re regelmessige lesere.<\/p>\n\n\n\n<hr class=\"wp-block-separator has-alpha-channel-opacity\"\/>\n\n\n\n<h2 class=\"wp-block-heading\">Alltid uavhengig og oppdatert<\/h2>\n\n\n\n<p class=\"wp-block-paragraph\">Casino Frog er en uavhengig sammenligningstjeneste som gir objektive omtaler av casinoer, omfattende guider til casinospill og mye mer. Videre er tjenestene v\u00e5re helt gratis. Vi tar ikke betalt for at du skal bruke nettstedet v\u00e5rt, og det planlegger vi heller ikke \u00e5 gj\u00f8re i fremtiden. Vi vil alltid v\u00e6re en gratis, uavhengig sammenligningstjeneste som gir deg en rettferdig, \u00e6rlig og morsom casinoopplevelse.<\/p>\n\n\n\n<p class=\"wp-block-paragraph\">Vi jobber stadig med \u00e5 holde oss oppdatert. Det gj\u00f8r at vi alltid kan levere n\u00f8yaktig og relevant innhold til v\u00e5re lesere. Om du skulle oppdage feil i v\u00e5r informasjon h\u00e5per vi du <a href=\"https:\/\/casinofrog.com\/no\/kontakt\/\">kontakter oss<\/a> s\u00e5 fort som mulig og gj\u00f8r oss oppmerksomme p\u00e5 det. Vi vil fortsette \u00e5 gj\u00f8re v\u00e5rt beste med \u00e5 holde informasjonen p\u00e5 CasinoFrog.com s\u00e5 n\u00f8yaktig som overhodet mulig til enhver tid.<\/p>\n","protected":false},"excerpt":{"rendered":"<p>P\u00e5 denne siden forklarer vi hvordan CasinoFrog.com evaluerer og vurderer de ulike casinosidene. Det er en lang prosess best\u00e5ende av mange n\u00f8ye gjennomtenkte kriterier. V\u00e5re eksperter ser p\u00e5 de viktige funksjonene som sikkerhet, kampanjetilbud og mye mer &#8211; s\u00e5 objektivt som overhodet mulig. V\u00e5rt m\u00e5l med denne artikkelen er \u00e5 tilby en komplett gjennomgang av &#8230; <a title=\"Hvordan vi evaluerer og vurderer casinoer\" class=\"read-more\" href=\"https:\/\/casinofrog.com\/no\/guider\/hvordan-vi-vurderer\/\" aria-label=\"Read more about Hvordan vi evaluerer og vurderer casinoer\">Les mer<\/a><\/p>\n","protected":false},"author":31,"featured_media":0,"parent":3991,"menu_order":0,"comment_status":"closed","ping_status":"closed","template":"","meta":{"_crdt_document":"","footnotes":""},"class_list":["post-3995","page","type-page","status-publish"],"_links":{"self":[{"href":"https:\/\/casinofrog.com\/no\/wp-json\/wp\/v2\/pages\/3995","targetHints":{"allow":["GET"]}}],"collection":[{"href":"https:\/\/casinofrog.com\/no\/wp-json\/wp\/v2\/pages"}],"about":[{"href":"https:\/\/casinofrog.com\/no\/wp-json\/wp\/v2\/types\/page"}],"author":[{"embeddable":true,"href":"https:\/\/casinofrog.com\/no\/wp-json\/wp\/v2\/users\/31"}],"replies":[{"embeddable":true,"href":"https:\/\/casinofrog.com\/no\/wp-json\/wp\/v2\/comments?post=3995"}],"version-history":[{"count":9,"href":"https:\/\/casinofrog.com\/no\/wp-json\/wp\/v2\/pages\/3995\/revisions"}],"predecessor-version":[{"id":19175,"href":"https:\/\/casinofrog.com\/no\/wp-json\/wp\/v2\/pages\/3995\/revisions\/19175"}],"up":[{"embeddable":true,"href":"https:\/\/casinofrog.com\/no\/wp-json\/wp\/v2\/pages\/3991"}],"wp:attachment":[{"href":"https:\/\/casinofrog.com\/no\/wp-json\/wp\/v2\/media?parent=3995"}],"curies":[{"name":"wp","href":"https:\/\/api.w.org\/{rel}","templated":true}]}}