{"id":3993,"date":"2020-07-22T08:01:19","date_gmt":"2020-07-22T08:01:19","guid":{"rendered":"https:\/\/www.casinofrog.com\/?page_id=3993"},"modified":"2024-06-27T13:20:37","modified_gmt":"2024-06-27T13:20:37","slug":"omsetningskrav-forklart","status":"publish","type":"page","link":"https:\/\/casinofrog.com\/no\/guider\/omsetningskrav-forklart\/","title":{"rendered":"Omsetningskrav forklart"},"content":{"rendered":"<div class=\"wp-block-image\">\n<figure class=\"alignright\"><img loading=\"lazy\" decoding=\"async\" width=\"150\" height=\"150\" src=\"https:\/\/casinofrog.com\/wp-content\/uploads\/omsetningskrav-norge.png\" alt=\"\" class=\"wp-image-6675\"\/><\/figure>\n<\/div>\n\n\n<p class=\"wp-block-paragraph\">De beste nettcasinoene i Norge vil tilby en rekke interessante bonuser n\u00e5r du f\u00f8rst registrerer deg som en ny spiller. Her finner du b\u00e5de en velkomstpakke, gjerne fordelt over flere innskudd, VIP-programmer og regelmessige bonuser.<\/p>\n\n\n\n<p class=\"wp-block-paragraph\">De fleste norske casinoer vil doble ditt f\u00f8rste innskudd i tillegg til \u00e5 gi deg et titalls eller flere gratisspinn. I etterkant varierer det stort hva du f\u00e5r fra de ulike casinoene. Vilk\u00e5rene vil variere fra side til side, men alle kommer med omsetningskrav.<\/p>\n\n\n\n<p class=\"wp-block-paragraph\">Omsetningskrav bestemmer i hovedsak hvor stor sjanse du har til \u00e5 klare \u00e5 ta ut noen gevinster fra siden du spiller p\u00e5. Etter at du har benyttet deg av en bonus har du kanskje funnet ut at du er n\u00f8dt til \u00e5 omsette bel\u00f8pet et gitt antall ganger f\u00f8r du kan ta ut pengene dine. Dette er normen i bransjen og gjelder ogs\u00e5 n\u00e5r det kommer til gevinster fra gratisspinn.<\/p>\n\n\n\n<hr class=\"wp-block-separator has-alpha-channel-opacity\"\/>\n\n\n\n<h3 class=\"wp-block-heading\">Derfor finnes omsetningskrav<\/h3>\n\n\n\n<p class=\"wp-block-paragraph\">Spillsider vil tilby spillere en gener\u00f8s bonus for at de blir en ny kunde og gj\u00f8r et innskudd i akkurat deres casino. Disse bonusene er derfor ofte de mest lukrative. Men akkurat som alle bedrifter, kan de ikke gi bort millioner av kroner uten noen betingelser. For \u00e5 forhindre at spillere ganske enkelt tar ut bonuspengene med en gang, er et omsetningskrav f\u00f8rst n\u00f8dt til \u00e5 m\u00f8tes. Hvis disse vilk\u00e5rene ikke var p\u00e5 plass, ville det v\u00e6rt sv\u00e6rt enkelt for spillere \u00e5 utnytte disse kampanjene. Da hadde det ikke tatt lang tid f\u00f8r casinoet var konkurs.<\/p>\n\n\n\n<p class=\"wp-block-paragraph\">For deg som spiller betyr dette at du er n\u00f8dt til \u00e5 satse et gitt bel\u00f8p f\u00f8r du bonuspengene blir gjort om til ekte penger, og du deretter kan overf\u00f8re de til kontoen din. Hvor strenge disse vilk\u00e5rene er varierer stort fra side til side. Det aller viktigste kriteriet er hvor mange ganger du er n\u00f8dt til \u00e5 omsette bel\u00f8pet. Det er ofte dette tallet som vil definere om en bonus er god eller d\u00e5rlig.<\/p>\n\n\n\n<hr class=\"wp-block-separator has-alpha-channel-opacity\"\/>\n\n\n\n<h2 class=\"wp-block-heading\">Hvordan fungerer omsetningskrav?<\/h2>\n\n\n\n<p class=\"wp-block-paragraph\">Omsetningskrav er en av de viktigste bonusvilk\u00e5rene du st\u00f8ter p\u00e5 hos et casino. Heldigvis er de ogs\u00e5 noen av de letteste \u00e5 forst\u00e5 s\u00e5 sant du har f\u00e5tt en rask gjennomgang p\u00e5 forh\u00e5nd. Omsetningskravet er rett og slett bel\u00f8pet du er n\u00f8dt til \u00e5 satse f\u00f8r du kan gj\u00f8re et uttak fra casinoet.<\/p>\n\n\n\n<p class=\"wp-block-paragraph\">PS: Det hender at casinoer lar deg gj\u00f8re et uttak f\u00f8r du har n\u00e5dd omsetningskravet. Merk da at casinobonusen din vil bli slettet, og du bare f\u00e5r tatt ut det som er igjen av det opprinnelige innskuddet ditt.<\/p>\n\n\n\n<p class=\"wp-block-paragraph\">Du finner dette kravet p\u00e5 s\u00e5 og si alle casinoer og bonuser, uavhengig av hvilken type det er. I noen f\u00e5 tilfeller er du bare n\u00f8dt til \u00e5 omsette bonusen \u00e9n gang, men det sjeldent p\u00e5 annet enn en cashback bonus eller eventuelt en liten gratisspinn bonus. Som regel er du derimot n\u00f8dt til \u00e5 omsette en bonus alt fra 20 til 50 ganger.<\/p>\n\n\n\n<h4 class=\"wp-block-heading\">Eksempel:<\/h4>\n\n\n\n<p class=\"wp-block-paragraph\"><em>Hvis du f\u00e5r 500 kr i bonus etter \u00e5 ha satt inn 500 kr, og omsetningskravet p\u00e5 bonus er 50x (som forresten er ganske h\u00f8yt), er du n\u00f8dt til \u00e5 satse 500 kr x 50 = 25 000 kr totalt, f\u00f8r bonusen blir omgjort til ekte penger. F\u00f8rst da kan du ta ut hele bel\u00f8pet.<\/em><\/p>\n\n\n\n<hr class=\"wp-block-separator has-alpha-channel-opacity\"\/>\n\n\n\n<h3 class=\"wp-block-heading\">Teller alle spill like mye mot omsetningskravet?<\/h3>\n\n\n\n<p class=\"wp-block-paragraph\">En annen ting det er verdt \u00e5 legge merke til er at de forskjellige spillene teller ulikt mot omsetningskravet n\u00e5r du spiller i et casino. Ogs\u00e5 dette varierer stort fra side til side, men i realiteten betyr det at n\u00e5r du satser 50 kr betyr ikke det n\u00f8dvendigvis at du har omsatt 50 kr kr av de 25 000 kr du er n\u00f8dt til for \u00e5 ha omsatt bonusen.<\/p>\n\n\n\n<h4 class=\"wp-block-heading\">Eksempel:<\/h4>\n\n\n\n<p class=\"wp-block-paragraph\"><em>Hvis du satser 50 kr p\u00e5 spilleautomaten Starburst sier reglene at 50 kr g\u00e5r mot det totale omsetningskravet. Men om du satser 50 kr p\u00e5 roulette, kan s\u00e5 lite som 10 kr telle mot det totale kravet. Videre kan en 50 kr innsats p\u00e5 Jackpot 6000 telle 0 kr mot kravet rett og slett fordi du ikke kan bruke klassiske spilleautomater til \u00e5 omsette bonusen din.<\/em><\/p>\n\n\n\n<p class=\"wp-block-paragraph\">Reglene er gjerne satt med en bestemt prosent. I eksempelet ovenfor telte roulette 20 % mot omsetningskravet, Starburst telte 100 %, mens Jackpot 6000 ikke telte i det hele tatt. Dette er et annet punkt du er n\u00f8dt til \u00e5 se opp for n\u00e5r du benytter deg av en bonus. Det kan fort hende at favoritt-spilleautomaten din st\u00e5r p\u00e5 listen over titler som ikke teller mot omsetningskravet n\u00e5r du spiller med en bonus.<\/p>\n\n\n\n<p class=\"wp-block-paragraph\">Som nevnt ovenfor vil reglene variere fra side til side. I alle tilfeller skal derimot vilk\u00e5rene v\u00e6re tydelige. Reglene for bonusene din skal klart vise hvor mange ganger du er n\u00f8dt til \u00e5 omsette bonusen, hvilke spill som er ekskludert, og hvor mye hvert spill teller mot kravet. Casino Frog anbefaler at du alltid sjekker vilk\u00e5rene for \u00e5 se om favorittspillene dine ikke er gunstige \u00e5 spille med bonus p\u00e5 siden du vurderer \u00e5 spille hos.<\/p>\n\n\n\n<hr class=\"wp-block-separator has-alpha-channel-opacity\"\/>\n\n\n\n<h3 class=\"wp-block-heading\">Omsetningskrav presenteres forskjellig<\/h3>\n\n\n\n<p class=\"wp-block-paragraph\">V\u00e6r oppmerksom p\u00e5 at omsetningskrav kan bli presentert ulikt. I de fleste tilfeller vil det kun v\u00e6re omsetningskrav p\u00e5 bonuspenger. For \u00e5 ha en relativt god sjanse til \u00e5 n\u00e5 kravet b\u00f8r helst ikke kravet v\u00e6re p\u00e5 mer enn 40 ganger bonus. Det har derimot blitt mer vanlig for casinoer med d\u00e5rligere vilk\u00e5r \u00e5 presentere omsetningskravet som for eksempel 25 ganger innskudd og bonus. Ved f\u00f8rste \u00f8yekast ser denne mye mer gunstig ut, men i realiteten vil det fungere som en 50 x bonus dersom match prosenten er p\u00e5 100 %.<\/p>\n\n\n\n<p class=\"wp-block-paragraph\">Bes\u00f8k casinoene via listene p\u00e5 <a href=\"https:\/\/casinofrog.com\/no\/\">CasinoFrog.com<\/a> for \u00e5 finne bonusene med de beste og mest rettferdige omsetningskravene.<\/p>\n","protected":false},"excerpt":{"rendered":"<p>De beste nettcasinoene i Norge vil tilby en rekke interessante bonuser n\u00e5r du f\u00f8rst registrerer deg som en ny spiller. Her finner du b\u00e5de en velkomstpakke, gjerne fordelt over flere innskudd, VIP-programmer og regelmessige bonuser. De fleste norske casinoer vil doble ditt f\u00f8rste innskudd i tillegg til \u00e5 gi deg et titalls eller flere gratisspinn. &#8230; <a title=\"Omsetningskrav forklart\" class=\"read-more\" href=\"https:\/\/casinofrog.com\/no\/guider\/omsetningskrav-forklart\/\" aria-label=\"Read more about Omsetningskrav forklart\">Les mer<\/a><\/p>\n","protected":false},"author":38,"featured_media":0,"parent":3991,"menu_order":0,"comment_status":"closed","ping_status":"closed","template":"","meta":{"_crdt_document":"","footnotes":""},"class_list":["post-3993","page","type-page","status-publish"],"_links":{"self":[{"href":"https:\/\/casinofrog.com\/no\/wp-json\/wp\/v2\/pages\/3993","targetHints":{"allow":["GET"]}}],"collection":[{"href":"https:\/\/casinofrog.com\/no\/wp-json\/wp\/v2\/pages"}],"about":[{"href":"https:\/\/casinofrog.com\/no\/wp-json\/wp\/v2\/types\/page"}],"author":[{"embeddable":true,"href":"https:\/\/casinofrog.com\/no\/wp-json\/wp\/v2\/users\/38"}],"replies":[{"embeddable":true,"href":"https:\/\/casinofrog.com\/no\/wp-json\/wp\/v2\/comments?post=3993"}],"version-history":[{"count":7,"href":"https:\/\/casinofrog.com\/no\/wp-json\/wp\/v2\/pages\/3993\/revisions"}],"predecessor-version":[{"id":19174,"href":"https:\/\/casinofrog.com\/no\/wp-json\/wp\/v2\/pages\/3993\/revisions\/19174"}],"up":[{"embeddable":true,"href":"https:\/\/casinofrog.com\/no\/wp-json\/wp\/v2\/pages\/3991"}],"wp:attachment":[{"href":"https:\/\/casinofrog.com\/no\/wp-json\/wp\/v2\/media?parent=3993"}],"curies":[{"name":"wp","href":"https:\/\/api.w.org\/{rel}","templated":true}]}}