{"id":3991,"date":"2020-07-22T07:59:02","date_gmt":"2020-07-22T07:59:02","guid":{"rendered":"https:\/\/www.casinofrog.com\/?page_id=3991"},"modified":"2024-06-27T13:18:20","modified_gmt":"2024-06-27T13:18:20","slug":"guider","status":"publish","type":"page","link":"https:\/\/casinofrog.com\/no\/guider\/","title":{"rendered":"Guider"},"content":{"rendered":"\n<h2 class=\"wp-block-heading\">Casino Frogs kunnskapsbase<\/h2>\n\n\n\n<p class=\"wp-block-paragraph\">F\u00f8r du setter i gang med spillingen, er det viktig \u00e5 kunne det grunnleggende om hvordan casino-verden fungerer. Ved \u00e5 ta en n\u00e6rmere titt p\u00e5 v\u00e5r kunnskapsdatabase kan du forsikre deg om at din f\u00f8rste opplevelse med casinospill blir s\u00e5 god som den kan bli.<\/p>\n\n\n\n<p class=\"wp-block-paragraph\">Vi har forberedt en rekke nybegynnerguider slik at du kan komme i gang s\u00e5 fort som mulig. Vi \u00f8nsker \u00e5 respektere tiden din og har derfor gjort de innholdsrike, men samtidig s\u00e5 konsise og enkle \u00e5 lese som overhodet mulig.<\/p>\n\n\n\n<hr class=\"wp-block-separator has-alpha-channel-opacity\"\/>\n\n\n\n<h2 class=\"wp-block-heading\">V\u00e5re guider<\/h2>\n\n\n\n<p class=\"wp-block-paragraph\">Uavhengig om du er en nybegynner i markedet eller om du er en erfaren spiller, har vi ryggen din med disse guidene.<br><\/p>\n\n\n<div  class=\"lgc-column lgc-grid-parent lgc-grid-33 lgc-tablet-grid-50 lgc-mobile-grid-100 lgc-equal-heights \"><div  class=\"inside-grid-column\">\n<h3><a href=\"https:\/\/casinofrog.com\/no\/guider\/a-forsta-vilkar\/\">\u00c5 forst\u00e5 vilk\u00e5r og betingelser<\/a><\/h3>\n<p>Alle anerkjente casinoer har et sett med spesifikke vilk\u00e5r spillere er n\u00f8dt til..<br \/>\n<\/p><\/div><\/div>\n\n\n<div  class=\"lgc-column lgc-grid-parent lgc-grid-33 lgc-tablet-grid-50 lgc-mobile-grid-100 lgc-equal-heights \"><div  class=\"inside-grid-column\">\n<h3><a href=\"https:\/\/casinofrog.com\/no\/guider\/hvordan-vi-vurderer\/\">Hvordan vi vurderer<\/a><\/h3>\n<p>V\u00e5re eksperter ser p\u00e5 n\u00f8kkelkriterier slik som sikkerhet, kampanjer, lisenser og..<br \/>\n<\/p><\/div><\/div>\n\n\n<div  class=\"lgc-column lgc-grid-parent lgc-grid-33 lgc-tablet-grid-50 lgc-mobile-grid-100 lgc-equal-heights \"><div  class=\"inside-grid-column\">\n<h3><a href=\"https:\/\/casinofrog.com\/no\/ansvarlig-spill\/\">Ansvarlig spill<\/a><\/h3>\n<p>Pengespill er en fantastisk form for underholdning. Likevel er det risikoer..<br \/>\n<\/p><\/div><\/div>\n\n\n<div  class=\"lgc-column lgc-grid-parent lgc-grid-33 lgc-tablet-grid-50 lgc-mobile-grid-100 lgc-equal-heights \"><div  class=\"inside-grid-column\">\n<h3><a href=\"https:\/\/casinofrog.com\/no\/guider\/omsetningskrav-forklart\/\">Omsetningskrav<\/a><\/h3>\n<p>L\u00e6r hvordan omsetningskrav fungerer f\u00f8r du benytter deg av en bonus..<br \/>\n<\/p><\/div><\/div>\n","protected":false},"excerpt":{"rendered":"<p>Casino Frogs kunnskapsbase F\u00f8r du setter i gang med spillingen, er det viktig \u00e5 kunne det grunnleggende om hvordan casino-verden fungerer. Ved \u00e5 ta en n\u00e6rmere titt p\u00e5 v\u00e5r kunnskapsdatabase kan du forsikre deg om at din f\u00f8rste opplevelse med casinospill blir s\u00e5 god som den kan bli. Vi har forberedt en rekke nybegynnerguider slik &#8230; <a title=\"Guider\" class=\"read-more\" href=\"https:\/\/casinofrog.com\/no\/guider\/\" aria-label=\"Read more about Guider\">Les mer<\/a><\/p>\n","protected":false},"author":72,"featured_media":0,"parent":0,"menu_order":0,"comment_status":"closed","ping_status":"closed","template":"","meta":{"_crdt_document":"","footnotes":""},"class_list":["post-3991","page","type-page","status-publish"],"_links":{"self":[{"href":"https:\/\/casinofrog.com\/no\/wp-json\/wp\/v2\/pages\/3991","targetHints":{"allow":["GET"]}}],"collection":[{"href":"https:\/\/casinofrog.com\/no\/wp-json\/wp\/v2\/pages"}],"about":[{"href":"https:\/\/casinofrog.com\/no\/wp-json\/wp\/v2\/types\/page"}],"author":[{"embeddable":true,"href":"https:\/\/casinofrog.com\/no\/wp-json\/wp\/v2\/users\/72"}],"replies":[{"embeddable":true,"href":"https:\/\/casinofrog.com\/no\/wp-json\/wp\/v2\/comments?post=3991"}],"version-history":[{"count":7,"href":"https:\/\/casinofrog.com\/no\/wp-json\/wp\/v2\/pages\/3991\/revisions"}],"predecessor-version":[{"id":19164,"href":"https:\/\/casinofrog.com\/no\/wp-json\/wp\/v2\/pages\/3991\/revisions\/19164"}],"wp:attachment":[{"href":"https:\/\/casinofrog.com\/no\/wp-json\/wp\/v2\/media?parent=3991"}],"curies":[{"name":"wp","href":"https:\/\/api.w.org\/{rel}","templated":true}]}}