{"id":3989,"date":"2020-07-22T07:55:15","date_gmt":"2020-07-22T07:55:15","guid":{"rendered":"https:\/\/www.casinofrog.com\/?page_id=3989"},"modified":"2024-06-27T13:19:14","modified_gmt":"2024-06-27T13:19:14","slug":"partnere","status":"publish","type":"page","link":"https:\/\/casinofrog.com\/no\/partnere\/","title":{"rendered":"Partnere for Casino Frog (NO)"},"content":{"rendered":"\n<p class=\"wp-block-paragraph\">Casino Frog har inng\u00e5tt et samarbeid med en rekke anerkjente casinosider for \u00e5 tilby v\u00e5re lesere den ultimate casinoopplevelsen og eksklusive bonuser. Vi tror at et sterkt partnerskap er n\u00f8dt til \u00e5 ligge til grunn for \u00e5 lykkes, og det er viktig for oss at hver og en av Casino Frog sine partnere st\u00f8tter b\u00e5de rettferdig og ansvarlig spill.<\/p>\n\n\n\n<p class=\"wp-block-paragraph\">\u00d8nsker ditt selskap \u00e5 n\u00e5 nye lesere og dermed bli en del av Casino Frog-partner familien? Ikke n\u00f8l med \u00e5 <a href=\"https:\/\/casinofrog.com\/no\/kontakt\/\">kontakte oss<\/a> for \u00e5 diskutere et samarbeid. I mellomtiden kan du ta en titt p\u00e5 v\u00e5re n\u00e5v\u00e6rende kj\u00e6re casinopartnere:<\/p>\n\n\n<div class=\"su-custom-gallery su-custom-gallery-align-left su-custom-gallery-title-never\"><div class=\"su-custom-gallery-slide\" style=\"width:130px;height:65px\"><a><img loading=\"lazy\" decoding=\"async\" src=\"https:\/\/casinofrog.com\/wp-content\/uploads\/casino-days-130x65.png\" alt=\"casino-days\" width=\"130\" height=\"65\" \/><span class=\"su-custom-gallery-title\">casino-days<\/span><\/a><\/div><div class=\"su-custom-gallery-slide\" style=\"width:130px;height:65px\"><a><img loading=\"lazy\" decoding=\"async\" src=\"https:\/\/casinofrog.com\/wp-content\/uploads\/casino-lab-130x65.png\" alt=\"casino-lab\" width=\"130\" height=\"65\" \/><span class=\"su-custom-gallery-title\">casino-lab<\/span><\/a><\/div><div class=\"su-custom-gallery-slide\" style=\"width:130px;height:65px\"><a><img loading=\"lazy\" decoding=\"async\" src=\"https:\/\/casinofrog.com\/wp-content\/uploads\/neon-vegas-130x65.png\" alt=\"neon-vegas\" width=\"130\" height=\"65\" \/><span class=\"su-custom-gallery-title\">neon-vegas<\/span><\/a><\/div><div class=\"su-custom-gallery-slide\" style=\"width:130px;height:65px\"><a><img loading=\"lazy\" decoding=\"async\" src=\"https:\/\/casinofrog.com\/wp-content\/uploads\/megalotto-130x65.png\" alt=\"megalotto\" width=\"130\" height=\"65\" \/><span class=\"su-custom-gallery-title\">megalotto<\/span><\/a><\/div><div class=\"su-custom-gallery-slide\" style=\"width:130px;height:65px\"><a><img loading=\"lazy\" decoding=\"async\" src=\"https:\/\/casinofrog.com\/wp-content\/uploads\/rant-casino-130x65.png\" alt=\"rant-casino\" width=\"130\" height=\"65\" \/><span class=\"su-custom-gallery-title\">rant-casino<\/span><\/a><\/div><div class=\"su-custom-gallery-slide\" style=\"width:130px;height:65px\"><a><img loading=\"lazy\" decoding=\"async\" src=\"https:\/\/casinofrog.com\/wp-content\/uploads\/casino-planet-130x65.png\" alt=\"casino-planet\" width=\"130\" height=\"65\" \/><span class=\"su-custom-gallery-title\">casino-planet<\/span><\/a><\/div><div class=\"su-custom-gallery-slide\" style=\"width:130px;height:65px\"><a><img loading=\"lazy\" decoding=\"async\" src=\"https:\/\/casinofrog.com\/wp-content\/uploads\/casino-joy-130x65.png\" alt=\"casino-joy\" width=\"130\" height=\"65\" \/><span class=\"su-custom-gallery-title\">casino-joy<\/span><\/a><\/div><div class=\"su-custom-gallery-slide\" style=\"width:130px;height:65px\"><a><img loading=\"lazy\" decoding=\"async\" src=\"https:\/\/casinofrog.com\/wp-content\/uploads\/casoola-130x65.png\" alt=\"casoola\" width=\"130\" height=\"65\" \/><span class=\"su-custom-gallery-title\">casoola<\/span><\/a><\/div><div class=\"su-custom-gallery-slide\" style=\"width:130px;height:65px\"><a><img loading=\"lazy\" decoding=\"async\" src=\"https:\/\/casinofrog.com\/wp-content\/uploads\/kassu-130x65.png\" alt=\"kassu\" width=\"130\" height=\"65\" \/><span class=\"su-custom-gallery-title\">kassu<\/span><\/a><\/div><div class=\"su-custom-gallery-slide\" style=\"width:130px;height:65px\"><a><img loading=\"lazy\" decoding=\"async\" src=\"https:\/\/casinofrog.com\/wp-content\/uploads\/casino-gods-130x65.png\" alt=\"casino-gods\" width=\"130\" height=\"65\" \/><span class=\"su-custom-gallery-title\">casino-gods<\/span><\/a><\/div><div class=\"su-custom-gallery-slide\" style=\"width:130px;height:65px\"><a><img loading=\"lazy\" decoding=\"async\" src=\"https:\/\/casinofrog.com\/wp-content\/uploads\/spela-130x65.png\" alt=\"spela\" width=\"130\" height=\"65\" \/><span class=\"su-custom-gallery-title\">spela<\/span><\/a><\/div><div class=\"su-custom-gallery-slide\" style=\"width:130px;height:65px\"><a><img loading=\"lazy\" decoding=\"async\" src=\"https:\/\/casinofrog.com\/wp-content\/uploads\/sloty-130x65.png\" alt=\"sloty\" width=\"130\" height=\"65\" \/><span class=\"su-custom-gallery-title\">sloty<\/span><\/a><\/div><div class=\"su-custom-gallery-slide\" style=\"width:130px;height:65px\"><a><img loading=\"lazy\" decoding=\"async\" src=\"https:\/\/casinofrog.com\/wp-content\/uploads\/vegas-hero-130x65.png\" alt=\"vegas-hero\" width=\"130\" height=\"65\" \/><span class=\"su-custom-gallery-title\">vegas-hero<\/span><\/a><\/div><div class=\"su-custom-gallery-slide\" style=\"width:130px;height:65px\"><a><img loading=\"lazy\" decoding=\"async\" src=\"https:\/\/casinofrog.com\/wp-content\/uploads\/spinit-130x65.png\" alt=\"spinit\" width=\"130\" height=\"65\" \/><span class=\"su-custom-gallery-title\">spinit<\/span><\/a><\/div><div class=\"su-custom-gallery-slide\" style=\"width:130px;height:65px\"><a><img loading=\"lazy\" decoding=\"async\" src=\"https:\/\/casinofrog.com\/wp-content\/uploads\/pelaa-130x65.png\" alt=\"pelaa\" width=\"130\" height=\"65\" \/><span class=\"su-custom-gallery-title\">pelaa<\/span><\/a><\/div><div class=\"su-custom-gallery-slide\" style=\"width:130px;height:65px\"><a><img loading=\"lazy\" decoding=\"async\" src=\"https:\/\/casinofrog.com\/wp-content\/uploads\/genesis-casino-130x65.png\" alt=\"genesis-casino\" width=\"130\" height=\"65\" \/><span class=\"su-custom-gallery-title\">genesis-casino<\/span><\/a><\/div><div class=\"su-custom-gallery-slide\" style=\"width:130px;height:65px\"><a><img loading=\"lazy\" decoding=\"async\" src=\"https:\/\/casinofrog.com\/wp-content\/uploads\/casino-cruise-130x65.png\" alt=\"casino-cruise\" width=\"130\" height=\"65\" \/><span class=\"su-custom-gallery-title\">casino-cruise<\/span><\/a><\/div><div class=\"su-clear\"><\/div><\/div>\n","protected":false},"excerpt":{"rendered":"<p>Casino Frog har inng\u00e5tt et samarbeid med en rekke anerkjente casinosider for \u00e5 tilby v\u00e5re lesere den ultimate casinoopplevelsen og eksklusive bonuser. Vi tror at et sterkt partnerskap er n\u00f8dt til \u00e5 ligge til grunn for \u00e5 lykkes, og det er viktig for oss at hver og en av Casino Frog sine partnere st\u00f8tter b\u00e5de &#8230; <a title=\"Partnere for Casino Frog (NO)\" class=\"read-more\" href=\"https:\/\/casinofrog.com\/no\/partnere\/\" aria-label=\"Read more about Partnere for Casino Frog (NO)\">Les mer<\/a><\/p>\n","protected":false},"author":72,"featured_media":0,"parent":0,"menu_order":0,"comment_status":"closed","ping_status":"closed","template":"","meta":{"_crdt_document":"","footnotes":""},"class_list":["post-3989","page","type-page","status-publish"],"_links":{"self":[{"href":"https:\/\/casinofrog.com\/no\/wp-json\/wp\/v2\/pages\/3989","targetHints":{"allow":["GET"]}}],"collection":[{"href":"https:\/\/casinofrog.com\/no\/wp-json\/wp\/v2\/pages"}],"about":[{"href":"https:\/\/casinofrog.com\/no\/wp-json\/wp\/v2\/types\/page"}],"author":[{"embeddable":true,"href":"https:\/\/casinofrog.com\/no\/wp-json\/wp\/v2\/users\/72"}],"replies":[{"embeddable":true,"href":"https:\/\/casinofrog.com\/no\/wp-json\/wp\/v2\/comments?post=3989"}],"version-history":[{"count":7,"href":"https:\/\/casinofrog.com\/no\/wp-json\/wp\/v2\/pages\/3989\/revisions"}],"predecessor-version":[{"id":19169,"href":"https:\/\/casinofrog.com\/no\/wp-json\/wp\/v2\/pages\/3989\/revisions\/19169"}],"wp:attachment":[{"href":"https:\/\/casinofrog.com\/no\/wp-json\/wp\/v2\/media?parent=3989"}],"curies":[{"name":"wp","href":"https:\/\/api.w.org\/{rel}","templated":true}]}}