{"id":3799,"date":"2020-07-20T09:18:01","date_gmt":"2020-07-20T09:18:01","guid":{"rendered":"https:\/\/www.casinofrog.com\/?page_id=3799"},"modified":"2024-06-27T13:18:02","modified_gmt":"2024-06-27T13:18:02","slug":"ansvarlig-spill","status":"publish","type":"page","link":"https:\/\/casinofrog.com\/no\/ansvarlig-spill\/","title":{"rendered":"Ansvarlig spilling i Norge"},"content":{"rendered":"<div class=\"wp-block-image\">\n<figure class=\"alignright\"><img loading=\"lazy\" decoding=\"async\" width=\"130\" height=\"130\" src=\"https:\/\/casinofrog.com\/wp-content\/uploads\/ansvarlig-spill.png\" alt=\"\" class=\"wp-image-5857\"\/><\/figure>\n<\/div>\n\n\n<p class=\"wp-block-paragraph\">Pengespill som casino og odds er en fantastisk form for underholdning. Likevel er det risikoer knyttet til pengespill, og det er derfor essensielt at du spiller ansvarlig.<\/p>\n\n\n\n<p class=\"wp-block-paragraph\">De fleste land som tillater pengespill har systemer p\u00e5 plass for de som blir rammet av spilleavhengighet, og det er ogs\u00e5 tilfellet i Norge. De fleste selskaper som tjener p\u00e5 pengespill er i tillegg p\u00e5lagt \u00e5 hjelpe de som har et problem.<\/p>\n\n\n\n<p class=\"wp-block-paragraph\">Det er fantastisk st\u00f8tte og r\u00e5d om ansvarlig spill i Norge, med flere veldedige organisasjoner som jobber mot \u00e5 fremme ansvarlig spill og bekjempe spilleavhengighet.<\/p>\n\n\n\n<hr class=\"wp-block-separator has-alpha-channel-opacity\"\/>\n\n\n\n<h3 class=\"wp-block-heading\">Hva er spilleavhengighet?<\/h3>\n\n\n\n<p class=\"wp-block-paragraph\">Spilleavhengighet er et begrep som brukes for \u00e5 beskrive en person der pengespill har g\u00e5tt langt utover \u00e5 bare v\u00e6re underholdning. De som er spilleavhengige bruker ikke pengespill som en form for underholdning, men f\u00f8ler de ikke har et annet valg enn \u00e5 spille. Det kan f\u00f8re til at et liv blir snudd helt p\u00e5 hodet og er n\u00f8dt til \u00e5 tas alvorlig.<\/p>\n\n\n\n<p class=\"wp-block-paragraph\">Det er flere faktorer spillere b\u00f8r tenkte n\u00e5r de begynner \u00e5 spille. \u00c5 vite om de r\u00f8de flaggene p\u00e5 forh\u00e5nd kan gj\u00f8re det lettere \u00e5 forst\u00e5 n\u00e5r pengespill begynner \u00e5 bli et problem. Som med mye annet er det lettere \u00e5 takle problemet tidlig, enn n\u00e5r det har p\u00e5g\u00e5tt over lengre tid. Disse r\u00f8de flaggene inkluderer blant annet at du pr\u00f8ver \u00e5 vinne tilbake det du har tapt eller at du spiller med penger som egentlig skulle v\u00e6rt brukt p\u00e5 n\u00f8dvendige ting. For eksempel leie, nedbetaling av l\u00e5n og mat.<\/p>\n\n\n\n<p class=\"wp-block-paragraph\">Pengespill b\u00f8r aldri ses p\u00e5 som en m\u00e5te \u00e5 tjene penger. Det skal ikke bli sett p\u00e5 som noe som kan hjelpe til med \u00e5 betale regningene dine. I stedet skal det i hovedsak kun v\u00e6re underholdning, og om du vinner er det bare en bonus.<\/p>\n\n\n\n<hr class=\"wp-block-separator has-alpha-channel-opacity\"\/>\n\n\n\n<h3 class=\"wp-block-heading\">Casino Frog sitt r\u00e5d for ansvarlig spill<\/h3>\n\n\n\n<p class=\"wp-block-paragraph\">Det er mye moro i pengespill, men det er viktig at du forst\u00e5r hvordan du spiller ansvarlig og unng\u00e5r potensielle problemer. V\u00e5rt team av eksperter anbefaler alle spillere at de er klar over farene ved pengespill. S\u00f8rg for at du tar de n\u00f8dvendige skrittene for at spill bare brukes som underholdning.<\/p>\n\n\n\n<p class=\"wp-block-paragraph\">N\u00e5r du spiller p\u00e5 nett er det viktig \u00e5 huske p\u00e5 at det bare er et spill. Igjen skal det ikke bli brukt som en m\u00e5te \u00e5 tjene penger, eller en m\u00e5te \u00e5 investere p\u00e5. Internett er fullt av strategier og tips for pengespill, men ingen har en sikker m\u00e5te som kan garantere at du vinner i lengden.<\/p>\n\n\n\n<h4 class=\"wp-block-heading\">Sett et budsjett<\/h4>\n\n\n\n<p class=\"wp-block-paragraph\">F\u00f8r du begynner \u00e5 spille med ekte penger b\u00f8r du sette deg et budsjett. S\u00f8rg for at det er et bel\u00f8p du har r\u00e5d til \u00e5 tape. V\u00e6r forberedt til \u00e5 avslutte spillingen hvis du taper alt du har satt inn.<\/p>\n\n\n\n<p class=\"wp-block-paragraph\">\u00c5 tape er uunng\u00e5elig n\u00e5r du spiller pengespill. De som sliter med spilling har en tendens til \u00e5 ta tapene tungt, og overdrive i fors\u00f8kene sine til \u00e5 vinne tilbake de tapte pengene. S\u00f8rg for at du ikke faller i denne fellen. Hvis du taper alt er det helt greit, logg ut og hold deg til budsjettet du har satt.<\/p>\n\n\n\n<p class=\"wp-block-paragraph\">Forsikre deg om at penger du bruker p\u00e5 \u00e5 spille er en del av underholdningsbudsjettet ditt. Du er n\u00f8dt til \u00e5 ha nok penger til leie, mat, regninger og lignende n\u00e5r du trenger det. Husk at selv om du tror at du sitter p\u00e5 en vinnerstrategi, er realiteten at du kan tape alt i l\u00f8pet av en kveld.<\/p>\n\n\n\n<p class=\"wp-block-paragraph\">Vi anbefaler at alle spillere gj\u00f8r seg oppmerksom p\u00e5 hjelpen som er tilgjengelig i Norge. Hver forberedt p\u00e5 \u00e5 be om hjelp om du skulle trenge det. Det er ingen skam \u00e5 be om hjelp, og det er det aller f\u00f8rste steget til \u00e5 bli frisk. Spilleavhengighet kan v\u00e6re \u00f8deleggende. Hvis spillere ber om hjelp tidlig vil ting g\u00e5 mye lettere tilbake til normalen.<\/p>\n\n\n\n<hr class=\"wp-block-separator has-alpha-channel-opacity\"\/>\n\n\n\n<h3 class=\"wp-block-heading\">Hvordan du kan f\u00e5 hjelp med spilleavhengighet i Norge<\/h3>\n\n\n\n<p class=\"wp-block-paragraph\">Hvis du eller noen av de du er glad i har f\u00e5tt et problem med pengespill, kan du ta kontakt med en av organisasjonene som hjelper med akkurat dette. Lederen for forebygging og hjelp mot spilleavhengighet i Norge er Hjelpelinjen. Denne stiftelsen har helt og holdent fokus p\u00e5 dette problemet, og tilbyr informasjon, noen \u00e5 prate med og behandling for de som trenger det.<\/p>\n\n\n\n<p class=\"wp-block-paragraph\">G\u00e5 inn p\u00e5 <a href=\"https:\/\/hjelpelinjen.no\/\" target=\"_blank\" rel=\"noreferrer noopener\" aria-label=\" (opens in a new tab)\">hjelpelinjen.no\/<\/a> for \u00e5 l\u00e6re mer.<\/p>\n\n\n\n<p class=\"wp-block-paragraph\">For \u00e5 virkelig kunne ha glede med pengespill og f\u00e5 det beste ut av alle de tilgjengelige casinoene, bookmakerne og pokersidene, er det viktig at du tar ansvarlig spill p\u00e5 alvor.<\/p>\n\n\n\n<p class=\"wp-block-paragraph\">Husk at r\u00e5dene v\u00e5re om ansvarlig pengespill slik at du slipper \u00e5 havne i faresonen.<\/p>\n\n\n\n<p class=\"wp-block-paragraph\">Aldri spill for penger du ikke har r\u00e5d til \u00e5 tape, og stopp alltid innenfor budsjettet du har satt. Hvis du har et klart hode er det mye lettere \u00e5 unng\u00e5 \u00e5 spille for mer enn du b\u00f8r. Spill derfor aldri n\u00e5r du er p\u00e5virket. Det er mye god hjelp \u00e5 finne blant norske stiftelser. Bes\u00f8k <a href=\"https:\/\/hjelpelinjen.no\/\" target=\"_blank\" rel=\"noopener noreferrer\">hjelpelinjen.no\/<\/a> i dag for \u00e5 f\u00e5 hjelp eller l\u00e6re mer om forebyggende tiltak.<\/p>\n","protected":false},"excerpt":{"rendered":"<p>Pengespill som casino og odds er en fantastisk form for underholdning. Likevel er det risikoer knyttet til pengespill, og det er derfor essensielt at du spiller ansvarlig. De fleste land som tillater pengespill har systemer p\u00e5 plass for de som blir rammet av spilleavhengighet, og det er ogs\u00e5 tilfellet i Norge. De fleste selskaper som &#8230; <a title=\"Ansvarlig spilling i Norge\" class=\"read-more\" href=\"https:\/\/casinofrog.com\/no\/ansvarlig-spill\/\" aria-label=\"Read more about Ansvarlig spilling i Norge\">Les mer<\/a><\/p>\n","protected":false},"author":36,"featured_media":0,"parent":0,"menu_order":0,"comment_status":"closed","ping_status":"closed","template":"","meta":{"_crdt_document":"","footnotes":""},"class_list":["post-3799","page","type-page","status-publish"],"_links":{"self":[{"href":"https:\/\/casinofrog.com\/no\/wp-json\/wp\/v2\/pages\/3799","targetHints":{"allow":["GET"]}}],"collection":[{"href":"https:\/\/casinofrog.com\/no\/wp-json\/wp\/v2\/pages"}],"about":[{"href":"https:\/\/casinofrog.com\/no\/wp-json\/wp\/v2\/types\/page"}],"author":[{"embeddable":true,"href":"https:\/\/casinofrog.com\/no\/wp-json\/wp\/v2\/users\/36"}],"replies":[{"embeddable":true,"href":"https:\/\/casinofrog.com\/no\/wp-json\/wp\/v2\/comments?post=3799"}],"version-history":[{"count":11,"href":"https:\/\/casinofrog.com\/no\/wp-json\/wp\/v2\/pages\/3799\/revisions"}],"predecessor-version":[{"id":19163,"href":"https:\/\/casinofrog.com\/no\/wp-json\/wp\/v2\/pages\/3799\/revisions\/19163"}],"wp:attachment":[{"href":"https:\/\/casinofrog.com\/no\/wp-json\/wp\/v2\/media?parent=3799"}],"curies":[{"name":"wp","href":"https:\/\/api.w.org\/{rel}","templated":true}]}}