{"id":3790,"date":"2020-07-20T08:25:12","date_gmt":"2020-07-20T08:25:12","guid":{"rendered":"https:\/\/www.casinofrog.com\/?page_id=3790"},"modified":"2024-06-27T13:18:22","modified_gmt":"2024-06-27T13:18:22","slug":"a-forsta-vilkar","status":"publish","type":"page","link":"https:\/\/casinofrog.com\/no\/guider\/a-forsta-vilkar\/","title":{"rendered":"\u00c5 forst\u00e5 vilk\u00e5r"},"content":{"rendered":"<div class=\"wp-block-image\">\n<figure class=\"alignright\"><img loading=\"lazy\" decoding=\"async\" width=\"220\" height=\"90\" src=\"https:\/\/casinofrog.com\/wp-content\/uploads\/a-forsta-vilkar.png\" alt=\"\u00c5 forst\u00e5 vilk\u00e5r\" class=\"wp-image-6236\"\/><\/figure>\n<\/div>\n\n\n<p class=\"wp-block-paragraph\">Alle anerkjente casinoer har et sett med spesifikke vilk\u00e5r og betingelser spillere er n\u00f8dt til \u00e5 overholde. Slike vilk\u00e5r er vanlig p\u00e5 n\u00e6rmest alle nettsteder, men er spesielt viktig i tilfeller der penger skifter hender.<\/p>\n\n\n\n<p class=\"wp-block-paragraph\">For casinosider er vilk\u00e5r og betingelser en n\u00f8dvendighet. De er der for \u00e5 beskytte b\u00e5de selskapet og spilleren, og er designet for at spilleren skal f\u00e5 en bedre opplevelse p\u00e5 nettsiden.<\/p>\n\n\n\n<p class=\"wp-block-paragraph\">Hvis du har registrert deg p\u00e5 en casinoside nylig, har du mest sannsynlig blitt spurt om \u00e5 godta vilk\u00e5rene p\u00e5 siden. Som regel vil casinoer ikke tillate at en ny spiller registrerer seg om du ikke har huket av en boks om at du har godtatt og lest disse betingelsene. Selv om det er fristende \u00e5 huke av denne boksen uten \u00e5 lese over vilk\u00e5rene, er det anbefalt at du leser de. Du b\u00f8r ta en kjapp titt p\u00e5 vilk\u00e5rene f\u00f8r du godtar betingelsene slik at du vet hva du g\u00e5r til.<\/p>\n\n\n\n<hr class=\"wp-block-separator has-alpha-channel-opacity\"\/>\n\n\n\n<h3 class=\"wp-block-heading\">Vanlige vilk\u00e5r \u00e5 se opp for<\/h3>\n\n\n\n<p class=\"wp-block-paragraph\">Reglene p\u00e5 en casinoside kan v\u00e6re veldig omfattende. Mange casinoer har lange lister med regler spillere b\u00f8r lese f\u00f8r de registrer seg. Det er verdt \u00e5 bruke noen minutter p\u00e5 dette slik at du vet hva du kan forvente deg f\u00f8r du gj\u00f8r et innskudd, eller i det hele tatt registrerer deg hos en ny side.<\/p>\n\n\n\n<p class=\"wp-block-paragraph\">Vilk\u00e5r og betingelser blir vanligvis delt inn i forskjellige sektorer slik at det er \u2018lettere\u2019 \u00e5 lese. Se opp for vilk\u00e5r som begrenser deg som spilleren. Denne seksjonen gir detaljer om hva spillere ikke skal gj\u00f8re p\u00e5 siden. Blant annet om hvor du har lov til \u00e5 spille fra, aldersgrense og andre restriksjoner for spill.<\/p>\n\n\n\n<p class=\"wp-block-paragraph\">Noe av informasjonen under vilk\u00e5r og betingelser er ganske enkelt en ansvarsfraskrivelse. Det betyr at casinoet fraskriver seg ansvarlig for blant annet at du taper penger p\u00e5 deres side.<\/p>\n\n\n\n<p class=\"wp-block-paragraph\">Et annet eksempel er at casinoer vil nekte spillere som er mindre\u00e5rige \u00e5 spille p\u00e5 siden, eller spiller fra spesifikke land. Selv om casinoer tar steg for \u00e5 unng\u00e5 dette, er det begrensninger p\u00e5 hva de klarer \u00e5 f\u00e5 med seg om spillere ignorerer reglene. Det er akkurat derfor ansvarsfraskrivelser er essensielt for spillsider.<\/p>\n\n\n\n<p class=\"wp-block-paragraph\">Casinoer vil ofte utgi informasjon om bonusvilk\u00e5r og omsetningskrav i deres vilk\u00e5r og betingelser. Dette er du spesielt n\u00f8dt til \u00e5 lese n\u00f8ye. Omsetningskrav er n\u00f8kkelen til casinobonuser og kampanjer, og er n\u00f8dvendig for \u00e5 skille gode fra d\u00e5rlige casinobonuser.<\/p>\n\n\n\n<p class=\"wp-block-paragraph\">Se spesielt opp for omsetningskrav p\u00e5 bonuser du vurderer \u00e5 benytte deg av. Finn ut hvor mye du er n\u00f8dt til \u00e5 satse f\u00f8r du kan ta ut gevinstene dine. Husk i tillegg at spill har forskjellig veining. Det betyr at en spesifikk spilleautomat eller et bordspill ikke teller mot omsetningskravet. Om det er favorittspillet ditt b\u00f8r du vurdere \u00e5 benytte deg av en annen bonus. Se n\u00e6rmere p\u00e5 v\u00e5r <a href=\"https:\/\/casinofrog.com\/no\/guider\/omsetningskrav-forklart\/\">artikkel om omsetningskrav<\/a> for \u00e5 l\u00e6re mer om hvordan dette fungerer.<\/p>\n\n\n\n<p class=\"wp-block-paragraph\">Betalingsprosedyrer er viktig for b\u00e5de spillere og casinosider. Mange casinoer vil liste betalingsinformasjon i sine vilk\u00e5r. Se opp for informasjon ang\u00e5ende aksepterte betalingsmetoder, og pass p\u00e5 at du er klar over vilk\u00e5rene for uttak av gevinster.<\/p>\n\n\n\n<p class=\"wp-block-paragraph\">Du vil i tillegg finne ut av hvordan du kan gj\u00f8re uttak og hvor lang behandlingstiden til casinoet er. Noen casinoer har en begrensning p\u00e5 hvor mye du kan ta ut hver dag, uke eller m\u00e5ned. Dette er spesielt viktig om du er en storspiller. Noen casinoer krever ogs\u00e5 ekstra sikkerhetskontroller, og du kan bli bedt om \u00e5 oppgi ID-informasjon og adressebevis f\u00f8r du gj\u00f8r et uttak.<\/p>\n\n\n\n<hr class=\"wp-block-separator has-alpha-channel-opacity\"\/>\n\n\n\n<h3 class=\"wp-block-heading\">Personvern hos nettcasinoer<\/h3>\n\n\n\n<p class=\"wp-block-paragraph\">Vilk\u00e5r og betingelser blir ofte forbundet med casinoets regler for personvern. N\u00e5r du registrerer deg kan det fort hende du ser et felt du m\u00e5 huke av for \u00e5 bekrefte at du har lest og godtar reglene for personvern. Du blir samtidig gjerne spurt om du \u00f8nsker \u00e5 motta markedsf\u00f8ring og kampanjer p\u00e5 e-post, og om du kan bli kontaktet p\u00e5 telefon, SMS eller post. Pass p\u00e5 at du leser dette n\u00f8ye og huker av for de alternativene du \u00f8nsker \u00e5 bli kontaktet p\u00e5.<\/p>\n\n\n\n<p class=\"wp-block-paragraph\">Noen spillere velger bort all kommunikasjon, noe som er helt greit. Du m\u00e5 likevel v\u00e6re oppmerksom p\u00e5 at dette kan f\u00f8re til at du g\u00e5r glipp av unike tilbud og kampanjer, ettersom casinoet ikke har en m\u00e5te de kan formidle det til deg. Derfor anbefaler vi alltid at du gir casinoet minst \u00e9n m\u00e5te \u00e5 kontakte deg p\u00e5, spesielt om du vil spille der regelmessig. Husk at kommunikasjon om kontoen og betalinger vil komme gjennom uansett, selv om du ikke \u00f8nsker \u00e5 bli kontaktet ang\u00e5ende tilbud og kampanjer.<\/p>\n\n\n\n<p class=\"wp-block-paragraph\">Vilk\u00e5r og betingelser kan virke overveldende ved f\u00f8rste \u00f8yekast, men ved \u00e5 skumlese disse kravene kan du raskt unng\u00e5 \u00e5 g\u00e5 p\u00e5 en smell, og det er noe du vil takke deg selv for i fremtiden. Se gjennom vilk\u00e5rene og gj\u00f8r deg kjent med forventningene til casinosiden. Hvis du er forn\u00f8yd med betingelsene til casinoet huker du av boksen og s\u00e5 er du klar til \u00e5 spille.<\/p>\n","protected":false},"excerpt":{"rendered":"<p>Alle anerkjente casinoer har et sett med spesifikke vilk\u00e5r og betingelser spillere er n\u00f8dt til \u00e5 overholde. Slike vilk\u00e5r er vanlig p\u00e5 n\u00e6rmest alle nettsteder, men er spesielt viktig i tilfeller der penger skifter hender. For casinosider er vilk\u00e5r og betingelser en n\u00f8dvendighet. De er der for \u00e5 beskytte b\u00e5de selskapet og spilleren, og er &#8230; <a title=\"\u00c5 forst\u00e5 vilk\u00e5r\" class=\"read-more\" href=\"https:\/\/casinofrog.com\/no\/guider\/a-forsta-vilkar\/\" aria-label=\"Read more about \u00c5 forst\u00e5 vilk\u00e5r\">Les mer<\/a><\/p>\n","protected":false},"author":34,"featured_media":0,"parent":3991,"menu_order":0,"comment_status":"closed","ping_status":"closed","template":"","meta":{"_crdt_document":"","footnotes":""},"class_list":["post-3790","page","type-page","status-publish"],"_links":{"self":[{"href":"https:\/\/casinofrog.com\/no\/wp-json\/wp\/v2\/pages\/3790","targetHints":{"allow":["GET"]}}],"collection":[{"href":"https:\/\/casinofrog.com\/no\/wp-json\/wp\/v2\/pages"}],"about":[{"href":"https:\/\/casinofrog.com\/no\/wp-json\/wp\/v2\/types\/page"}],"author":[{"embeddable":true,"href":"https:\/\/casinofrog.com\/no\/wp-json\/wp\/v2\/users\/34"}],"replies":[{"embeddable":true,"href":"https:\/\/casinofrog.com\/no\/wp-json\/wp\/v2\/comments?post=3790"}],"version-history":[{"count":7,"href":"https:\/\/casinofrog.com\/no\/wp-json\/wp\/v2\/pages\/3790\/revisions"}],"predecessor-version":[{"id":19165,"href":"https:\/\/casinofrog.com\/no\/wp-json\/wp\/v2\/pages\/3790\/revisions\/19165"}],"up":[{"embeddable":true,"href":"https:\/\/casinofrog.com\/no\/wp-json\/wp\/v2\/pages\/3991"}],"wp:attachment":[{"href":"https:\/\/casinofrog.com\/no\/wp-json\/wp\/v2\/media?parent=3790"}],"curies":[{"name":"wp","href":"https:\/\/api.w.org\/{rel}","templated":true}]}}