{"id":3788,"date":"2020-07-20T08:24:05","date_gmt":"2020-07-20T08:24:05","guid":{"rendered":"https:\/\/www.casinofrog.com\/?page_id=3788"},"modified":"2024-06-27T13:20:23","modified_gmt":"2024-06-27T13:20:23","slug":"karriere","status":"publish","type":"page","link":"https:\/\/casinofrog.com\/no\/karriere\/","title":{"rendered":"Karriere hos Casino Frog (NO)"},"content":{"rendered":"\n<p class=\"wp-block-paragraph\">Hos Casino Frog har vi satt h\u00f8ye m\u00e5l for oss selv. Vi \u00f8nsker alltid \u00e5 hjelpe lesere fra b\u00e5de Norge og resten av verden. Siden vi stadig jobber mot \u00e5 bli bedre og n\u00e5 enda flere lesere, \u00f8nsker vi \u00e5 rekruttere nytt talent til teamet.<\/p>\n\n\n\n<p class=\"wp-block-paragraph\">Kanskje har akkurat du det vi leter etter? Ikke n\u00f8l med \u00e5 sende oss s\u00f8knaden din til jobs@casinofrog.com.<\/p>\n\n\n\n<hr class=\"wp-block-separator has-alpha-channel-opacity\"\/>\n\n\n\n<h2 class=\"wp-block-heading\">Hvorfor du b\u00f8r jobbe med oss<\/h2>\n\n\n\n<p class=\"wp-block-paragraph\">Hovedm\u00e5let v\u00e5rt er \u00e5 gj\u00f8re det lettere for folk flest \u00e5 finne de mest p\u00e5litelige og trygge casinoene p\u00e5 markedet. Vi kan bare oppn\u00e5 dette ved konstant \u00e5 f\u00f8lge med p\u00e5 markedet, og holde oss oppdatert og informert om stadige endringer.<\/p>\n\n\n\n<p class=\"wp-block-paragraph\">Vi verdsetter b\u00e5de teamarbeid og individuelle initiativer s\u00e6rdeles h\u00f8yt. Alle i v\u00e5rt team blir h\u00f8rt, og vi er overbevist at \u00e5 utveksle b\u00e5de ideer, tanker og kunnskap er n\u00f8kkelen til suksess.<\/p>\n\n\n\n<p class=\"wp-block-paragraph\">Lag\u00e5nd er et annet n\u00f8kkelord innenfor v\u00e5rt selskap. Det er ogs\u00e5 grunnen til at vi alltid \u00f8nsker \u00e5 hjelpe og l\u00e6re av hverandre for n\u00e5 v\u00e5re felles m\u00e5l. Vi s\u00f8rger samtidig for at det er tid og rom for utvikling av individuell kompetanse, og legger selvf\u00f8lgelig til rette for det.<\/p>\n\n\n\n<h3 class=\"wp-block-heading\">Vi tror p\u00e5 v\u00e5re medarbeidere<\/h3>\n\n\n\n<p class=\"wp-block-paragraph\">Bransjen vi jobber i er i konstant endring og utvikling. Derfor vil det alltid v\u00e6re behov for \u00e5 l\u00e6re noe nytt, og ingen enkeltperson i teamet vil ha fasitsvaret p\u00e5 absolutt alt. Det er v\u00e5r plikt \u00e5 s\u00f8rge for at hver medarbeider er komfortabel i sin rolle. Vi tilbyr derfor oppl\u00e6ring og andre verkt\u00f8y for \u00e5 skape det ideelle arbeidsmilj\u00f8et for v\u00e5re ansatte.<\/p>\n\n\n\n<h3 class=\"wp-block-heading\">Vennlig arbeidsmilj\u00f8<\/h3>\n\n\n\n<p class=\"wp-block-paragraph\">Enhver ansatt i Casino Frog skal f\u00f8le at de fyller en viktig rolle i selskapet v\u00e5rt. Vi har stor tro p\u00e5 et mangfoldig og inkluderende milj\u00f8 der alle blir behandlet likt. Dette bidrar til \u00e5 skape en mer dynamisk og vennlig arbeidsplass.<\/p>\n\n\n\n<h3 class=\"wp-block-heading\">Felles m\u00e5l<\/h3>\n\n\n\n<p class=\"wp-block-paragraph\">\u00c5 jobbe som et team der alle har de samme verdiene gj\u00f8r at vi enklere kan jobbe mot et felles m\u00e5l. Dette har vist seg \u00e5 v\u00e6re en suksessfull strategi for Casino Frog. N\u00e5r det er sagt er ogs\u00e5 individuelt ansvar viktig. Det bygger karakter og styrker lag\u00e5nden i teamet.<\/p>\n\n\n\n<hr class=\"wp-block-separator has-alpha-channel-opacity\"\/>\n\n\n\n<h2 class=\"wp-block-heading\">Bli med i teamet v\u00e5rt<\/h2>\n\n\n\n<p class=\"wp-block-paragraph\">Lyst til \u00e5 ta nye steg i karrieren din? Nedenfor finner du de \u00e5pne stillingene hos Casino Frog for \u00f8yeblikket.<\/p>\n\n\n\n<h4 class=\"wp-block-heading\">Fullstack utvikler \u2013 Fulltid<\/h4>\n\n\n\n<p class=\"wp-block-paragraph\">Om du er en erfaren og\/eller sv\u00e6rt dyktig fullstack utvikler kan du v\u00e6re v\u00e5r nye stjerne. Vi ser alltid etter nye funksjoner som kan forbedre tilbudet v\u00e5rt. Om du har en lidenskap for spill og utvikle unike funksjoner, samtidig som du deler v\u00e5r visjon, er du kanskje akkurat den vi ser etter.<\/p>\n\n\n\n<h4 class=\"wp-block-heading\">Casino anmelder \u2013 Fulltid \/ deltid<\/h4>\n\n\n\n<p class=\"wp-block-paragraph\">Vi \u00f8nsker \u00e5 utvide teamet v\u00e5rt med en eksepsjonell casino anmelder. P\u00e5 den m\u00e5ten har vi mulighet til \u00e5 sammenligne enda flere casinoer for v\u00e5re lesere fra Norge. For dette krever vi en skribent med tidligere erfaring og kunnskap om casinomarkedet.<\/p>\n\n\n\n<hr class=\"wp-block-separator has-alpha-channel-opacity\"\/>\n\n\n\n<h2 class=\"wp-block-heading\">S\u00f8k i dag<\/h2>\n\n\n\n<p class=\"wp-block-paragraph\">Passer en av de \u00e5pne stillingene perfekt for deg? Send oss CV-en din p\u00e5 <a href=\"mailto:jobs@casinofrog.com\">jobs@casinofrog.com<\/a>, litt om deg selv og hvorfor akkurat du passer s\u00e5 godt til \u00e5 bli en del av v\u00e5rt team.<\/p>\n\n\n\n<p class=\"wp-block-paragraph\">Om du ikke finner en \u00e5pen stilling for deg kan det fortsatt hende vi vil ha deg ombord. Send oss en e-post med mer informasjon og hva du tenker du kan bidra med.<\/p>\n","protected":false},"excerpt":{"rendered":"<p>Hos Casino Frog har vi satt h\u00f8ye m\u00e5l for oss selv. Vi \u00f8nsker alltid \u00e5 hjelpe lesere fra b\u00e5de Norge og resten av verden. Siden vi stadig jobber mot \u00e5 bli bedre og n\u00e5 enda flere lesere, \u00f8nsker vi \u00e5 rekruttere nytt talent til teamet. Kanskje har akkurat du det vi leter etter? Ikke n\u00f8l &#8230; <a title=\"Karriere hos Casino Frog (NO)\" class=\"read-more\" href=\"https:\/\/casinofrog.com\/no\/karriere\/\" aria-label=\"Read more about Karriere hos Casino Frog (NO)\">Les mer<\/a><\/p>\n","protected":false},"author":72,"featured_media":0,"parent":0,"menu_order":0,"comment_status":"closed","ping_status":"closed","template":"","meta":{"_crdt_document":"","footnotes":""},"class_list":["post-3788","page","type-page","status-publish"],"_links":{"self":[{"href":"https:\/\/casinofrog.com\/no\/wp-json\/wp\/v2\/pages\/3788","targetHints":{"allow":["GET"]}}],"collection":[{"href":"https:\/\/casinofrog.com\/no\/wp-json\/wp\/v2\/pages"}],"about":[{"href":"https:\/\/casinofrog.com\/no\/wp-json\/wp\/v2\/types\/page"}],"author":[{"embeddable":true,"href":"https:\/\/casinofrog.com\/no\/wp-json\/wp\/v2\/users\/72"}],"replies":[{"embeddable":true,"href":"https:\/\/casinofrog.com\/no\/wp-json\/wp\/v2\/comments?post=3788"}],"version-history":[{"count":5,"href":"https:\/\/casinofrog.com\/no\/wp-json\/wp\/v2\/pages\/3788\/revisions"}],"predecessor-version":[{"id":19173,"href":"https:\/\/casinofrog.com\/no\/wp-json\/wp\/v2\/pages\/3788\/revisions\/19173"}],"wp:attachment":[{"href":"https:\/\/casinofrog.com\/no\/wp-json\/wp\/v2\/media?parent=3788"}],"curies":[{"name":"wp","href":"https:\/\/api.w.org\/{rel}","templated":true}]}}