{"id":3787,"date":"2020-07-20T08:26:52","date_gmt":"2020-07-20T08:26:52","guid":{"rendered":"https:\/\/www.casinofrog.com\/?page_id=3787"},"modified":"2024-06-27T13:18:57","modified_gmt":"2024-06-27T13:18:57","slug":"skribenter","status":"publish","type":"page","link":"https:\/\/casinofrog.com\/no\/skribenter\/","title":{"rendered":"Skribenter hos Casino Frog (NO)"},"content":{"rendered":"\n<h2 class=\"wp-block-heading\">Skribentene p\u00e5 Casino Frog Norge<\/h2>\n\n\n\n<p class=\"wp-block-paragraph\">M\u00f8t v\u00e5rt norske team hos Casino Frog. De er dedikerte til \u00e5 levere den beste casino informasjonen i Norge. Med sin samlede erfaring og driv tar de et stort steg mot \u00e5 gj\u00f8re akkurat dette, og n\u00e5r stadig nye milep\u00e6ler.<\/p>\n\n\n\n<hr class=\"wp-block-separator has-alpha-channel-opacity\"\/>\n\n\n<div  class=\"lgc-column lgc-grid-parent lgc-grid-33 lgc-tablet-grid-50 lgc-mobile-grid-100 lgc-equal-heights \"><div  class=\"inside-grid-column\">\n<img loading=\"lazy\" decoding=\"async\" class=\"alignnone size-full wp-image-3909 round\" src=\"https:\/\/casinofrog.com\/wp-content\/uploads\/bjorn-strand.jpg\" alt=\"\" width=\"150\" height=\"150\" \/><br \/>\n<strong>Bj\u00f8rn Strand<\/strong><br \/>\nBj\u00f8rn er v\u00e5r mest erfarne casino ekspert. Med mer enn 20 \u00e5r i bransjen har han oversikt p\u00e5 det aller meste. Spesielt n\u00e5r det kommer til casino, men han har ogs\u00e5 god oversikt over andre former for pengespill. Hvis det er noen i teamet som har et sp\u00f8rsm\u00e5l er det s\u00e6rdeles lav odds for at Bj\u00f8rn kan svare p\u00e5 det.<br \/>\n<\/div><\/div>\n\n\n<div  class=\"lgc-column lgc-grid-parent lgc-grid-33 lgc-tablet-grid-50 lgc-mobile-grid-100 lgc-equal-heights \"><div  class=\"inside-grid-column\">\n<img loading=\"lazy\" decoding=\"async\" class=\"alignnone size-full wp-image-3922 round\" src=\"https:\/\/casinofrog.com\/wp-content\/uploads\/erik-hagen.jpg\" alt=\"\" width=\"150\" height=\"150\" \/><br \/>\n<strong>Erik Hagen<\/strong><br \/>\nErik er v\u00e5r ekspert n\u00e5r det kommer til tall, og i casinobransjen sier ikke det lite. Han regner ut oddsen og husets fordel p\u00e5 alle de popul\u00e6re bordspillene, og hjelper skribentene med alle sp\u00f8rsm\u00e5l de m\u00e5tte ha om b\u00e5de bordspill, videopoker og spilleautomater. Erik hjelper ogs\u00e5 til \u00e5 regne ut verdien p\u00e5 de ulike bonustilbudene.<br \/>\n<\/div><\/div>\n\n\n<div  class=\"lgc-column lgc-grid-parent lgc-grid-33 lgc-tablet-grid-50 lgc-mobile-grid-100 lgc-equal-heights \"><div  class=\"inside-grid-column\">\n<img loading=\"lazy\" decoding=\"async\" class=\"alignnone size-full wp-image-3896 round\" src=\"https:\/\/casinofrog.com\/wp-content\/uploads\/anette-dahl.jpg\" alt=\"\" width=\"150\" height=\"150\" \/><br \/>\n<strong>Anette Halvorsen Dahl<\/strong><br \/>\nAnette har skrevet hundrevis av casino anmeldelser opp gjennom \u00e5rene, og har en lidenskap i \u00e5 skille de gode fra de d\u00e5rlige casinobonusene. Sammen med ekspertene g\u00e5r hun n\u00f8ye gjennom de ulike bonusvilk\u00e5rene f\u00f8r nye anmeldelser blir lagt til. Det tar tid \u00e5 g\u00e5 gjennom alle vilk\u00e5rene knyttet til de forskjellige tilbudene, men det er ogs\u00e5 helt n\u00f8dvendig.<br \/>\n<\/div><\/div><div class=\"lgc-clear\"><\/div>\n\n\n<div  class=\"lgc-column lgc-grid-parent lgc-grid-33 lgc-tablet-grid-50 lgc-mobile-grid-100 lgc-equal-heights \"><div  class=\"inside-grid-column\">\n<img loading=\"lazy\" decoding=\"async\" class=\"alignnone size-full wp-image-3935 round\" src=\"https:\/\/casinofrog.com\/wp-content\/uploads\/jonas-kvamme.jpg\" alt=\"\" width=\"150\" height=\"150\" \/><br \/>\n<strong>Jonas Kvamme<\/strong><br \/>\nJonas har v\u00e6rt i bransjen i en \u00e5rrekke. Han drev tidligere sin egen casinoportal og har i ettertid jobbet tett mot casino markedet. Opp gjennom \u00e5rene har han rukket \u00e5 skrive om n\u00e6rmest alt innenfor casinoindustrien. Fra anmeldelser av casinoer, til landingssider, betalingsmetoder, utviklere, spill-guider og strategier.<br \/>\n<\/div><\/div>\n\n\n<div  class=\"lgc-column lgc-grid-parent lgc-grid-33 lgc-tablet-grid-50 lgc-mobile-grid-100 lgc-equal-heights \"><div  class=\"inside-grid-column\">\n<img loading=\"lazy\" decoding=\"async\" class=\"alignnone size-full wp-image-3883 round\" src=\"https:\/\/casinofrog.com\/wp-content\/uploads\/andrea-myhre.jpg\" alt=\"\" width=\"150\" height=\"150\" \/><br \/>\n<strong>Andrea Myhre<\/strong><br \/>\nAndrea er det nyeste tilskuddet i Casino Frog-teamet. F\u00f8r hun begynte sin karriere som skribent jobbet hun flere \u00e5r i et av de st\u00f8rste nettcasinoene p\u00e5 det norske markedet. Det har gitt Andrea verdifull innsikt i hvordan bransjen fungerer, som er en av de mange tingene hun tilf\u00f8yer teamet.<br \/>\n<\/div><\/div>\n","protected":false},"excerpt":{"rendered":"<p>Skribentene p\u00e5 Casino Frog Norge M\u00f8t v\u00e5rt norske team hos Casino Frog. De er dedikerte til \u00e5 levere den beste casino informasjonen i Norge. Med sin samlede erfaring og driv tar de et stort steg mot \u00e5 gj\u00f8re akkurat dette, og n\u00e5r stadig nye milep\u00e6ler.<\/p>\n","protected":false},"author":72,"featured_media":0,"parent":0,"menu_order":0,"comment_status":"closed","ping_status":"closed","template":"","meta":{"_crdt_document":"","footnotes":""},"class_list":["post-3787","page","type-page","status-publish"],"_links":{"self":[{"href":"https:\/\/casinofrog.com\/no\/wp-json\/wp\/v2\/pages\/3787","targetHints":{"allow":["GET"]}}],"collection":[{"href":"https:\/\/casinofrog.com\/no\/wp-json\/wp\/v2\/pages"}],"about":[{"href":"https:\/\/casinofrog.com\/no\/wp-json\/wp\/v2\/types\/page"}],"author":[{"embeddable":true,"href":"https:\/\/casinofrog.com\/no\/wp-json\/wp\/v2\/users\/72"}],"replies":[{"embeddable":true,"href":"https:\/\/casinofrog.com\/no\/wp-json\/wp\/v2\/comments?post=3787"}],"version-history":[{"count":10,"href":"https:\/\/casinofrog.com\/no\/wp-json\/wp\/v2\/pages\/3787\/revisions"}],"predecessor-version":[{"id":19168,"href":"https:\/\/casinofrog.com\/no\/wp-json\/wp\/v2\/pages\/3787\/revisions\/19168"}],"wp:attachment":[{"href":"https:\/\/casinofrog.com\/no\/wp-json\/wp\/v2\/media?parent=3787"}],"curies":[{"name":"wp","href":"https:\/\/api.w.org\/{rel}","templated":true}]}}