{"id":3781,"date":"2020-07-20T07:54:40","date_gmt":"2020-07-20T07:54:40","guid":{"rendered":"https:\/\/www.casinofrog.com\/?page_id=3781"},"modified":"2024-06-27T13:20:14","modified_gmt":"2024-06-27T13:20:14","slug":"om","status":"publish","type":"page","link":"https:\/\/casinofrog.com\/no\/om\/","title":{"rendered":"Om Casino Frog (NO)"},"content":{"rendered":"\n<h2 class=\"wp-block-heading\"><img loading=\"lazy\" decoding=\"async\" class=\"alignnone wp-image-10172 size-full\" src=\"https:\/\/casinofrog.com\/wp-content\/uploads\/om-oss-no.png\" alt=\"Om oss\" width=\"1400\" height=\"425\" srcset=\"https:\/\/casinofrog.com\/wp-content\/uploads\/om-oss-no.png 1400w, https:\/\/casinofrog.com\/wp-content\/uploads\/om-oss-no-300x91.png 300w, https:\/\/casinofrog.com\/wp-content\/uploads\/om-oss-no-1024x311.png 1024w, https:\/\/casinofrog.com\/wp-content\/uploads\/om-oss-no-768x233.png 768w\" sizes=\"auto, (max-width: 1400px) 100vw, 1400px\" \/><\/h2>\n\n\n\n<h2 class=\"wp-block-heading\">V\u00e5rt m\u00e5l<\/h2>\n\n\n\n<p class=\"wp-block-paragraph\">Hos Casino Frog har vi et m\u00e5l om gi deg omfattende innsikt om spillindustrien. \u00c5penhet er n\u00f8kkelen, og vi vil alltid v\u00e6re en p\u00e5litelig kilde for b\u00e5de n\u00f8yaktig og upartisk informasjon. Gjennom omfattende testing har v\u00e5rt team av eksperter et m\u00e5l om \u00e5 levere objektivt innhold for \u00e5 sikre at din casinoopplevelse blir s\u00e5 god som mulig.<\/p>\n\n\n\n<hr class=\"wp-block-separator has-alpha-channel-opacity\"\/>\n\n\n\n<h2 class=\"wp-block-heading\">V\u00e5re verdier<\/h2>\n\n\n\n<p class=\"wp-block-paragraph\">Casino Frog-teamet blir guidet av v\u00e5re kjerneverdier.<\/p>\n\n\n\n<p class=\"wp-block-paragraph\">Vi tror p\u00e5 \u00e5 ha leseren i fokus og former innholdet v\u00e5rt for \u00e5 holde tritt med brukernes behov. Ved \u00e5 prioritere kvalitet fremfor kvantitet er vi i stand til \u00e5 hjelpe v\u00e5re lesere samtidig som vi respekterer deres verdifulle tid.<\/p>\n\n\n\n<p class=\"wp-block-paragraph\">\u00c5penhet og integritet er viktig for oss. Innholdet vi leverer m\u00e5 v\u00e6re genuint, tilgjengelig og holde h\u00f8yest mulig standard.<\/p>\n\n\n\n<p class=\"wp-block-paragraph\">Disse kjerneverdiene gjelder for hele v\u00e5rt team, der samarbeid er n\u00f8kkelen for \u00e5 skyve v\u00e5rt selskap fremover.<\/p>\n\n\n\n<hr class=\"wp-block-separator has-alpha-channel-opacity\"\/>\n\n\n\n<h2 class=\"wp-block-heading\">V\u00e5r garanti<\/h2>\n\n\n\n<p class=\"wp-block-paragraph\">Ved \u00e5 v\u00e6re uavhengig sikrer vi at v\u00e5rt innhold forblir upartisk. Dette inkluderer alle v\u00e5re artikler, guider og omtaler av casinoer.<\/p>\n\n\n\n<p class=\"wp-block-paragraph\">Casinoene som tilbys p\u00e5 Casino Frog er grundig gjennomg\u00e5tt. Hvert casino p\u00e5 denne siden m\u00f8ter alle v\u00e5re krav. P\u00e5litelig, rettferdig, rask og ikke minst &#8211; trygg. Din sikkerhet er v\u00e5r prioritet.<\/p>\n\n\n\n<p class=\"wp-block-paragraph\">Casino Frog vil alltid forbli en gratis tjeneste. Kompetansen og den stadig ekspanderende kunnskapen vi tilbyr kommer uten kostnad &#8211; og slik vil det alltid v\u00e6re.<\/p>\n\n\n\n<p class=\"wp-block-paragraph\">Avklaring:<br><em>Casino Frog er en affiliate-side. Det betyr at vi ikke opererer egne casinospill. I stedet promoterer vi andre casinosider. Hver gang v\u00e5re lesere registrerer seg og spiller hos et casino gjennom v\u00e5r nettside vil vi f\u00e5 en form for kompensasjon for dette.<\/em><\/p>\n","protected":false},"excerpt":{"rendered":"<p>V\u00e5rt m\u00e5l Hos Casino Frog har vi et m\u00e5l om gi deg omfattende innsikt om spillindustrien. \u00c5penhet er n\u00f8kkelen, og vi vil alltid v\u00e6re en p\u00e5litelig kilde for b\u00e5de n\u00f8yaktig og upartisk informasjon. Gjennom omfattende testing har v\u00e5rt team av eksperter et m\u00e5l om \u00e5 levere objektivt innhold for \u00e5 sikre at din casinoopplevelse blir &#8230; <a title=\"Om Casino Frog (NO)\" class=\"read-more\" href=\"https:\/\/casinofrog.com\/no\/om\/\" aria-label=\"Read more about Om Casino Frog (NO)\">Les mer<\/a><\/p>\n","protected":false},"author":72,"featured_media":0,"parent":0,"menu_order":0,"comment_status":"closed","ping_status":"closed","template":"","meta":{"_crdt_document":"","footnotes":""},"class_list":["post-3781","page","type-page","status-publish"],"_links":{"self":[{"href":"https:\/\/casinofrog.com\/no\/wp-json\/wp\/v2\/pages\/3781","targetHints":{"allow":["GET"]}}],"collection":[{"href":"https:\/\/casinofrog.com\/no\/wp-json\/wp\/v2\/pages"}],"about":[{"href":"https:\/\/casinofrog.com\/no\/wp-json\/wp\/v2\/types\/page"}],"author":[{"embeddable":true,"href":"https:\/\/casinofrog.com\/no\/wp-json\/wp\/v2\/users\/72"}],"replies":[{"embeddable":true,"href":"https:\/\/casinofrog.com\/no\/wp-json\/wp\/v2\/comments?post=3781"}],"version-history":[{"count":10,"href":"https:\/\/casinofrog.com\/no\/wp-json\/wp\/v2\/pages\/3781\/revisions"}],"predecessor-version":[{"id":19172,"href":"https:\/\/casinofrog.com\/no\/wp-json\/wp\/v2\/pages\/3781\/revisions\/19172"}],"wp:attachment":[{"href":"https:\/\/casinofrog.com\/no\/wp-json\/wp\/v2\/media?parent=3781"}],"curies":[{"name":"wp","href":"https:\/\/api.w.org\/{rel}","templated":true}]}}