{"id":3777,"date":"2020-07-20T07:59:51","date_gmt":"2020-07-20T07:59:51","guid":{"rendered":"https:\/\/www.casinofrog.com\/?page_id=3777"},"modified":"2024-12-28T08:46:40","modified_gmt":"2024-12-28T08:46:40","slug":"kontakt","status":"publish","type":"page","link":"https:\/\/casinofrog.com\/no\/kontakt\/","title":{"rendered":"Kontakt Casino Frog (NO)"},"content":{"rendered":"<div class=\"wp-block-image\">\n<figure class=\"alignleft\"><img loading=\"lazy\" decoding=\"async\" width=\"100\" height=\"60\" src=\"https:\/\/casinofrog.com\/wp-content\/uploads\/contact-no.png\" alt=\"\" class=\"wp-image-5809\"\/><\/figure>\n<\/div>\n\n\n<p class=\"wp-block-paragraph\">Bruk skjemaet nedenfor for \u00e5 komme i kontakt med Casino Frog-teamet. Gi oss gjerne en tilbakemelding om hva du tenker om oss. Vi \u00f8nsker ogs\u00e5 \u00e5 hjelpe deg med eventuelle problemer du har st\u00f8tt p\u00e5, h\u00f8re p\u00e5 tilbakemeldingen din og svare p\u00e5 ethvert sp\u00f8rsm\u00e5l du m\u00e5tte ha.<\/p>\n\n\n\n<p class=\"wp-block-paragraph\">Send oss en melding ved \u00e5 skrive inn informasjonen din i skjemaet nedenfor. Vi kommer tilbake til deg s\u00e5 fort som mulig.<\/p>\n\n\n\n<figure class=\"wp-block-table\"><table class=\"has-fixed-layout\"><tbody><tr><td><div class=\"wpforms-container wpforms-container-full\" id=\"wpforms-3778\"><form id=\"wpforms-form-3778\" class=\"wpforms-validate wpforms-form\" data-formid=\"3778\" method=\"post\" enctype=\"multipart\/form-data\" action=\"\/no\/wp-json\/wp\/v2\/pages\/3777\" data-token=\"b324f7389959fe458e3e0beb92ac4d80\" data-token-time=\"1776171191\"><noscript class=\"wpforms-error-noscript\">Please enable JavaScript in your browser to complete this form.<\/noscript><div class=\"wpforms-field-container\"><div id=\"wpforms-3778-field_0-container\" class=\"wpforms-field wpforms-field-name\" data-field-id=\"0\"><label class=\"wpforms-field-label\" for=\"wpforms-3778-field_0\">Navn <span class=\"wpforms-required-label\">*<\/span><\/label><input type=\"text\" id=\"wpforms-3778-field_0\" class=\"wpforms-field-medium wpforms-field-required\" name=\"wpforms[fields][0]\" placeholder=\"Ditt navn\" required><\/div><div id=\"wpforms-3778-field_1-container\" class=\"wpforms-field wpforms-field-email\" data-field-id=\"1\"><label class=\"wpforms-field-label\" for=\"wpforms-3778-field_1\">E-post <span class=\"wpforms-required-label\">*<\/span><\/label><input type=\"email\" id=\"wpforms-3778-field_1\" class=\"wpforms-field-medium wpforms-field-required\" name=\"wpforms[fields][1]\" placeholder=\"Din e-post\" spellcheck=\"false\" required><\/div><div id=\"wpforms-3778-field_6-container\" class=\"wpforms-field wpforms-field-select wpforms-field-select-style-classic\" data-field-id=\"6\"><label class=\"wpforms-field-label\" for=\"wpforms-3778-field_6\">Kategori<\/label><select id=\"wpforms-3778-field_6\" class=\"wpforms-field-medium\" name=\"wpforms[fields][6]\"><option value=\"\" class=\"placeholder\" disabled  selected='selected'>Hva tenker du p\u00e5?<\/option><option value=\"Problem\"  class=\"choice-1 depth-1\"  >Problem<\/option><option value=\"Tilbakemelding\"  class=\"choice-2 depth-1\"  >Tilbakemelding<\/option><option value=\"Feil\"  class=\"choice-3 depth-1\"  >Feil<\/option><option value=\"Annet\"  class=\"choice-4 depth-1\"  >Annet<\/option><\/select><\/div><div id=\"wpforms-3778-field_2-container\" class=\"wpforms-field wpforms-field-textarea\" data-field-id=\"2\"><label class=\"wpforms-field-label\" for=\"wpforms-3778-field_2\">Melding <span class=\"wpforms-required-label\">*<\/span><\/label><textarea id=\"wpforms-3778-field_2\" class=\"wpforms-field-medium wpforms-field-required\" name=\"wpforms[fields][2]\" placeholder=\"Din melding\" required><\/textarea><\/div><\/div><!-- .wpforms-field-container --><div class=\"wpforms-field wpforms-field-hp\"><label for=\"wpforms-3778-field-hp\" class=\"wpforms-field-label\">Comment<\/label><input type=\"text\" name=\"wpforms[hp]\" id=\"wpforms-3778-field-hp\" class=\"wpforms-field-medium\"><\/div><div class=\"wpforms-recaptcha-container wpforms-is-recaptcha wpforms-is-recaptcha-type-v3\" ><input type=\"hidden\" name=\"wpforms[recaptcha]\" value=\"\"><\/div><div class=\"wpforms-submit-container\" ><input type=\"hidden\" name=\"wpforms[id]\" value=\"3778\"><input type=\"hidden\" name=\"page_title\" value=\"\"><input type=\"hidden\" name=\"page_url\" value=\"https:\/\/casinofrog.com\/no\/wp-json\/wp\/v2\/pages\/3777\"><input type=\"hidden\" name=\"url_referer\" value=\"\"><button type=\"submit\" name=\"wpforms[submit]\" id=\"wpforms-submit-3778\" class=\"wpforms-submit\" data-alt-text=\"Sender\u2026\" data-submit-text=\"Send\" aria-live=\"assertive\" value=\"wpforms-submit\">Send<\/button><\/div><\/form><\/div>  <!-- .wpforms-container --><\/td><\/tr><\/tbody><\/table><\/figure>\n\n\n\n<p class=\"wp-block-paragraph\">Casino Frog N.V. (#938493)<br>Heelsumstraat 51 E-Commerce Park, Willemstad, Cura\u00e7ao<br>+5999 783 1899<\/p>\n","protected":false},"excerpt":{"rendered":"<p>Bruk skjemaet nedenfor for \u00e5 komme i kontakt med Casino Frog-teamet. Gi oss gjerne en tilbakemelding om hva du tenker om oss. Vi \u00f8nsker ogs\u00e5 \u00e5 hjelpe deg med eventuelle problemer du har st\u00f8tt p\u00e5, h\u00f8re p\u00e5 tilbakemeldingen din og svare p\u00e5 ethvert sp\u00f8rsm\u00e5l du m\u00e5tte ha. Send oss en melding ved \u00e5 skrive inn &#8230; <a title=\"Kontakt Casino Frog (NO)\" class=\"read-more\" href=\"https:\/\/casinofrog.com\/no\/kontakt\/\" aria-label=\"Read more about Kontakt Casino Frog (NO)\">Les mer<\/a><\/p>\n","protected":false},"author":72,"featured_media":0,"parent":0,"menu_order":0,"comment_status":"closed","ping_status":"closed","template":"","meta":{"_crdt_document":"","footnotes":""},"class_list":["post-3777","page","type-page","status-publish"],"_links":{"self":[{"href":"https:\/\/casinofrog.com\/no\/wp-json\/wp\/v2\/pages\/3777","targetHints":{"allow":["GET"]}}],"collection":[{"href":"https:\/\/casinofrog.com\/no\/wp-json\/wp\/v2\/pages"}],"about":[{"href":"https:\/\/casinofrog.com\/no\/wp-json\/wp\/v2\/types\/page"}],"author":[{"embeddable":true,"href":"https:\/\/casinofrog.com\/no\/wp-json\/wp\/v2\/users\/72"}],"replies":[{"embeddable":true,"href":"https:\/\/casinofrog.com\/no\/wp-json\/wp\/v2\/comments?post=3777"}],"version-history":[{"count":8,"href":"https:\/\/casinofrog.com\/no\/wp-json\/wp\/v2\/pages\/3777\/revisions"}],"predecessor-version":[{"id":20576,"href":"https:\/\/casinofrog.com\/no\/wp-json\/wp\/v2\/pages\/3777\/revisions\/20576"}],"wp:attachment":[{"href":"https:\/\/casinofrog.com\/no\/wp-json\/wp\/v2\/media?parent=3777"}],"curies":[{"name":"wp","href":"https:\/\/api.w.org\/{rel}","templated":true}]}}