{"id":3775,"date":"2020-07-20T07:43:11","date_gmt":"2020-07-20T07:43:11","guid":{"rendered":"https:\/\/www.casinofrog.com\/?page_id=3775"},"modified":"2024-12-28T08:42:49","modified_gmt":"2024-12-28T08:42:49","slug":"hjelp","status":"publish","type":"page","link":"https:\/\/casinofrog.com\/no\/hjelp\/","title":{"rendered":"Hjelp hos Casino Frog (NO)"},"content":{"rendered":"\n<h2 class=\"wp-block-heading\">Casino Frog hjelpesenter<\/h2>\n\n\n\n<p class=\"wp-block-paragraph\">Finn svar p\u00e5 enhver bekymring du m\u00e5tte ha ved \u00e5 velge emne eller bla gjennom ofte stilte sp\u00f8rsm\u00e5l lenger ned.<\/p>\n\n\n<form role=\"search\" method=\"get\" action=\"https:\/\/casinofrog.com\/no\/\" class=\"wp-block-search__button-outside wp-block-search__text-button wp-block-search\"    ><label class=\"wp-block-search__label\" for=\"wp-block-search__input-2\" ><strong>S\u00f8k<\/strong><\/label><div class=\"wp-block-search__inside-wrapper\" ><input class=\"wp-block-search__input\" id=\"wp-block-search__input-2\" placeholder=\"\" value=\"\" type=\"search\" name=\"s\" required \/><button aria-label=\"S\u00f8k\" class=\"wp-block-search__button wp-element-button\" type=\"submit\" >S\u00f8k<\/button><\/div><\/form>\n\n\n<hr class=\"wp-block-separator has-alpha-channel-opacity\"\/>\n\n\n\n<h2 class=\"wp-block-heading\">Hvordan kan vi hjelpe deg?<\/h2>\n\n\n\n<p class=\"has-text-align-center wp-block-paragraph\">Begynn med \u00e5 velge et emne.<\/p>\n\n\n<div  class=\"lgc-column lgc-grid-parent lgc-grid-33 lgc-tablet-grid-50 lgc-mobile-grid-100 lgc-equal-heights \"><div  class=\"inside-grid-column\">\n<h4><a href=\"https:\/\/casinofrog.com\/no\/om\/\">Om Casino Frog<\/a><\/h4>\n<p>Fortsett til v\u00e5r \u2018om oss\u2019 side om du \u00f8nsker \u00e5 l\u00e6re mer om Casino Frog. Her finner du mer om b\u00e5de v\u00e5re m\u00e5l og kjerneverdier.<\/p>\n<\/div><\/div>\n\n\n<div  class=\"lgc-column lgc-grid-parent lgc-grid-33 lgc-tablet-grid-50 lgc-mobile-grid-100 lgc-equal-heights \"><div  class=\"inside-grid-column\">\n<h4><a href=\"https:\/\/casinofrog.com\/no\/ansvarlig-spill\/\">Ansvarlig spill<\/a><\/h4>\n<p>Vi st\u00f8tter ansvarlig spill. Finn ut mer om v\u00e5r holdning til ansvarlig spill og forebygging av spilleavhengighet her.<\/p>\n<\/div><\/div>\n\n\n<div  class=\"lgc-column lgc-grid-parent lgc-grid-33 lgc-tablet-grid-50 lgc-mobile-grid-100 lgc-equal-heights \"><div  class=\"inside-grid-column\">\n<h4><a href=\"https:\/\/casinofrog.com\/no\/kontakt\/\">Kontakt oss<\/a><\/h4>\n<p>Vi vil gjerne h\u00f8re fra deg. Send oss en melding med problemet ditt, s\u00e5 kommer vi tilbake til deg s\u00e5 fort som mulig.<\/p>\n<\/div><\/div>\n\n\n\n<hr class=\"wp-block-separator has-alpha-channel-opacity\"\/>\n\n\n\n<h2 class=\"wp-block-heading\">Ressurser<\/h2>\n\n\n\n<ul class=\"wp-block-list\">\n<li><a href=\"https:\/\/casinofrog.com\/no\/guider\/a-forsta-vilkar\/\">\u00c5 forst\u00e5 vilk\u00e5r og betingelser<\/a><\/li>\n\n\n\n<li><a href=\"https:\/\/casinofrog.com\/no\/guider\/hvordan-vi-vurderer\/\">Hvordan vi vurderer<\/a><\/li>\n\n\n\n<li><a href=\"https:\/\/casinofrog.com\/no\/guider\/omsetningskrav-forklart\/\">Omsetningskrav<\/a><\/li>\n\n\n\n<li><a aria-label=\"Hjelpelinjen (opens in a new tab)\" href=\"https:\/\/hjelpelinjen.no\/\" target=\"_blank\" rel=\"noreferrer noopener\">Hjelpelinjen<\/a><\/li>\n<\/ul>\n\n\n\n<hr class=\"wp-block-separator has-alpha-channel-opacity\"\/>\n\n\n\n<h2 class=\"wp-block-heading\">Ofte stilte sp\u00f8rsm\u00e5l<\/h2>\n\n\n<style>#sp-ea-6578 .spcollapsing { height: 0; overflow: hidden; transition-property: height;transition-duration: 500ms;}#sp-ea-6578{ position: relative; }#sp-ea-6578 .ea-card{ opacity: 0;}#eap-preloader-6578{ position: absolute; left: 0; top: 0; height: 100%;width: 100%; text-align: center;display: flex; align-items: center;justify-content: center;}#sp-ea-6578.sp-easy-accordion>.sp-ea-single {margin-bottom: 10px; border: 1px solid #e2e2e2; }#sp-ea-6578.sp-easy-accordion>.sp-ea-single>.ea-header a {color: #444;}#sp-ea-6578.sp-easy-accordion>.sp-ea-single>.sp-collapse>.ea-body {background: #fff; color: #444;}#sp-ea-6578.sp-easy-accordion>.sp-ea-single {background: #eee;}#sp-ea-6578.sp-easy-accordion>.sp-ea-single>.ea-header a .ea-expand-icon { float: left; color: #444;font-size: 16px;}<\/style><div id=\"sp_easy_accordion-1776040832\"><div id=\"sp-ea-6578\" class=\"sp-ea-one sp-easy-accordion\" data-ea-active=\"ea-click\" data-ea-mode=\"vertical\" data-preloader=\"1\" data-scroll-active-item=\"\" data-offset-to-scroll=\"0\"><div id=\"eap-preloader-6578\" class=\"accordion-preloader\"><img decoding=\"async\" src=\"https:\/\/casinofrog.com\/wp-content\/plugins\/easy-accordion-free\/public\/assets\/ea_loader.svg\" alt=\"Loader image\"\/><\/div><div class=\"ea-card ea-expand sp-ea-single\"><h3 class=\"ea-header\"><a class=\"collapsed\" id=\"ea-header-65780\" role=\"button\" data-sptoggle=\"spcollapse\" data-sptarget=\"#collapse65780\" aria-controls=\"collapse65780\" href=\"#\" aria-expanded=\"true\" tabindex=\"0\"><i aria-hidden=\"true\" role=\"presentation\" class=\"ea-expand-icon eap-icon-ea-expand-minus\"><\/i> Hva er Casino Frog?<\/a><\/h3><div class=\"sp-collapse spcollapse collapsed show\" id=\"collapse65780\" role=\"region\" aria-labelledby=\"ea-header-65780\"> <div class=\"ea-body\"><p>Casino Frog er en casinoportal og sammenligningstjeneste, laget for \u00e5 gj\u00f8re livet enklere for spillere. V\u00e5rt team best\u00e5r av engasjerte eksperter med ulike bakgrunner. Det alle likevel har til felles er at de brenner for \u00e5 hjelpe deg med \u00e5 finne casinosidene som passer akkurat deg best.<\/p><\/div><\/div><\/div><div class=\"ea-card ea-expand sp-ea-single\"><h3 class=\"ea-header\"><a class=\"collapsed\" id=\"ea-header-65781\" role=\"button\" data-sptoggle=\"spcollapse\" data-sptarget=\"#collapse65781\" aria-controls=\"collapse65781\" href=\"#\" aria-expanded=\"true\" tabindex=\"0\"><i aria-hidden=\"true\" role=\"presentation\" class=\"ea-expand-icon eap-icon-ea-expand-minus\"><\/i> Hvordan kan jeg starte \u00e5 spille p\u00e5 et casino?<\/a><\/h3><div class=\"sp-collapse spcollapse collapsed show\" id=\"collapse65781\" role=\"region\" aria-labelledby=\"ea-header-65781\"> <div class=\"ea-body\"><p>Det letteste vil v\u00e6re \u00e5 <a href=\"https:\/\/casinofrog.com\/no\/online-casino\/\">sammenligne casinoer<\/a> og bonustilbud ved hjelp av v\u00e5re lister. Velg din favoritt n\u00e5r du er ferdig med \u00e5 sammenligne. Etter at du har registrert deg via et skjema, trenger du bare \u00e5 gj\u00f8re et innskudd f\u00f8r du er i gang med spillingen.<\/p><\/div><\/div><\/div><div class=\"ea-card ea-expand sp-ea-single\"><h3 class=\"ea-header\"><a class=\"collapsed\" id=\"ea-header-65782\" role=\"button\" data-sptoggle=\"spcollapse\" data-sptarget=\"#collapse65782\" aria-controls=\"collapse65782\" href=\"#\" aria-expanded=\"true\" tabindex=\"0\"><i aria-hidden=\"true\" role=\"presentation\" class=\"ea-expand-icon eap-icon-ea-expand-minus\"><\/i> Hvor gammel m\u00e5 jeg v\u00e6re for \u00e5 begynne \u00e5 spille p\u00e5 nett?<\/a><\/h3><div class=\"sp-collapse spcollapse collapsed show\" id=\"collapse65782\" role=\"region\" aria-labelledby=\"ea-header-65782\"> <div class=\"ea-body\"><p>For \u00e5 begynne \u00e5 spille p\u00e5 nett er du n\u00f8dt til \u00e5 v\u00e6re 18 \u00e5r eller eldre. Det gjelder b\u00e5de i Norge, og i store deler av verden om du skulle spille fra et annet land.<\/p><\/div><\/div><\/div><div class=\"ea-card ea-expand sp-ea-single\"><h3 class=\"ea-header\"><a class=\"collapsed\" id=\"ea-header-65783\" role=\"button\" data-sptoggle=\"spcollapse\" data-sptarget=\"#collapse65783\" aria-controls=\"collapse65783\" href=\"#\" aria-expanded=\"true\" tabindex=\"0\"><i aria-hidden=\"true\" role=\"presentation\" class=\"ea-expand-icon eap-icon-ea-expand-minus\"><\/i> N\u00e5r kan jeg ta ut bonuspengene mine?<\/a><\/h3><div class=\"sp-collapse spcollapse collapsed show\" id=\"collapse65783\" role=\"region\" aria-labelledby=\"ea-header-65783\"> <div class=\"ea-body\"><p>Bonuspengene dine blir f\u00f8rst gjort om til ekte penger n\u00e5r du har oppn\u00e5dd omsetningskravet. Det betyr at du er n\u00f8dt til \u00e5 satse bonusen og\/eller innskuddet X antall ganger. N\u00e5r du har oppn\u00e5dd dette kravet st\u00e5r du fritt til \u00e5 ta ut pengene dine. Du finner mer informasjon om de ulike omsetningskravene under bonusvilk\u00e5r p\u00e5 siden du spiller p\u00e5.<\/p><\/div><\/div><\/div><div class=\"ea-card ea-expand sp-ea-single\"><h3 class=\"ea-header\"><a class=\"collapsed\" id=\"ea-header-65784\" role=\"button\" data-sptoggle=\"spcollapse\" data-sptarget=\"#collapse65784\" aria-controls=\"collapse65784\" href=\"#\" aria-expanded=\"true\" tabindex=\"0\"><i aria-hidden=\"true\" role=\"presentation\" class=\"ea-expand-icon eap-icon-ea-expand-minus\"><\/i> Er nettcasinoer trygge?<\/a><\/h3><div class=\"sp-collapse spcollapse collapsed show\" id=\"collapse65784\" role=\"region\" aria-labelledby=\"ea-header-65784\"> <div class=\"ea-body\"><p>Kort sagt ja, nettcasinoer er trygge. S\u00e5 lenge du har valgt et lisensiert og verifisert casino er du i trygge hender. Alle casinoene p\u00e5 denne siden er b\u00e5de lisensiert og kryptert. Spillernes sikkerhet er veldig viktig for oss, og det er en av hovedfaktorene n\u00e5r vi vurderer ethvert casino.<\/p><\/div><\/div><\/div><div class=\"ea-card ea-expand sp-ea-single\"><h3 class=\"ea-header\"><a class=\"collapsed\" id=\"ea-header-65785\" role=\"button\" data-sptoggle=\"spcollapse\" data-sptarget=\"#collapse65785\" aria-controls=\"collapse65785\" href=\"#\" aria-expanded=\"true\" tabindex=\"0\"><i aria-hidden=\"true\" role=\"presentation\" class=\"ea-expand-icon eap-icon-ea-expand-minus\"><\/i> Hvordan slutter jeg med pengespill?<\/a><\/h3><div class=\"sp-collapse spcollapse collapsed show\" id=\"collapse65785\" role=\"region\" aria-labelledby=\"ea-header-65785\"> <div class=\"ea-body\"><p>Hvis du har kommet til et punkt hvor pengespill ikke lenger er morsomt, sett p\u00e5 som underholdning eller f\u00f8rer til \u00f8konomiske problemer, b\u00f8r du ta en pause eller slutte helt. Det er en rekke alternativer du kan velge mellom. Om du ikke klarer \u00e5 stoppe \u00e5 spille p\u00e5 egenh\u00e5nd anbefaler vi at du tar kontakt med Hjelpelinjen.no. \u00c5 snakke om problemet ditt med noen n\u00e6r deg kan ogs\u00e5 hjelpe.<\/p><\/div><\/div><\/div><div class=\"ea-card ea-expand sp-ea-single\"><h3 class=\"ea-header\"><a class=\"collapsed\" id=\"ea-header-65786\" role=\"button\" data-sptoggle=\"spcollapse\" data-sptarget=\"#collapse65786\" aria-controls=\"collapse65786\" href=\"#\" aria-expanded=\"true\" tabindex=\"0\"><i aria-hidden=\"true\" role=\"presentation\" class=\"ea-expand-icon eap-icon-ea-expand-minus\"><\/i> Kan jeg spille p\u00e5 telefonen?<\/a><\/h3><div class=\"sp-collapse spcollapse collapsed show\" id=\"collapse65786\" role=\"region\" aria-labelledby=\"ea-header-65786\"> <div class=\"ea-body\"><p>Ja det kan du. Det eneste du trenger er en relativt moderne smarttelefon med tilgang til internett. I dag har casinoer et stort fokus p\u00e5 \u00e5 optimalisere brukeropplevelsen p\u00e5 mobil. Som regel trenger du ikke engang \u00e5 laste ned en app, men kan i stedet spille direkte i nettleseren akkurat som du ville gjort p\u00e5 en PC.<\/p><\/div><\/div><\/div><script type=\"application\/ld+json\">{ \"@context\": \"https:\/\/schema.org\", \"@type\": \"FAQPage\", \"@id\": \"sp-ea-schema-6578-69dc3b801dd58\", \"mainEntity\": [{ \"@type\": \"Question\", \"name\": \"Hva er Casino Frog?\", \"acceptedAnswer\": { \"@type\": \"Answer\", \"text\": \"Casino Frog er en casinoportal og sammenligningstjeneste, laget for \u00e5 gj\u00f8re livet enklere for spillere. V\u00e5rt team best\u00e5r av engasjerte eksperter med ulike bakgrunner. Det alle likevel har til felles er at de brenner for \u00e5 hjelpe deg med \u00e5 finne casinosidene som passer akkurat deg best.\" } },{ \"@type\": \"Question\", \"name\": \"Hvordan kan jeg starte \u00e5 spille p\u00e5 et casino?\", \"acceptedAnswer\": { \"@type\": \"Answer\", \"text\": \"Det letteste vil v\u00e6re \u00e5 sammenligne casinoer og bonustilbud ved hjelp av v\u00e5re lister. Velg din favoritt n\u00e5r du er ferdig med \u00e5 sammenligne. Etter at du har registrert deg via et skjema, trenger du bare \u00e5 gj\u00f8re et innskudd f\u00f8r du er i gang med spillingen.\" } },{ \"@type\": \"Question\", \"name\": \"Hvor gammel m\u00e5 jeg v\u00e6re for \u00e5 begynne \u00e5 spille p\u00e5 nett?\", \"acceptedAnswer\": { \"@type\": \"Answer\", \"text\": \"For \u00e5 begynne \u00e5 spille p\u00e5 nett er du n\u00f8dt til \u00e5 v\u00e6re 18 \u00e5r eller eldre. Det gjelder b\u00e5de i Norge, og i store deler av verden om du skulle spille fra et annet land.\" } },{ \"@type\": \"Question\", \"name\": \"N\u00e5r kan jeg ta ut bonuspengene mine?\", \"acceptedAnswer\": { \"@type\": \"Answer\", \"text\": \"Bonuspengene dine blir f\u00f8rst gjort om til ekte penger n\u00e5r du har oppn\u00e5dd omsetningskravet. Det betyr at du er n\u00f8dt til \u00e5 satse bonusen og\/eller innskuddet X antall ganger. N\u00e5r du har oppn\u00e5dd dette kravet st\u00e5r du fritt til \u00e5 ta ut pengene dine. Du finner mer informasjon om de ulike omsetningskravene under bonusvilk\u00e5r p\u00e5 siden du spiller p\u00e5.\" } },{ \"@type\": \"Question\", \"name\": \"Er nettcasinoer trygge?\", \"acceptedAnswer\": { \"@type\": \"Answer\", \"text\": \"Kort sagt ja, nettcasinoer er trygge. S\u00e5 lenge du har valgt et lisensiert og verifisert casino er du i trygge hender. Alle casinoene p\u00e5 denne siden er b\u00e5de lisensiert og kryptert. Spillernes sikkerhet er veldig viktig for oss, og det er en av hovedfaktorene n\u00e5r vi vurderer ethvert casino.\" } },{ \"@type\": \"Question\", \"name\": \"Hvordan slutter jeg med pengespill?\", \"acceptedAnswer\": { \"@type\": \"Answer\", \"text\": \"Hvis du har kommet til et punkt hvor pengespill ikke lenger er morsomt, sett p\u00e5 som underholdning eller f\u00f8rer til \u00f8konomiske problemer, b\u00f8r du ta en pause eller slutte helt. Det er en rekke alternativer du kan velge mellom. Om du ikke klarer \u00e5 stoppe \u00e5 spille p\u00e5 egenh\u00e5nd anbefaler vi at du tar kontakt med Hjelpelinjen.no. \u00c5 snakke om problemet ditt med noen n\u00e6r deg kan ogs\u00e5 hjelpe.\" } },{ \"@type\": \"Question\", \"name\": \"Kan jeg spille p\u00e5 telefonen?\", \"acceptedAnswer\": { \"@type\": \"Answer\", \"text\": \"Ja det kan du. Det eneste du trenger er en relativt moderne smarttelefon med tilgang til internett. I dag har casinoer et stort fokus p\u00e5 \u00e5 optimalisere brukeropplevelsen p\u00e5 mobil. Som regel trenger du ikke engang \u00e5 laste ned en app, men kan i stedet spille direkte i nettleseren akkurat som du ville gjort p\u00e5 en PC.\" } }] }<\/script><\/div><\/div>\n","protected":false},"excerpt":{"rendered":"<p>Casino Frog hjelpesenter Finn svar p\u00e5 enhver bekymring du m\u00e5tte ha ved \u00e5 velge emne eller bla gjennom ofte stilte sp\u00f8rsm\u00e5l lenger ned. Hvordan kan vi hjelpe deg? Begynn med \u00e5 velge et emne. Ressurser Ofte stilte sp\u00f8rsm\u00e5l<\/p>\n","protected":false},"author":72,"featured_media":0,"parent":0,"menu_order":0,"comment_status":"closed","ping_status":"closed","template":"","meta":{"_crdt_document":"","footnotes":""},"class_list":["post-3775","page","type-page","status-publish"],"_links":{"self":[{"href":"https:\/\/casinofrog.com\/no\/wp-json\/wp\/v2\/pages\/3775","targetHints":{"allow":["GET"]}}],"collection":[{"href":"https:\/\/casinofrog.com\/no\/wp-json\/wp\/v2\/pages"}],"about":[{"href":"https:\/\/casinofrog.com\/no\/wp-json\/wp\/v2\/types\/page"}],"author":[{"embeddable":true,"href":"https:\/\/casinofrog.com\/no\/wp-json\/wp\/v2\/users\/72"}],"replies":[{"embeddable":true,"href":"https:\/\/casinofrog.com\/no\/wp-json\/wp\/v2\/comments?post=3775"}],"version-history":[{"count":8,"href":"https:\/\/casinofrog.com\/no\/wp-json\/wp\/v2\/pages\/3775\/revisions"}],"predecessor-version":[{"id":20556,"href":"https:\/\/casinofrog.com\/no\/wp-json\/wp\/v2\/pages\/3775\/revisions\/20556"}],"wp:attachment":[{"href":"https:\/\/casinofrog.com\/no\/wp-json\/wp\/v2\/media?parent=3775"}],"curies":[{"name":"wp","href":"https:\/\/api.w.org\/{rel}","templated":true}]}}