{"id":35,"date":"2020-06-08T10:48:10","date_gmt":"2020-06-08T10:48:10","guid":{"rendered":"https:\/\/www.casinofrog.com\/?page_id=35"},"modified":"2024-12-23T11:16:00","modified_gmt":"2024-12-23T11:16:00","slug":"casino-frog-norge","status":"publish","type":"page","link":"https:\/\/casinofrog.com\/no\/","title":{"rendered":"Casino Frog Norge (NO)"},"content":{"rendered":"\n<h2 class=\"wp-block-heading\">Norsk Online Casino Guide 2026<\/h2>\n\n\n<div class=\"wp-block-image\">\n<figure class=\"alignright\"><img loading=\"lazy\" decoding=\"async\" width=\"140\" height=\"130\" src=\"https:\/\/casinofrog.com\/wp-content\/uploads\/casino-frog-norge-1.png\" alt=\"\" class=\"wp-image-5275\"\/><\/figure>\n<\/div>\n\n\n<table id=\"tablepress-4\" class=\"tablepress tablepress-id-4 tablepress-responsive tablepress-responsive-stack-headers tablepress-responsive-stack-phone\">\n<thead>\n<tr class=\"row-1\">\n\t<td class=\"column-1\"><\/td><th class=\"column-2\">Casino<\/th><th class=\"column-3\">Navn<\/th><th class=\"column-4\">Vurdering<\/th><th class=\"column-5\">Bonus<\/th><td class=\"column-6\"><\/td>\n<\/tr>\n<\/thead>\n<tbody class=\"row-striping\">\n<tr class=\"row-2\">\n\t<td class=\"column-1\"><\/td><td class=\"column-2\"><a href=\"\/no\/go\/winlegends\" target=\"_blank\" rel=\"nofollow noopener noreferrer\"><img loading=\"lazy\" decoding=\"async\" src=\"\/wp-content\/uploads\/winlegends.png\" width=\"130\" height=\"65\" alt=\"WinLegends\"><\/a><\/td><td class=\"column-3\"><strong>WinLegends<\/strong><\/td><td class=\"column-4\">5.0 \/ 5 <i class=\"fa fa-star\"><\/td><td class=\"column-5\"><strong>225%<\/strong> opp til <strong>20 000 NOK<\/strong><br \/>\n<small><a href=\"\/no\/go\/winlegends\" target=\"_blank\" rel=\"nofollow noopener\">Vilk\u00e5r<\/a> &#8211; Spill ansvarlig (18+)<br \/>\n<\/small><\/td><td class=\"column-6\"><a href=\"\/no\/go\/winlegends\" rel=\"nofollow noopener noreferrer\" target=\"_blank\" class=\"play\">Spill N\u00e5!<\/a><\/td>\n<\/tr>\n<tr class=\"row-3\">\n\t<td class=\"column-1\"><\/td><td class=\"column-2\"><a href=\"\/no\/go\/smokace\" target=\"_blank\" rel=\"nofollow noopener noreferrer\"><img loading=\"lazy\" decoding=\"async\" src=\"\/wp-content\/uploads\/smokace.png\" width=\"130\" height=\"65\" alt=\"SmokAce\"><\/a><\/td><td class=\"column-3\"><strong>SmokAce<\/strong><\/td><td class=\"column-4\">5.0 \/ 5 <i class=\"fa fa-star\"><\/td><td class=\"column-5\"><strong>100%<\/strong> opp til <strong>5 000 NOK<\/strong> & 100 Free Spins<br \/>\n<small><a href=\"\/no\/go\/smokace\" target=\"_blank\" rel=\"nofollow noopener\">Vilk\u00e5r<\/a> &#8211; Spill ansvarlig (18+)<br \/>\n<\/small><\/td><td class=\"column-6\"><a href=\"\/no\/go\/smokace\" rel=\"nofollow noopener noreferrer\" target=\"_blank\" class=\"play\">Spill N\u00e5!<\/a><\/td>\n<\/tr>\n<tr class=\"row-4\">\n\t<td class=\"column-1\"><\/td><td class=\"column-2\"><a href=\"\/ca\/go\/luckywins\" target=\"_blank\" rel=\"nofollow noopener noreferrer\"><img loading=\"lazy\" decoding=\"async\" src=\"\/wp-content\/uploads\/luckywins.png\" width=\"130\" height=\"65\" alt=\"LuckyWins\"><\/a><\/td><td class=\"column-3\"><strong>LuckyWins<\/strong><\/td><td class=\"column-4\">5.0 \/ 5 <i class=\"fa fa-star\"><\/td><td class=\"column-5\">Opp til <strong>30 000 NOK<\/strong> & 300 Free Spins<br \/>\n<small><a href=\"\/no\/go\/luckywins\" target=\"_blank\" rel=\"nofollow noopener\">Vilk\u00e5r<\/a> &#8211; Spill ansvarlig (18+)<br \/>\n<\/small><\/td><td class=\"column-6\"><a href=\"\/no\/go\/luckywins\" rel=\"nofollow noopener noreferrer\" target=\"_blank\" class=\"play\">Spill N\u00e5!<\/a><\/td>\n<\/tr>\n<tr class=\"row-5\">\n\t<td class=\"column-1\"><\/td><td class=\"column-2\"><a href=\"\/no\/go\/yugibet\" target=\"_blank\" rel=\"nofollow noopener noreferrer\"><img loading=\"lazy\" decoding=\"async\" src=\"\/wp-content\/uploads\/yugibet.png\" width=\"130\" height=\"65\" alt=\"YugiBet\"><\/a><\/td><td class=\"column-3\"><strong>YugiBet<\/strong><\/td><td class=\"column-4\">5.0 \/ 5 <i class=\"fa fa-star\"><\/td><td class=\"column-5\"><strong>100%<\/strong> opp til <strong>20 000 NOK<\/strong><br \/>\n<small><a href=\"\/no\/go\/yugibet\" target=\"_blank\" rel=\"nofollow noopener\">Vilk\u00e5r<\/a> &#8211; Spill ansvarlig (18+)<br \/>\n<\/small><\/td><td class=\"column-6\"><a href=\"\/no\/go\/yugibet\" rel=\"nofollow noopener noreferrer\" target=\"_blank\" class=\"play\">Spill N\u00e5!<\/a><\/td>\n<\/tr>\n<tr class=\"row-6\">\n\t<td class=\"column-1\"><\/td><td class=\"column-2\"><a href=\"\/no\/go\/spinfever\" target=\"_blank\" rel=\"nofollow noopener noreferrer\"><img loading=\"lazy\" decoding=\"async\" src=\"\/wp-content\/uploads\/spinfever.png\" width=\"130\" height=\"65\" alt=\"SpinFever\"><\/a><\/td><td class=\"column-3\"><strong>SpinFever<\/strong><\/td><td class=\"column-4\">5.0 \/ 5 <i class=\"fa fa-star\"><\/td><td class=\"column-5\"><strong>20 000 NOK<\/strong> & 200 Free Spins<br \/>\n<small><a href=\"\/no\/go\/spinfever\" target=\"_blank\" rel=\"nofollow noopener\">Vilk\u00e5r<\/a> &#8211; Spill ansvarlig (18+)<br \/>\n<\/small><\/td><td class=\"column-6\"><a href=\"\/no\/go\/spinfever\" rel=\"nofollow noopener noreferrer\" target=\"_blank\" class=\"play\">Spill N\u00e5!<\/a><\/td>\n<\/tr>\n<tr class=\"row-7\">\n\t<td class=\"column-1\"><\/td><td class=\"column-2\"><a href=\"\/no\/go\/quick-win\" target=\"_blank\" rel=\"nofollow noopener noreferrer\"><img loading=\"lazy\" decoding=\"async\" src=\"\/wp-content\/uploads\/quick-win.png\" width=\"130\" height=\"65\" alt=\"Quick Win\"><\/a><\/td><td class=\"column-3\"><strong>Quick Win<\/strong><\/td><td class=\"column-4\">5.0 \/ 5 <i class=\"fa fa-star\"><\/td><td class=\"column-5\"><strong>100%<\/strong> opp til <strong>5000 NOK<\/strong> & 200 Free Spins<br \/>\n<small><a href=\"\/no\/go\/quick-win\" target=\"_blank\" rel=\"nofollow noopener\">Vilk\u00e5r<\/a> &#8211; Spill ansvarlig (18+)<br \/>\n<\/small><\/td><td class=\"column-6\"><a href=\"\/no\/go\/quick-win\" rel=\"nofollow noopener noreferrer\" target=\"_blank\" class=\"play\">Spill N\u00e5!<\/a><\/td>\n<\/tr>\n<tr class=\"row-8\">\n\t<td class=\"column-1\"><\/td><td class=\"column-2\"><a href=\"\/no\/go\/beastino\" target=\"_blank\" rel=\"nofollow noopener noreferrer\"><img loading=\"lazy\" decoding=\"async\" src=\"\/wp-content\/uploads\/beastino.png\" width=\"130\" height=\"65\" alt=\"Beastino\"><\/a><\/td><td class=\"column-3\"><strong>Beastino<\/strong><\/td><td class=\"column-4\">5.0 \/ 5 <i class=\"fa fa-star\"><\/td><td class=\"column-5\"><strong>100%<\/strong> opp til <strong>2500 NOK<\/strong> & Cashback!<br \/>\n<small><a href=\"\/no\/go\/simsino\" target=\"_blank\" rel=\"nofollow noopener\">Vilk\u00e5r<\/a> &#8211; Spill ansvarlig (18+)<br \/>\n<\/small><\/td><td class=\"column-6\"><a href=\"\/no\/go\/beastino\" rel=\"nofollow noopener noreferrer\" target=\"_blank\" class=\"play\">Spill N\u00e5!<\/a><\/td>\n<\/tr>\n<tr class=\"row-9\">\n\t<td class=\"column-1\"><\/td><td class=\"column-2\"><a href=\"\/no\/go\/sg-casino\" target=\"_blank\" rel=\"nofollow noopener noreferrer\"><img loading=\"lazy\" decoding=\"async\" src=\"\/wp-content\/uploads\/sg-casino.png\" width=\"130\" height=\"65\" alt=\"SG Casino\"><\/a><\/td><td class=\"column-3\"><strong>SG Casino<\/strong><\/td><td class=\"column-4\">5.0 \/ 5 <i class=\"fa fa-star\"><\/td><td class=\"column-5\"><strong>100%<\/strong> opp til <strong>5000 NOK<\/strong> & 200 Free Spins<br \/>\n<small><a href=\"\/no\/go\/sg-casino\" target=\"_blank\" rel=\"nofollow noopener\">Vilk\u00e5r<\/a> &#8211; Spill ansvarlig (18+)<br \/>\n<\/small><\/td><td class=\"column-6\"><a href=\"\/no\/go\/sg-casino\" rel=\"nofollow noopener noreferrer\" target=\"_blank\" class=\"play\">Spill N\u00e5!<\/a><\/td>\n<\/tr>\n<tr class=\"row-10\">\n\t<td class=\"column-1\"><\/td><td class=\"column-2\"><a href=\"\/no\/go\/qbet\" target=\"_blank\" rel=\"nofollow noopener noreferrer\"><img loading=\"lazy\" decoding=\"async\" src=\"\/wp-content\/uploads\/qbet.png\" width=\"130\" height=\"65\" alt=\"QBet\"><\/a><\/td><td class=\"column-3\"><strong>QBet<\/strong><\/td><td class=\"column-4\">4.9 \/ 5 <i class=\"fa fa-star\"><\/td><td class=\"column-5\"><strong>1000 NOK<\/strong> & 100 Free Spins<br \/>\n<small><a href=\"\/no\/go\/qbet\" target=\"_blank\" rel=\"nofollow noopener\">Vilk\u00e5r<\/a> &#8211; Spill ansvarlig (18+)<br \/>\n<\/small><\/td><td class=\"column-6\"><a href=\"\/no\/go\/qbet\" rel=\"nofollow noopener noreferrer\" target=\"_blank\" class=\"play\">Spill N\u00e5!<\/a><\/td>\n<\/tr>\n<tr class=\"row-11\">\n\t<td class=\"column-1\"><\/td><td class=\"column-2\"><a href=\"\/no\/go\/skycrown\" target=\"_blank\" rel=\"nofollow noopener noreferrer\"><img loading=\"lazy\" decoding=\"async\" src=\"\/wp-content\/uploads\/skycrown.png\" width=\"130\" height=\"65\" alt=\"SkyCrown\"><\/a><\/td><td class=\"column-3\"><strong>SkyCrown<\/strong><\/td><td class=\"column-4\">4.9 \/ 5 <i class=\"fa fa-star\"><\/td><td class=\"column-5\"><strong>5000 NOK<\/strong> & 225 Free Spins<br \/>\n<small><a href=\"\/no\/go\/skycrown\" target=\"_blank\" rel=\"nofollow noopener\">Vilk\u00e5r<\/a> &#8211; Spill ansvarlig (18+)<br \/>\n<\/small><\/td><td class=\"column-6\"><a href=\"\/no\/go\/skycrown\" rel=\"nofollow noopener noreferrer\" target=\"_blank\" class=\"play\">Spill N\u00e5!<\/a><\/td>\n<\/tr>\n<tr class=\"row-12\">\n\t<td class=\"column-1\"><\/td><td class=\"column-2\"><a href=\"\/no\/go\/goodman-casino\" target=\"_blank\" rel=\"nofollow noopener noreferrer\"><img loading=\"lazy\" decoding=\"async\" src=\"\/wp-content\/uploads\/goodman-casino.png\" width=\"130\" height=\"65\" alt=\"Goodman Casino\"><\/a><\/td><td class=\"column-3\"><strong>Goodman Casino<\/strong><\/td><td class=\"column-4\">4.9 \/ 5 <i class=\"fa fa-star\"><\/td><td class=\"column-5\"><strong>5000 NOK<\/strong> & 150 Free Spins<br \/>\n<small><a href=\"\/no\/go\/goodman-casino\" target=\"_blank\" rel=\"nofollow noopener\">Vilk\u00e5r<\/a> &#8211; Spill ansvarlig (18+)<br \/>\n<\/small><\/td><td class=\"column-6\"><a href=\"\/no\/go\/goodman-casino\" rel=\"nofollow noopener noreferrer\" target=\"_blank\" class=\"play\">Spill N\u00e5!<\/a><\/td>\n<\/tr>\n<tr class=\"row-13\">\n\t<td class=\"column-1\"><\/td><td class=\"column-2\"><a href=\"\/no\/go\/simsino\" target=\"_blank\" rel=\"nofollow noopener noreferrer\"><img loading=\"lazy\" decoding=\"async\" src=\"\/wp-content\/uploads\/simsino.png\" width=\"130\" height=\"65\" alt=\"Simsino\"><\/a><\/td><td class=\"column-3\"><strong>Simsino<\/strong><\/td><td class=\"column-4\">4.8 \/ 5 <i class=\"fa fa-star\"><\/td><td class=\"column-5\"><strong>100%<\/strong> opp til <strong>1000 NOK<\/strong> & 50 Free Spins<br \/>\n<small><a href=\"\/no\/go\/simsino\" target=\"_blank\" rel=\"nofollow noopener\">Vilk\u00e5r<\/a> &#8211; Spill ansvarlig (18+)<br \/>\n<\/small><\/td><td class=\"column-6\"><a href=\"\/no\/go\/simsino\" rel=\"nofollow noopener noreferrer\" target=\"_blank\" class=\"play\">Spill N\u00e5!<\/a><\/td>\n<\/tr>\n<tr class=\"row-14\">\n\t<td class=\"column-1\"><\/td><td class=\"column-2\"><a href=\"\/no\/go\/greatwin\" target=\"_blank\" rel=\"nofollow noopener noreferrer\"><img loading=\"lazy\" decoding=\"async\" src=\"\/wp-content\/uploads\/greatwin.png\" width=\"130\" height=\"65\" alt=\"GreatWin\"><\/a><\/td><td class=\"column-3\"><strong>GreatWin<\/strong><\/td><td class=\"column-4\">4.8 \/ 5 <i class=\"fa fa-star\"><\/td><td class=\"column-5\"><strong>100%<\/strong> opp til <strong>5000 NOK<\/strong> & 200 Free Spins<br \/>\n<small><a href=\"\/no\/go\/greatwin\" target=\"_blank\" rel=\"nofollow noopener\">Vilk\u00e5r<\/a> &#8211; Spill ansvarlig (18+)<br \/>\n<\/small><\/td><td class=\"column-6\"><a href=\"\/no\/go\/greatwin\" rel=\"nofollow noopener noreferrer\" target=\"_blank\" class=\"play\">Spill N\u00e5!<\/a><\/td>\n<\/tr>\n<tr class=\"row-15\">\n\t<td class=\"column-1\"><\/td><td class=\"column-2\"><a href=\"\/no\/go\/lucky-spins\" target=\"_blank\" rel=\"nofollow noopener noreferrer\"><img loading=\"lazy\" decoding=\"async\" src=\"\/wp-content\/uploads\/lucky-spins.png\" width=\"130\" height=\"65\" alt=\"Lucky Spins\"><\/a><\/td><td class=\"column-3\"><strong>Lucky Spins<\/strong><\/td><td class=\"column-4\">4.8 \/ 5 <i class=\"fa fa-star\"><\/td><td class=\"column-5\"><strong>100%<\/strong> opp til <strong>2000 NOK<\/strong><br \/>\n<small><a href=\"\/no\/go\/lucky-spins\" target=\"_blank\" rel=\"nofollow noopener\">Vilk\u00e5r<\/a> &#8211; Spill ansvarlig (18+)<br \/>\n<\/small><\/td><td class=\"column-6\"><a href=\"\/no\/go\/lucky-spins\" rel=\"nofollow noopener noreferrer\" target=\"_blank\" class=\"play\">Spill N\u00e5!<\/a><\/td>\n<\/tr>\n<tr class=\"row-16\">\n\t<td class=\"column-1\"><\/td><td class=\"column-2\"><a href=\"\/no\/go\/spinz\" target=\"_blank\" rel=\"nofollow noopener noreferrer\"><img loading=\"lazy\" decoding=\"async\" src=\"\/wp-content\/uploads\/spinz.png\" width=\"130\" height=\"65\" alt=\"Spinz\"><\/a><\/td><td class=\"column-3\"><strong>Spinz<\/strong><\/td><td class=\"column-4\">4.8 \/ 5 <i class=\"fa fa-star\"><\/td><td class=\"column-5\"><strong>100%<\/strong> opp til <strong>3000 NOK<\/strong> & 100 Free Spins<br \/>\n<small><a href=\"\/no\/go\/spinz\" target=\"_blank\" rel=\"nofollow noopener\">Vilk\u00e5r<\/a> &#8211; Spill ansvarlig (18+)<br \/>\n<\/small><\/td><td class=\"column-6\"><a href=\"\/no\/go\/spinz\" rel=\"nofollow noopener noreferrer\" target=\"_blank\" class=\"play\">Spill N\u00e5!<\/a><\/td>\n<\/tr>\n<tr class=\"row-17\">\n\t<td class=\"column-1\"><\/td><td class=\"column-2\"><a href=\"\/no\/go\/winstoria\" target=\"_blank\" rel=\"nofollow noopener noreferrer\"><img loading=\"lazy\" decoding=\"async\" src=\"\/wp-content\/uploads\/winstoria.png\" width=\"130\" height=\"65\" alt=\"Winstoria\"><\/a><\/td><td class=\"column-3\"><strong>Winstoria<\/strong><\/td><td class=\"column-4\">4.8 \/ 5 <i class=\"fa fa-star\"><\/td><td class=\"column-5\"><strong>225%<\/strong> opp til <strong>12 000 NOK<\/strong> & 225 Free Spins<br \/>\n<small><a href=\"\/no\/go\/winstoria\" target=\"_blank\" rel=\"nofollow noopener\">Vilk\u00e5r<\/a> &#8211; Spill ansvarlig (18+)<br \/>\n<\/small><\/td><td class=\"column-6\"><a href=\"\/no\/go\/winstoria\" rel=\"nofollow noopener noreferrer\" target=\"_blank\" class=\"play\">Spill N\u00e5!<\/a><\/td>\n<\/tr>\n<tr class=\"row-18\">\n\t<td class=\"column-1\"><\/td><td class=\"column-2\"><a href=\"\/no\/go\/ice-casino\" target=\"_blank\" rel=\"nofollow noopener noreferrer\"><img loading=\"lazy\" decoding=\"async\" src=\"\/wp-content\/uploads\/ice-casino.png\" width=\"130\" height=\"65\" alt=\"Ice Casino\"><\/a><\/td><td class=\"column-3\"><strong>Ice Casino<\/strong><\/td><td class=\"column-4\">4.7 \/ 5 <i class=\"fa fa-star\"><\/td><td class=\"column-5\"><strong>100%<\/strong> opp til <strong>15 000 NOK<\/strong> & 270 Free Spins<br \/>\n<small><a href=\"\/no\/go\/ice-casino\" target=\"_blank\" rel=\"nofollow noopener\">Vilk\u00e5r<\/a> &#8211; Spill ansvarlig (18+)<br \/>\n<\/small><\/td><td class=\"column-6\"><a href=\"\/no\/go\/ice-casino\" rel=\"nofollow noopener noreferrer\" target=\"_blank\" class=\"play\">Spill N\u00e5!<\/a><\/td>\n<\/tr>\n<tr class=\"row-19\">\n\t<td class=\"column-1\"><\/td><td class=\"column-2\"><a href=\"https:\/\/casinofrog.com\/no\/go\/dolly-casino\" target=\"_blank\" rel=\"nofollow noopener noreferrer\"><img loading=\"lazy\" decoding=\"async\" src=\"\/wp-content\/uploads\/dolly-casino.png\" width=\"130\" height=\"65\" alt=\"Dolly Casino\"><\/a><\/td><td class=\"column-3\"><strong>Dolly Casino<\/strong><\/td><td class=\"column-4\">4.6 \/ 5 <i class=\"fa fa-star\"><\/td><td class=\"column-5\"><strong>100%<\/strong> opp til <strong>5 000 NOK<\/strong> & 100 Free Spins<br \/>\n<small><a href=\"\/no\/go\/dolly-casino\" target=\"_blank\" rel=\"nofollow noopener\">Vilk\u00e5r<\/a> &#8211; Spill ansvarlig (18+)<br \/>\n<\/small><\/td><td class=\"column-6\"><a href=\"https:\/\/casinofrog.com\/no\/go\/dolly-casino\" rel=\"nofollow noopener noreferrer\" target=\"_blank\" class=\"play\">Spill N\u00e5!<\/a><\/td>\n<\/tr>\n<\/tbody>\n<\/table>\n<!-- #tablepress-4 from cache -->\n\n\n<p class=\"wp-block-paragraph\">Dykk rett inn i innholdet v\u00e5rt og ta del i v\u00e5re \u00e5pne, \u00e6rlige og oppdaterte artikler som dekker alt du trenger \u00e5 vite om casinoindustrien.<\/p>\n\n\n\n<p class=\"wp-block-paragraph\">Bruk en av lenkene nedenfor for \u00e5 g\u00e5 direkte til noen av v\u00e5re mest popul\u00e6re artikler.<\/p>\n\n\n\n<ul class=\"wp-block-list\">\n<li><a href=\"https:\/\/casinofrog.com\/no\/online-casino\/nye\/\">Nye casino<\/a><\/li>\n\n\n\n<li><a href=\"https:\/\/casinofrog.com\/no\/online-casino\/\">Online casino Norge<\/a><\/li>\n\n\n\n<li><a href=\"https:\/\/casinofrog.com\/no\/online-casino\/bonus\/\">Casino bonus<\/a><\/li>\n\n\n\n<li><a href=\"https:\/\/casinofrog.com\/no\/online-casino\/pa-nett\/\">Casino p\u00e5 nett<\/a><\/li>\n<\/ul>\n\n\n\n<hr class=\"wp-block-separator has-alpha-channel-opacity\"\/>\n\n\n\n<h2 class=\"wp-block-heading\">Velg ditt casino<\/h2>\n\n\n\n<p class=\"wp-block-paragraph\">Gi deg selv en fordel ved \u00e5 bruke v\u00e5rt sammenligningsverkt\u00f8y for casinoer. Vi har gjort det lett for deg \u00e5 finne din favorittside. Ved \u00e5 bruke listen nedenfor vil du f\u00e5 en god oversikt over de mest p\u00e5litelige casinoene, betalingsmetoder, vurderinger og mye mer.<\/p>\n\n\n\n<h3 class=\"wp-block-heading\">Vi er her for \u00e5 hjelpe<\/h3>\n\n\n\n<p class=\"wp-block-paragraph\">Vi \u00f8nsker \u00e5 forsikre deg om at ethvert sp\u00f8rsm\u00e5l du m\u00e5tte ha blir svart p\u00e5 en god m\u00e5te. I noen tilfeller kan du ha flere sp\u00f8rsm\u00e5l etter \u00e5 ha lest en av v\u00e5re artikler, guider eller ofte stilte sp\u00f8rsm\u00e5l.<\/p>\n\n\n\n<p class=\"wp-block-paragraph\">Om det er tilfellet setter vi stor pris p\u00e5 om du sender oss en e-post <a href=\"https:\/\/casinofrog.com\/no\/kontakt\/\">her<\/a>, s\u00e5 vil vi komme tilbake til deg s\u00e5 fort som mulig.<\/p>\n\n\n\n<hr class=\"wp-block-separator has-alpha-channel-opacity\"\/>\n\n\n\n<h2 class=\"wp-block-heading\">Din sikkerhet kommer f\u00f8rst<\/h2>\n\n\n\n<p class=\"wp-block-paragraph\">Troverdighet, \u00e5penhet og sikkerhet er viktig for oss. V\u00e5rt m\u00e5l er \u00e5 granske alle casinosider p\u00e5 markedet for \u00e5 sikre at de er troverdige og trygge f\u00f8r vi bestemmer oss for \u00e5 anbefale de til deg.<\/p>\n\n\n\n<p class=\"wp-block-paragraph\">Hvert casino vi anbefaler er n\u00f8dt til \u00e5 ha en anerkjent lisens, p\u00e5litelige betalingsmetoder, profesjonell kundeservice og raske utbetalinger. Det er Casino Frog-garantien.<\/p>\n\n\n\n<p class=\"wp-block-paragraph\">Gambling \u2013 med m\u00e5te \u2013 er ment \u00e5 v\u00e6re morsomt og spennende. Det aller viktigste er at det skal nytes i trygge omgivelser. Derfor har vi prioritert at alle casinoene vi lister p\u00e5 v\u00e5re sider er n\u00f8dt til \u00e5 v\u00e6re b\u00e5de p\u00e5litelige og sikre.<\/p>\n\n\n\n<h3 class=\"wp-block-heading\">Hvorfor Casino Frog?<\/h3>\n\n\n\n<p class=\"wp-block-paragraph\">Hos Casino Frog handler det om \u00e5 ha det g\u00f8y. N\u00e5r det er sagt er vi et seri\u00f8st selskap. Gambling betyr at du setter dine hardt opptjente penger p\u00e5 spill, og derfor er det v\u00e5r jobb \u00e5 passe p\u00e5 at du f\u00e5r mest ut av de.<\/p>\n\n\n\n<p class=\"wp-block-paragraph\">Teamet bak Casino Frog har v\u00e6rt i industrien i flere ti\u00e5r. Vi vet hva vi holder p\u00e5 med og kan garantere at du vil f\u00e5 den beste opplevelsen her.<\/p>\n\n\n\n<p class=\"wp-block-paragraph\">Bli med i Casino Frog-familien og f\u00e5 tilgang til ethvert casino, nye som gamle. Du finner ogs\u00e5 de beste bonusene og all den oppdaterte informasjonen du trenger for \u00e5 avansere casinospillet ditt.<\/p>\n\n\n\n<p class=\"wp-block-paragraph\">Videre er v\u00e5re tjenester helt gratis &#8211; og det vil de alltid v\u00e6re. Vi vil aldri kreve betaling for noe som helst. Ingen skjulte gebyrer, alt er gratis.<\/p>\n\n\n\n<p class=\"wp-block-paragraph\">Har du lyst til \u00e5 l\u00e6re mer om oss? Bes\u00f8k <a href=\"https:\/\/casinofrog.com\/no\/om\/\">om oss<\/a> siden v\u00e5r for \u00e5 l\u00e6re mer om v\u00e5rt m\u00e5l og v\u00e5re verdier.<\/p>\n\n\n\n<hr class=\"wp-block-separator has-alpha-channel-opacity\"\/>\n\n\n\n<h2 class=\"wp-block-heading\">Ekspertr\u00e5d for dine f\u00f8tter<\/h2>\n\n\n\n<p class=\"wp-block-paragraph\">Uansett om du er ny til gambling eller en casinoveteran kan du f\u00e5 svar p\u00e5 sp\u00f8rsm\u00e5lene dine her.<\/p>\n\n\n\n<p class=\"wp-block-paragraph\">Ekspertene hos Casino Frog har laget gjennomtenkte <a href=\"https:\/\/casinofrog.com\/no\/guider\/\">nybegynnerguider<\/a> slik at enhver ny spiller kan komme fort i gang. F\u00e5 alt du trenger for \u00e5 vinne mer, raskere uttak, bedre bonusvilk\u00e5r og enda mer. P\u00e5 den m\u00e5ten kan du bli en suksessfull casinospiller allerede i dag!<\/p>\n\n\n\n<p class=\"wp-block-paragraph\">Veteraner vil ogs\u00e5 finne mye nyttig informasjon for \u00e5 holde seg oppdatert med det nyeste innen casinoindustrien.<\/p>\n\n\n\n<h3 class=\"wp-block-heading\">Vi bryr oss<\/h3>\n\n\n\n<p class=\"wp-block-paragraph\">Gambling b\u00f8r alltid nytes med m\u00e5te. Casinospill er ment for \u00e5 v\u00e6re morsomme og spennende, men de kan ogs\u00e5 bli et problem. Skulle du oppleve at du eller noen du kjenner utvikler problemer med spilling er det viktig at du ber om hjelp.<\/p>\n\n\n\n<p class=\"wp-block-paragraph\">Les v\u00e5r guide til <a href=\"https:\/\/casinofrog.com\/no\/ansvarlig-spill\/\">Ansvarlig Spill<\/a> for \u00e5 l\u00e6re mer.<\/p>\n","protected":false},"excerpt":{"rendered":"<p>Norsk Online Casino Guide Dykk rett inn i innholdet v\u00e5rt og ta del i v\u00e5re \u00e5pne, \u00e6rlige og oppdaterte artikler som dekker alt du trenger \u00e5 vite om casinoindustrien. Bruk en av lenkene nedenfor for \u00e5 g\u00e5 direkte til noen av v\u00e5re mest popul\u00e6re artikler. Velg ditt casino Gi deg selv en fordel ved \u00e5 &#8230; <a title=\"Casino Frog Norge (NO)\" class=\"read-more\" href=\"https:\/\/casinofrog.com\/no\/\" aria-label=\"Read more about Casino Frog Norge (NO)\">Les mer<\/a><\/p>\n","protected":false},"author":72,"featured_media":0,"parent":0,"menu_order":0,"comment_status":"closed","ping_status":"closed","template":"","meta":{"_crdt_document":"","footnotes":""},"class_list":["post-35","page","type-page","status-publish"],"_links":{"self":[{"href":"https:\/\/casinofrog.com\/no\/wp-json\/wp\/v2\/pages\/35","targetHints":{"allow":["GET"]}}],"collection":[{"href":"https:\/\/casinofrog.com\/no\/wp-json\/wp\/v2\/pages"}],"about":[{"href":"https:\/\/casinofrog.com\/no\/wp-json\/wp\/v2\/types\/page"}],"author":[{"embeddable":true,"href":"https:\/\/casinofrog.com\/no\/wp-json\/wp\/v2\/users\/72"}],"replies":[{"embeddable":true,"href":"https:\/\/casinofrog.com\/no\/wp-json\/wp\/v2\/comments?post=35"}],"version-history":[{"count":21,"href":"https:\/\/casinofrog.com\/no\/wp-json\/wp\/v2\/pages\/35\/revisions"}],"predecessor-version":[{"id":20467,"href":"https:\/\/casinofrog.com\/no\/wp-json\/wp\/v2\/pages\/35\/revisions\/20467"}],"wp:attachment":[{"href":"https:\/\/casinofrog.com\/no\/wp-json\/wp\/v2\/media?parent=35"}],"curies":[{"name":"wp","href":"https:\/\/api.w.org\/{rel}","templated":true}]}}