{"id":6500,"date":"2020-08-04T14:31:19","date_gmt":"2020-08-04T14:31:19","guid":{"rendered":"https:\/\/casinofrog.com\/?page_id=6500"},"modified":"2024-12-28T08:33:29","modified_gmt":"2024-12-28T08:33:29","slug":"miten-arvioimme-kasinoita","status":"publish","type":"page","link":"https:\/\/casinofrog.com\/fi\/oppaat\/miten-arvioimme-kasinoita\/","title":{"rendered":"Miten arvioimme ja vertailemme kasinoita"},"content":{"rendered":"\n<p class=\"wp-block-paragraph\">T\u00e4ll\u00e4 sivulla esittelemme, miten Casinofrog.com arvioi ja vertailee eri nettikasinoita. Kyseess\u00e4 on pitk\u00e4 prosessi, joka koostuu monista tarkoin valituista vaiheista. Asiantuntijamme kiinnitt\u00e4v\u00e4t huomiota lukuisiin eri asioihin, kuten turvallisuuteen, kampanjoihin ja paljon muuta. Objektiivisuus on meille t\u00e4rke\u00e4\u00e4.<\/p>\n\n\n\n<p class=\"wp-block-paragraph\">Tavoitteenamme on esitell\u00e4 t\u00e4ss\u00e4 artikkelissa prosessimme tarkoin ja k\u00e4yd\u00e4 l\u00e4pi, miksi suosittelemme Casino Frogilta l\u00f6ytyv\u00e4 nettikasinosivustoja.<\/p>\n\n\n\n<hr class=\"wp-block-separator has-alpha-channel-opacity\"\/>\n\n\n\n<h2 class=\"wp-block-heading\">Arviointivaiheet<\/h2>\n\n\n\n<p class=\"wp-block-paragraph\">Kun tutkimme nettikasinoa, k\u00e4ymme sen l\u00e4pi perin pohjin tutustuen jokaiseen eri osa-alueeseen. N\u00e4in voimme varmistua siit\u00e4, ett\u00e4 tarjoamme vain korkealaatuisia ja <a href=\"https:\/\/casinofrog.com\/fi\/nettikasinot\/\">lisensoituja nettikasinoita<\/a> lukijoillemme.<\/p>\n\n\n\n<p class=\"wp-block-paragraph\">Alta l\u00f6yd\u00e4t listan eri vaiheista ja osa-alueista, joihin paneudumme arvioidessamme kasinoita. N\u00e4iden kriteerien perusteella p\u00e4\u00e4t\u00e4mme, mitk\u00e4 kasinot ansaitsevat paikkansa Casino Frogin sivustolla.<\/p>\n\n\n\n<h3 class=\"wp-block-heading\">Turvallisuus<\/h3>\n\n\n\n<p class=\"wp-block-paragraph\">Useimmat pelaajat haluavat pelata oikealla rahalla, joten kasinon turvallisuus on kriteeri numero yksi. Turvallisuus on elint\u00e4rke\u00e4 osa kriteerist\u00f6\u00e4mme meid\u00e4n arvioidessamme eri kasinotoimijoita. Tarkka seulamme tarkoittaa sit\u00e4, ettet l\u00f6yd\u00e4 Casinofrog.com:lta lainkaan heikolla turvalla tai tietosuojalla varustettuja kasinoita.<\/p>\n\n\n\n<h3 class=\"wp-block-heading\">Lisenssi<\/h3>\n\n\n\n<p class=\"wp-block-paragraph\">Asianmukainen lisenssi on kaiken a ja o. Ilman asianmukaista lisenssi\u00e4 emme voi suositella yht\u00e4k\u00e4\u00e4n kasinoa. Lisenssi oikeuttaa kasinon tarjoamaan pelej\u00e4 laillisesti, ja useimmissa tapauksissa turvallisesti. On monia lisensoijia, joita pid\u00e4mme turvallisina. Esimerkiksi Malta Gaming Authority, UK Gambling Commission, Gibraltar Regulatory Authority sek\u00e4 Viron peliviranomaiset ovat osoittaneet luotettavuutensa.<\/p>\n\n\n\n<h3 class=\"wp-block-heading\">Bonukset<\/h3>\n\n\n\n<p class=\"wp-block-paragraph\">Kasinobonukset ovat t\u00e4rke\u00e4 osa kasinoiden toimintaa. Monet aktiiviset pelaajat etsiv\u00e4t kasinoita nimenomaan niiden perusteella. Hyv\u00e4 kasinobonus voi antaa kasinokokemukselle todella r\u00e4j\u00e4ht\u00e4v\u00e4n l\u00e4hd\u00f6n; osa unohtaa kuitenkin kierr\u00e4tysvaatimukset t\u00e4ysin. Asiantuntijatiimimme varmistaa, ettet p\u00e4\u00e4dy hyv\u00e4ksym\u00e4\u00e4n tarjousta, jossa on ep\u00e4reilut ehdot.<\/p>\n\n\n\n<h3 class=\"wp-block-heading\">Pelit<\/h3>\n\n\n\n<p class=\"wp-block-paragraph\">Pelivalikoima on jokaisen nettikasinosivuston keski\u00f6ss\u00e4. Uskomme, ett\u00e4 laaja kolikkopelien sek\u00e4 muiden pelien valikoima tarjoaa kokonaisuudessaan paremman kokemuksen. Monesti p\u00e4\u00e4set testaamaan pelej\u00e4 my\u00f6s ilmaiseksi, jos et ole viel\u00e4 valmis k\u00e4ytt\u00e4m\u00e4\u00e4n niihin omaa rahaasi. Me kokeilemme aina pelej\u00e4 oikean rahan tilassa varmistaaksemme, ettemme suosittele kasinoa, jolla emme itse haluaisi peli\u00e4.<\/p>\n\n\n\n<h3 class=\"wp-block-heading\">Asiakaspalvelu<\/h3>\n\n\n\n<p class=\"wp-block-paragraph\">Yksi eritt\u00e4in t\u00e4rke\u00e4 osa arviointiprosessiamme on asiakaspalvelu. Asiakaspalvelun osalta kiinnit\u00e4mme erityist\u00e4 huomiota sen vastausnopeuksiin sek\u00e4 tapoihin, joilla pelaaja saa yhteyden henkil\u00f6st\u00f6\u00f6n. Arvostamme erityisesti kasinoita, joiden asiakaspalvelu on auki 24\/7, sill\u00e4 ongelmiin saattaa t\u00f6rm\u00e4t\u00e4 my\u00f6s ep\u00e4k\u00e4yt\u00e4nn\u00f6lisin\u00e4 aikoina. Vuorokauden ymp\u00e4ri toimiva asiakaspalvelu varmistaa, ett\u00e4 ongelmat saa ratkaistua heti.<\/p>\n\n\n\n<h3 class=\"wp-block-heading\">Rahansiirrot<\/h3>\n\n\n\n<p class=\"wp-block-paragraph\">Yll\u00e4 olevien kriteerien lis\u00e4ksi nettikasinolla on oltava tarpeeksi laaja valikoima rahansiirtomenetelmi\u00e4. Pelaajien ei tulisi ikin\u00e4 joutua k\u00e4rsim\u00e4\u00e4n hitaista ja tehottomista rahansiirroista. Talletusten on oltava v\u00e4litt\u00f6mi\u00e4, ja kotiutusten osalta odotamme niiden saapuvan viimeist\u00e4\u00e4n muutaman arkip\u00e4iv\u00e4n sis\u00e4ll\u00e4. On ensiarvoisen t\u00e4rke\u00e4\u00e4, ett\u00e4 kasinosivusto tarjoaa turvalliset ja nopeat maksutavat.<\/p>\n\n\n\n<h3 class=\"wp-block-heading\">Maine<\/h3>\n\n\n\n<p class=\"wp-block-paragraph\">My\u00f6s kasinoalalla on huonoja toimijoita. Jotta huonoilta kasinoilta voisi v\u00e4ltty\u00e4, on ne ensin pystytt\u00e4v\u00e4 tunnistamaan. Yksi tapa tutkia kasinosivuston mainetta on tarkastaa, mit\u00e4 muut pelaajat sanovat sivustosta. Otamme arviointiprosessissamme huomioon my\u00f6s luotettavat asiakaspalautteet ja kritiikin.<\/p>\n\n\n\n<hr class=\"wp-block-separator has-alpha-channel-opacity\"\/>\n\n\n\n<h2 class=\"wp-block-heading\">Me tunnemme alan<\/h2>\n\n\n<div class=\"wp-block-image\">\n<figure class=\"alignright\"><img loading=\"lazy\" decoding=\"async\" width=\"130\" height=\"130\" src=\"https:\/\/casinofrog.com\/wp-content\/uploads\/miten-arvioimme-kasinoita-fi.png\" alt=\"Miten arvioimme ja vertailemme kasinoita\" class=\"wp-image-6749\"\/><\/figure>\n<\/div>\n\n\n<p class=\"wp-block-paragraph\">Casino Frogin etuna on sen taustalta l\u00f6ytyv\u00e4 vuosikausien kokemus. Kiitos monipuolisen asiantuntijatiimimme, joka koostuu kokeneista testaajista ja kasinoalan konkareista, pystymme tarjoamaan eritt\u00e4in luotettavia ja kaiken kattavia arvioita.<\/p>\n\n\n\n<p class=\"wp-block-paragraph\">Valjastamme meid\u00e4n tietotaitomme pelaajien k\u00e4ytt\u00f6\u00f6n auttamalla heit\u00e4 tekem\u00e4\u00e4n parempia valintoja kasinomaailmassa. Kasinotilin luominen ja ensimm\u00e4isen talletuksen tekeminen on tyypillisesti helppoa. Vaikeampi teht\u00e4v\u00e4 on luotettavan kasinon l\u00f6yt\u00e4minen.<\/p>\n\n\n\n<p class=\"wp-block-paragraph\">Kaikkien onneksi Casinofrog.com on jo tehnyt vaativan ty\u00f6n. Tarjoamme pelaajille valmiit listat parhaista nettikasinoista, mit\u00e4 l\u00f6ytyy.<\/p>\n\n\n\n<hr class=\"wp-block-separator has-alpha-channel-opacity\"\/>\n\n\n\n<h2 class=\"wp-block-heading\">N\u00e4ist\u00e4 syist\u00e4 voit luottaa Casino Frogiin<\/h2>\n\n\n\n<p class=\"wp-block-paragraph\">Mietit ehk\u00e4, mik\u00e4 sitten tekee Casino Frogista luotettavan l\u00e4hteen? Miksi olemme luotettavampia ja parempia kuin muut kasinovertailusivustot? Alta l\u00f6yd\u00e4t listan syist\u00e4, miksi tuhannet k\u00e4ytt\u00e4j\u00e4t rakastavat palveluitamme.<\/p>\n\n\n\n<h4 class=\"wp-block-heading\">Uskomme l\u00e4pin\u00e4kyvyyteen<\/h4>\n\n\n\n<p class=\"wp-block-paragraph\">Olemme eritt\u00e4in avoimia toimintamme suhteen. Uskomme vahvaan asiakassuhteeseen vieralijoidemme kanssa, ja t\u00e4st\u00e4 syyst\u00e4 meill\u00e4 my\u00f6s k\u00e4ytt\u00e4j\u00e4t p\u00e4\u00e4sev\u00e4t halutessaan mukaan arviointiprosessiin.<\/p>\n\n\n\n<h4 class=\"wp-block-heading\">Palkittu yritys<\/h4>\n\n\n\n<p class=\"wp-block-paragraph\">Casino Frogin kova ty\u00f6 ja palveluihin k\u00e4ytetty aika on tuonut monia palkintoja matkan varrella. Olemme olleet monessa palkintokisassa finalistien joukossa, ja olemme my\u00f6s voittaneet osassa kategorioista.<\/p>\n\n\n\n<h4 class=\"wp-block-heading\">Molemminpuolinen luottamus kumppaneihin<\/h4>\n\n\n\n<p class=\"wp-block-paragraph\">Emme hypp\u00e4\u00e4 yhteisty\u00f6kuvioihin, joissa luottamus ei ole molemminpuolista. T\u00e4st\u00e4 syyst\u00e4 teemme yhteisty\u00f6t\u00e4 vain luotettavien kasinoiden kanssa, joita mainostamme ylpeydell\u00e4.<\/p>\n\n\n\n<h4 class=\"wp-block-heading\">Mainittu monissa johtavissa julkaisuissa<\/h4>\n\n\n\n<p class=\"wp-block-paragraph\">Casino Frog on mainittu monissa johtavissa julkaisuissa. N\u00e4emme t\u00e4m\u00e4n selke\u00e4n\u00e4 merkkin\u00e4 siit\u00e4, ett\u00e4 toimintaamme arvostetaan maailmanlaajuisesti, my\u00f6s tavallisten vierailijoidemme ohella.<\/p>\n\n\n\n<h4 class=\"wp-block-heading\">Suositukset<\/h4>\n\n\n\n<p class=\"wp-block-paragraph\">Jos et usko meid\u00e4n sanaamme, siirry suositukset-sivulle, jossa vierailijamme kertovat, mit\u00e4 mielt\u00e4 he ovat Casino Frogista. N\u00e4ist\u00e4 syist\u00e4 meit\u00e4 arvostetaan!<\/p>\n\n\n\n<hr class=\"wp-block-separator has-alpha-channel-opacity\"\/>\n\n\n\n<h2 class=\"wp-block-heading\">Aina riippumaton ja ajan tasalla<\/h2>\n\n\n\n<p class=\"wp-block-paragraph\">Casino Frog on riippumaton kasinoiden vertailupalvelu, joka tarjoaa puolueettomia arvioita, oppaita ja paljon muuta. Palvelumme ovat kaiken lis\u00e4ksi t\u00e4ysin ilmaisia. Emme laskuta ket\u00e4\u00e4n sivuston k\u00e4yt\u00f6st\u00e4, eik\u00e4 t\u00e4m\u00e4 ole meid\u00e4n suunnitelmissa tulevaisuudessakaan. Haluamme aina pysy\u00e4 riippumattomana ja ilmaisena palveluna voidaksemme tarjota reiluja ja rehellisi\u00e4 kasinokokemuksia.<\/p>\n\n\n\n<p class=\"wp-block-paragraph\">Haluamme pysy\u00e4 aina ajan tasalla tarjoten mahdollisimman t\u00e4sm\u00e4llist\u00e4 ja merkityksellist\u00e4 tietoa ja sis\u00e4lt\u00f6\u00e4. Olemme kuitenkin ihmisi\u00e4, joten virheit\u00e4 voi sattua. Jos huomaat sivustollamme ep\u00e4t\u00e4ydellist\u00e4 tai v\u00e4\u00e4r\u00e4\u00e4 tietoa, ota meihin rohkeasti yhteytt\u00e4. Aiomme jatkossakin tehd\u00e4 parhaamme, jotta Casinfrog.com:lta l\u00f6ytyv\u00e4 tieto olisi aina mahdollisimman t\u00e4sm\u00e4llist\u00e4 ja oikeaa.<\/p>\n","protected":false},"excerpt":{"rendered":"<p>T\u00e4ll\u00e4 sivulla esittelemme, miten Casinofrog.com arvioi ja vertailee eri nettikasinoita. Kyseess\u00e4 on pitk\u00e4 prosessi, joka koostuu monista tarkoin valituista vaiheista. Asiantuntijamme kiinnitt\u00e4v\u00e4t huomiota lukuisiin eri asioihin, kuten turvallisuuteen, kampanjoihin ja paljon muuta. Objektiivisuus on meille t\u00e4rke\u00e4\u00e4. Tavoitteenamme on esitell\u00e4 t\u00e4ss\u00e4 artikkelissa prosessimme tarkoin ja k\u00e4yd\u00e4 l\u00e4pi, miksi suosittelemme Casino Frogilta l\u00f6ytyv\u00e4 nettikasinosivustoja. Arviointivaiheet Kun tutkimme &#8230; <a title=\"Miten arvioimme ja vertailemme kasinoita\" class=\"read-more\" href=\"https:\/\/casinofrog.com\/fi\/oppaat\/miten-arvioimme-kasinoita\/\" aria-label=\"Read more about Miten arvioimme ja vertailemme kasinoita\">Read more<\/a><\/p>\n","protected":false},"author":21,"featured_media":0,"parent":6499,"menu_order":0,"comment_status":"closed","ping_status":"closed","template":"","meta":{"_crdt_document":"","footnotes":""},"class_list":["post-6500","page","type-page","status-publish"],"_links":{"self":[{"href":"https:\/\/casinofrog.com\/fi\/wp-json\/wp\/v2\/pages\/6500","targetHints":{"allow":["GET"]}}],"collection":[{"href":"https:\/\/casinofrog.com\/fi\/wp-json\/wp\/v2\/pages"}],"about":[{"href":"https:\/\/casinofrog.com\/fi\/wp-json\/wp\/v2\/types\/page"}],"author":[{"embeddable":true,"href":"https:\/\/casinofrog.com\/fi\/wp-json\/wp\/v2\/users\/21"}],"replies":[{"embeddable":true,"href":"https:\/\/casinofrog.com\/fi\/wp-json\/wp\/v2\/comments?post=6500"}],"version-history":[{"count":5,"href":"https:\/\/casinofrog.com\/fi\/wp-json\/wp\/v2\/pages\/6500\/revisions"}],"predecessor-version":[{"id":20494,"href":"https:\/\/casinofrog.com\/fi\/wp-json\/wp\/v2\/pages\/6500\/revisions\/20494"}],"up":[{"embeddable":true,"href":"https:\/\/casinofrog.com\/fi\/wp-json\/wp\/v2\/pages\/6499"}],"wp:attachment":[{"href":"https:\/\/casinofrog.com\/fi\/wp-json\/wp\/v2\/media?parent=6500"}],"curies":[{"name":"wp","href":"https:\/\/api.w.org\/{rel}","templated":true}]}}