{"id":6499,"date":"2020-08-04T14:31:46","date_gmt":"2020-08-04T14:31:46","guid":{"rendered":"https:\/\/casinofrog.com\/?page_id=6499"},"modified":"2022-11-17T08:07:40","modified_gmt":"2022-11-17T08:07:40","slug":"oppaat","status":"publish","type":"page","link":"https:\/\/casinofrog.com\/fi\/oppaat\/","title":{"rendered":"Oppaat"},"content":{"rendered":"<h2>Casino Frogin tietopankki<\/h2>\n<p>Ennen kuin siirryt rahapelien pariin, on t\u00e4rke\u00e4\u00e4 ymm\u00e4rt\u00e4\u00e4 perusasiat. Ottamalla kattavan tietopankkimme haltuun, varmistut, ett\u00e4 saat parhaan mahdollisen kokemuksen irti peleist\u00e4.<\/p>\n<p>Olemme valmistelleet useita aloittelijoiden oppaita, jotta p\u00e4\u00e4set alkuun mahdollisimman pikaisesti. Arvostamme aikaasi, joten pyrimme aina tekem\u00e4\u00e4n oppaistamme mahdollisimman yksinkertaisia ja tiiviit\u00e4.<\/p>\n<h2>Oppaamme<\/h2>\n<p>Olit sitten aloitteleva rahapelaaja tai alan konkari, meill\u00e4 on tarjota sinulle tietoa n\u00e4iden oppaiden merkeiss\u00e4.<br \/>\n<div  class=\"lgc-column lgc-grid-parent lgc-grid-33 lgc-tablet-grid-50 lgc-mobile-grid-100 lgc-equal-heights \"><div  class=\"inside-grid-column\">\n<h3><a href=\"https:\/\/casinofrog.com\/fi\/oppaat\/ymmarra-kasinon-kayttoehdot\/\">Ymm\u00e4rr\u00e4 kasinon k\u00e4ytt\u00f6ehdot<\/a><\/h3>\n<p>Kaikilla luotettavilla nettikasinoilla on k\u00e4ytt\u00f6ehtonsa, joita k\u00e4ytt\u00e4j\u00e4n on..<\/p>\n<\/div><\/div>\n<div  class=\"lgc-column lgc-grid-parent lgc-grid-33 lgc-tablet-grid-50 lgc-mobile-grid-100 lgc-equal-heights \"><div  class=\"inside-grid-column\">\n<h3><a href=\"https:\/\/casinofrog.com\/fi\/oppaat\/miten-arvioimme-kasinoita\/\">Miten arvioimme ja vertailemme kasinoita<\/a><\/h3>\n<p>Asiantuntijamme kiinnitt\u00e4v\u00e4t huomiota lukuisiin eri asioihin, kuten turvallis..<\/p>\n<\/div><\/div>\n<div  class=\"lgc-column lgc-grid-parent lgc-grid-33 lgc-tablet-grid-50 lgc-mobile-grid-100 lgc-equal-heights \"><div  class=\"inside-grid-column\">\n<h3><a href=\"https:\/\/casinofrog.com\/fi\/vastuullinen-pelaaminen\/\">Vastuullinen pelaaminen<\/a><\/h3>\n<p>Ongelmapelaaminen on pelaamista riskitasolla ja siten, ett\u00e4 pelaaminen ei..<\/p>\n<\/div><\/div>\n<div  class=\"lgc-column lgc-grid-parent lgc-grid-33 lgc-tablet-grid-50 lgc-mobile-grid-100 lgc-equal-heights \"><div  class=\"inside-grid-column\">\n<h3><a href=\"https:\/\/casinofrog.com\/fi\/oppaat\/kierratysvaatimukset-selitettyna\/\">Kierr\u00e4tysvaatimukset<\/a><\/h3>\n<p>Kierr\u00e4tysvaatimukset ovat oma ehtojen osa-alue, joka vaikuttaa pelaajan..<\/p>\n<\/div><\/div>\n","protected":false},"excerpt":{"rendered":"<p>Casino Frogin tietopankki Ennen kuin siirryt rahapelien pariin, on t\u00e4rke\u00e4\u00e4 ymm\u00e4rt\u00e4\u00e4 perusasiat. Ottamalla kattavan tietopankkimme haltuun, varmistut, ett\u00e4 saat parhaan mahdollisen kokemuksen irti peleist\u00e4. Olemme valmistelleet useita aloittelijoiden oppaita, jotta p\u00e4\u00e4set alkuun mahdollisimman pikaisesti. Arvostamme aikaasi, joten pyrimme aina tekem\u00e4\u00e4n oppaistamme mahdollisimman yksinkertaisia ja tiiviit\u00e4. Oppaamme Olit sitten aloitteleva rahapelaaja tai alan konkari, meill\u00e4 on &#8230; <a title=\"Oppaat\" class=\"read-more\" href=\"https:\/\/casinofrog.com\/fi\/oppaat\/\" aria-label=\"Read more about Oppaat\">Read more<\/a><\/p>\n","protected":false},"author":72,"featured_media":0,"parent":0,"menu_order":0,"comment_status":"closed","ping_status":"closed","template":"","meta":{"_crdt_document":"","footnotes":""},"class_list":["post-6499","page","type-page","status-publish"],"_links":{"self":[{"href":"https:\/\/casinofrog.com\/fi\/wp-json\/wp\/v2\/pages\/6499","targetHints":{"allow":["GET"]}}],"collection":[{"href":"https:\/\/casinofrog.com\/fi\/wp-json\/wp\/v2\/pages"}],"about":[{"href":"https:\/\/casinofrog.com\/fi\/wp-json\/wp\/v2\/types\/page"}],"author":[{"embeddable":true,"href":"https:\/\/casinofrog.com\/fi\/wp-json\/wp\/v2\/users\/72"}],"replies":[{"embeddable":true,"href":"https:\/\/casinofrog.com\/fi\/wp-json\/wp\/v2\/comments?post=6499"}],"version-history":[{"count":5,"href":"https:\/\/casinofrog.com\/fi\/wp-json\/wp\/v2\/pages\/6499\/revisions"}],"predecessor-version":[{"id":8162,"href":"https:\/\/casinofrog.com\/fi\/wp-json\/wp\/v2\/pages\/6499\/revisions\/8162"}],"wp:attachment":[{"href":"https:\/\/casinofrog.com\/fi\/wp-json\/wp\/v2\/media?parent=6499"}],"curies":[{"name":"wp","href":"https:\/\/api.w.org\/{rel}","templated":true}]}}