{"id":6497,"date":"2020-08-04T14:16:52","date_gmt":"2020-08-04T14:16:52","guid":{"rendered":"https:\/\/casinofrog.com\/?page_id=6497"},"modified":"2024-12-28T09:10:22","modified_gmt":"2024-12-28T09:10:22","slug":"kumppanit","status":"publish","type":"page","link":"https:\/\/casinofrog.com\/fi\/kumppanit\/","title":{"rendered":"Kumppanit"},"content":{"rendered":"\n<p class=\"wp-block-paragraph\">Casino Frog tekee yhteisty\u00f6t\u00e4 lukuisten tunnettujen kasinosivustojen kanssa tarjotakseen asiakkailleen parhaan mahdollisen kasinokokemuksen. Yhteisty\u00f6 mahdollistaa lukijoille parempia etuja, kuten eksklusiivisia bonuksia. Uskomme, ett\u00e4 vahva yhteisty\u00f6 on menestyksen perustana, joten meille yhteisty\u00f6kumppaneidemme sitoutuminen turvalliseen ja vastuulliseen peliymp\u00e4rist\u00f6\u00f6n on eritt\u00e4in t\u00e4rke\u00e4\u00e4.<\/p>\n\n\n\n<p class=\"wp-block-paragraph\">Edustatko yrityst\u00e4, joka haluaa laajentaa n\u00e4kymi\u00e4\u00e4n ja liitty\u00e4 Casino Frogin kumppaneiden tiimiin? \u00c4l\u00e4 ep\u00e4r\u00f6i <a href=\"https:\/\/casinofrog.com\/fi\/ota-yhteytta\/\">ottaa yhteytt\u00e4<\/a>, niin laitamme keskustelut k\u00e4yntiin. Sill\u00e4 aikaa voit tutkia joitakin t\u00e4rkeimpi\u00e4 kumppaneitamme:<\/p>\n\n\n<div class=\"su-custom-gallery su-custom-gallery-align-left su-custom-gallery-title-never\"><div class=\"su-custom-gallery-slide\" style=\"width:130px;height:65px\"><a><img loading=\"lazy\" decoding=\"async\" src=\"https:\/\/casinofrog.com\/wp-content\/uploads\/rocket-casino-130x65.png\" alt=\"rocket-casino\" width=\"130\" height=\"65\" \/><span class=\"su-custom-gallery-title\">rocket-casino<\/span><\/a><\/div><div class=\"su-custom-gallery-slide\" style=\"width:130px;height:65px\"><a><img loading=\"lazy\" decoding=\"async\" src=\"https:\/\/casinofrog.com\/wp-content\/uploads\/casino-lab-130x65.png\" alt=\"casino-lab\" width=\"130\" height=\"65\" \/><span class=\"su-custom-gallery-title\">casino-lab<\/span><\/a><\/div><div class=\"su-custom-gallery-slide\" style=\"width:130px;height:65px\"><a><img loading=\"lazy\" decoding=\"async\" src=\"https:\/\/casinofrog.com\/wp-content\/uploads\/gogo-casino-130x65.png\" alt=\"gogo-casino\" width=\"130\" height=\"65\" \/><span class=\"su-custom-gallery-title\">gogo-casino<\/span><\/a><\/div><div class=\"su-custom-gallery-slide\" style=\"width:130px;height:65px\"><a><img loading=\"lazy\" decoding=\"async\" src=\"https:\/\/casinofrog.com\/wp-content\/uploads\/neon-vegas-130x65.png\" alt=\"neon-vegas\" width=\"130\" height=\"65\" \/><span class=\"su-custom-gallery-title\">neon-vegas<\/span><\/a><\/div><div class=\"su-custom-gallery-slide\" style=\"width:130px;height:65px\"><a><img loading=\"lazy\" decoding=\"async\" src=\"https:\/\/casinofrog.com\/wp-content\/uploads\/pelataan-130x65.png\" alt=\"pelataan\" width=\"130\" height=\"65\" \/><span class=\"su-custom-gallery-title\">pelataan<\/span><\/a><\/div><div class=\"su-custom-gallery-slide\" style=\"width:130px;height:65px\"><a><img loading=\"lazy\" decoding=\"async\" src=\"https:\/\/casinofrog.com\/wp-content\/uploads\/casino-planet-130x65.png\" alt=\"casino-planet\" width=\"130\" height=\"65\" \/><span class=\"su-custom-gallery-title\">casino-planet<\/span><\/a><\/div><div class=\"su-custom-gallery-slide\" style=\"width:130px;height:65px\"><a><img loading=\"lazy\" decoding=\"async\" src=\"https:\/\/casinofrog.com\/wp-content\/uploads\/casino-joy-130x65.png\" alt=\"casino-joy\" width=\"130\" height=\"65\" \/><span class=\"su-custom-gallery-title\">casino-joy<\/span><\/a><\/div><div class=\"su-custom-gallery-slide\" style=\"width:130px;height:65px\"><a><img loading=\"lazy\" decoding=\"async\" src=\"https:\/\/casinofrog.com\/wp-content\/uploads\/casoola-130x65.png\" alt=\"casoola\" width=\"130\" height=\"65\" \/><span class=\"su-custom-gallery-title\">casoola<\/span><\/a><\/div><div class=\"su-custom-gallery-slide\" style=\"width:130px;height:65px\"><a><img loading=\"lazy\" decoding=\"async\" src=\"https:\/\/casinofrog.com\/wp-content\/uploads\/kassu-130x65.png\" alt=\"kassu\" width=\"130\" height=\"65\" \/><span class=\"su-custom-gallery-title\">kassu<\/span><\/a><\/div><div class=\"su-custom-gallery-slide\" style=\"width:130px;height:65px\"><a><img loading=\"lazy\" decoding=\"async\" src=\"https:\/\/casinofrog.com\/wp-content\/uploads\/casino-gods-130x65.png\" alt=\"casino-gods\" width=\"130\" height=\"65\" \/><span class=\"su-custom-gallery-title\">casino-gods<\/span><\/a><\/div><div class=\"su-custom-gallery-slide\" style=\"width:130px;height:65px\"><a><img loading=\"lazy\" decoding=\"async\" src=\"https:\/\/casinofrog.com\/wp-content\/uploads\/spela-130x65.png\" alt=\"spela\" width=\"130\" height=\"65\" \/><span class=\"su-custom-gallery-title\">spela<\/span><\/a><\/div><div class=\"su-custom-gallery-slide\" style=\"width:130px;height:65px\"><a><img loading=\"lazy\" decoding=\"async\" src=\"https:\/\/casinofrog.com\/wp-content\/uploads\/sloty-130x65.png\" alt=\"sloty\" width=\"130\" height=\"65\" \/><span class=\"su-custom-gallery-title\">sloty<\/span><\/a><\/div><div class=\"su-custom-gallery-slide\" style=\"width:130px;height:65px\"><a><img loading=\"lazy\" decoding=\"async\" src=\"https:\/\/casinofrog.com\/wp-content\/uploads\/vegas-hero-130x65.png\" alt=\"vegas-hero\" width=\"130\" height=\"65\" \/><span class=\"su-custom-gallery-title\">vegas-hero<\/span><\/a><\/div><div class=\"su-custom-gallery-slide\" style=\"width:130px;height:65px\"><a><img loading=\"lazy\" decoding=\"async\" src=\"https:\/\/casinofrog.com\/wp-content\/uploads\/spinit-130x65.png\" alt=\"spinit\" width=\"130\" height=\"65\" \/><span class=\"su-custom-gallery-title\">spinit<\/span><\/a><\/div><div class=\"su-custom-gallery-slide\" style=\"width:130px;height:65px\"><a><img loading=\"lazy\" decoding=\"async\" src=\"https:\/\/casinofrog.com\/wp-content\/uploads\/pelaa-130x65.png\" alt=\"pelaa\" width=\"130\" height=\"65\" \/><span class=\"su-custom-gallery-title\">pelaa<\/span><\/a><\/div><div class=\"su-custom-gallery-slide\" style=\"width:130px;height:65px\"><a><img loading=\"lazy\" decoding=\"async\" src=\"https:\/\/casinofrog.com\/wp-content\/uploads\/genesis-casino-130x65.png\" alt=\"genesis-casino\" width=\"130\" height=\"65\" \/><span class=\"su-custom-gallery-title\">genesis-casino<\/span><\/a><\/div><div class=\"su-custom-gallery-slide\" style=\"width:130px;height:65px\"><a><img loading=\"lazy\" decoding=\"async\" src=\"https:\/\/casinofrog.com\/wp-content\/uploads\/casino-cruise-130x65.png\" alt=\"casino-cruise\" width=\"130\" height=\"65\" \/><span class=\"su-custom-gallery-title\">casino-cruise<\/span><\/a><\/div><div class=\"su-clear\"><\/div><\/div>\n","protected":false},"excerpt":{"rendered":"<p>Casino Frog tekee yhteisty\u00f6t\u00e4 lukuisten tunnettujen kasinosivustojen kanssa tarjotakseen asiakkailleen parhaan mahdollisen kasinokokemuksen. Yhteisty\u00f6 mahdollistaa lukijoille parempia etuja, kuten eksklusiivisia bonuksia. Uskomme, ett\u00e4 vahva yhteisty\u00f6 on menestyksen perustana, joten meille yhteisty\u00f6kumppaneidemme sitoutuminen turvalliseen ja vastuulliseen peliymp\u00e4rist\u00f6\u00f6n on eritt\u00e4in t\u00e4rke\u00e4\u00e4. Edustatko yrityst\u00e4, joka haluaa laajentaa n\u00e4kymi\u00e4\u00e4n ja liitty\u00e4 Casino Frogin kumppaneiden tiimiin? \u00c4l\u00e4 ep\u00e4r\u00f6i ottaa yhteytt\u00e4, &#8230; <a title=\"Kumppanit\" class=\"read-more\" href=\"https:\/\/casinofrog.com\/fi\/kumppanit\/\" aria-label=\"Read more about Kumppanit\">Read more<\/a><\/p>\n","protected":false},"author":72,"featured_media":0,"parent":0,"menu_order":0,"comment_status":"closed","ping_status":"closed","template":"","meta":{"_crdt_document":"","footnotes":""},"class_list":["post-6497","page","type-page","status-publish"],"_links":{"self":[{"href":"https:\/\/casinofrog.com\/fi\/wp-json\/wp\/v2\/pages\/6497","targetHints":{"allow":["GET"]}}],"collection":[{"href":"https:\/\/casinofrog.com\/fi\/wp-json\/wp\/v2\/pages"}],"about":[{"href":"https:\/\/casinofrog.com\/fi\/wp-json\/wp\/v2\/types\/page"}],"author":[{"embeddable":true,"href":"https:\/\/casinofrog.com\/fi\/wp-json\/wp\/v2\/users\/72"}],"replies":[{"embeddable":true,"href":"https:\/\/casinofrog.com\/fi\/wp-json\/wp\/v2\/comments?post=6497"}],"version-history":[{"count":4,"href":"https:\/\/casinofrog.com\/fi\/wp-json\/wp\/v2\/pages\/6497\/revisions"}],"predecessor-version":[{"id":20609,"href":"https:\/\/casinofrog.com\/fi\/wp-json\/wp\/v2\/pages\/6497\/revisions\/20609"}],"wp:attachment":[{"href":"https:\/\/casinofrog.com\/fi\/wp-json\/wp\/v2\/media?parent=6497"}],"curies":[{"name":"wp","href":"https:\/\/api.w.org\/{rel}","templated":true}]}}