{"id":4323,"date":"2020-07-27T15:13:51","date_gmt":"2020-07-27T15:13:51","guid":{"rendered":"https:\/\/www.casinofrog.com\/?page_id=4323"},"modified":"2024-12-28T08:47:18","modified_gmt":"2024-12-28T08:47:18","slug":"ota-yhteytta","status":"publish","type":"page","link":"https:\/\/casinofrog.com\/fi\/ota-yhteytta\/","title":{"rendered":"Ota yhteytt\u00e4"},"content":{"rendered":"<div class=\"wp-block-image\">\n<figure class=\"alignleft\"><img loading=\"lazy\" decoding=\"async\" width=\"100\" height=\"60\" src=\"https:\/\/casinofrog.com\/wp-content\/uploads\/contact-fi.png\" alt=\"\" class=\"wp-image-5791\"\/><\/figure>\n<\/div>\n\n\n<p class=\"wp-block-paragraph\">K\u00e4yt\u00e4 alla olevaa lomaketta ottaaksesi yhteytt\u00e4 Casino Frogin tiimiin. Kerro meille, mit\u00e4 mielt\u00e4 olet sivustostamme! Autamme my\u00f6s mielell\u00e4mme mahdollisten ongelmien kanssa, joita saatat kohdata, kuuntelemme palautettasi sek\u00e4 vastaamme kaikkiin kysymyksiin.<\/p>\n\n\n\n<p class=\"wp-block-paragraph\">L\u00e4het\u00e4 meille viesti k\u00e4ytt\u00e4m\u00e4ll\u00e4 alta l\u00f6ytyv\u00e4\u00e4 yhteydenottolomaketta. Otamme sinuun yhteytt\u00e4 takaisin mahdollisimman nopeasti!<\/p>\n\n\n\n<figure class=\"wp-block-table\">\n<table>\n<tbody>\n<tr>\n<td><div class=\"wpforms-container wpforms-container-full\" id=\"wpforms-4326\"><form id=\"wpforms-form-4326\" class=\"wpforms-validate wpforms-form\" data-formid=\"4326\" method=\"post\" enctype=\"multipart\/form-data\" action=\"\/fi\/wp-json\/wp\/v2\/pages\/4323\" data-token=\"a4e0207115373e154b6bcf8b8e5941a4\" data-token-time=\"1776231777\"><noscript class=\"wpforms-error-noscript\">Please enable JavaScript in your browser to complete this form.<\/noscript><div class=\"wpforms-field-container\"><div id=\"wpforms-4326-field_0-container\" class=\"wpforms-field wpforms-field-name\" data-field-id=\"0\"><label class=\"wpforms-field-label\" for=\"wpforms-4326-field_0\">Nimi <span class=\"wpforms-required-label\">*<\/span><\/label><input type=\"text\" id=\"wpforms-4326-field_0\" class=\"wpforms-field-medium wpforms-field-required\" name=\"wpforms[fields][0]\" placeholder=\"Nimesi\" required><\/div><div id=\"wpforms-4326-field_1-container\" class=\"wpforms-field wpforms-field-email\" data-field-id=\"1\"><label class=\"wpforms-field-label\" for=\"wpforms-4326-field_1\">S\u00e4hk\u00f6postiosoite <span class=\"wpforms-required-label\">*<\/span><\/label><input type=\"email\" id=\"wpforms-4326-field_1\" class=\"wpforms-field-medium wpforms-field-required\" name=\"wpforms[fields][1]\" placeholder=\"S\u00e4hk\u00f6postiosoitteesi\" spellcheck=\"false\" required><\/div><div id=\"wpforms-4326-field_6-container\" class=\"wpforms-field wpforms-field-select wpforms-field-select-style-classic\" data-field-id=\"6\"><label class=\"wpforms-field-label\" for=\"wpforms-4326-field_6\">Kategoria<\/label><select id=\"wpforms-4326-field_6\" class=\"wpforms-field-medium\" name=\"wpforms[fields][6]\"><option value=\"\" class=\"placeholder\" disabled  selected='selected'>Mit\u00e4 on mieless\u00e4si?<\/option><option value=\"Ongelma\"  class=\"choice-1 depth-1\"  >Ongelma<\/option><option value=\"Palaute\"  class=\"choice-2 depth-1\"  >Palaute<\/option><option value=\"Bugi\"  class=\"choice-3 depth-1\"  >Bugi<\/option><option value=\"Muu\"  class=\"choice-4 depth-1\"  >Muu<\/option><\/select><\/div><div id=\"wpforms-4326-field_2-container\" class=\"wpforms-field wpforms-field-textarea\" data-field-id=\"2\"><label class=\"wpforms-field-label\" for=\"wpforms-4326-field_2\">Viesti <span class=\"wpforms-required-label\">*<\/span><\/label><textarea id=\"wpforms-4326-field_2\" class=\"wpforms-field-medium wpforms-field-required\" name=\"wpforms[fields][2]\" placeholder=\"Viestisi\" required><\/textarea><\/div><\/div><!-- .wpforms-field-container --><div class=\"wpforms-field wpforms-field-hp\"><label for=\"wpforms-4326-field-hp\" class=\"wpforms-field-label\">Email<\/label><input type=\"text\" name=\"wpforms[hp]\" id=\"wpforms-4326-field-hp\" class=\"wpforms-field-medium\"><\/div><div class=\"wpforms-recaptcha-container wpforms-is-recaptcha wpforms-is-recaptcha-type-v3\" ><input type=\"hidden\" name=\"wpforms[recaptcha]\" value=\"\"><\/div><div class=\"wpforms-submit-container\" ><input type=\"hidden\" name=\"wpforms[id]\" value=\"4326\"><input type=\"hidden\" name=\"page_title\" value=\"\"><input type=\"hidden\" name=\"page_url\" value=\"https:\/\/casinofrog.com\/fi\/wp-json\/wp\/v2\/pages\/4323\"><input type=\"hidden\" name=\"url_referer\" value=\"\"><button type=\"submit\" name=\"wpforms[submit]\" id=\"wpforms-submit-4326\" class=\"wpforms-submit\" data-alt-text=\"L\u00e4hetet\u00e4\u00e4n...\" data-submit-text=\"L\u00e4het\u00e4\" aria-live=\"assertive\" value=\"wpforms-submit\">L\u00e4het\u00e4<\/button><\/div><\/form><\/div>  <!-- .wpforms-container --><\/td>\n<\/tr>\n<\/tbody>\n<\/table>\n<hr>\n<p>Casino Frog N.V. (#938493)<br>Heelsumstraat 51 E-Commerce Park, Willemstad, Cura\u00e7ao<br>+5999 783 1899<\/p>\n<\/figure>\n","protected":false},"excerpt":{"rendered":"<p>K\u00e4yt\u00e4 alla olevaa lomaketta ottaaksesi yhteytt\u00e4 Casino Frogin tiimiin. Kerro meille, mit\u00e4 mielt\u00e4 olet sivustostamme! Autamme my\u00f6s mielell\u00e4mme mahdollisten ongelmien kanssa, joita saatat kohdata, kuuntelemme palautettasi sek\u00e4 vastaamme kaikkiin kysymyksiin. L\u00e4het\u00e4 meille viesti k\u00e4ytt\u00e4m\u00e4ll\u00e4 alta l\u00f6ytyv\u00e4\u00e4 yhteydenottolomaketta. Otamme sinuun yhteytt\u00e4 takaisin mahdollisimman nopeasti! Casino Frog N.V. (#938493)Heelsumstraat 51 E-Commerce Park, Willemstad, Cura\u00e7ao+5999 783 1899<\/p>\n","protected":false},"author":72,"featured_media":0,"parent":0,"menu_order":0,"comment_status":"closed","ping_status":"closed","template":"","meta":{"_crdt_document":"","footnotes":""},"class_list":["post-4323","page","type-page","status-publish"],"_links":{"self":[{"href":"https:\/\/casinofrog.com\/fi\/wp-json\/wp\/v2\/pages\/4323","targetHints":{"allow":["GET"]}}],"collection":[{"href":"https:\/\/casinofrog.com\/fi\/wp-json\/wp\/v2\/pages"}],"about":[{"href":"https:\/\/casinofrog.com\/fi\/wp-json\/wp\/v2\/types\/page"}],"author":[{"embeddable":true,"href":"https:\/\/casinofrog.com\/fi\/wp-json\/wp\/v2\/users\/72"}],"replies":[{"embeddable":true,"href":"https:\/\/casinofrog.com\/fi\/wp-json\/wp\/v2\/comments?post=4323"}],"version-history":[{"count":9,"href":"https:\/\/casinofrog.com\/fi\/wp-json\/wp\/v2\/pages\/4323\/revisions"}],"predecessor-version":[{"id":20578,"href":"https:\/\/casinofrog.com\/fi\/wp-json\/wp\/v2\/pages\/4323\/revisions\/20578"}],"wp:attachment":[{"href":"https:\/\/casinofrog.com\/fi\/wp-json\/wp\/v2\/media?parent=4323"}],"curies":[{"name":"wp","href":"https:\/\/api.w.org\/{rel}","templated":true}]}}