{"id":4317,"date":"2020-07-27T14:55:11","date_gmt":"2020-07-27T14:55:11","guid":{"rendered":"https:\/\/www.casinofrog.com\/?page_id=4317"},"modified":"2024-12-28T09:00:22","modified_gmt":"2024-12-28T09:00:22","slug":"apua","status":"publish","type":"page","link":"https:\/\/casinofrog.com\/fi\/apua\/","title":{"rendered":"Apua"},"content":{"rendered":"\n<h2 class=\"wp-block-heading\">Casino Frogin tukikeskus<\/h2>\n\n\n\n<p class=\"wp-block-paragraph\">L\u00f6yd\u00e4 vastaukset mielt\u00e4si askarruttaviin kysymyksiin valitsemalla jokin aiheista tai selaamalla Usein Kysyttyjen Kysymysten -osiota alta.<\/p>\n\n\n<form role=\"search\" method=\"get\" action=\"https:\/\/casinofrog.com\/fi\/\" class=\"wp-block-search__button-outside wp-block-search__text-button wp-block-search\"    ><label class=\"wp-block-search__label\" for=\"wp-block-search__input-2\" ><strong>Haku<\/strong><\/label><div class=\"wp-block-search__inside-wrapper\" ><input class=\"wp-block-search__input\" id=\"wp-block-search__input-2\" placeholder=\"\" value=\"\" type=\"search\" name=\"s\" required \/><button aria-label=\"Search\" class=\"wp-block-search__button wp-element-button\" type=\"submit\" >Search<\/button><\/div><\/form>\n\n\n<hr class=\"wp-block-separator has-alpha-channel-opacity\"\/>\n\n\n\n<h2 class=\"wp-block-heading\">Miten voimme auttaa sinua?<\/h2>\n\n\n\n<p class=\"wp-block-paragraph\">Aloita valitsemalla aihepiiri.<\/p>\n\n\n<div  class=\"lgc-column lgc-grid-parent lgc-grid-33 lgc-tablet-grid-50 lgc-mobile-grid-100 lgc-equal-heights \"><div  class=\"inside-grid-column\">\n<h4><a href=\"https:\/\/casinofrog.com\/fi\/tietoa-meista\/\">Tietoa Casino Frogista<\/a><\/h4>\n<p>Jakta \u201cTietoa meist\u00e4\u201d sivulle, jos haluat lis\u00e4tietoa Casino Frogista, mukaan lukien tavoitteemme sek\u00e4 arvomme.<\/p>\n<\/div><\/div>\n\n\n<div  class=\"lgc-column lgc-grid-parent lgc-grid-33 lgc-tablet-grid-50 lgc-mobile-grid-100 lgc-equal-heights \"><div  class=\"inside-grid-column\">\n<h4><a href=\"https:\/\/casinofrog.com\/fi\/vastuullinen-pelaaminen\/\">Vastuullinen pelaaminen<\/a><\/h4>\n<p>Tuemme ja kannustamme kaikilta osin vastuulliseen pelaamiseen. Voit lukea lis\u00e4\u00e4 aiheesta meid\u00e4n n\u00e4k\u00f6kulmastamme t\u00e4st\u00e4.<\/p>\n<\/div><\/div>\n\n\n<div  class=\"lgc-column lgc-grid-parent lgc-grid-33 lgc-tablet-grid-50 lgc-mobile-grid-100 lgc-equal-heights \"><div  class=\"inside-grid-column\">\n<h4><a href=\"https:\/\/casinofrog.com\/fi\/ota-yhteytta\/\">Ota yhteytt\u00e4<\/a><\/h4>\n<p>Kuulemme mielell\u00e4mme sinusta. L\u00e4het\u00e4 meille viesti koskien mit\u00e4 tahans aongelmaa, ja pyrimme vastaamaan takaisin mahdollisimman nopeasti.<\/p>\n<\/div><\/div>\n\n\n\n<h2 class=\"wp-block-heading\">Oppaat ja ohjeet<\/h2>\n\n\n\n<ul class=\"wp-block-list\">\n<li><a href=\"https:\/\/casinofrog.com\/fi\/oppaat\/ymmarra-kasinon-kayttoehdot\/\">Ymm\u00e4rr\u00e4 kasinon k\u00e4ytt\u00f6ehdot<\/a><\/li>\n\n\n\n<li><a href=\"https:\/\/casinofrog.com\/fi\/oppaat\/kierratysvaatimukset-selitettyna\/\">Kierr\u00e4tysvaatimukset selitettyn\u00e4<\/a><\/li>\n<\/ul>\n\n\n\n<hr class=\"wp-block-separator has-alpha-channel-opacity\"\/>\n\n\n\n<h2 class=\"wp-block-heading\">Usein kysytyt kysymykset<\/h2>\n\n\n<style>#sp-ea-6574 .spcollapsing { height: 0; overflow: hidden; transition-property: height;transition-duration: 500ms;}#sp-ea-6574{ position: relative; }#sp-ea-6574 .ea-card{ opacity: 0;}#eap-preloader-6574{ position: absolute; left: 0; top: 0; height: 100%;width: 100%; text-align: center;display: flex; align-items: center;justify-content: center;}#sp-ea-6574.sp-easy-accordion>.sp-ea-single {margin-bottom: 10px; border: 1px solid #e2e2e2; }#sp-ea-6574.sp-easy-accordion>.sp-ea-single>.ea-header a {color: #444;}#sp-ea-6574.sp-easy-accordion>.sp-ea-single>.sp-collapse>.ea-body {background: #fff; color: #444;}#sp-ea-6574.sp-easy-accordion>.sp-ea-single {background: #eee;}#sp-ea-6574.sp-easy-accordion>.sp-ea-single>.ea-header a .ea-expand-icon { float: left; color: #444;font-size: 16px;}<\/style><div id=\"sp_easy_accordion-1776027194\"><div id=\"sp-ea-6574\" class=\"sp-ea-one sp-easy-accordion\" data-ea-active=\"ea-click\" data-ea-mode=\"vertical\" data-preloader=\"1\" data-scroll-active-item=\"\" data-offset-to-scroll=\"0\"><div id=\"eap-preloader-6574\" class=\"accordion-preloader\"><img decoding=\"async\" src=\"https:\/\/casinofrog.com\/wp-content\/plugins\/easy-accordion-free\/public\/assets\/ea_loader.svg\" alt=\"Loader image\"\/><\/div><div class=\"ea-card ea-expand sp-ea-single\"><h3 class=\"ea-header\"><a class=\"collapsed\" id=\"ea-header-65740\" role=\"button\" data-sptoggle=\"spcollapse\" data-sptarget=\"#collapse65740\" aria-controls=\"collapse65740\" href=\"#\" aria-expanded=\"true\" tabindex=\"0\"><i aria-hidden=\"true\" role=\"presentation\" class=\"ea-expand-icon eap-icon-ea-expand-minus\"><\/i> Mik\u00e4 Casino Frog on?<\/a><\/h3><div class=\"sp-collapse spcollapse collapsed show\" id=\"collapse65740\" role=\"region\" aria-labelledby=\"ea-header-65740\"> <div class=\"ea-body\"><p>Casino Frog on netiss\u00e4 toimiva vertailupalvelu, jonka tavoitteena on tehd\u00e4 pelaajien el\u00e4m\u00e4st\u00e4 helpompaa. Tiimimme koostuu monista alan asiantuntijoista, jotka tulevat erilaisista l\u00e4ht\u00f6kohdista. Jokaisella on yhteinen teht\u00e4v\u00e4: tarjota pelaajille apua parhaan mahdollisen nettikasinon l\u00f6yt\u00e4misess\u00e4.<\/p><\/div><\/div><\/div><div class=\"ea-card ea-expand sp-ea-single\"><h3 class=\"ea-header\"><a class=\"collapsed\" id=\"ea-header-65741\" role=\"button\" data-sptoggle=\"spcollapse\" data-sptarget=\"#collapse65741\" aria-controls=\"collapse65741\" href=\"#\" aria-expanded=\"true\" tabindex=\"0\"><i aria-hidden=\"true\" role=\"presentation\" class=\"ea-expand-icon eap-icon-ea-expand-minus\"><\/i> Miten liityn kasinosivustolle?<\/a><\/h3><div class=\"sp-collapse spcollapse collapsed show\" id=\"collapse65741\" role=\"region\" aria-labelledby=\"ea-header-65741\"> <div class=\"ea-body\"><p>Helpoin l\u00e4hestymistapa on vertailla eri kasinoiden yksityiskohtia ja tarjouksia sivustomme kautta. Valitse suosikkisi, kun olet tehnyt vertailun. T\u00e4m\u00e4n j\u00e4lkeen sinun t\u00e4ytyy vain rekister\u00f6ity\u00e4, yleens\u00e4 erillisen rekister\u00f6itymislomakkeen kautta. Kun olet rekister\u00f6itynyt, j\u00e4ljell\u00e4 on vain tallettaminen, ja olet valmis aloittamaan.<\/p><\/div><\/div><\/div><div class=\"ea-card ea-expand sp-ea-single\"><h3 class=\"ea-header\"><a class=\"collapsed\" id=\"ea-header-65742\" role=\"button\" data-sptoggle=\"spcollapse\" data-sptarget=\"#collapse65742\" aria-controls=\"collapse65742\" href=\"#\" aria-expanded=\"true\" tabindex=\"0\"><i aria-hidden=\"true\" role=\"presentation\" class=\"ea-expand-icon eap-icon-ea-expand-minus\"><\/i> Miten vanha minun tulee olla pelatakseni netiss\u00e4?<\/a><\/h3><div class=\"sp-collapse spcollapse collapsed show\" id=\"collapse65742\" role=\"region\" aria-labelledby=\"ea-header-65742\"> <div class=\"ea-body\"><p>Nettikasinolla pelaamisen ik\u00e4raja on 18 vuotta. Sama ik\u00e4raja on k\u00e4yt\u00f6ss\u00e4 Suomessa ja monessa muussakin maassa.<\/p><\/div><\/div><\/div><div class=\"ea-card ea-expand sp-ea-single\"><h3 class=\"ea-header\"><a class=\"collapsed\" id=\"ea-header-65743\" role=\"button\" data-sptoggle=\"spcollapse\" data-sptarget=\"#collapse65743\" aria-controls=\"collapse65743\" href=\"#\" aria-expanded=\"true\" tabindex=\"0\"><i aria-hidden=\"true\" role=\"presentation\" class=\"ea-expand-icon eap-icon-ea-expand-minus\"><\/i> Milloin voin kotiuttaa bonusrahalla ansaitut voittoni?<\/a><\/h3><div class=\"sp-collapse spcollapse collapsed show\" id=\"collapse65743\" role=\"region\" aria-labelledby=\"ea-header-65743\"> <div class=\"ea-body\"><p>Voit kotiuttaa bonusrahasi siin\u00e4 vaiheessa, kun olet t\u00e4ytt\u00e4nyt kaikki sille asetetut ehdot ja kierr\u00e4tysvaatimukset. K\u00e4yt\u00e4nn\u00f6ss\u00e4 jokaiseen bonustarjoukseen liittyy tietyt ehdot sek\u00e4 kierr\u00e4tysvaatimus, joka m\u00e4\u00e4rittelee, kuinka monta kertaa bonus on kierr\u00e4tett\u00e4v\u00e4 kasinon l\u00e4pi ennen sen kotiuttamista.<\/p><\/div><\/div><\/div><div class=\"ea-card ea-expand sp-ea-single\"><h3 class=\"ea-header\"><a class=\"collapsed\" id=\"ea-header-65744\" role=\"button\" data-sptoggle=\"spcollapse\" data-sptarget=\"#collapse65744\" aria-controls=\"collapse65744\" href=\"#\" aria-expanded=\"true\" tabindex=\"0\"><i aria-hidden=\"true\" role=\"presentation\" class=\"ea-expand-icon eap-icon-ea-expand-minus\"><\/i> Ovatko nettikasinot turvallisia?<\/a><\/h3><div class=\"sp-collapse spcollapse collapsed show\" id=\"collapse65744\" role=\"region\" aria-labelledby=\"ea-header-65744\"> <div class=\"ea-body\"><p>Lyhyt vastaus on kyll\u00e4, suurin osa nettikasinoista on turvallisia. Kunhan valitset lisensoidun ja vahvistetun nettikasinon, olet turvallisissa k\u00e4siss\u00e4. Kaikki mainostamamme nettikasinot on t\u00e4ysin lisensoituja sek\u00e4 salattuja tehokkain suojausmenetelmin. Pelaajien turvallisuus on meille eritt\u00e4in t\u00e4rke\u00e4\u00e4, joten se on yksi ensimm\u00e4isist\u00e4 asioista, joita arvioimme nettikasino arvostellessamme.<\/p><\/div><\/div><\/div><div class=\"ea-card ea-expand sp-ea-single\"><h3 class=\"ea-header\"><a class=\"collapsed\" id=\"ea-header-65745\" role=\"button\" data-sptoggle=\"spcollapse\" data-sptarget=\"#collapse65745\" aria-controls=\"collapse65745\" href=\"#\" aria-expanded=\"true\" tabindex=\"0\"><i aria-hidden=\"true\" role=\"presentation\" class=\"ea-expand-icon eap-icon-ea-expand-minus\"><\/i> Miten lopetan rahapelaamisen?<\/a><\/h3><div class=\"sp-collapse spcollapse collapsed show\" id=\"collapse65745\" role=\"region\" aria-labelledby=\"ea-header-65745\"> <div class=\"ea-body\"><p>Jos rahapelaaminen ei ole en\u00e4\u00e4 hauskaa tai nautinnollista, sinun kannattaa pit\u00e4\u00e4 taukoa. K\u00e4ytett\u00e4viss\u00e4si on lukuisia eri vaihtoehtoja, joiden avulla voit rajoittaa pelaamistasi, tai lopettaa kokonaan. Yksi vaihtoehto on sulkea pelitilit kokonaan. Jokainen lisensoitu nettikasino tarjoaa mahdollisuuden sulkea pelitilin m\u00e4\u00e4r\u00e4ajaksi, ja useimmilla eurooppalaisilla nettikasinoilla voit sulkea tilin my\u00f6s lopullisesti.<\/p><p>Jos kaipaat apua rahapeliongelman kanssa, voit hakea apua osoitteesta www.peluuri.fi.<\/p><\/div><\/div><\/div><div class=\"ea-card ea-expand sp-ea-single\"><h3 class=\"ea-header\"><a class=\"collapsed\" id=\"ea-header-65746\" role=\"button\" data-sptoggle=\"spcollapse\" data-sptarget=\"#collapse65746\" aria-controls=\"collapse65746\" href=\"#\" aria-expanded=\"true\" tabindex=\"0\"><i aria-hidden=\"true\" role=\"presentation\" class=\"ea-expand-icon eap-icon-ea-expand-minus\"><\/i> Voinko pelata puhelimella?<\/a><\/h3><div class=\"sp-collapse spcollapse collapsed show\" id=\"collapse65746\" role=\"region\" aria-labelledby=\"ea-header-65746\"> <div class=\"ea-body\"><p>Kyll\u00e4 voit. Tarvitset vain jollain tasolla modernin \u00e4lypuhelimen sek\u00e4 toimivan internet-yhteyden. Nykyp\u00e4iv\u00e4iset kasinosivustot on suunniteltu niin, ett\u00e4 ne toimivat hyvin my\u00f6s mobiilissa. Useimmiten sinun ei tarvitse ladata erillisi\u00e4 sovelluksia, vaan pelaamiseen riitt\u00e4\u00e4 puhelimessasi valmiiksi oleva nettiselain.<\/p><\/div><\/div><\/div><script type=\"application\/ld+json\">{ \"@context\": \"https:\/\/schema.org\", \"@type\": \"FAQPage\", \"@id\": \"sp-ea-schema-6574-69dc063af0779\", \"mainEntity\": [{ \"@type\": \"Question\", \"name\": \"Mik\u00e4 Casino Frog on?\", \"acceptedAnswer\": { \"@type\": \"Answer\", \"text\": \"Casino Frog on netiss\u00e4 toimiva vertailupalvelu, jonka tavoitteena on tehd\u00e4 pelaajien el\u00e4m\u00e4st\u00e4 helpompaa. Tiimimme koostuu monista alan asiantuntijoista, jotka tulevat erilaisista l\u00e4ht\u00f6kohdista. Jokaisella on yhteinen teht\u00e4v\u00e4: tarjota pelaajille apua parhaan mahdollisen nettikasinon l\u00f6yt\u00e4misess\u00e4.\" } },{ \"@type\": \"Question\", \"name\": \"Miten liityn kasinosivustolle?\", \"acceptedAnswer\": { \"@type\": \"Answer\", \"text\": \"Helpoin l\u00e4hestymistapa on vertailla eri kasinoiden yksityiskohtia ja tarjouksia sivustomme kautta. Valitse suosikkisi, kun olet tehnyt vertailun. T\u00e4m\u00e4n j\u00e4lkeen sinun t\u00e4ytyy vain rekister\u00f6ity\u00e4, yleens\u00e4 erillisen rekister\u00f6itymislomakkeen kautta. Kun olet rekister\u00f6itynyt, j\u00e4ljell\u00e4 on vain tallettaminen, ja olet valmis aloittamaan.\" } },{ \"@type\": \"Question\", \"name\": \"Miten vanha minun tulee olla pelatakseni netiss\u00e4?\", \"acceptedAnswer\": { \"@type\": \"Answer\", \"text\": \"Nettikasinolla pelaamisen ik\u00e4raja on 18 vuotta. Sama ik\u00e4raja on k\u00e4yt\u00f6ss\u00e4 Suomessa ja monessa muussakin maassa.\" } },{ \"@type\": \"Question\", \"name\": \"Milloin voin kotiuttaa bonusrahalla ansaitut voittoni?\", \"acceptedAnswer\": { \"@type\": \"Answer\", \"text\": \"Voit kotiuttaa bonusrahasi siin\u00e4 vaiheessa, kun olet t\u00e4ytt\u00e4nyt kaikki sille asetetut ehdot ja kierr\u00e4tysvaatimukset. K\u00e4yt\u00e4nn\u00f6ss\u00e4 jokaiseen bonustarjoukseen liittyy tietyt ehdot sek\u00e4 kierr\u00e4tysvaatimus, joka m\u00e4\u00e4rittelee, kuinka monta kertaa bonus on kierr\u00e4tett\u00e4v\u00e4 kasinon l\u00e4pi ennen sen kotiuttamista.\" } },{ \"@type\": \"Question\", \"name\": \"Ovatko nettikasinot turvallisia?\", \"acceptedAnswer\": { \"@type\": \"Answer\", \"text\": \"Lyhyt vastaus on kyll\u00e4, suurin osa nettikasinoista on turvallisia. Kunhan valitset lisensoidun ja vahvistetun nettikasinon, olet turvallisissa k\u00e4siss\u00e4. Kaikki mainostamamme nettikasinot on t\u00e4ysin lisensoituja sek\u00e4 salattuja tehokkain suojausmenetelmin. Pelaajien turvallisuus on meille eritt\u00e4in t\u00e4rke\u00e4\u00e4, joten se on yksi ensimm\u00e4isist\u00e4 asioista, joita arvioimme nettikasino arvostellessamme.\" } },{ \"@type\": \"Question\", \"name\": \"Miten lopetan rahapelaamisen?\", \"acceptedAnswer\": { \"@type\": \"Answer\", \"text\": \"Jos rahapelaaminen ei ole en\u00e4\u00e4 hauskaa tai nautinnollista, sinun kannattaa pit\u00e4\u00e4 taukoa. K\u00e4ytett\u00e4viss\u00e4si on lukuisia eri vaihtoehtoja, joiden avulla voit rajoittaa pelaamistasi, tai lopettaa kokonaan. Yksi vaihtoehto on sulkea pelitilit kokonaan. Jokainen lisensoitu nettikasino tarjoaa mahdollisuuden sulkea pelitilin m\u00e4\u00e4r\u00e4ajaksi, ja useimmilla eurooppalaisilla nettikasinoilla voit sulkea tilin my\u00f6s lopullisesti. Jos kaipaat apua rahapeliongelman kanssa, voit hakea apua osoitteesta www.peluuri.fi.\" } },{ \"@type\": \"Question\", \"name\": \"Voinko pelata puhelimella?\", \"acceptedAnswer\": { \"@type\": \"Answer\", \"text\": \"Kyll\u00e4 voit. Tarvitset vain jollain tasolla modernin \u00e4lypuhelimen sek\u00e4 toimivan internet-yhteyden. Nykyp\u00e4iv\u00e4iset kasinosivustot on suunniteltu niin, ett\u00e4 ne toimivat hyvin my\u00f6s mobiilissa. Useimmiten sinun ei tarvitse ladata erillisi\u00e4 sovelluksia, vaan pelaamiseen riitt\u00e4\u00e4 puhelimessasi valmiiksi oleva nettiselain.\" } }] }<\/script><\/div><\/div>\n","protected":false},"excerpt":{"rendered":"<p>Casino Frogin tukikeskus L\u00f6yd\u00e4 vastaukset mielt\u00e4si askarruttaviin kysymyksiin valitsemalla jokin aiheista tai selaamalla Usein Kysyttyjen Kysymysten -osiota alta. Miten voimme auttaa sinua? Aloita valitsemalla aihepiiri. Oppaat ja ohjeet Usein kysytyt kysymykset<\/p>\n","protected":false},"author":72,"featured_media":0,"parent":0,"menu_order":0,"comment_status":"closed","ping_status":"closed","template":"","meta":{"_crdt_document":"","footnotes":""},"class_list":["post-4317","page","type-page","status-publish"],"_links":{"self":[{"href":"https:\/\/casinofrog.com\/fi\/wp-json\/wp\/v2\/pages\/4317","targetHints":{"allow":["GET"]}}],"collection":[{"href":"https:\/\/casinofrog.com\/fi\/wp-json\/wp\/v2\/pages"}],"about":[{"href":"https:\/\/casinofrog.com\/fi\/wp-json\/wp\/v2\/types\/page"}],"author":[{"embeddable":true,"href":"https:\/\/casinofrog.com\/fi\/wp-json\/wp\/v2\/users\/72"}],"replies":[{"embeddable":true,"href":"https:\/\/casinofrog.com\/fi\/wp-json\/wp\/v2\/comments?post=4317"}],"version-history":[{"count":16,"href":"https:\/\/casinofrog.com\/fi\/wp-json\/wp\/v2\/pages\/4317\/revisions"}],"predecessor-version":[{"id":20607,"href":"https:\/\/casinofrog.com\/fi\/wp-json\/wp\/v2\/pages\/4317\/revisions\/20607"}],"wp:attachment":[{"href":"https:\/\/casinofrog.com\/fi\/wp-json\/wp\/v2\/media?parent=4317"}],"curies":[{"name":"wp","href":"https:\/\/api.w.org\/{rel}","templated":true}]}}