{"id":4313,"date":"2020-07-27T15:24:25","date_gmt":"2020-07-27T15:24:25","guid":{"rendered":"https:\/\/www.casinofrog.com\/?page_id=4313"},"modified":"2024-12-28T09:10:19","modified_gmt":"2024-12-28T09:10:19","slug":"kirjoittajat","status":"publish","type":"page","link":"https:\/\/casinofrog.com\/fi\/kirjoittajat\/","title":{"rendered":"Kirjoittajat"},"content":{"rendered":"\n<h2 class=\"wp-block-heading\">Casino Frog Suomi kirjoittajat<\/h2>\n\n\n\n<p class=\"wp-block-paragraph\">Tapaa suomalainen tiimimme, joka ty\u00f6skentelee Casino Frogin parissa. T\u00e4m\u00e4 tiimi loihtii parhaat kasinosis\u00e4ll\u00f6t suomalaisille. He ovat sitoutuneita tarjoamaan parasta kasinosis\u00e4lt\u00f6\u00e4 suomeksi. Heid\u00e4n taitonsa sek\u00e4 tietojensa avulla tavoitteena on m\u00e4\u00e4ritell\u00e4 uudestaan, mit\u00e4 kasinosis\u00e4lt\u00f6 on ja voi tarjota.<\/p>\n\n\n\n<hr class=\"wp-block-separator has-alpha-channel-opacity\"\/>\n\n\n<div  class=\"lgc-column lgc-grid-parent lgc-grid-33 lgc-tablet-grid-50 lgc-mobile-grid-100 lgc-equal-heights \"><div  class=\"inside-grid-column\">\n<img loading=\"lazy\" decoding=\"async\" class=\"alignnone size-full wp-image-4333 round\" src=\"https:\/\/casinofrog.com\/wp-content\/uploads\/timo-tuomi.jpg\" alt=\"\" width=\"150\" height=\"150\" \/><br \/>\n<strong>Timo Tuomi<\/strong><br \/>\nTimo on tekninen osaaja, joka hallitsee pienimm\u00e4tkin yksityiskohdat. Timolta l\u00f6ytyy pitk\u00e4n linjan kokemusta kasinotekstien kirjoittamisesta. H\u00e4n on erikoistunut erityisesti eri pelityyppeihin ja tarjoaakin apua monissa kirjoitusprojekteissa. Timon sis\u00e4lt\u00f6 on aina tarkkaa ja teknisesti oikeaa.<br \/>\n<\/div><\/div>\n\n\n<div  class=\"lgc-column lgc-grid-parent lgc-grid-33 lgc-tablet-grid-50 lgc-mobile-grid-100 lgc-equal-heights \"><div  class=\"inside-grid-column\">\n<img loading=\"lazy\" decoding=\"async\" class=\"alignnone size-full wp-image-4372 round\" src=\"https:\/\/casinofrog.com\/wp-content\/uploads\/elina-lassila.jpg\" alt=\"\" width=\"150\" height=\"150\" \/><br \/>\n<strong>Elina Lassila<\/strong><br \/>\nElina on todellinen kasinoalan konkari. H\u00e4n on pelannut itse paljon ja ollut mukana monissa eri kasinoalan projekteissa. Lukuisissa sopissa keitetty Elina tarjoaa nyt asiantuntemustaan Casino Frogilla. H\u00e4n toimii erityisesti eri sivustojen arvioinnin parissa ja tarjoaa apuaan milloin mink\u00e4kin asian hoitamisessa.<br \/>\n<\/div><\/div>\n\n\n<div  class=\"lgc-column lgc-grid-parent lgc-grid-33 lgc-tablet-grid-50 lgc-mobile-grid-100 lgc-equal-heights \"><div  class=\"inside-grid-column\">\n<img loading=\"lazy\" decoding=\"async\" class=\"alignnone size-full wp-image-4346 round\" src=\"https:\/\/casinofrog.com\/wp-content\/uploads\/mirko-heikkinen.jpg\" alt=\"\" width=\"150\" height=\"150\" \/><br \/>\n<strong>Mirko Heikkinen<\/strong><br \/>\nMirko on kokenut kasinoalan ammattilainen, joka on viimeiset vuodet ty\u00f6skennellyt eri yritysten palveluksessa tuottaen laadukasta tekstisis\u00e4lt\u00f6\u00e4. Nyt Mirko vastaa Casino Frogilla erilaisten oppaitten ja ohjetekstien kirjoittamisesta.<br \/>\n<\/div><\/div><div class=\"lgc-clear\"><\/div>\n\n\n<div  class=\"lgc-column lgc-grid-parent lgc-grid-33 lgc-tablet-grid-50 lgc-mobile-grid-100 lgc-equal-heights \"><div  class=\"inside-grid-column\">\n<img loading=\"lazy\" decoding=\"async\" class=\"alignnone size-full wp-image-4359 round\" src=\"https:\/\/casinofrog.com\/wp-content\/uploads\/jenni-korpela.jpg\" alt=\"\" width=\"150\" height=\"150\" \/><br \/>\n<strong>Jenni Korpela<\/strong><br \/>\nJenni on kasinoasiantuntijamme, jonka erikoisalaa ovat erityisesti k\u00e4ytt\u00e4j\u00e4kokemukseen sek\u00e4 bonuksiin liittyv\u00e4t asiat. Jenni arvioi erityisesti sivustoja pelaajan n\u00e4k\u00f6kulmasta etsien tietoa mm. pelivalikoimista sek\u00e4 bonustarjousten valikoimista. H\u00e4nen vastuulla ovat my\u00f6s bonusehtojen tarkkailut.<br \/>\n<\/div><\/div>\n\n\n<div  class=\"lgc-column lgc-grid-parent lgc-grid-33 lgc-tablet-grid-50 lgc-mobile-grid-100 lgc-equal-heights \"><div  class=\"inside-grid-column\">\n<img loading=\"lazy\" decoding=\"async\" class=\"alignnone size-full wp-image-4385 round\" src=\"https:\/\/casinofrog.com\/wp-content\/uploads\/sauli-halonen.jpg\" alt=\"\" width=\"150\" height=\"150\" \/><br \/>\n<strong>Sauli Halonen<\/strong><br \/>\nSauli toimii Casino Frogin kasinoasiantuntijana. Saulin teht\u00e4v\u00e4n\u00e4 on huolehtia jokaisen esittelem\u00e4mme nettikasinon turvallisuudesta. Kokemusta alalta l\u00f6ytyy runsaasti, ja t\u00e4t\u00e4 kokemusta k\u00e4ytet\u00e4\u00e4n hy\u00f6dyksi nettikasinoiden kokonaisturvallisuutta arvioidessa.<br \/>\n<\/div><\/div>\n","protected":false},"excerpt":{"rendered":"<p>Casino Frog Suomi kirjoittajat Tapaa suomalainen tiimimme, joka ty\u00f6skentelee Casino Frogin parissa. T\u00e4m\u00e4 tiimi loihtii parhaat kasinosis\u00e4ll\u00f6t suomalaisille. He ovat sitoutuneita tarjoamaan parasta kasinosis\u00e4lt\u00f6\u00e4 suomeksi. Heid\u00e4n taitonsa sek\u00e4 tietojensa avulla tavoitteena on m\u00e4\u00e4ritell\u00e4 uudestaan, mit\u00e4 kasinosis\u00e4lt\u00f6 on ja voi tarjota.<\/p>\n","protected":false},"author":72,"featured_media":0,"parent":0,"menu_order":0,"comment_status":"closed","ping_status":"closed","template":"","meta":{"_crdt_document":"","footnotes":""},"class_list":["post-4313","page","type-page","status-publish"],"_links":{"self":[{"href":"https:\/\/casinofrog.com\/fi\/wp-json\/wp\/v2\/pages\/4313","targetHints":{"allow":["GET"]}}],"collection":[{"href":"https:\/\/casinofrog.com\/fi\/wp-json\/wp\/v2\/pages"}],"about":[{"href":"https:\/\/casinofrog.com\/fi\/wp-json\/wp\/v2\/types\/page"}],"author":[{"embeddable":true,"href":"https:\/\/casinofrog.com\/fi\/wp-json\/wp\/v2\/users\/72"}],"replies":[{"embeddable":true,"href":"https:\/\/casinofrog.com\/fi\/wp-json\/wp\/v2\/comments?post=4313"}],"version-history":[{"count":7,"href":"https:\/\/casinofrog.com\/fi\/wp-json\/wp\/v2\/pages\/4313\/revisions"}],"predecessor-version":[{"id":20608,"href":"https:\/\/casinofrog.com\/fi\/wp-json\/wp\/v2\/pages\/4313\/revisions\/20608"}],"wp:attachment":[{"href":"https:\/\/casinofrog.com\/fi\/wp-json\/wp\/v2\/media?parent=4313"}],"curies":[{"name":"wp","href":"https:\/\/api.w.org\/{rel}","templated":true}]}}