{"id":4310,"date":"2020-07-27T14:31:31","date_gmt":"2020-07-27T14:31:31","guid":{"rendered":"https:\/\/www.casinofrog.com\/?page_id=4310"},"modified":"2024-06-27T12:53:33","modified_gmt":"2024-06-27T12:53:33","slug":"vastuullinen-pelaaminen","status":"publish","type":"page","link":"https:\/\/casinofrog.com\/fi\/vastuullinen-pelaaminen\/","title":{"rendered":"Vastuullinen pelaaminen"},"content":{"rendered":"<div class=\"wp-block-image\">\n<figure class=\"alignright\"><img loading=\"lazy\" decoding=\"async\" width=\"130\" height=\"130\" src=\"https:\/\/casinofrog.com\/wp-content\/uploads\/vastuullinen-pelaaminen.png\" alt=\"\" class=\"wp-image-5891\"\/><\/figure>\n<\/div>\n\n\n<p class=\"wp-block-paragraph\">Erilaiset nettiviihteen muodot, kuten kasinot ja vedonly\u00f6nti, ovat hauska tapa k\u00e4ytt\u00e4\u00e4 aikaa. Niin fyysiseen kuin online-rahapelaamiseen liittyy kuitenkin riskins\u00e4. Vastuullinen pelaaminen on eritt\u00e4in t\u00e4rke\u00e4\u00e4.<\/p>\n\n\n\n<p class=\"wp-block-paragraph\">Useimmat maat tarjoavat apua ihmisille, jotka k\u00e4rsiv\u00e4t rahapelaamiseen liittyvist\u00e4 ongelmista. Suomessa on useita eri tahoja, jotka auttavat rahapeliongelmista k\u00e4rsivi\u00e4 maksutta. Ongelmia voi synty\u00e4 my\u00f6s nettikasinopelaamisesta, joten jokaisella lisensoidulla nettikasinolla on fyysisten toimijoiden tavoin vastuu tarjota erilaisia ty\u00f6kaluja vastuullisen pelaamisen mahdollistamiseksi.<\/p>\n\n\n\n<p class=\"wp-block-paragraph\">Jokainen luotettavalla lisenssill\u00e4 varustettu nettikasino tarjoaa my\u00f6s mahdollisuuden sulkea itsens\u00e4 m\u00e4\u00e4r\u00e4ajaksi tai pysyv\u00e4sti pois sivustolta. Ikuinen porttikielto on ratkaisu niille, jotka eiv\u00e4t en\u00e4\u00e4 hallitse pelaamistaan itse. Fyysisiin pelisaleihin on niin ik\u00e4\u00e4n mahdollista hakea Suomessa porttikieltoa.<\/p>\n\n\n\n<hr class=\"wp-block-separator has-alpha-channel-opacity\"\/>\n\n\n\n<h3 class=\"wp-block-heading\">Mit\u00e4 on ongelmapelaaminen?<\/h3>\n\n\n\n<p class=\"wp-block-paragraph\">Ongelmapelaaminen on pelaamista riskitasolla ja siten, ett\u00e4 pelaaminen ei ole en\u00e4\u00e4 harmitonta hauskanpitoa. Pelaajat, joilla on peliongelma tai rahapeliriippuvuus, eiv\u00e4t en\u00e4\u00e4 nauti rahapelien pelaamisesta. Sen sijaan niiden pelaaminen tuottaa enemm\u00e4n harmia kuin iloa. Pelaajat saattavat kokea hyvin vahvaa tarvetta pelata, ja pelaaminen vaikuttaa negatiivisesti el\u00e4m\u00e4\u00e4n.<\/p>\n\n\n\n<p class=\"wp-block-paragraph\">On tiettyj\u00e4 kohtia, joita pelaajan kannattaa mietti\u00e4 arvioidessaan omaa pelaamista. Pelaaminen voi kehitty\u00e4 ongelmaksi huomaamattakin, joten omaa pelaamista on syyt\u00e4 aina silloin t\u00e4ll\u00f6in arvioida kriittisesti. Merkkej\u00e4 ongelmasta ovat mm. tappioiden jahtaaminen tai pelaaminen rahoilla, joita ei olisi varaa h\u00e4vit\u00e4, ja jotka olisi tarkoitus k\u00e4ytt\u00e4\u00e4 tarpeellisiin asioihin, kuten vuokraan, laskuihin tai ruokaan.<\/p>\n\n\n\n<p class=\"wp-block-paragraph\">Rahapelaamista ei ikin\u00e4 pit\u00e4isi n\u00e4hd\u00e4 tienaamiskeinona. Sen ei pit\u00e4isi olla jotain, mik\u00e4 auttaa maksamaan laskut tai vuokran. Pitk\u00e4ss\u00e4 juoksussa pelaaja h\u00e4vi\u00e4\u00e4 aina. Sen sijaan rahapelaaminen tulisi n\u00e4hd\u00e4 vain ja ainoastaan viihteen\u00e4.<\/p>\n\n\n\n<hr class=\"wp-block-separator has-alpha-channel-opacity\"\/>\n\n\n\n<h3 class=\"wp-block-heading\">Casino Frogin vinkit vastuulliseen pelaamiseen<\/h3>\n\n\n\n<p class=\"wp-block-paragraph\">Rahapelaaminen on todella hauskaa, mutta vastuullisen pelaamisen periaatteet on t\u00e4rke\u00e4\u00e4 hallita, jotta voidaan v\u00e4ltty\u00e4 ongelmilta. Asiantuntijamme haluavat muistuttaa pelaamiseen liittyvist\u00e4 vaaroista, jotka on hyv\u00e4 aina tiedostaa. Muista suojata itsesi vaaroilta k\u00e4ytt\u00e4m\u00e4ll\u00e4 vastuullisen pelaamisen periaatteita, jotta pelaaminen pysyy aina pelkk\u00e4n\u00e4 hauskanpitona.<\/p>\n\n\n\n<p class=\"wp-block-paragraph\">Kun pelaat netiss\u00e4, on hyv\u00e4 muistaa ett\u00e4 peli on aina vain peli. Kasinopelit eiv\u00e4t ole tapa tehd\u00e4 rahaa, eiv\u00e4tk\u00e4 ne ole sijoituskohde. Netti on t\u00e4ynn\u00e4 erilaisia strategioita ja taktiikoita, joilla rahapeleist\u00e4 voi muka tehd\u00e4 rahaa. Totuus on se, ett\u00e4 mik\u00e4\u00e4n taktiikka tai strategia ei takaa, ett\u00e4 voittaisit, ja suurin osa kerroista h\u00e4vi\u00e4t rahasi. Talon edun takia pelaaja ei voi ansaita itselleen matemaattista etua peleihin.<\/p>\n\n\n\n<h4 class=\"wp-block-heading\">Pysy budjetissa<\/h4>\n\n\n\n<p class=\"wp-block-paragraph\">Ennen kuin pelaat rahapelej\u00e4, on todella t\u00e4rke\u00e4\u00e4 p\u00e4\u00e4tt\u00e4\u00e4 budjetti. Budjetti on hyv\u00e4 valita etuk\u00e4teen sellaiseksi, ett\u00e4 sinulla on varmasti varaa h\u00e4vit\u00e4 koko summa. Muista pysy\u00e4 budjetissa ja l\u00e4hte\u00e4 pois pelist\u00e4, jos olet h\u00e4vinnyt asettamasi summan.<\/p>\n\n\n\n<p class=\"wp-block-paragraph\">H\u00e4vi\u00f6t ovat osa rahapelaamista. Isoimmat ongelmat syntyv\u00e4t, kun tappioita ei hyv\u00e4ksy ja yritt\u00e4\u00e4 jahdata voittoja aina vain uudella rahalla. \u00c4l\u00e4 vajoa t\u00e4h\u00e4n ansaan, vaan ole valmis l\u00e4htem\u00e4\u00e4n pelist\u00e4 pois, kun rahat loppuvat. \u00c4l\u00e4 kaiva lis\u00e4\u00e4 rahaa kuoppaan, vaan hyv\u00e4ksy, ett\u00e4 h\u00e4visit t\u00e4ll\u00e4 kertaa ja poistu pelist\u00e4.<\/p>\n\n\n\n<p class=\"wp-block-paragraph\">Varmista, ett\u00e4 sinulla on varaa h\u00e4vit\u00e4 kaikki rahat, jotka laitat rahapelaamiseen. \u00c4l\u00e4 sekoita v\u00e4ltt\u00e4m\u00e4tt\u00f6mien kulujesi ja rahapelaamisen budjetteja kesken\u00e4\u00e4n. Varmista, ett\u00e4 sinulla on varaa vuokraan, ruokaan sek\u00e4 laskuihin, ja pelaa vain ylim\u00e4\u00e4r\u00e4isell\u00e4 rahalla. Muista, ett\u00e4 olit sitten kuinka itsevarma tahansa ja k\u00e4ytit sitten mit\u00e4 tahansa strategiaa, voit silti h\u00e4vit\u00e4 kaikki rahasi.<\/p>\n\n\n\n<p class=\"wp-block-paragraph\">Suosittelemme, ett\u00e4 kaikki pelaajat tutustuvat etuk\u00e4teen erilaisiin vastuullisen pelaamisen palveluihin ja tahoihin, jotka tarjoavat apua. Muista, ett\u00e4 rahapeliongelma on yleinen ongelma, josta k\u00e4rsii Suomessa lukuisat ihmiset. Et siis takuulla ole yksin ongelmasi kanssa. Avun pyyt\u00e4minen ei ole h\u00e4pe\u00e4llist\u00e4, ja ongelman my\u00f6nt\u00e4minen on aina ensimm\u00e4inen askel kohti ongelman sel\u00e4tt\u00e4mist\u00e4.<\/p>\n\n\n\n<hr class=\"wp-block-separator has-alpha-channel-opacity\"\/>\n\n\n\n<h3 class=\"wp-block-heading\">Miten hankkia apua rahapeliongelmaan Suomessa?<\/h3>\n\n\n\n<p class=\"wp-block-paragraph\">Suomessa on lukuisia eri tahoja, jotka tarjoavat apua rahapeliongelmiin. Jos sinulla tai l\u00e4heisell\u00e4si on ongelmia rahapelaamisen kanssa, apua on tarjolla. Suomessa apua tarjoavat erilaiset j\u00e4rjest\u00f6t, joiden apua on saatavilla kaikille rahapelihaitoista k\u00e4rsiville. Lis\u00e4ksi rahapelitoimijoilla itsell\u00e4\u00e4n on vastuu ohjata pelaajat avun pariin tarpeen vaatiessa.<\/p>\n\n\n\n<p class=\"wp-block-paragraph\">Suomen t\u00e4rkein ja tunnetuin avun l\u00e4hde on Peluuri. Peluuri toimii netiss\u00e4 osoitteessa peluuri.fi, ja lis\u00e4ksi sen auttava puhelin palvelee pelaajia arkisin klo 12-18 numerossa 0800 100 101.<\/p>\n\n\n\n<p class=\"wp-block-paragraph\">Mik\u00e4li ep\u00e4ilet itsell\u00e4si tai l\u00e4heisell\u00e4si rahapeliongelmaa, voit k\u00e4ytt\u00e4\u00e4 <a href=\"https:\/\/www.peluuri.fi\/fi\/pelaajalle\/tyokaluja-ja-keinoja-avuksi\/testaa-pelaatko-liikaa\" target=\"_blank\" rel=\"noreferrer noopener\">peluurin testi\u00e4<\/a>, jonka avulla pelaamista voi arvioida.<\/p>\n\n\n\n<p class=\"wp-block-paragraph\">Rahapelaamisen haitat on syyt\u00e4 ottaa tosissaan, vaikka pelaaminen ei viel\u00e4 olisikaan ongelmallista. Etenkin useammin pelaavien on t\u00e4rke\u00e4\u00e4 pit\u00e4\u00e4 huolta, ett\u00e4 vastuullisen pelaamisen periaatteet otetaan huomioon. Suosittelemme ehdottomasti hy\u00f6dynt\u00e4m\u00e4\u00e4n eri nettikasinoiden tarjoamia vastuullisen pelaamisen ty\u00f6kaluja, joiden avulla omaa pelaamistaan voi rajata.<\/p>\n\n\n\n<p class=\"wp-block-paragraph\">\u00c4l\u00e4 ikin\u00e4 pelaa rahalla, jota sinulla ei ole varaa h\u00e4vit\u00e4. Jos p\u00e4\u00e4dyt jahtaamaan tappioitasi, etk\u00e4 en\u00e4\u00e4 hallitse omaa pelaamistasi, harkitse pelaamisen lopettamista. Pelaaminen on hauskaa vain niin kauan, kun se pysyy omassa hallinnassa. Pahaksi edennyt rahapeliongelma johtaa taloudellisiin, fyysisiin ja henkisiin ongelmiin, jotka koskettavat paitsi pelaajaa itse\u00e4\u00e4n my\u00f6s h\u00e4nen l\u00e4hipiiri\u00e4\u00e4n.<\/p>\n","protected":false},"excerpt":{"rendered":"<p>Erilaiset nettiviihteen muodot, kuten kasinot ja vedonly\u00f6nti, ovat hauska tapa k\u00e4ytt\u00e4\u00e4 aikaa. Niin fyysiseen kuin online-rahapelaamiseen liittyy kuitenkin riskins\u00e4. Vastuullinen pelaaminen on eritt\u00e4in t\u00e4rke\u00e4\u00e4. Useimmat maat tarjoavat apua ihmisille, jotka k\u00e4rsiv\u00e4t rahapelaamiseen liittyvist\u00e4 ongelmista. Suomessa on useita eri tahoja, jotka auttavat rahapeliongelmista k\u00e4rsivi\u00e4 maksutta. Ongelmia voi synty\u00e4 my\u00f6s nettikasinopelaamisesta, joten jokaisella lisensoidulla nettikasinolla on fyysisten &#8230; <a title=\"Vastuullinen pelaaminen\" class=\"read-more\" href=\"https:\/\/casinofrog.com\/fi\/vastuullinen-pelaaminen\/\" aria-label=\"Read more about Vastuullinen pelaaminen\">Read more<\/a><\/p>\n","protected":false},"author":18,"featured_media":0,"parent":0,"menu_order":0,"comment_status":"closed","ping_status":"closed","template":"","meta":{"_crdt_document":"","footnotes":""},"class_list":["post-4310","page","type-page","status-publish"],"_links":{"self":[{"href":"https:\/\/casinofrog.com\/fi\/wp-json\/wp\/v2\/pages\/4310","targetHints":{"allow":["GET"]}}],"collection":[{"href":"https:\/\/casinofrog.com\/fi\/wp-json\/wp\/v2\/pages"}],"about":[{"href":"https:\/\/casinofrog.com\/fi\/wp-json\/wp\/v2\/types\/page"}],"author":[{"embeddable":true,"href":"https:\/\/casinofrog.com\/fi\/wp-json\/wp\/v2\/users\/18"}],"replies":[{"embeddable":true,"href":"https:\/\/casinofrog.com\/fi\/wp-json\/wp\/v2\/comments?post=4310"}],"version-history":[{"count":9,"href":"https:\/\/casinofrog.com\/fi\/wp-json\/wp\/v2\/pages\/4310\/revisions"}],"predecessor-version":[{"id":19130,"href":"https:\/\/casinofrog.com\/fi\/wp-json\/wp\/v2\/pages\/4310\/revisions\/19130"}],"wp:attachment":[{"href":"https:\/\/casinofrog.com\/fi\/wp-json\/wp\/v2\/media?parent=4310"}],"curies":[{"name":"wp","href":"https:\/\/api.w.org\/{rel}","templated":true}]}}