{"id":4308,"date":"2020-07-27T14:25:54","date_gmt":"2020-07-27T14:25:54","guid":{"rendered":"https:\/\/www.casinofrog.com\/?page_id=4308"},"modified":"2024-12-28T09:10:25","modified_gmt":"2024-12-28T09:10:25","slug":"ura","status":"publish","type":"page","link":"https:\/\/casinofrog.com\/fi\/ura\/","title":{"rendered":"Ura"},"content":{"rendered":"\n<p class=\"wp-block-paragraph\">Me Casino Frogilla olemme asettaneet itsellemme korkeat tavoitteet. Haluamme auttaa pelaajia ymp\u00e4ri maailman, ja sis\u00e4lt\u00f6mme vaatii tekij\u00e4ns\u00e4. Olemme vasta alkutaipaleella ty\u00f6ss\u00e4mme, joten etsimme jatkuvasti uusia ty\u00f6ntekij\u00f6it\u00e4 tiimiimme.<\/p>\n\n\n\n<p class=\"wp-block-paragraph\">Ehk\u00e4 sin\u00e4 olet etsim\u00e4mme henkil\u00f6? L\u00e4het\u00e4 hakemus osoitteeseen jobs@casinofrog.com!<\/p>\n\n\n\n<hr class=\"wp-block-separator has-alpha-channel-opacity\"\/>\n\n\n\n<h2 class=\"wp-block-heading\">Miksi ty\u00f6skennell\u00e4 meill\u00e4?<\/h2>\n\n\n\n<p class=\"wp-block-paragraph\">P\u00e4\u00e4tavoitteemme on tehd\u00e4 pelaajien teht\u00e4v\u00e4st\u00e4 helpomman. Haluamme, ett\u00e4 turvallisimmat ja luotetuimmat nettikasinot l\u00f6ytyv\u00e4t helpommin. Saavutamme t\u00e4m\u00e4n seuraamalla jatkuvasti alan kehityst\u00e4 ja pysym\u00e4ll\u00e4 muutosten mukana.<\/p>\n\n\n\n<p class=\"wp-block-paragraph\">Arvostamme sek\u00e4 tiimity\u00f6t\u00e4 ett\u00e4 yksil\u00f6llist\u00e4 ty\u00f6t\u00e4. Jokaisen ty\u00f6ntekij\u00e4n mielipide kuullaan, ja uskomme vahvasti siihen, ett\u00e4 parhaat tulokset saavutetaan jakamalla ideoita ja kokemusta.<\/p>\n\n\n\n<p class=\"wp-block-paragraph\">Tiimihenki on yksi yrityksemme kulmakivist\u00e4. Autamme aina toisiamme ja opimme toisiltamme joka p\u00e4iv\u00e4. Yhteisty\u00f6ll\u00e4 saavutamme enemm\u00e4n kuin yksil\u00f6in\u00e4. Haluamme pit\u00e4\u00e4 huolen my\u00f6s siit\u00e4, ett\u00e4 henkil\u00f6kohtaiselle kehitykselle on aina tilaa tukemalla sit\u00e4 ja tarjoamalla tarvittaessa koulutusta siihen.<\/p>\n\n\n\n<h3 class=\"wp-block-heading\">Uskomme ty\u00f6kavereihimme<\/h3>\n\n\n\n<p class=\"wp-block-paragraph\">Markkina, jolla ty\u00f6skentelemme, el\u00e4\u00e4 jatkuvassa murroksessa ja omien taitojen kehitt\u00e4miselle on aina tilaa. On meid\u00e4n vastuullamme varmistaa, ett\u00e4 jokainen ty\u00f6ntekij\u00e4 tuntee olonsa mukavaksi roolissaan. Tarjoamme koulutusta ja ty\u00f6kaluja, jotka tekev\u00e4t ty\u00f6ymp\u00e4rist\u00f6st\u00e4 t\u00e4ydellisen kaikille.<\/p>\n\n\n\n<h3 class=\"wp-block-heading\">Yst\u00e4v\u00e4llinen ty\u00f6ilmapiiri<\/h3>\n\n\n\n<p class=\"wp-block-paragraph\">Jokaisen Casino Frogin ty\u00f6ntekij\u00e4n tulisi tuntea olonsa t\u00e4rke\u00e4ksi. Uskomme moninaiseen ja kaikki mukaan ottavaan ty\u00f6ilmapiiriin, jossa jokaista ihmist\u00e4 kohdellaan tasapuolisesti. Tekem\u00e4ll\u00e4 ty\u00f6paikasta jokaiselle kotoisan pystymme luomaan dynaamisen ja yst\u00e4v\u00e4llisen ty\u00f6ilmapiirin.<\/p>\n\n\n\n<h3 class=\"wp-block-heading\">Yhteiset tavoitteet<\/h3>\n\n\n\n<p class=\"wp-block-paragraph\">Uskomme tiimity\u00f6skentelyyn. Jakamalla samat arvot voimme tehd\u00e4 t\u00f6it\u00e4 yhteisten tavoitteiden eteen. Olemme havainneet t\u00e4m\u00e4n toimivaksi strategiaksi Casino Frogilla. Arvostamme kuitenkin my\u00f6s henkil\u00f6kohtaista vastuuta, sill\u00e4 sen avulla kasvatamme luonnetta ja parannamme tiimihenke\u00e4 entisest\u00e4\u00e4n.<\/p>\n\n\n\n<hr class=\"wp-block-separator has-alpha-channel-opacity\"\/>\n\n\n\n<h2 class=\"wp-block-heading\">Liity joukkoomme<\/h2>\n\n\n\n<p class=\"wp-block-paragraph\">Etsitk\u00f6 uusia haasteita? L\u00f6yd\u00e4 t\u00e4m\u00e4nhetkiset vapaat ty\u00f6paikat Casino Frogille alta.<\/p>\n\n\n\n<h4 class=\"wp-block-heading\">Kasinoarvostelija \u2013 Osa-aikainen<\/h4>\n\n\n\n<p class=\"wp-block-paragraph\">Haluamme laajentaa sis\u00e4lt\u00f6valikoimaamme tarjoamalla erinomaisia kasinoarvosteluja k\u00e4ytt\u00e4jille. T\u00e4t\u00e4 varten tarvitsemme kirjoittajan, jolla on aiempaa kokemusta ja osaamista kasinoalalta.<\/p>\n\n\n\n<hr class=\"wp-block-separator has-alpha-channel-opacity\"\/>\n\n\n\n<h2 class=\"wp-block-heading\">Hae t\u00e4n\u00e4\u00e4n<\/h2>\n\n\n\n<p class=\"wp-block-paragraph\">Etk\u00f6 l\u00f6yd\u00e4 paikkaa, jota etsit? L\u00e4het\u00e4 meille vapaamuotoinen viesti, jossa kerrot, miten voisit auttaa Casino Frogin tiimi\u00e4. N\u00e4kisimme mielell\u00e4mme my\u00f6s CV:si, joten l\u00e4het\u00e4 se s\u00e4hk\u00f6postitse vapaamuotoisen hakemuksen ohella osoitteeseen jobs@casinofrog.com.<\/p>\n","protected":false},"excerpt":{"rendered":"<p>Me Casino Frogilla olemme asettaneet itsellemme korkeat tavoitteet. Haluamme auttaa pelaajia ymp\u00e4ri maailman, ja sis\u00e4lt\u00f6mme vaatii tekij\u00e4ns\u00e4. Olemme vasta alkutaipaleella ty\u00f6ss\u00e4mme, joten etsimme jatkuvasti uusia ty\u00f6ntekij\u00f6it\u00e4 tiimiimme. Ehk\u00e4 sin\u00e4 olet etsim\u00e4mme henkil\u00f6? L\u00e4het\u00e4 hakemus osoitteeseen jobs@casinofrog.com! Miksi ty\u00f6skennell\u00e4 meill\u00e4? P\u00e4\u00e4tavoitteemme on tehd\u00e4 pelaajien teht\u00e4v\u00e4st\u00e4 helpomman. Haluamme, ett\u00e4 turvallisimmat ja luotetuimmat nettikasinot l\u00f6ytyv\u00e4t helpommin. Saavutamme t\u00e4m\u00e4n &#8230; <a title=\"Ura\" class=\"read-more\" href=\"https:\/\/casinofrog.com\/fi\/ura\/\" aria-label=\"Read more about Ura\">Read more<\/a><\/p>\n","protected":false},"author":72,"featured_media":0,"parent":0,"menu_order":0,"comment_status":"closed","ping_status":"closed","template":"","meta":{"_crdt_document":"","footnotes":""},"class_list":["post-4308","page","type-page","status-publish"],"_links":{"self":[{"href":"https:\/\/casinofrog.com\/fi\/wp-json\/wp\/v2\/pages\/4308","targetHints":{"allow":["GET"]}}],"collection":[{"href":"https:\/\/casinofrog.com\/fi\/wp-json\/wp\/v2\/pages"}],"about":[{"href":"https:\/\/casinofrog.com\/fi\/wp-json\/wp\/v2\/types\/page"}],"author":[{"embeddable":true,"href":"https:\/\/casinofrog.com\/fi\/wp-json\/wp\/v2\/users\/72"}],"replies":[{"embeddable":true,"href":"https:\/\/casinofrog.com\/fi\/wp-json\/wp\/v2\/comments?post=4308"}],"version-history":[{"count":5,"href":"https:\/\/casinofrog.com\/fi\/wp-json\/wp\/v2\/pages\/4308\/revisions"}],"predecessor-version":[{"id":20610,"href":"https:\/\/casinofrog.com\/fi\/wp-json\/wp\/v2\/pages\/4308\/revisions\/20610"}],"wp:attachment":[{"href":"https:\/\/casinofrog.com\/fi\/wp-json\/wp\/v2\/media?parent=4308"}],"curies":[{"name":"wp","href":"https:\/\/api.w.org\/{rel}","templated":true}]}}