{"id":3811,"date":"2020-07-20T10:47:43","date_gmt":"2020-07-20T10:47:43","guid":{"rendered":"https:\/\/www.casinofrog.com\/?page_id=3811"},"modified":"2024-12-28T08:32:57","modified_gmt":"2024-12-28T08:32:57","slug":"kierratysvaatimukset-selitettyna","status":"publish","type":"page","link":"https:\/\/casinofrog.com\/fi\/oppaat\/kierratysvaatimukset-selitettyna\/","title":{"rendered":"Kierr\u00e4tysvaatimukset selitettyn\u00e4"},"content":{"rendered":"<div class=\"wp-block-image\">\n<figure class=\"alignright\"><img loading=\"lazy\" decoding=\"async\" width=\"150\" height=\"150\" src=\"https:\/\/casinofrog.com\/wp-content\/uploads\/kierr\u00e4tysvaatimukset-suomi.png\" alt=\"\" class=\"wp-image-6683\"\/><\/figure>\n<\/div>\n\n\n<p class=\"wp-block-paragraph\">Monet <a href=\"https:\/\/casinofrog.com\/fi\/nettikasinot\/\">parhaat nettikasinot<\/a> tarjoavat erilaisia kasinobonuksia. Bonuksia on tarjolla sek\u00e4 suomalaisille ett\u00e4 muille pelaajille. Bonukset ovat usein tervetuliaisbonuksen muodossa, eli toisin sanoen ne voi lunastaa vain kerran.<\/p>\n\n\n\n<p class=\"wp-block-paragraph\">Osa kasinoista tarjoaa kuitenkin bonuksia my\u00f6s jo olemassa oleville asiakkailleen. Eri bonusten bonusehdot eroavat aina merkitt\u00e4v\u00e4stikin toisistaan, mutta yksi asia on aina niille yhteist\u00e4: kierr\u00e4tysvaatimukset.<\/p>\n\n\n\n<p class=\"wp-block-paragraph\">Kierr\u00e4tysvaatimukset ovat oma ehtojen osa-alue, joka vaikuttaa pelaajan mahdollisuuksiin kotiuttaa bonuksella ansaitut varat. Monet kasinot ly\u00f6v\u00e4t pelaajan k\u00e4teen heti rekister\u00f6itymisen yhteydess\u00e4 bonusrahaa. Joskus pelaajan ei tarvitse edes tehd\u00e4 ensimm\u00e4ist\u00e4k\u00e4\u00e4n talletusta saadakseen bonusrahaa kasinotililleen. Bonusraha n\u00e4ytt\u00e4\u00e4 ensivilkaisulla ilmaiselta rahalta, mutta siihen liittyy tietenkin tietty jippo. T\u00e4ss\u00e4 vaiheessa kuvioihin astuvat nimitt\u00e4in kierr\u00e4tysvaatimukset.<\/p>\n\n\n\n<p class=\"wp-block-paragraph\">Kasinoiden, kuten kaikkien yritysten, tarkoitus on tehd\u00e4 voittoa. Kasinot eiv\u00e4t voi vain jakaa ilmaista rahaa, joten asiakkaiden ei anneta heti kotiuttaa bonusvaroja, joita heille on annettu. Sen sijaan bonuksille m\u00e4\u00e4ritet\u00e4\u00e4n tietty kierr\u00e4tysvaatimus. Kierr\u00e4tysvaatimuksen nojalla pelaajien on kierr\u00e4tett\u00e4v\u00e4, eli panostettava, bonusvarat kasinopelien l\u00e4pi tietty m\u00e4\u00e4r\u00e4 kertoja ennen kotiutusta.<\/p>\n\n\n\n<p class=\"wp-block-paragraph\">On monia eri tapoja, joilla kasinot hallinnoivat n\u00e4it\u00e4 s\u00e4\u00e4nt\u00f6j\u00e4. Toisiin bonuksiin liittyy enemm\u00e4n ehtoja kuin toisiin, ja toisilla sivustoilla bonusvarojen kotiuttaminen on helpompaa kuin toisilla.<\/p>\n\n\n\n<p class=\"wp-block-paragraph\">Katsotaan seuraavaksi tarkemmin, miten n\u00e4m\u00e4 eri vaatimukset k\u00e4yt\u00e4nn\u00f6ss\u00e4 toimivat. T\u00e4st\u00e4 oppaasta l\u00f6yd\u00e4t kaiken, mit\u00e4 sinun tarvitsee tiet\u00e4\u00e4 ennen bonustarjousten hyv\u00e4ksymist\u00e4.<\/p>\n\n\n\n<hr class=\"wp-block-separator has-alpha-channel-opacity\"\/>\n\n\n\n<h3 class=\"wp-block-heading\">Kierr\u00e4tysvaatimukset: miten ne toimivat?<\/h3>\n\n\n\n<p class=\"wp-block-paragraph\">Kierr\u00e4tysvaatimus on se summa, joka sinun on panostettava siirt\u00e4\u00e4ksesi bonusvarat bonussaldosta oikean rahan saldoon. Kun varat siirtyv\u00e4t oikean rahan saldoon, voit kotiuttaa ne vapaasti.<\/p>\n\n\n\n<p class=\"wp-block-paragraph\">Kierr\u00e4tysvaatimukset koskevat miltei jokaista kasinobonusta. Joillain kasinoilla pelaajan on panostettava bonusvarat esimerkiksi vain kerran, ja t\u00e4m\u00e4n j\u00e4lkeen j\u00e4ljelle j\u00e4\u00e4neet varat ovat jo kotiutettavissa. Yleisimmin kotiutusvaatimus on isompi, etenkin jos kyseess\u00e4 on yht\u00e4\u00e4n isompi bonnustarjous. Tyypillinen kierr\u00e4tysvaatimus kasinoiden tarjoamissa bonuksissa on n. 35-50x.<\/p>\n\n\n\n<p class=\"wp-block-paragraph\">Tarkka kierr\u00e4tysvaatimus, eli kuinka monta kertaa varat on panostettava pelien l\u00e4pi, riippuu t\u00e4ysin bonuksesta. Esimerkiksi talletusvapaissa bonuksissa on yleens\u00e4 isommat kierr\u00e4tysvaatimukset kuin tavallisissa talletusbonuksissa. Muista aina lukea bonusehdot tarkoin ennen kuin hyv\u00e4ksyt mit\u00e4\u00e4n bonusta. Erityist\u00e4 huomiota kannattaa kiinnitt\u00e4\u00e4 kierr\u00e4tysvaatimuksiin ja muihin kierr\u00e4tykseen liittyviin ehtoihin.<\/p>\n\n\n\n<p class=\"wp-block-paragraph\">Kierr\u00e4tysehdot saattavat aluksi vaikuttaa monimutkaisilta, mutta ne on helppo ymm\u00e4rt\u00e4\u00e4, kun tiet\u00e4\u00e4 hieman mit\u00e4 katsoa. Aloitetaan esimerkill\u00e4, joka helpottaa ymm\u00e4rt\u00e4m\u00e4\u00e4n niiden toimintaa ja merkityst\u00e4.<\/p>\n\n\n\n<p class=\"wp-block-paragraph\">Otetaan esimerkkin\u00e4 50 \u20ac bonus, jonka lunastat kasinolle. Kierr\u00e4tysvaatimukseksi on merkitty bonusehdoissa 50x bonus. T\u00e4m\u00e4 tarkoittaa, ett\u00e4 sinun on panostettava pelien l\u00e4pi v\u00e4hint\u00e4\u00e4n 2500 \u20ac ennen kuin voit siirt\u00e4\u00e4 bonusvarat oikean rahan saldoon ja kotiuttaa ne. Yleens\u00e4 sinun on k\u00e4ytett\u00e4v\u00e4 peleihin merkitt\u00e4v\u00e4 m\u00e4\u00e4r\u00e4 aikaa ennen kuin p\u00e4\u00e4set nauttimaan bonusvaroista.<\/p>\n\n\n\n<hr class=\"wp-block-separator has-alpha-channel-opacity\"\/>\n\n\n\n<h3 class=\"wp-block-heading\">Onko v\u00e4li\u00e4 mit\u00e4 peli\u00e4 pelaan?<\/h3>\n\n\n\n<p class=\"wp-block-paragraph\">On hyv\u00e4 huomata, ett\u00e4 kierr\u00e4tysvaatimukset saattavat vaihdella eri pelien v\u00e4lill\u00e4. Eri pelien kierr\u00e4tysprosentit saattavat vaihdella, joten toiset pelit kierr\u00e4tt\u00e4v\u00e4t bonusta enemm\u00e4n kuin toiset.<\/p>\n\n\n\n<p class=\"wp-block-paragraph\">Esimerkiksi kierr\u00e4tysvaatimuksesi saattaa v\u00e4henty\u00e4 10 \u20ac aina, kun panostat sen verran kolikkopeliin. Jos panostat saman summan rulettiin tai blackjackiin, kierr\u00e4tysvaatimus ei kuitenkaan v\u00e4ltt\u00e4m\u00e4tt\u00e4 v\u00e4hene yht\u00e4 paljoa.<\/p>\n\n\n\n<p class=\"wp-block-paragraph\">Useimmissa tapauksissa kasinot ottavat kierr\u00e4tyksess\u00e4 huomioon pienemm\u00e4n prosenttiosuuden silloin, kun pelaat p\u00f6yt\u00e4pelej\u00e4, kuten rulettia. Kasino saattaa esimerkiksi hyv\u00e4ksy\u00e4 vain 20 % panoksista kierr\u00e4tysvaatimukseen, jos pelaat bonusvaroilla rulettia. N\u00e4in ollen kierr\u00e4tys v\u00e4henisi aina 2 \u20ac jokaista panostamaasi 10 \u20ac kohden ruletissa.<\/p>\n\n\n\n<p class=\"wp-block-paragraph\">S\u00e4\u00e4nn\u00f6t pelivalintojen ja kierr\u00e4tysprosenttien v\u00e4lill\u00e4 vaihtelee eri kasinoilla. Ehdot m\u00e4\u00e4ritell\u00e4\u00e4n ja kerrotaan kuitenkin tarkoin aina bonusehdoissa. <a href=\"https:\/\/casinofrog.com\/fi\/\">Casino Frog<\/a> suosittelee ehdottomasti lukemaan aina kaikki bonusehdot ja muut s\u00e4\u00e4nn\u00f6t tarkoin. Lukemalla ehdot huolellisesti voit varmistua siit\u00e4, ett\u00e4 saat parhaan mahdollisen diilin pelatessasi netiss\u00e4.<\/p>\n\n\n\n<hr class=\"wp-block-separator has-alpha-channel-opacity\"\/>\n\n\n\n<h3 class=\"wp-block-heading\">Mit\u00e4 muuta kierr\u00e4tysvaatimuksista pit\u00e4isi tiet\u00e4\u00e4?<\/h3>\n\n\n\n<p class=\"wp-block-paragraph\">S\u00e4\u00e4nn\u00f6t ja s\u00e4\u00e4d\u00f6kset koskien kierr\u00e4tysvaatimuksia vaihtelevat eri kasinoittain. Perusteet ovat kuitenkin aina samat.<\/p>\n\n\n\n<p class=\"wp-block-paragraph\">On t\u00e4rke\u00e4\u00e4 erottaa, koskeeko kierr\u00e4tysvaatimus pelkk\u00e4\u00e4 bonusrahasummaa vai my\u00f6s omaa talletusosuutta. Joillain kasinoilla kierr\u00e4tysvaatimus on n\u00e4enn\u00e4isesti alhaisempi, mutta vastapainona kierr\u00e4tysvaatimus koskeekin bonusosuuden lis\u00e4ksi my\u00f6s talletusta. N\u00e4in ollen bonustarjous saattaa olla muita tarjouksia heikompi, vaikka se aluksi vaikuttikin paremmalta. Suosittelemme vierailemaan Casino Frogin esittelemill\u00e4 kasinoilla, niin v\u00e4ltyt ongelmilta kierr\u00e4tysvaatimuksiin liittyen.<\/p>\n","protected":false},"excerpt":{"rendered":"<p>Monet parhaat nettikasinot tarjoavat erilaisia kasinobonuksia. Bonuksia on tarjolla sek\u00e4 suomalaisille ett\u00e4 muille pelaajille. Bonukset ovat usein tervetuliaisbonuksen muodossa, eli toisin sanoen ne voi lunastaa vain kerran. Osa kasinoista tarjoaa kuitenkin bonuksia my\u00f6s jo olemassa oleville asiakkailleen. Eri bonusten bonusehdot eroavat aina merkitt\u00e4v\u00e4stikin toisistaan, mutta yksi asia on aina niille yhteist\u00e4: kierr\u00e4tysvaatimukset. Kierr\u00e4tysvaatimukset ovat oma &#8230; <a title=\"Kierr\u00e4tysvaatimukset selitettyn\u00e4\" class=\"read-more\" href=\"https:\/\/casinofrog.com\/fi\/oppaat\/kierratysvaatimukset-selitettyna\/\" aria-label=\"Read more about Kierr\u00e4tysvaatimukset selitettyn\u00e4\">Read more<\/a><\/p>\n","protected":false},"author":21,"featured_media":0,"parent":6499,"menu_order":0,"comment_status":"closed","ping_status":"closed","template":"","meta":{"_crdt_document":"","footnotes":""},"class_list":["post-3811","page","type-page","status-publish"],"_links":{"self":[{"href":"https:\/\/casinofrog.com\/fi\/wp-json\/wp\/v2\/pages\/3811","targetHints":{"allow":["GET"]}}],"collection":[{"href":"https:\/\/casinofrog.com\/fi\/wp-json\/wp\/v2\/pages"}],"about":[{"href":"https:\/\/casinofrog.com\/fi\/wp-json\/wp\/v2\/types\/page"}],"author":[{"embeddable":true,"href":"https:\/\/casinofrog.com\/fi\/wp-json\/wp\/v2\/users\/21"}],"replies":[{"embeddable":true,"href":"https:\/\/casinofrog.com\/fi\/wp-json\/wp\/v2\/comments?post=3811"}],"version-history":[{"count":6,"href":"https:\/\/casinofrog.com\/fi\/wp-json\/wp\/v2\/pages\/3811\/revisions"}],"predecessor-version":[{"id":20491,"href":"https:\/\/casinofrog.com\/fi\/wp-json\/wp\/v2\/pages\/3811\/revisions\/20491"}],"up":[{"embeddable":true,"href":"https:\/\/casinofrog.com\/fi\/wp-json\/wp\/v2\/pages\/6499"}],"wp:attachment":[{"href":"https:\/\/casinofrog.com\/fi\/wp-json\/wp\/v2\/media?parent=3811"}],"curies":[{"name":"wp","href":"https:\/\/api.w.org\/{rel}","templated":true}]}}