{"id":3809,"date":"2020-07-20T10:47:06","date_gmt":"2020-07-20T10:47:06","guid":{"rendered":"https:\/\/www.casinofrog.com\/?page_id=3809"},"modified":"2024-06-27T12:53:44","modified_gmt":"2024-06-27T12:53:44","slug":"ymmarra-kasinon-kayttoehdot","status":"publish","type":"page","link":"https:\/\/casinofrog.com\/fi\/oppaat\/ymmarra-kasinon-kayttoehdot\/","title":{"rendered":"Ymm\u00e4rr\u00e4 kasinon k\u00e4ytt\u00f6ehdot"},"content":{"rendered":"<div class=\"wp-block-image\">\n<figure class=\"alignright\"><img loading=\"lazy\" decoding=\"async\" width=\"220\" height=\"90\" src=\"https:\/\/casinofrog.com\/wp-content\/uploads\/ymmarra-kasinon-kayttoehdot.png\" alt=\"Ymm\u00e4rr\u00e4 kasinon k\u00e4ytt\u00f6ehdot\" class=\"wp-image-5964\"\/><\/figure>\n<\/div>\n\n\n<p class=\"wp-block-paragraph\">Kaikilla luotettavilla nettikasinoilla on omat k\u00e4ytt\u00f6ehtonsa, joita pelaajan on noudatettava. L\u00e4hes jokaisella nettikasinolla on omat k\u00e4ytt\u00f6ehtonsa, eiv\u00e4tk\u00e4 nettikasinot ole poikkeus. Ehdot ovat itse asiassa erityisen t\u00e4rke\u00e4 verkkosivustoilla, joilla raha vaihtaa omistajaa.<\/p>\n\n\n\n<p class=\"wp-block-paragraph\">Kasinolle k\u00e4ytt\u00f6ehdot ovat elint\u00e4rke\u00e4t. Ne on luotu suojaamaan sek\u00e4 kasinoyhti\u00f6t\u00e4 ett\u00e4 sen pelaajia. K\u00e4ytt\u00f6ehtojen avulla kasino pystyy varmistamaan, ett\u00e4 pelaajat saavat parhaan mahdollisen kokemuksen sivustolla.<\/p>\n\n\n\n<p class=\"wp-block-paragraph\">Jos olet rekister\u00f6itynyt viime aikoina jollekin nettikasinosivustolle, sinua on todenn\u00e4k\u00f6isesti pyydetty hyv\u00e4ksym\u00e4\u00e4n samalla sivuston k\u00e4ytt\u00f6ehdot. Yleens\u00e4 kasinot eiv\u00e4t anna pelaajan rekister\u00f6ity\u00e4, jos he eiv\u00e4t ruksi k\u00e4ytt\u00f6ehtojen hyv\u00e4ksymist\u00e4 koskevaa kohtaa. On tietenkin houkuttelevaa vain ruksia kohta k\u00e4ytt\u00e4m\u00e4tt\u00e4 aikaa itse ehtojen lukemiseen, mutta t\u00e4t\u00e4 emme voi miss\u00e4\u00e4n nimess\u00e4 suositella. Ehdot kannattaa ehdottomasti vilkaista, jotta ei tule hyv\u00e4ksyneeksi ehtoja, jotka kuulostavat huonolta.<\/p>\n\n\n\n<hr class=\"wp-block-separator has-alpha-channel-opacity\"\/>\n\n\n\n<h3 class=\"wp-block-heading\">Yleisimm\u00e4t k\u00e4ytt\u00f6ehdot kasinoilla<\/h3>\n\n\n\n<p class=\"wp-block-paragraph\">Kasinon k\u00e4ytt\u00f6ehdoissa listatut ehdot saattavat olla todella pitki\u00e4 ja kaiken kattavia. Monilla nettikasinoilla on pitk\u00e4 lista erilaisia k\u00e4yt\u00e4nt\u00f6j\u00e4 ja ehtoja, jotka pelaajan olisi luettava ennen kuin he rekister\u00f6ityv\u00e4t sivustolle. On suositeltavaa k\u00e4ytt\u00e4\u00e4 aikaa ehtojen lukemiseen, jotta tiet\u00e4\u00e4 varmasti, mit\u00e4 odottaa, kun pelaa oikealla rahalla uudella nettikasinolla.<\/p>\n\n\n\n<p class=\"wp-block-paragraph\">K\u00e4ytt\u00f6ehdot jaotellaan yleisesti omiin erillisiin osioihinsa ja otsikoiden alle, jotta lukijan olisi helpompi ymm\u00e4rt\u00e4\u00e4 niit\u00e4. Kiinnit\u00e4 erityist\u00e4 huomiota kohtiin, jotka koskevat k\u00e4ytt\u00f6\u00f6n liittyvi\u00e4 rajoituksia. T\u00e4st\u00e4 osiosta l\u00f6ytyy tietoa erilaisista rajoituksista, jotka m\u00e4\u00e4ritt\u00e4v\u00e4t, ketk\u00e4 eiv\u00e4t saa k\u00e4ytt\u00e4\u00e4 sivustoa. Ehdoissa saatetaan esimerkiksi kielt\u00e4\u00e4 rekister\u00f6ityminen tietyilt\u00e4 alueilta. Suomalaiset ovat siin\u00e4 mieless\u00e4 etuoikeutetussa asemassa, ett\u00e4 rahapelaaminen netiss\u00e4 on vapaata, eiv\u00e4tk\u00e4 useimmat kasinosivustot rajoita suomalaisten pelaamista. L\u00f6yd\u00e4t samasta kohdasta tietoa my\u00f6s esimerkiksi ik\u00e4rajoista sek\u00e4 muista k\u00e4ytt\u00f6\u00e4 mahdollisesti rajoittavista tekij\u00f6ist\u00e4.<\/p>\n\n\n\n<p class=\"wp-block-paragraph\">Osa informaatiosta k\u00e4ytt\u00f6ehdoissa koskee vain vastuunkantoa. Kasino vet\u00e4ytyy toisin sanoen vastuusta, kun pelaajat tekev\u00e4t tiettyj\u00e4 asioita.<\/p>\n\n\n\n<p class=\"wp-block-paragraph\">Esimerkiksi kasino ei ole vastuussa, jos joku alaik\u00e4inen onnistuu pelaamaan sivustolla v\u00e4\u00e4rin henkil\u00f6tiedoin, tai pelaaja pelaa sivustolla kielletyst\u00e4 maasta. Suurin osa kasinoista k\u00e4ytt\u00e4\u00e4 erilaisia toimia t\u00e4llaisten tapausten est\u00e4miseksi, mutta aina on mahdollista, ett\u00e4 pelaaja keksii jonkin porsaanrei\u00e4n. N\u00e4ist\u00e4 syist\u00e4 vastuuseen liittyv\u00e4t ehdot ovat kasinosivustoille eritt\u00e4in t\u00e4rkeit\u00e4.<\/p>\n\n\n\n<p class=\"wp-block-paragraph\">Kasinot tarjoavat usein tietoa my\u00f6s kierr\u00e4tysvaatimuksista k\u00e4ytt\u00f6ehdoissansa. Toisinaan bonusehdot on jaoteltu kokonaan omaksi osiokseen, mutta monesti tietoa l\u00f6ytyy my\u00f6s yleisten k\u00e4ytt\u00f6ehtojen alaisuudesta. Kierr\u00e4tysvaatimusten ymm\u00e4rt\u00e4minen on eritt\u00e4in t\u00e4rke\u00e4\u00e4 kasinobonuksia ja muita tarjouksia lunastaessa, joten niihin kannattaa tutustua huolella.<\/p>\n\n\n\n<p class=\"wp-block-paragraph\">Tutustu aina kierr\u00e4tysvaatimuksiin jokaisen kasinobonuksen, jonka aiot mahdollisesti lunastaa, kohdalla. Kierr\u00e4tysvaatimusten avulla voit selvitt\u00e4\u00e4 t\u00e4sm\u00e4lleen, kuinka paljon sinun tulee pelata rahoja ennen kuin voit kotiuttaa niit\u00e4. Katso my\u00f6s kierr\u00e4tysvaatimuksia koskeva artikkelimme l\u00f6yt\u00e4\u00e4ksesi lis\u00e4tietoa siit\u00e4, miten kaikki toimii.<\/p>\n\n\n\n<p class=\"wp-block-paragraph\">Maksumenetelm\u00e4t ja kotiutuksiin liittyv\u00e4t k\u00e4yt\u00e4nn\u00f6t ovat t\u00e4rkeit\u00e4 sek\u00e4 pelaajille ett\u00e4 kasinoille. Monet kasinot listaavatkin jo k\u00e4ytt\u00f6ehdoissaan tietoa maksuista. Tutustu erityisesti saatavilla oleviin talletus- ja kotiutusmenetelmiin sek\u00e4 varmista, ett\u00e4 ymm\u00e4rr\u00e4t kaikki kotiutuksia koskevat s\u00e4\u00e4nn\u00f6t ja ehdot.<\/p>\n\n\n\n<p class=\"wp-block-paragraph\">L\u00f6yd\u00e4t tietoa, miten ja milloin rahaa voi nostaa, ja kuinka kauan rahojen kotiutuksessa keskim\u00e4\u00e4rin kest\u00e4\u00e4. L\u00f6yd\u00e4t my\u00f6s tietoa menetelmist\u00e4, joita kasino k\u00e4ytt\u00e4\u00e4 suojatakaseen pelaajien rahoja. Osa kasinoista tekee my\u00f6s turvallisuustarkastuksia, joten ole valmiina tarjoamaan kopio henkil\u00f6llisyystodistuksestasi sek\u00e4 osoitteen todistavasta asiakirjasta ennen kuin pelaat oikealla rahalla.<\/p>\n\n\n\n<hr class=\"wp-block-separator has-alpha-channel-opacity\"\/>\n\n\n\n<h3 class=\"wp-block-heading\">Tietosuojak\u00e4yt\u00e4nn\u00f6t nettikasinoilla<\/h3>\n\n\n\n<p class=\"wp-block-paragraph\">K\u00e4ytt\u00f6ehdoista l\u00f6ytyy useimmiten tietoa my\u00f6s nettikasinon tietosuojak\u00e4yt\u00e4nn\u00f6ist\u00e4. Rekister\u00f6itymissivulta l\u00f6yd\u00e4t kohdan, jossa hyv\u00e4ksy ehdot. Samassa paikassa on my\u00f6s valintoja tietosuojak\u00e4yt\u00e4nt\u00f6ihin liittyen. Sinulta kysyt\u00e4\u00e4n esimerkiksi, haluatko vastaanottaa markkinointiviestint\u00e4\u00e4, ja sallitko sit\u00e4 s\u00e4hk\u00f6postitse, puhelimitse, postitse tai tekstiviestitse. Muista lukea aina k\u00e4yt\u00e4nn\u00f6t tarkoin, ja hyv\u00e4ksy vain ne kommunikaatiokanavat, jotka haluat hyv\u00e4ksy\u00e4.<\/p>\n\n\n\n<p class=\"wp-block-paragraph\">Osa pelaajista poissulkee itsens\u00e4 kaikesta markkinointiviestinn\u00e4st\u00e4, ja t\u00e4m\u00e4 on tietenkin ihan ok. T\u00e4ll\u00f6in on kuitenkin todenn\u00e4k\u00f6ist\u00e4, ett\u00e4 j\u00e4\u00e4 paitsi tietyist\u00e4 kasinon tarjouksista ja kampanjoista. Kasinolla ei ole tapoja tavoittaa pelaajaa kampanjoiden osalta, jos markkinointi on kielletty pelaajan toimesta. Suosittelemme, ett\u00e4 hyv\u00e4ksyt ainakin yhden markkinointikanavista etenkin, jos aiot pelata kasinolla useamminkin. Huomaa kuitenkin, ett\u00e4 markkinointikielto ei koske tiliisi tai maksuihin liittyvi\u00e4 viestej\u00e4, jotka tulevat l\u00e4pi riippumatta markkinointiviestinn\u00e4n asetuksista.<\/p>\n\n\n\n<p class=\"wp-block-paragraph\">K\u00e4ytt\u00f6ehdot saattavat aluksi vaikuttaa monimutkaisilta ja liian pitkilt\u00e4 ymm\u00e4rrett\u00e4viksi. Lyhyt katsaus n\u00e4ihin eri s\u00e4\u00e4nt\u00f6ihin auttaa kuitenkin ymm\u00e4rt\u00e4m\u00e4\u00e4n, mit\u00e4 on hyv\u00e4ksym\u00e4ss\u00e4 rekister\u00f6ityess\u00e4\u00e4n uudelle kasinolle. Suosittelemme tutustumaan kasinon k\u00e4ytt\u00f6ehtoihin, joista l\u00f6yd\u00e4t t\u00e4rke\u00e4\u00e4 tietoa sivuston toiminnasta. Jos kaikki n\u00e4ytt\u00e4\u00e4 hyv\u00e4lt\u00e4, ruksi kohta, jossa hyv\u00e4ksyt ehdot, ja p\u00e4\u00e4set pelaamaan ennen kuin huomaatkaan.<\/p>\n","protected":false},"excerpt":{"rendered":"<p>Kaikilla luotettavilla nettikasinoilla on omat k\u00e4ytt\u00f6ehtonsa, joita pelaajan on noudatettava. L\u00e4hes jokaisella nettikasinolla on omat k\u00e4ytt\u00f6ehtonsa, eiv\u00e4tk\u00e4 nettikasinot ole poikkeus. Ehdot ovat itse asiassa erityisen t\u00e4rke\u00e4 verkkosivustoilla, joilla raha vaihtaa omistajaa. Kasinolle k\u00e4ytt\u00f6ehdot ovat elint\u00e4rke\u00e4t. Ne on luotu suojaamaan sek\u00e4 kasinoyhti\u00f6t\u00e4 ett\u00e4 sen pelaajia. K\u00e4ytt\u00f6ehtojen avulla kasino pystyy varmistamaan, ett\u00e4 pelaajat saavat parhaan mahdollisen kokemuksen &#8230; <a title=\"Ymm\u00e4rr\u00e4 kasinon k\u00e4ytt\u00f6ehdot\" class=\"read-more\" href=\"https:\/\/casinofrog.com\/fi\/oppaat\/ymmarra-kasinon-kayttoehdot\/\" aria-label=\"Read more about Ymm\u00e4rr\u00e4 kasinon k\u00e4ytt\u00f6ehdot\">Read more<\/a><\/p>\n","protected":false},"author":19,"featured_media":0,"parent":6499,"menu_order":0,"comment_status":"closed","ping_status":"closed","template":"","meta":{"_crdt_document":"","footnotes":""},"class_list":["post-3809","page","type-page","status-publish"],"_links":{"self":[{"href":"https:\/\/casinofrog.com\/fi\/wp-json\/wp\/v2\/pages\/3809","targetHints":{"allow":["GET"]}}],"collection":[{"href":"https:\/\/casinofrog.com\/fi\/wp-json\/wp\/v2\/pages"}],"about":[{"href":"https:\/\/casinofrog.com\/fi\/wp-json\/wp\/v2\/types\/page"}],"author":[{"embeddable":true,"href":"https:\/\/casinofrog.com\/fi\/wp-json\/wp\/v2\/users\/19"}],"replies":[{"embeddable":true,"href":"https:\/\/casinofrog.com\/fi\/wp-json\/wp\/v2\/comments?post=3809"}],"version-history":[{"count":4,"href":"https:\/\/casinofrog.com\/fi\/wp-json\/wp\/v2\/pages\/3809\/revisions"}],"predecessor-version":[{"id":19131,"href":"https:\/\/casinofrog.com\/fi\/wp-json\/wp\/v2\/pages\/3809\/revisions\/19131"}],"up":[{"embeddable":true,"href":"https:\/\/casinofrog.com\/fi\/wp-json\/wp\/v2\/pages\/6499"}],"wp:attachment":[{"href":"https:\/\/casinofrog.com\/fi\/wp-json\/wp\/v2\/media?parent=3809"}],"curies":[{"name":"wp","href":"https:\/\/api.w.org\/{rel}","templated":true}]}}