{"id":1473,"date":"2020-07-10T13:04:03","date_gmt":"2020-07-10T13:04:03","guid":{"rendered":"https:\/\/www.casinofrog.com\/?page_id=1473"},"modified":"2022-11-17T08:07:17","modified_gmt":"2022-11-17T08:07:17","slug":"tietoa-meista","status":"publish","type":"page","link":"https:\/\/casinofrog.com\/fi\/tietoa-meista\/","title":{"rendered":"Tietoa meist\u00e4"},"content":{"rendered":"<h2><img loading=\"lazy\" decoding=\"async\" class=\"alignnone wp-image-10193 size-full\" src=\"https:\/\/casinofrog.com\/wp-content\/uploads\/tietoa-meista-fi.png\" alt=\"Tietoa meist\u00e4\" width=\"1400\" height=\"425\" srcset=\"https:\/\/casinofrog.com\/wp-content\/uploads\/tietoa-meista-fi.png 1400w, https:\/\/casinofrog.com\/wp-content\/uploads\/tietoa-meista-fi-300x91.png 300w, https:\/\/casinofrog.com\/wp-content\/uploads\/tietoa-meista-fi-1024x311.png 1024w, https:\/\/casinofrog.com\/wp-content\/uploads\/tietoa-meista-fi-768x233.png 768w\" sizes=\"auto, (max-width: 1400px) 100vw, 1400px\" \/><\/h2>\n<h2>Missiomme<\/h2>\n<p>Casino Forgilla tavoitteenamme on antaa lukijoillemme jatkuvaa ja eritt\u00e4in kokonaisvaltaista tietoa rahapelialasta. L\u00e4pin\u00e4kyvyys on meille t\u00e4rke\u00e4\u00e4, ja haluamme aina olla luotettava l\u00e4hde oikealle ja riippumattomalle tiedolle. Tarkan testausty\u00f6mme avulla asiantuntijatiimimme pystyy tarjoamaan objektiivista tietoa ja sis\u00e4lt\u00f6\u00e4, joka mahdollistaa pelaajille parhaan mahdollisen kasinokokemuksen.<\/p>\n<hr>\n<h2>Arvomme<\/h2>\n<p>Casino Frogin tiimi\u00e4 ohjaa meid\u00e4n ydinarvomme.<\/p>\n<p>Uskomme kest\u00e4viin asiakassuhteisiin, joten muovaamme sis\u00e4lt\u00f6\u00e4mme jatkuvasti vastaamaan k\u00e4ytt\u00e4jien ja lukijoiden muuttuviin vaatimuksiin. Laatu korvaa laadun, ja haluamme tarjota k\u00e4ytt\u00e4jillemme mahdollisimman ajankohtaista ja kokonaisvaltaista sis\u00e4lt\u00f6\u00e4 tuhlaamatta heid\u00e4n arvokasta aikaansa.<\/p>\n<p>L\u00e4pin\u00e4kyvyys ja rehellisyys ovat toiminnassamme elint\u00e4rkeit\u00e4. Haluamme, ett\u00e4 sis\u00e4lt\u00f6mme on aitoa, helposti saatavilla olevaa sek\u00e4 korkeimpien mahdollisten standardien mukaista.<\/p>\n<p>Koko tiimimme jakaa n\u00e4m\u00e4 ydinarvot, sill\u00e4 yhteisty\u00f6 ja tiimity\u00f6skentely ovat avainasemassa yrityksemme kehityksen kannalta.<\/p>\n<hr>\n<h2>Takuumme<\/h2>\n<p>Pysym\u00e4ll\u00e4 riippumattomana toimijana pystymme varmistamaan, ett\u00e4 sivustomme sis\u00e4lt\u00f6 on aina puolueetonta. Haluamme pit\u00e4\u00e4 sek\u00e4 artikkelimme, ohjeemme ett\u00e4 kasinoarviomme puolueettomina aina.<\/p>\n<p>Kaikki Casino Frogilla esiintyv\u00e4t kasinot arvioidaan tarkasti. Jokaisen sivustolta l\u00f6ytyv\u00e4n kasinon on t\u00e4ytett\u00e4v\u00e4 tarkat vaatimuksemme; muuten emme hyv\u00e4ksy niit\u00e4. Vaadimme kasinoilta luotettavuutta, reilua peli\u00e4, nopeutta sek\u00e4 ennen kaikkea turvallisuutta. Turvallisuutesi on meid\u00e4n ykk\u00f6sprioriteettimme.<\/p>\n<p>Casino Frog on, ja tulee aina olemaan, ilmainen palvelu. Asiantuntevuutemme sek\u00e4 kasvava tietopankkimme on tarjolla ilmaiseksi \u2013 nyt ja aina.<\/p>\n<p>Tiedoksi:<br \/>\n<em>Casino Frog on affiliate-sivusto. T\u00e4m\u00e4 tarkoittaa, ett\u00e4 emme itse tarjoa mink\u00e4\u00e4nlaisia kasinopelej\u00e4 sivustollamme, vaan esittelemme nettikasinosivustoja. Kun vierailijamme rekister\u00f6ityv\u00e4t ja pelaavat jollain kasinolla sivustomme kautta, voimme saada t\u00e4st\u00e4 korvauksen.<\/em><\/p>\n<hr>\n<h2>Lis\u00e4tietoa tai palautetta?<\/h2>\n<p>Kerromme mielell\u00e4mme lis\u00e4\u00e4 toiminnastamme ja kuuntelemme mahdollisia kehitysehdotuksia. Tavoitteenamme on olla mahdollisimman k\u00e4ytt\u00e4j\u00e4l\u00e4heinen palvelu, joten asiakaspalaute on meille eritt\u00e4in t\u00e4rke\u00e4\u00e4.<\/p>\n<p>Muovaamme sivustoamme aktiivisesti lukijoidemme k\u00e4ytt\u00e4ytymisen ja palautteen perusteella. Haluamme tarjota mahdollisimman hyv\u00e4\u00e4 sis\u00e4lt\u00f6\u00e4, joten palautteesi on meille t\u00e4rke\u00e4.<\/p>\n<p>Jos sinulla on palautetta, kehitysehdotuksia tai haluat kysy\u00e4 meilt\u00e4 jotain, voit aina l\u00e4hett\u00e4\u00e4 meille viesti\u00e4 yhteystietosivumme kautta. Ota yhteytt\u00e4 <a href=\"https:\/\/casinofrog.com\/fi\/ota-yhteytta\/\">t\u00e4st\u00e4<\/a>.<\/p>\n","protected":false},"excerpt":{"rendered":"<p>Missiomme Casino Forgilla tavoitteenamme on antaa lukijoillemme jatkuvaa ja eritt\u00e4in kokonaisvaltaista tietoa rahapelialasta. L\u00e4pin\u00e4kyvyys on meille t\u00e4rke\u00e4\u00e4, ja haluamme aina olla luotettava l\u00e4hde oikealle ja riippumattomalle tiedolle. Tarkan testausty\u00f6mme avulla asiantuntijatiimimme pystyy tarjoamaan objektiivista tietoa ja sis\u00e4lt\u00f6\u00e4, joka mahdollistaa pelaajille parhaan mahdollisen kasinokokemuksen. Arvomme Casino Frogin tiimi\u00e4 ohjaa meid\u00e4n ydinarvomme. Uskomme kest\u00e4viin asiakassuhteisiin, joten muovaamme &#8230; <a title=\"Tietoa meist\u00e4\" class=\"read-more\" href=\"https:\/\/casinofrog.com\/fi\/tietoa-meista\/\" aria-label=\"Read more about Tietoa meist\u00e4\">Read more<\/a><\/p>\n","protected":false},"author":72,"featured_media":0,"parent":0,"menu_order":0,"comment_status":"closed","ping_status":"closed","template":"","meta":{"_crdt_document":"","footnotes":""},"class_list":["post-1473","page","type-page","status-publish"],"_links":{"self":[{"href":"https:\/\/casinofrog.com\/fi\/wp-json\/wp\/v2\/pages\/1473","targetHints":{"allow":["GET"]}}],"collection":[{"href":"https:\/\/casinofrog.com\/fi\/wp-json\/wp\/v2\/pages"}],"about":[{"href":"https:\/\/casinofrog.com\/fi\/wp-json\/wp\/v2\/types\/page"}],"author":[{"embeddable":true,"href":"https:\/\/casinofrog.com\/fi\/wp-json\/wp\/v2\/users\/72"}],"replies":[{"embeddable":true,"href":"https:\/\/casinofrog.com\/fi\/wp-json\/wp\/v2\/comments?post=1473"}],"version-history":[{"count":13,"href":"https:\/\/casinofrog.com\/fi\/wp-json\/wp\/v2\/pages\/1473\/revisions"}],"predecessor-version":[{"id":17322,"href":"https:\/\/casinofrog.com\/fi\/wp-json\/wp\/v2\/pages\/1473\/revisions\/17322"}],"wp:attachment":[{"href":"https:\/\/casinofrog.com\/fi\/wp-json\/wp\/v2\/media?parent=1473"}],"curies":[{"name":"wp","href":"https:\/\/api.w.org\/{rel}","templated":true}]}}