{"id":156,"date":"2020-06-11T16:39:53","date_gmt":"2020-06-11T16:39:53","guid":{"rendered":"https:\/\/www.casinofrog.com\/?page_id=156"},"modified":"2024-12-23T11:14:56","modified_gmt":"2024-12-23T11:14:56","slug":"casino-frog-espana","status":"publish","type":"page","link":"https:\/\/casinofrog.com\/es\/","title":{"rendered":"Casino Frog Espa\u00f1a (ES)"},"content":{"rendered":"\n<h2 class=\"wp-block-heading\">Gu\u00eda de casinos en l\u00ednea de Espa\u00f1a 2026<\/h2>\n\n\n<div class=\"wp-block-image\">\n<figure class=\"alignright\"><img loading=\"lazy\" decoding=\"async\" width=\"140\" height=\"130\" src=\"https:\/\/casinofrog.com\/wp-content\/uploads\/casino-frog-espana.png\" alt=\"Casino Frog Espa\u00f1a\" class=\"wp-image-10935\"\/><\/figure>\n<\/div>\n\n\n<table id=\"tablepress-7\" class=\"tablepress tablepress-id-7 tablepress-responsive tablepress-responsive-stack-headers tablepress-responsive-stack-phone\">\n<thead>\n<tr class=\"row-1\">\n\t<td class=\"column-1\"><\/td><th class=\"column-2\">Casino<\/th><th class=\"column-3\">Nombre<\/th><th class=\"column-4\">Clasificaci\u00f3n<\/th><th class=\"column-5\">Bonos de casino<\/th><td class=\"column-6\"><\/td>\n<\/tr>\n<\/thead>\n<tbody class=\"row-striping\">\n<tr class=\"row-2\">\n\t<td class=\"column-1\"><\/td><td class=\"column-2\"><a href=\"https:\/\/casinofrog.com\/ar\/go\/ice-casino\" target=\"_blank\" rel=\"nofollow noopener noreferrer\"><img loading=\"lazy\" decoding=\"async\" src=\"\/wp-content\/uploads\/ice-casino.png\" width=\"130\" height=\"65\" alt=\"Ice Casino\"><\/a><\/td><td class=\"column-3\"><strong>Ice  Casino<\/strong><\/td><td class=\"column-4\">4.9 \/ 5 <i class=\"fa fa-star\"><\/td><td class=\"column-5\"><strong>120%<\/strong> hasta $300<br \/>\n<small><a href=\"https:\/\/casinofrog.com\/ar\/go\/ice-casino\" target=\"_blank\" rel=\"nofollow noopener\">T&C<\/a> &#8211; Juega con responsabilidad (18+) <br \/>\n<\/small><\/td><td class=\"column-6\"><a href=\"https:\/\/casinofrog.com\/ar\/go\/ice-casino\" rel=\"nofollow noopener noreferrer\" target=\"_blank\" class=\"play\">\u00a1Juega Ahora!<\/a><\/td>\n<\/tr>\n<tr class=\"row-3\">\n\t<td class=\"column-1\"><\/td><td class=\"column-2\"><a href=\"https:\/\/casinofrog.com\/ar\/go\/wazamba\" target=\"_blank\" rel=\"nofollow noopener noreferrer\"><img loading=\"lazy\" decoding=\"async\" src=\"\/wp-content\/uploads\/wazamba.png\" width=\"130\" height=\"65\" alt=\"Wazamba Casino\"><\/a><\/td><td class=\"column-3\"><strong>Wazamba<\/strong><\/td><td class=\"column-4\">4.8 \/ 5 <i class=\"fa fa-star\"><\/td><td class=\"column-5\"><strong>&#8211;<\/strong><br \/>\n<small><a href=\"https:\/\/casinofrog.com\/ar\/go\/wazamba\" target=\"_blank\" rel=\"nofollow noopener\">T&C<\/a> &#8211; Juega con responsabilidad (18+) <br \/>\n<\/small><\/td><td class=\"column-6\"><a href=\"https:\/\/casinofrog.com\/ar\/go\/wazamba\" rel=\"nofollow noopener noreferrer\" target=\"_blank\" class=\"play\">\u00a1Juega Ahora!<\/a><\/td>\n<\/tr>\n<tr class=\"row-4\">\n\t<td class=\"column-1\"><\/td><td class=\"column-2\"><a href=\"https:\/\/casinofrog.com\/ar\/go\/nomini\" target=\"_blank\" rel=\"nofollow noopener noreferrer\"><img loading=\"lazy\" decoding=\"async\" src=\"\/wp-content\/uploads\/nomini.png\" width=\"130\" height=\"65\" alt=\"Nomini Casino\"><\/a><\/td><td class=\"column-3\"><strong>Nomini<\/strong><\/td><td class=\"column-4\">4.8 \/ 5 <i class=\"fa fa-star\"><\/td><td class=\"column-5\"><strong>&#8211;<\/strong><br \/>\n<small><a href=\"https:\/\/casinofrog.com\/ar\/go\/nomini\" target=\"_blank\" rel=\"nofollow noopener\">T&C<\/a> &#8211; Juega con responsabilidad (18+) <br \/>\n<\/small><\/td><td class=\"column-6\"><a href=\"https:\/\/casinofrog.com\/ar\/go\/nomini\" rel=\"nofollow noopener noreferrer\" target=\"_blank\" class=\"play\">\u00a1Juega Ahora!<\/a><\/td>\n<\/tr>\n<\/tbody>\n<\/table>\n<!-- #tablepress-7 from cache -->\n\n\n<p class=\"wp-block-paragraph\">Sum\u00e9rgete en nuestro contenido y disfruta de art\u00edculos transparentes, honestos y actualizados sobre la industria de los juegos de azar. Casino Frog es la \u00fanica fuente de informaci\u00f3n que necesitas cuando est\u00e1s en la b\u00fasqueda del mejor sitio de casino en Espa\u00f1a. Creemos firmemente en el juego responsable y en los derechos de nuestros usuarios, por eso recomendamos exclusivamente sitios de juego que son fiables, transparentes y seguros. Nuestro contenido, en constante expansi\u00f3n, te dar\u00e1 todo lo que necesitas saber sobre el mundo del iGaming.<\/p>\n\n\n\n<p class=\"wp-block-paragraph\">Utiliza cualquiera de los siguientes enlaces para ir directamente a nuestros art\u00edculos m\u00e1s populares. Encontrar\u00e1s una lista de comparaci\u00f3n, pr\u00e1ctica y f\u00e1cil de usar, que acompa\u00f1a a cada art\u00edculo.<\/p>\n\n\n\n<ul class=\"wp-block-list\">\n<li><a href=\"https:\/\/casinofrog.com\/es\/casino-online\/\">Casino Online Espa\u00f1a<\/a><\/li>\n\n\n\n<li><a href=\"https:\/\/casinofrog.com\/es\/casino-online\/bonos\/\">Bonos Casino<\/a><\/li>\n\n\n\n<li><a href=\"https:\/\/casinofrog.com\/es\/casino-online\/juegos\/\">Juegos de Casino Online<\/a><\/li>\n<\/ul>\n\n\n\n<hr class=\"wp-block-separator has-alpha-channel-opacity\"\/>\n\n\n\n<h2 class=\"wp-block-heading\">Encuentra el mejor casino para ti<\/h2>\n\n\n\n<p class=\"wp-block-paragraph\">Disfruta cuanto antes de tus juegos de casino usando nuestra herramienta de comparaci\u00f3n de casinos para que encuentres el mejor para ti. Te hemos facilitado el proceso de b\u00fasqueda para que solo tengas que elegir y registrarte en el que m\u00e1s te guste. Utiliza la lista de abajo para obtener una visi\u00f3n general de los casinos m\u00e1s confiables, opciones de pago que admiten, ofertas de bonos, calificaciones y mucho m\u00e1s.<\/p>\n\n\n\n<h3 class=\"wp-block-heading\">Estamos aqu\u00ed para ayudarte<\/h3>\n\n\n\n<p class=\"wp-block-paragraph\">Queremos asegurarnos de que cualquier duda que tengas sea respondida de forma adecuada. Ocasionalmente, puede haber una pregunta que ninguno de nuestros art\u00edculos, gu\u00edas o p\u00e1gina de preguntas frecuentes hayan podido responder a\u00fan. Si este es el caso, por favor env\u00edanos tus preguntas y comentarios rellenando el <a href=\"https:\/\/casinofrog.com\/es\/contacto\/\">formulario de contacto<\/a>, \u00a1y te responderemos de inmediato!<\/p>\n\n\n\n<hr class=\"wp-block-separator has-alpha-channel-opacity\"\/>\n\n\n\n<h2 class=\"wp-block-heading\">Tu seguridad es lo primero<\/h2>\n\n\n\n<p class=\"wp-block-paragraph\">La confianza, la honestidad y la seguridad son importantes para nosotros. Nuestro objetivo es examinar cada sitio de casino en el mercado para asegurarnos que son confiables y seguros antes de recomendarlos.<\/p>\n\n\n\n<p class=\"wp-block-paragraph\">Todos los casinos que recomendamos deben tener una licencia adecuada, m\u00e9todos de pago fiables, asistencia profesional al cliente y permitir pagos r\u00e1pidos. Esa es la garant\u00eda de Casino Frog.<\/p>\n\n\n\n<p class=\"wp-block-paragraph\">El juego (con moderaci\u00f3n) est\u00e1 destinado a ser divertido y excitante. Y lo m\u00e1s importante, debe ser disfrutado en un ambiente seguro. Por eso hemos hecho nuestra prioridad asegurarnos de que todos los casinos que recomendamos son de confianza y seguros.<\/p>\n\n\n\n<h3 class=\"wp-block-heading\">\u00bfPor qu\u00e9 confiar en Casino Frog?<\/h3>\n\n\n\n<p class=\"wp-block-paragraph\">En Casino Frog, nos gusta la diversi\u00f3n. Dicho esto, somos una empresa seria. Apostar significa que est\u00e1s gastando el dinero que arduamente te has ganado, lo que significa que es nuestro trabajo asegurarnos de que recibas el m\u00e1ximo por tu dinero.<\/p>\n\n\n\n<p class=\"wp-block-paragraph\">El equipo de Casino Frog ha estado en el negocio por d\u00e9cadas. Sabemos lo que hacemos, y podemos garantizar que tendr\u00e1s la mejor experiencia aqu\u00ed.<\/p>\n\n\n\n<p class=\"wp-block-paragraph\">\u00danete a la familia de Casino Frog y tendr\u00e1s acceso a todos los mejores casinos establecidos, nuevos y viejos. Tambi\u00e9n encontrar\u00e1s las mejores ofertas de bonos y toda la informaci\u00f3n actualizada que necesitas para vivir una experiencia \u00fanica.<\/p>\n\n\n\n<p class=\"wp-block-paragraph\">Adem\u00e1s, nuestros servicios son completamente gratuitos, y siempre lo ser\u00e1n. Nunca te cobraremos por nada. No hay cargos ocultos, todo es gratis.<\/p>\n\n\n\n<p class=\"wp-block-paragraph\">\u00bfQuieres saber m\u00e1s sobre nosotros? Visita nuestra p\u00e1gina <a href=\"https:\/\/casinofrog.com\/es\/acerca-de-nosotros\/\">Acerca de<\/a> para aprender m\u00e1s sobre nuestra misi\u00f3n y nuestros valores.<\/p>\n\n\n\n<hr class=\"wp-block-separator has-alpha-channel-opacity\"\/>\n\n\n\n<h2 class=\"wp-block-heading\">Consejos de expertos al alcance de tu mano<\/h2>\n\n\n\n<p class=\"wp-block-paragraph\">Tanto si eres nuevo en el mundo del juego como si eres un veterano, puedes obtener respuestas a tus preguntas, aqu\u00ed mismo.<\/p>\n\n\n\n<p class=\"wp-block-paragraph\">Los expertos de Casino Frog han elaborado cuidadosamente varias gu\u00edas para principiantes pensadas para ayudar a cualquier jugador nuevo que quiera convertirse en un experto de la ruleta, blackjack, m\u00e1quinas tragaperras, etc. Adem\u00e1s, descubre todo lo que necesitas saber para ganar m\u00e1s y reclamar tus ganancias m\u00e1s r\u00e1pido. \u00a1Convi\u00e9rtete en un exitoso jugador de casino aqu\u00ed y ahora!<\/p>\n\n\n\n<p class=\"wp-block-paragraph\">Los veteranos tambi\u00e9n encontrar\u00e1n mucha informaci\u00f3n \u00fatil para mantenerse al d\u00eda con las \u00faltimas tendencias en el mercado de los casinos.<\/p>\n\n\n\n<h3 class=\"wp-block-heading\">Nos importa<\/h3>\n\n\n\n<p class=\"wp-block-paragraph\">El entretenimiento en l\u00ednea siempre debe ser disfrutado con moderaci\u00f3n. Los juegos de casino est\u00e1n pensados para ser divertidos y emocionantes, pero pueden convertirse en un problema para algunos jugadores. Si t\u00fa o alguien que conoces est\u00e1n desarrollando un problema con el juego, es importante buscar ayuda apropiada de inmediato.<\/p>\n\n\n\n<p class=\"wp-block-paragraph\">Visita nuestra gu\u00eda de <a href=\"https:\/\/casinofrog.com\/es\/juego-responsable\/\">Juego Responsable<\/a> para aprender m\u00e1s. Tambi\u00e9n encontrar\u00e1s todos los enlaces apropiados para obtener ayuda inmediata de las autoridades adecuadas.<\/p>\n","protected":false},"excerpt":{"rendered":"<p>Gu\u00eda de casinos en l\u00ednea de Espa\u00f1a Sum\u00e9rgete en nuestro contenido y disfruta de art\u00edculos transparentes, honestos y actualizados sobre la industria de los juegos de azar. Casino Frog es la \u00fanica fuente de informaci\u00f3n que necesitas cuando est\u00e1s en la b\u00fasqueda del mejor sitio de casino en Espa\u00f1a. Creemos firmemente en el juego responsable &#8230; <a title=\"Casino Frog Espa\u00f1a (ES)\" class=\"read-more\" href=\"https:\/\/casinofrog.com\/es\/\" aria-label=\"Leer m\u00e1s sobre Casino Frog Espa\u00f1a (ES)\">Leer m\u00e1s<\/a><\/p>\n","protected":false},"author":72,"featured_media":0,"parent":0,"menu_order":0,"comment_status":"closed","ping_status":"closed","template":"","meta":{"_crdt_document":"","footnotes":""},"class_list":["post-156","page","type-page","status-publish"],"_links":{"self":[{"href":"https:\/\/casinofrog.com\/es\/wp-json\/wp\/v2\/pages\/156","targetHints":{"allow":["GET"]}}],"collection":[{"href":"https:\/\/casinofrog.com\/es\/wp-json\/wp\/v2\/pages"}],"about":[{"href":"https:\/\/casinofrog.com\/es\/wp-json\/wp\/v2\/types\/page"}],"author":[{"embeddable":true,"href":"https:\/\/casinofrog.com\/es\/wp-json\/wp\/v2\/users\/72"}],"replies":[{"embeddable":true,"href":"https:\/\/casinofrog.com\/es\/wp-json\/wp\/v2\/comments?post=156"}],"version-history":[{"count":15,"href":"https:\/\/casinofrog.com\/es\/wp-json\/wp\/v2\/pages\/156\/revisions"}],"predecessor-version":[{"id":20462,"href":"https:\/\/casinofrog.com\/es\/wp-json\/wp\/v2\/pages\/156\/revisions\/20462"}],"wp:attachment":[{"href":"https:\/\/casinofrog.com\/es\/wp-json\/wp\/v2\/media?parent=156"}],"curies":[{"name":"wp","href":"https:\/\/api.w.org\/{rel}","templated":true}]}}