{"id":11399,"date":"2020-11-19T12:28:05","date_gmt":"2020-11-19T12:28:05","guid":{"rendered":"https:\/\/casinofrog.com\/?page_id=11399"},"modified":"2024-12-28T11:59:14","modified_gmt":"2024-12-28T11:59:14","slug":"juegos","status":"publish","type":"page","link":"https:\/\/casinofrog.com\/es\/casino-online\/juegos\/","title":{"rendered":"Juegos de Casino Online Espa\u00f1a 2026"},"content":{"rendered":"\n<p class=\"has-text-align-center wp-block-paragraph\">Hemos seleccionado los mejores juegos de casino disponibles en Espa\u00f1a y los hemos puesto en esta p\u00e1gina. \u00a1Con\u00f3celos, elige tu favorito, y disfruta!<\/p>\n\n\n\n<div style=\"text-align: center;\">\n<div style=\"display: inline-block; text-align: left;\"><i class=\"fa fa-asterisk\"><\/i>&nbsp;Los mejores juegos de casino por dinero real y m\u00e1quinas tragaperras online<br><i class=\"fa fa-asterisk\"><\/i> Tus juegos favoritos en l\u00ednea con un alto porcentaje de retorno al jugador (RTP)<br><i class=\"fa fa-asterisk\"><\/i> S\u00f3lo te recomendamos los sitios de casino con licencia que tienen los juegos m\u00e1s populares<\/div>\n<\/div>\n\n\n\n<hr class=\"wp-block-separator has-alpha-channel-opacity\"\/>\n\n\n\n<h2 class=\"wp-block-heading\">Los mejores juegos de casino online &#8211; 2026<\/h2>\n\n\n\n<table id=\"tablepress-17\" class=\"tablepress tablepress-id-17 tablepress-responsive tablepress-responsive-stack-headers tablepress-responsive-stack-phone\">\n<thead>\n<tr class=\"row-1\">\n\t<td class=\"column-1\"><\/td><th class=\"column-2\">Casino<\/th><th class=\"column-3\">Nombre<\/th><th class=\"column-4\">Clasificaci\u00f3n<\/th><th class=\"column-5\">Bonos de casino<\/th><td class=\"column-6\"><\/td>\n<\/tr>\n<\/thead>\n<tbody class=\"row-striping\">\n<\/tbody>\n<\/table>\n<!-- #tablepress-17 from cache -->\n\n\n<hr class=\"wp-block-separator has-alpha-channel-opacity\"\/>\n\n\n\n<h2 class=\"wp-block-heading\">Juegos de casino en l\u00ednea disponibles en Espa\u00f1a<\/h2>\n\n\n<div class=\"wp-block-image\">\n<figure class=\"alignright\"><img loading=\"lazy\" decoding=\"async\" width=\"85\" height=\"85\" src=\"https:\/\/casinofrog.com\/wp-content\/uploads\/juego-de-casino-online-es.png\" alt=\"juego de casino online espa\u00f1a\" class=\"wp-image-11511\"\/><\/figure>\n<\/div>\n\n\n<p class=\"wp-block-paragraph\">Cuando se trata de apuestas online, casi no hay l\u00edmite para los juegos que se ofrecen. Tanto si eliges jugar a juegos de casino gratuitos como si intentas jugar con dinero real, hay muchas opciones. Si has establecido un presupuesto, puedes empezar a jugar de verdad para tener la oportunidad de ganar dinero que puedas retirar. \u00bfCu\u00e1les juegos de casino online te convienen m\u00e1s? Si te preguntas eso la respuesta es: depende mucho del tipo de jugador que seas.<\/p>\n\n\n\n<p class=\"wp-block-paragraph\">\u00bfPrefieres los juegos de casino basados puramente en la suerte, o eres de los que busca un t\u00edtulo que requiera de alguna habilidad que al perfeccionarla pueda ayudarte a mejorar tus probabilidades de ganar? Tus preferencias influir\u00e1n en los juegos que puedas elegir, por lo que te recomendamos que pruebes un poco de todo. De esa manera, tendr\u00e1s acceso a un amplio abanico de opciones, y podr\u00e1s elegir el juego que mejor se adapte a tus prop\u00f3sitos, presupuesto, tiempo, etc.<\/p>\n\n\n\n<p class=\"wp-block-paragraph\">Hemos listado los mejores sitios de casino donde puedes jugar a los juegos de azar m\u00e1s populares en Espa\u00f1a porque cuentan con un alto RTP. En cada uno de ellos podr\u00e1s reclamar generosas <a href=\"https:\/\/casinofrog.com\/es\/casino-online\/bonos\/\">ofertas de bonos<\/a> y empezar a ganar dinero real. Los juegos con un buen porcentaje de retorno al jugador te garantizan una mayor diversi\u00f3n, mejores probabilidades de ganar, y tienden a permitirte jugar por m\u00e1s tiempo sin realizar dep\u00f3sitos adicionales.<\/p>\n\n\n\n<h3 class=\"wp-block-heading\">M\u00e1quinas tragaperras online<\/h3>\n\n\n\n<p class=\"wp-block-paragraph\">Si te gustan las m\u00e1quinas tragaperras, probablemente busques una experiencia relajante, divertida, y llena de caracter\u00edsticas especiales. Este juego de casino online es para distraerse, ya que est\u00e1 basado en la suerte y la pura diversi\u00f3n. Las slots online, como tambi\u00e9n son conocidas, se pueden jugar gratis debido a que los sitios de casino suelen ofrecer estos t\u00edtulos en versi\u00f3n demo. Esto te permite probar si la tragaperras en l\u00ednea cubre todas tus necesidades antes de animarte a hacer cualquier dep\u00f3sito para intentar ganar dinero real. Todo lo que se necesita es pulsar un bot\u00f3n y esperar lo mejor. Es un juego relajante que puede brindarte una inmensa emoci\u00f3n una vez que empieces a ganar.<\/p>\n\n\n\n<p class=\"wp-block-paragraph\">No s\u00f3lo es el tipo de juego m\u00e1s accesible, sino que tambi\u00e9n tiene miles de variantes. Muchos dise\u00f1os diferentes, temas, reglas, funciones especiales, m\u00fasica y m\u00e1s es algo a lo que nos hemos acostumbrado a lo largo de los a\u00f1os. Los operadores de casinos siguen lanzando nuevas tragaperras emocionantes, y muchas de las m\u00e1s recientes traen consigo un RTP muy alto, como el 98% o m\u00e1s. RTP (o <em>Return to Player<\/em> por sus siglas en ingl\u00e9s) mide cu\u00e1nto de tu dep\u00f3sito se recupera en promedio cuando se juega por per\u00edodos de tiempo m\u00e1s largos.<\/p>\n\n\n\n<h3 class=\"wp-block-heading\">Blackjack<\/h3>\n\n\n\n<p class=\"wp-block-paragraph\">Otro juego de casino cl\u00e1sico y famoso es, por supuesto, el Blackjack, tambi\u00e9n conocido como 21. Tanto la suerte como la habilidad est\u00e1n involucradas aqu\u00ed, lo que en teor\u00eda significa que podr\u00edas practicar para convertirte en un mejor jugador. Hay muchas gu\u00edas de estrategia en l\u00ednea que te ayudar\u00e1n a entender lo b\u00e1sico y a poner en pr\u00e1ctica las t\u00e9cnicas m\u00e1s avanzadas; pero no conf\u00edes demasiado en ellas ya que la suerte sigue siendo un elemento presente en este juego.<\/p>\n\n\n\n<p class=\"wp-block-paragraph\">Si decides probar el Blackjack, te recomendamos que lo hagas en un casino en vivo, con crupieres reales. Esto te permite obtener la mejor y m\u00e1s inmersiva experiencia. Encuentra los mejores sitios de casinos en vivo en nuestra lista cuidadosamente elaborada.<\/p>\n\n\n\n<h3 class=\"wp-block-heading\">Ruleta<\/h3>\n\n\n\n<p class=\"wp-block-paragraph\">El ahora popular juego de casino en l\u00ednea ha existido por mucho tiempo. A lo largo de su historia ha sido catalogado como el juego de azar favorito de millones de personas. Como un juego de casino offline, la ruleta se disfruta a menudo con un grupo de personas alrededor. Sin embargo, la experiencia online no tiene nada que envidiarle, ya que es igual de emocionante.<\/p>\n\n\n\n<p class=\"wp-block-paragraph\">Este es un juego basado puramente en la suerte. Las apuestas se colocan en la mesa de la ruleta, para luego hacer girar la rueda. Una peque\u00f1a bola gira sobre la rueda hasta detenerse y aterrizar en una casilla. Si la casilla seleccionada coincide con tu apuesta, recibir\u00e1s tu premio. Como el jugador no tiene ning\u00fan impacto en el resultado, todo lo que tienes que hacer es disfrutar de la adrenalina.<\/p>\n\n\n\n<h3 class=\"wp-block-heading\">Bacar\u00e1<\/h3>\n\n\n\n<p class=\"wp-block-paragraph\">El bacar\u00e1, tambi\u00e9n conocido como baccarat o punto y banca, ha ganado notoriedad entre las nuevas generaciones de jugadores espa\u00f1oles gracias a todas sus caracter\u00edsticas. Es un juego que ha sido inmortalizado por 007, el agente secreto brit\u00e1nico, y que es f\u00e1cil de entender porque las reglas son sencillas. En general los jugadores solo tienen que apostar a la banca, al jugador o al empate, y contar con una mano que se acerque lo m\u00e1s posible a 9 puntos.<\/p>\n\n\n\n<p class=\"wp-block-paragraph\">Este juego ofrece un halo de sofisticaci\u00f3n y elegancia que resulta muy atractivo para los jugadores m\u00e1s experimentados. Tambi\u00e9n suele atraer a grandes apostadores, sobre todo en su versi\u00f3n en vivo, por lo que es posible conseguir grandes premios.<\/p>\n\n\n\n<h3 class=\"wp-block-heading\">P\u00f3ker<\/h3>\n\n\n\n<p class=\"wp-block-paragraph\">El p\u00f3ker online o v\u00eddeo p\u00f3quer tambi\u00e9n est\u00e1 muy presente en los sitios de casino de hoy en d\u00eda. Gracias al trabajo de los desarrolladores es posible encontrar diferentes variantes del juego que se adaptan a las necesidades de todo tipo de jugador. Si eres aficionado al p\u00f3ker offline Texas Hold\u2019em, Omaha, Seven-Card o Poker Stud, en Internet tambi\u00e9n podr\u00e1s encontrar mesas adaptadas a tus gustos.<\/p>\n\n\n\n<h3 class=\"wp-block-heading\">V\u00eddeo bingo<\/h3>\n\n\n\n<p class=\"wp-block-paragraph\">Otro de los juegos de casino online m\u00e1s populares del momento es el v\u00eddeo bingo. La facilidad de juego, la diversi\u00f3n que brindan, y los jugosos botes que puedes reclamar constituyen los principales atractivos de este juego de azar.<\/p>\n\n\n\n<p class=\"wp-block-paragraph\">Este tipo de juego de casino es la combinaci\u00f3n perfecta de una tragaperras con el cl\u00e1sico bingo de sal\u00f3n. Existen diferentes temas, dise\u00f1os y funciones especiales, pensadas para brindar la mejor experiencia a los jugadores espa\u00f1oles. Puedes jugar hasta con cuatro cartones a la vez, y la velocidad de las partidas hace que sea muy entretenida la experiencia.<\/p>\n\n\n\n<hr class=\"wp-block-separator has-alpha-channel-opacity\"\/>\n\n\n\n<h2 class=\"wp-block-heading\">\u00bfC\u00f3mo elegir el juego ideal para ti?<\/h2>\n\n\n\n<p class=\"wp-block-paragraph\">Todos los <a href=\"https:\/\/casinofrog.com\/es\/casino-online\/\">casinos online<\/a> serios ofrecen una amplia gama de juegos de azar en los que se puede ganar dinero real. Lo que debes hacer para sacar el m\u00e1ximo provecho de tu sesi\u00f3n de juego es, por supuesto, encontrar el juego de casino online que mejor se adapte a tus necesidades. Hay un sinn\u00famero de juegos disponibles en el mercado y nuevos juegos est\u00e1n apareciendo todo el tiempo. Nuestro equipo se mantiene al d\u00eda con los \u00faltimos lanzamientos para que puedas obtener disfrutar de una experiencia sin igual visitando nuevos casinos en Espa\u00f1a a trav\u00e9s de nuestro sitio web.<\/p>\n\n\n\n<p class=\"wp-block-paragraph\">Los juegos que aparecen en esta p\u00e1gina son los que recomienda Casino Frog, pero tambi\u00e9n hay otros disponibles. Es una buena idea navegar por la secci\u00f3n de juegos de tu casino favorito para ver qu\u00e9 categor\u00edas tienen. No tengas miedo de explorar y probar algo nuevo con lo que no est\u00e9s familiarizado, puedes recibir una grata sorpresa.<\/p>\n\n\n\n<p class=\"wp-block-paragraph\">Cuando se trata de elegir los mejores juegos y sitios de apuestas por dinero real, la mayor\u00eda de las veces deber\u00edas elegir el juego que m\u00e1s te guste. Cuando te diviertes mientras juegas, ya has ganado m\u00e1s que solo dinero. Divertirse tambi\u00e9n te ayuda a rendir mejor cuando juegas a juegos que tambi\u00e9n requieren habilidades, estrategias y pr\u00e1ctica. Las tragaperras son una forma simple y entretenida de empezar, y el Blackjack es ideal para aquellos que quieran llevar la experiencia al siguiente nivel.<\/p>\n\n\n\n<hr class=\"wp-block-separator has-alpha-channel-opacity\"\/>\n\n\n\n<h2 class=\"wp-block-heading\">Preguntas frecuentes<\/h2>\n\n\n<style>#sp-ea-11402 .spcollapsing { height: 0; overflow: hidden; transition-property: height;transition-duration: 500ms;}#sp-ea-11402{ position: relative; }#sp-ea-11402 .ea-card{ opacity: 0;}#eap-preloader-11402{ position: absolute; left: 0; top: 0; height: 100%;width: 100%; text-align: center;display: flex; align-items: center;justify-content: center;}#sp-ea-11402.sp-easy-accordion>.sp-ea-single {margin-bottom: 10px; border: 1px solid #e2e2e2; }#sp-ea-11402.sp-easy-accordion>.sp-ea-single>.ea-header a {color: #444;}#sp-ea-11402.sp-easy-accordion>.sp-ea-single>.sp-collapse>.ea-body {background: #fff; color: #444;}#sp-ea-11402.sp-easy-accordion>.sp-ea-single {background: #eee;}#sp-ea-11402.sp-easy-accordion>.sp-ea-single>.ea-header a .ea-expand-icon { float: left; color: #444;font-size: 16px;}<\/style><div id=\"sp_easy_accordion-1777128635\"><div id=\"sp-ea-11402\" class=\"sp-ea-one sp-easy-accordion\" data-ea-active=\"ea-click\" data-ea-mode=\"vertical\" data-preloader=\"1\" data-scroll-active-item=\"\" data-offset-to-scroll=\"0\"><div id=\"eap-preloader-11402\" class=\"accordion-preloader\"><img decoding=\"async\" src=\"https:\/\/casinofrog.com\/wp-content\/plugins\/easy-accordion-free\/public\/assets\/ea_loader.svg\" alt=\"Loader image\"\/><\/div><div class=\"ea-card ea-expand sp-ea-single\"><h3 class=\"ea-header\"><a class=\"collapsed\" id=\"ea-header-114020\" role=\"button\" data-sptoggle=\"spcollapse\" data-sptarget=\"#collapse114020\" aria-controls=\"collapse114020\" href=\"#\" aria-expanded=\"true\" tabindex=\"0\"><i aria-hidden=\"true\" role=\"presentation\" class=\"ea-expand-icon eap-icon-ea-expand-minus\"><\/i> \u00bfD\u00f3nde puedo encontrar los mejores juegos de casino?<\/a><\/h3><div class=\"sp-collapse spcollapse collapsed show\" id=\"collapse114020\" role=\"region\" aria-labelledby=\"ea-header-114020\"> <div class=\"ea-body\"><p>Hay miles de juegos de casino disponibles hoy en d\u00eda y se lanzan nuevos regularmente. La forma m\u00e1s f\u00e1cil y r\u00e1pida de encontrar los mejores juegos es consultando las gu\u00edas de casinos como Casinofrog.com.<\/p><\/div><\/div><\/div><div class=\"ea-card ea-expand sp-ea-single\"><h3 class=\"ea-header\"><a class=\"collapsed\" id=\"ea-header-114021\" role=\"button\" data-sptoggle=\"spcollapse\" data-sptarget=\"#collapse114021\" aria-controls=\"collapse114021\" href=\"#\" aria-expanded=\"true\" tabindex=\"0\"><i aria-hidden=\"true\" role=\"presentation\" class=\"ea-expand-icon eap-icon-ea-expand-minus\"><\/i> \u00bfCu\u00e1les son los juegos que tienen los botes m\u00e1s grandes?<\/a><\/h3><div class=\"sp-collapse spcollapse collapsed show\" id=\"collapse114021\" role=\"region\" aria-labelledby=\"ea-header-114021\"> <div class=\"ea-body\"><p>Encontrar\u00e1s los mayores botes en las tragaperras online con botes progresivos y estos se pueden encontrar en la mayor\u00eda de los casinos en l\u00ednea. Las tragaperras progresivas, como tambi\u00e9n son conocidas, se diferencian de las regulares por presentar una \"rueda de la suerte\" en la que un gran bote de dinero te espera si tienes suerte.<\/p><\/div><\/div><\/div><div class=\"ea-card ea-expand sp-ea-single\"><h3 class=\"ea-header\"><a class=\"collapsed\" id=\"ea-header-114022\" role=\"button\" data-sptoggle=\"spcollapse\" data-sptarget=\"#collapse114022\" aria-controls=\"collapse114022\" href=\"#\" aria-expanded=\"true\" tabindex=\"0\"><i aria-hidden=\"true\" role=\"presentation\" class=\"ea-expand-icon eap-icon-ea-expand-minus\"><\/i> \u00bfQu\u00e9 puedo hacer para mejorar mis probabilidades de ganar?<\/a><\/h3><div class=\"sp-collapse spcollapse collapsed show\" id=\"collapse114022\" role=\"region\" aria-labelledby=\"ea-header-114022\"> <div class=\"ea-body\"><p>No hay atajos para ganar dinero en los casinos. Sin embargo, hay pautas que puedes seguir para mantener tu dinero bajo control. Esto incluye mantener las apuestas lo m\u00e1s bajas posible, no perseguir las p\u00e9rdidas y renunciar si tienes una mala racha.<\/p><\/div><\/div><\/div><div class=\"ea-card ea-expand sp-ea-single\"><h3 class=\"ea-header\"><a class=\"collapsed\" id=\"ea-header-114023\" role=\"button\" data-sptoggle=\"spcollapse\" data-sptarget=\"#collapse114023\" aria-controls=\"collapse114023\" href=\"#\" aria-expanded=\"true\" tabindex=\"0\"><i aria-hidden=\"true\" role=\"presentation\" class=\"ea-expand-icon eap-icon-ea-expand-minus\"><\/i> \u00bfEs seguro jugar online?<\/a><\/h3><div class=\"sp-collapse spcollapse collapsed show\" id=\"collapse114023\" role=\"region\" aria-labelledby=\"ea-header-114023\"> <div class=\"ea-body\"><p>En resumen, s\u00ed. Lo que es importante recordar es elegir un sitio web de casino leg\u00edtimo donde tu seguridad est\u00e9 garantizada. Afortunadamente, todos los sitios recomendados aqu\u00ed en Casino Frog tienen licencia y son completamente seguros.<\/p><\/div><\/div><\/div><script type=\"application\/ld+json\">{ \"@context\": \"https:\/\/schema.org\", \"@type\": \"FAQPage\", \"@id\": \"sp-ea-schema-11402-69ecd4bb5de05\", \"mainEntity\": [{ \"@type\": \"Question\", \"name\": \"\u00bfD\u00f3nde puedo encontrar los mejores juegos de casino?\", \"acceptedAnswer\": { \"@type\": \"Answer\", \"text\": \"Hay miles de juegos de casino disponibles hoy en d\u00eda y se lanzan nuevos regularmente. La forma m\u00e1s f\u00e1cil y r\u00e1pida de encontrar los mejores juegos es consultando las gu\u00edas de casinos como Casinofrog.com.\" } },{ \"@type\": \"Question\", \"name\": \"\u00bfCu\u00e1les son los juegos que tienen los botes m\u00e1s grandes?\", \"acceptedAnswer\": { \"@type\": \"Answer\", \"text\": \"Encontrar\u00e1s los mayores botes en las tragaperras online con botes progresivos y estos se pueden encontrar en la mayor\u00eda de los casinos en l\u00ednea. Las tragaperras progresivas, como tambi\u00e9n son conocidas, se diferencian de las regulares por presentar una 'rueda de la suerte' en la que un gran bote de dinero te espera si tienes suerte.\" } },{ \"@type\": \"Question\", \"name\": \"\u00bfQu\u00e9 puedo hacer para mejorar mis probabilidades de ganar?\", \"acceptedAnswer\": { \"@type\": \"Answer\", \"text\": \"No hay atajos para ganar dinero en los casinos. Sin embargo, hay pautas que puedes seguir para mantener tu dinero bajo control. Esto incluye mantener las apuestas lo m\u00e1s bajas posible, no perseguir las p\u00e9rdidas y renunciar si tienes una mala racha.\" } },{ \"@type\": \"Question\", \"name\": \"\u00bfEs seguro jugar online?\", \"acceptedAnswer\": { \"@type\": \"Answer\", \"text\": \"En resumen, s\u00ed. Lo que es importante recordar es elegir un sitio web de casino leg\u00edtimo donde tu seguridad est\u00e9 garantizada. Afortunadamente, todos los sitios recomendados aqu\u00ed en Casino Frog tienen licencia y son completamente seguros.\" } }] }<\/script><\/div><\/div>\n\n\n\n<hr class=\"wp-block-separator has-alpha-channel-opacity\"\/>\n\n\n\n<h2 class=\"wp-block-heading\">Conclusi\u00f3n<\/h2>\n\n\n\n<p class=\"wp-block-paragraph\">Nos gustar\u00eda terminar este art\u00edculo enfatizando la importancia de mantener la calma cuando se juega en l\u00ednea. Por muy agradable que sea jugar, y sabiendo que hay una posibilidad de ganar a lo grande, te aconsejamos que te tomes un respiro. Dedica un tiempo a echar un vistazo para averiguar en qu\u00e9 tipo de juegos est\u00e1s metido. Una vez que empieces a jugar, evita perseguir cualquier p\u00e9rdida.<\/p>\n\n\n\n<p class=\"wp-block-paragraph\">El objetivo principal es tener una experiencia divertida y segura mientras disfrutas de tus juegos favoritos de casino online. Esperamos que esta gu\u00eda te haya dado una visi\u00f3n m\u00e1s completa para que puedas comenzar con el pie derecho tu nueva aventura jugando a los juegos m\u00e1s populares de Espa\u00f1a. El mercado de juegos de casino en Espa\u00f1a est\u00e1 floreciendo y estamos viendo aparecer nuevos juegos a un ritmo nunca antes visto. Mantendremos esta gu\u00eda actualizada para reflejar los principales cambios y lanzamientos de la industria.<\/p>\n","protected":false},"excerpt":{"rendered":"<p>Hemos seleccionado los mejores juegos de casino disponibles en Espa\u00f1a y los hemos puesto en esta p\u00e1gina. \u00a1Con\u00f3celos, elige tu favorito, y disfruta! &nbsp;Los mejores juegos de casino por dinero real y m\u00e1quinas tragaperras online Tus juegos favoritos en l\u00ednea con un alto porcentaje de retorno al jugador (RTP) S\u00f3lo te recomendamos los sitios de &#8230; <a title=\"Juegos de Casino Online Espa\u00f1a 2026\" class=\"read-more\" href=\"https:\/\/casinofrog.com\/es\/casino-online\/juegos\/\" aria-label=\"Leer m\u00e1s sobre Juegos de Casino Online Espa\u00f1a 2026\">Leer m\u00e1s<\/a><\/p>\n","protected":false},"author":61,"featured_media":0,"parent":11333,"menu_order":0,"comment_status":"closed","ping_status":"closed","template":"","meta":{"_crdt_document":"","footnotes":""},"class_list":["post-11399","page","type-page","status-publish"],"_links":{"self":[{"href":"https:\/\/casinofrog.com\/es\/wp-json\/wp\/v2\/pages\/11399","targetHints":{"allow":["GET"]}}],"collection":[{"href":"https:\/\/casinofrog.com\/es\/wp-json\/wp\/v2\/pages"}],"about":[{"href":"https:\/\/casinofrog.com\/es\/wp-json\/wp\/v2\/types\/page"}],"author":[{"embeddable":true,"href":"https:\/\/casinofrog.com\/es\/wp-json\/wp\/v2\/users\/61"}],"replies":[{"embeddable":true,"href":"https:\/\/casinofrog.com\/es\/wp-json\/wp\/v2\/comments?post=11399"}],"version-history":[{"count":15,"href":"https:\/\/casinofrog.com\/es\/wp-json\/wp\/v2\/pages\/11399\/revisions"}],"predecessor-version":[{"id":20479,"href":"https:\/\/casinofrog.com\/es\/wp-json\/wp\/v2\/pages\/11399\/revisions\/20479"}],"up":[{"embeddable":true,"href":"https:\/\/casinofrog.com\/es\/wp-json\/wp\/v2\/pages\/11333"}],"wp:attachment":[{"href":"https:\/\/casinofrog.com\/es\/wp-json\/wp\/v2\/media?parent=11399"}],"curies":[{"name":"wp","href":"https:\/\/api.w.org\/{rel}","templated":true}]}}