{"id":11370,"date":"2020-11-19T12:48:25","date_gmt":"2020-11-19T12:48:25","guid":{"rendered":"https:\/\/casinofrog.com\/?page_id=11370"},"modified":"2024-12-23T11:20:20","modified_gmt":"2024-12-23T11:20:20","slug":"bonos","status":"publish","type":"page","link":"https:\/\/casinofrog.com\/es\/casino-online\/bonos\/","title":{"rendered":"Bonos Casino Espa\u00f1a 2026"},"content":{"rendered":"\n<p class=\"has-text-align-center wp-block-paragraph\">Encuentra un bono casino exclusivo para ti en nuestra lista de casinos en Espa\u00f1a y \u00a1disfruta de dinero extra para jugar!<\/p>\n\n\n\n<div style=\"text-align: center;\">\n<div style=\"display: inline-block; text-align: left;\"><i class=\"fa fa-asterisk\"><\/i> Todos los bonos de los casinos m\u00e1s populares de Espa\u00f1a<br><i class=\"fa fa-asterisk\"><\/i> Muchas opciones de pago para elegir que son seguras y r\u00e1pidas<br><i class=\"fa fa-asterisk\"><\/i> Sitios de casinos con licencia y generosos bonos<\/div>\n<\/div>\n\n\n\n<hr class=\"wp-block-separator has-alpha-channel-opacity\"\/>\n\n\n\n<h2 class=\"wp-block-heading\">Los mejores bonos de casino para jugadores espa\u00f1oles 2026<\/h2>\n\n\n\n<table id=\"tablepress-17\" class=\"tablepress tablepress-id-17 tablepress-responsive tablepress-responsive-stack-headers tablepress-responsive-stack-phone\">\n<thead>\n<tr class=\"row-1\">\n\t<td class=\"column-1\"><\/td><th class=\"column-2\">Casino<\/th><th class=\"column-3\">Nombre<\/th><th class=\"column-4\">Clasificaci\u00f3n<\/th><th class=\"column-5\">Bonos de casino<\/th><td class=\"column-6\"><\/td>\n<\/tr>\n<\/thead>\n<tbody class=\"row-striping\">\n<\/tbody>\n<\/table>\n<!-- #tablepress-17 from cache -->\n\n\n<hr class=\"wp-block-separator has-alpha-channel-opacity\"\/>\n\n\n\n<h2 class=\"wp-block-heading\">Bonos de casino en Espa\u00f1a<\/h2>\n\n\n<div class=\"wp-block-image\">\n<figure class=\"alignright\"><img loading=\"lazy\" decoding=\"async\" width=\"250\" height=\"150\" src=\"https:\/\/casinofrog.com\/wp-content\/uploads\/bonos-casino-espana.png\" alt=\"bonos casino espa\u00f1a\" class=\"wp-image-11412\"\/><\/figure>\n<\/div>\n\n\n<p class=\"wp-block-paragraph\">Queremos darte una amplia visi\u00f3n general del mercado de bonos casino para asegurarnos de que recibas una oferta justa y generosa al mismo tiempo. Para ello, nuestros expertos est\u00e1n constantemente revisando los numerosos bonos de casino que se ofrecen en los casinos online en Espa\u00f1a; compar\u00e1ndolos entre s\u00ed para identificar los mejores entre los distintos tipos de bonos disponibles que cuentan con requisitos de apuestas f\u00e1ciles de cumplir.<\/p>\n\n\n\n<p class=\"wp-block-paragraph\">No vamos a recomendar ninguna oferta que no cumpla con nuestros altos est\u00e1ndares de calidad. Dado que las bonificaciones tienden a cambiar de vez en cuando, siempre mantenemos nuestras listas actualizadas para ofrecerte las mejores ofertas del momento.<\/p>\n\n\n\n<p class=\"wp-block-paragraph\">El equipo de Casino Frog a menudo pone sus ofertas favoritas de bonos casino al principio de la lista, permiti\u00e9ndote encontrar sin mucho esfuerzo las mejores promociones. De vez en cuando, conseguimos brindar a nuestros usuarios bonos exclusivos, \u00a1as\u00ed que mant\u00e9nganse atentos! Nuestras ofertas exclusivas pueden consistir en ventajas como dinero adicional para jugar, giros gratis extra o tratamiento VIP. Si se requiere un c\u00f3digo de bonificaci\u00f3n, te lo haremos saber y te lo proporcionaremos.<\/p>\n\n\n\n<hr class=\"wp-block-separator has-alpha-channel-opacity\"\/>\n\n\n\n<h2 class=\"wp-block-heading\">Cualidades del bono casino perfecto<\/h2>\n\n\n\n<p class=\"wp-block-paragraph\">A pesar de que puedes f\u00e1cilmente confiar solamente en la selecci\u00f3n de sitios de casino que se encuentran aqu\u00ed en Casino Frog, vale la pena saber las cualidades que garantizan a bono casino ser\u00e1 bueno. Por lo general, la oferta m\u00e1s popular y que se obtiene la mayor\u00eda de las veces es el llamado bono de bienvenida. Esta es la oferta que puedes reclamar una vez que te registres y hagas un dep\u00f3sito en un <strong>nuevo casino en l\u00ednea<\/strong>. En raros casos, para recibir una promoci\u00f3n de bienvenida no es necesario hacer un dep\u00f3sito, y entonces se denomina bono sin dep\u00f3sito. Echa un vistazo a continuaci\u00f3n para saber qu\u00e9 debes tener en cuenta al decidir qu\u00e9 casino online visitar y qu\u00e9 bono reclamar.<\/p>\n\n\n\n<h3 class=\"wp-block-heading\">Requisitos de apuesta justos<\/h3>\n\n\n\n<p class=\"wp-block-paragraph\">Un bono de casino puede tener varias formas, pero hay una cosa que casi todas las promociones de <a href=\"https:\/\/casinofrog.com\/es\/casino-online\/\">los casinos online<\/a> tienen en com\u00fan: el requisito de la apuesta. Los requisitos de apuestas est\u00e1n ah\u00ed para que los jugadores no s\u00f3lo reclamen un bono y retiren el dinero extra que recibieron de \u00e9l. Esa pr\u00e1ctica ser\u00eda cuestionable y un mal negocio para los sitios de casino. Lo que hacen los requisitos es determinar cu\u00e1ntas veces hay que apostar la cantidad de la bonificaci\u00f3n antes de poder retirarla y transferirla a tu cuenta bancaria.<\/p>\n\n\n\n<p class=\"wp-block-paragraph\">Si el requisito de apuesta es 35 veces para una bonificaci\u00f3n de 200 euros, se calcula el total de la apuesta multiplic\u00e1ndola por la suma de la bonificaci\u00f3n; es decir: 35 x 200 = 7.000. En este ejemplo, tienes que jugar y apostar 7.000 euros antes de poder retirar el dinero como ganancias. A veces las reglas se aplican no s\u00f3lo al dinero del bono sino tambi\u00e9n a la cantidad del primer dep\u00f3sito.<\/p>\n\n\n\n<p class=\"wp-block-paragraph\">Al mirar los requisitos de apuestas para un bono casino online, debes optar por aquellos que sean lo m\u00e1s bajos posibles. No importa lo bueno que parezca el bono, el requisito de apuestas determina si es justo o no. Cualquier apuesta entre 1x y 40x se considera generalmente bastante justa, ya que se trata de dinero gratis. Recomendamos evitar cualquier requisito por encima de 50x.<\/p>\n\n\n\n<hr class=\"wp-block-separator has-alpha-channel-opacity\"\/>\n\n\n\n<h2 class=\"wp-block-heading\">Diferentes tipos de bonos casino disponibles<\/h2>\n\n\n\n<p class=\"wp-block-paragraph\">Hay muchos tipos diferentes de bonos en el mercado, pero algunos son m\u00e1s comunes que otros. La mayor\u00eda de los casinos en l\u00ednea ofrecen a los nuevos jugadores un bono de bienvenida, tambi\u00e9n conocido como bono de primer dep\u00f3sito, que el jugador puede elegir si aceptar o rechazar. Despu\u00e9s de eso, el casino puede ofrecer bonos adicionales como giros gratis y devoluciones de dinero, o m\u00e1s bonos por dep\u00f3sito si el jugador contin\u00faa ingresando dinero a su cuenta. Todos estos pueden ser ofertas separadas o parte de un programa de lealtad.<\/p>\n\n\n\n<h3 class=\"wp-block-heading\">Bonos que igualan tu dep\u00f3sito<\/h3>\n\n\n\n<p class=\"wp-block-paragraph\">Esto es lo que normalmente se obtiene al hacer el primer dep\u00f3sito en un nuevo sitio de casino. Tu dep\u00f3sito ser\u00e1 igualado hasta un porcentaje determinado. Normalmente es parte de la oferta de bienvenida del casino, y a menudo puede ser referido como un bono de bienvenida o bono de primer dep\u00f3sito. Estos pueden ser reclamados espec\u00edficamente s\u00f3lo una vez por persona, pero los bonos que igualan tu dep\u00f3sito a veces tambi\u00e9n se ofrecen como promociones regulares que aplican a tu primer ingreso cada semana, mes, etc.<\/p>\n\n\n\n<p class=\"wp-block-paragraph\">Si el casino iguala al 100% tu dep\u00f3sito de 200 euros, significa que obtendr\u00e1s 200 euros extra para gastar en cualquiera de tus juegos favoritos. En total, \u00a1tendr\u00e1s 400 euros! Por lo general, existir\u00e1 un tope en la cantidad m\u00e1xima de dinero que puedes depositar. Si excedes la cantidad m\u00e1xima, digamos de 500 euros, haciendo un dep\u00f3sito de 1.000 euros, esto significa que no podr\u00e1s beneficiarte del bono. Para que quede claro, la cantidad m\u00e1xima permitida puede variar dependiendo de cada sitio de casino.<\/p>\n\n\n\n<p class=\"wp-block-paragraph\">Para las bonificaciones que igualan tu dep\u00f3sito, te recomendamos que mires primero los requisitos de apuesta, seguido del porcentaje que recibir\u00e1s (100%-500%) y, por \u00faltimo, la cantidad m\u00e1xima. Si estos 3 factores cumplen con tus expectativas, recl\u00e1malo.<\/p>\n\n\n\n<h3 class=\"wp-block-heading\">Giros gratis<\/h3>\n\n\n\n<p class=\"wp-block-paragraph\">A veces encontrar\u00e1s que el operador del casino ha incluido giros gratis a tu oferta de bienvenida. Esto quiere decir que podr\u00edas, por ejemplo, obtener 100 giros gratis junto con tu bono que iguala el primer dep\u00f3sito que hagas. Esta promoci\u00f3n son esencialmente giros extra que puede utilizar en las tragaperras seleccionadas. En los t\u00e9rminos del bono se indica en qu\u00e9 tragaperras se pueden utilizar. B\u00e1sicamente, cada jugada es una oportunidad extra para ganar.<\/p>\n\n\n\n<p class=\"wp-block-paragraph\">M\u00e1s all\u00e1 que solo con el bono de bienvenida, los giros gratis tambi\u00e9n pueden distribuirse semanal o mensualmente, a menudo vinculadas a una promoci\u00f3n o a m\u00e1s dep\u00f3sitos. Si bien es cierto que existen giros 100% gratis, son cada vez m\u00e1s escasos ahora. Esta es la raz\u00f3n por la que muchos casinos renombran este tipo de promoci\u00f3n como giros de bienvenida, giros en efectivo u otros nombres creativos.<\/p>\n\n\n\n<h3 class=\"wp-block-heading\">Reembolso<\/h3>\n\n\n\n<p class=\"wp-block-paragraph\">El funcionamiento de los bonos de reembolso es bastante b\u00e1sico. Cualquier dinero que pierdas mientras juegas, se te regresa. Esto se determina por un porcentaje fijo, como el 10% o el 20%. Si hay un 10% de devoluci\u00f3n de dinero y pierdes 20 euros, te devuelven 2 euros. Por lo general, la devoluci\u00f3n del dinero es una oferta de tiempo limitado ligada al bono de bienvenida, que dura un par de meses; pero tambi\u00e9n hay casinos que ofrecen este tipo de bono cada semana.<\/p>\n\n\n\n<hr class=\"wp-block-separator has-alpha-channel-opacity\"\/>\n\n\n\n<h2 class=\"wp-block-heading\">Preguntas frecuentes<\/h2>\n\n\n<style>#sp-ea-11409 .spcollapsing { height: 0; overflow: hidden; transition-property: height;transition-duration: 500ms;}#sp-ea-11409{ position: relative; }#sp-ea-11409 .ea-card{ opacity: 0;}#eap-preloader-11409{ position: absolute; left: 0; top: 0; height: 100%;width: 100%; text-align: center;display: flex; align-items: center;justify-content: center;}#sp-ea-11409.sp-easy-accordion>.sp-ea-single {margin-bottom: 10px; border: 1px solid #e2e2e2; }#sp-ea-11409.sp-easy-accordion>.sp-ea-single>.ea-header a {color: #444;}#sp-ea-11409.sp-easy-accordion>.sp-ea-single>.sp-collapse>.ea-body {background: #fff; color: #444;}#sp-ea-11409.sp-easy-accordion>.sp-ea-single {background: #eee;}#sp-ea-11409.sp-easy-accordion>.sp-ea-single>.ea-header a .ea-expand-icon { float: left; color: #444;font-size: 16px;}<\/style><div id=\"sp_easy_accordion-1777429119\"><div id=\"sp-ea-11409\" class=\"sp-ea-one sp-easy-accordion\" data-ea-active=\"ea-click\" data-ea-mode=\"vertical\" data-preloader=\"1\" data-scroll-active-item=\"\" data-offset-to-scroll=\"0\"><div id=\"eap-preloader-11409\" class=\"accordion-preloader\"><img decoding=\"async\" src=\"https:\/\/casinofrog.com\/wp-content\/plugins\/easy-accordion-free\/public\/assets\/ea_loader.svg\" alt=\"Loader image\"\/><\/div><div class=\"ea-card ea-expand sp-ea-single\"><h3 class=\"ea-header\"><a class=\"collapsed\" id=\"ea-header-114090\" role=\"button\" data-sptoggle=\"spcollapse\" data-sptarget=\"#collapse114090\" aria-controls=\"collapse114090\" href=\"#\" aria-expanded=\"true\" tabindex=\"0\"><i aria-hidden=\"true\" role=\"presentation\" class=\"ea-expand-icon eap-icon-ea-expand-minus\"><\/i> \u00bfPuedo obtener bonos de casino en Espa\u00f1a?<\/a><\/h3><div class=\"sp-collapse spcollapse collapsed show\" id=\"collapse114090\" role=\"region\" aria-labelledby=\"ea-header-114090\"> <div class=\"ea-body\"><p>S\u00ed, los jugadores en Espa\u00f1a pueden optar a bonos casino en los sitios con licencia. Visita Casinofrog.com para ver los casinos que recomendamos, y encontrar el bono que mejor se adapte a tus necesidades, como los bonos de bienvenida y los giros gratis.<\/p><\/div><\/div><\/div><div class=\"ea-card ea-expand sp-ea-single\"><h3 class=\"ea-header\"><a class=\"collapsed\" id=\"ea-header-114091\" role=\"button\" data-sptoggle=\"spcollapse\" data-sptarget=\"#collapse114091\" aria-controls=\"collapse114091\" href=\"#\" aria-expanded=\"true\" tabindex=\"0\"><i aria-hidden=\"true\" role=\"presentation\" class=\"ea-expand-icon eap-icon-ea-expand-minus\"><\/i> \u00bfC\u00f3mo retiro las bonificaciones?<\/a><\/h3><div class=\"sp-collapse spcollapse collapsed show\" id=\"collapse114091\" role=\"region\" aria-labelledby=\"ea-header-114091\"> <div class=\"ea-body\"><p>Para retirar las ganancias, primero debes cumplir con los requisitos de apuestas del casino. Estos se encuentran en la secci\u00f3n de t\u00e9rminos y condiciones de la bonificaci\u00f3n y var\u00edan de un operador a otro. Una vez que hayas apostado la cantidad requerida, tu bonificaci\u00f3n y ganancias pueden ser retiradas y transferidas a trav\u00e9s de tu m\u00e9todo de pago preferido.<\/p><\/div><\/div><\/div><div class=\"ea-card ea-expand sp-ea-single\"><h3 class=\"ea-header\"><a class=\"collapsed\" id=\"ea-header-114092\" role=\"button\" data-sptoggle=\"spcollapse\" data-sptarget=\"#collapse114092\" aria-controls=\"collapse114092\" href=\"#\" aria-expanded=\"true\" tabindex=\"0\"><i aria-hidden=\"true\" role=\"presentation\" class=\"ea-expand-icon eap-icon-ea-expand-minus\"><\/i> \u00bfQu\u00e9 pasa si no quiero un bono casino online?<\/a><\/h3><div class=\"sp-collapse spcollapse collapsed show\" id=\"collapse114092\" role=\"region\" aria-labelledby=\"ea-header-114092\"> <div class=\"ea-body\"><p>Es totalmente posible rechazar una oferta de bonificaci\u00f3n si no est\u00e1s de acuerdo con los t\u00e9rminos y condiciones de la misma. Tendr\u00e1s menos dinero para jugar (que consiste s\u00f3lo en la cantidad que depositaste en tu cuenta) pero no tendr\u00e1s que preocuparte por los requisitos de las apuestas.<\/p><\/div><\/div><\/div><script type=\"application\/ld+json\">{ \"@context\": \"https:\/\/schema.org\", \"@type\": \"FAQPage\", \"@id\": \"sp-ea-schema-11409-69f16a7f291ce\", \"mainEntity\": [{ \"@type\": \"Question\", \"name\": \"\u00bfPuedo obtener bonos de casino en Espa\u00f1a?\", \"acceptedAnswer\": { \"@type\": \"Answer\", \"text\": \"S\u00ed, los jugadores en Espa\u00f1a pueden optar a bonos casino en los sitios con licencia. Visita Casinofrog.com para ver los casinos que recomendamos, y encontrar el bono que mejor se adapte a tus necesidades, como los bonos de bienvenida y los giros gratis.\" } },{ \"@type\": \"Question\", \"name\": \"\u00bfC\u00f3mo retiro las bonificaciones?\", \"acceptedAnswer\": { \"@type\": \"Answer\", \"text\": \"Para retirar las ganancias, primero debes cumplir con los requisitos de apuestas del casino. Estos se encuentran en la secci\u00f3n de t\u00e9rminos y condiciones de la bonificaci\u00f3n y var\u00edan de un operador a otro. Una vez que hayas apostado la cantidad requerida, tu bonificaci\u00f3n y ganancias pueden ser retiradas y transferidas a trav\u00e9s de tu m\u00e9todo de pago preferido.\" } },{ \"@type\": \"Question\", \"name\": \"\u00bfQu\u00e9 pasa si no quiero un bono casino online?\", \"acceptedAnswer\": { \"@type\": \"Answer\", \"text\": \"Es totalmente posible rechazar una oferta de bonificaci\u00f3n si no est\u00e1s de acuerdo con los t\u00e9rminos y condiciones de la misma. Tendr\u00e1s menos dinero para jugar (que consiste s\u00f3lo en la cantidad que depositaste en tu cuenta) pero no tendr\u00e1s que preocuparte por los requisitos de las apuestas.\" } }] }<\/script><\/div><\/div>\n","protected":false},"excerpt":{"rendered":"<p>Encuentra un bono casino exclusivo para ti en nuestra lista de casinos en Espa\u00f1a y \u00a1disfruta de dinero extra para jugar! Todos los bonos de los casinos m\u00e1s populares de Espa\u00f1a Muchas opciones de pago para elegir que son seguras y r\u00e1pidas Sitios de casinos con licencia y generosos bonos Los mejores bonos de casino &#8230; <a title=\"Bonos Casino Espa\u00f1a 2026\" class=\"read-more\" href=\"https:\/\/casinofrog.com\/es\/casino-online\/bonos\/\" aria-label=\"Leer m\u00e1s sobre Bonos Casino Espa\u00f1a 2026\">Leer m\u00e1s<\/a><\/p>\n","protected":false},"author":62,"featured_media":0,"parent":11333,"menu_order":0,"comment_status":"closed","ping_status":"closed","template":"","meta":{"_crdt_document":"","footnotes":""},"class_list":["post-11370","page","type-page","status-publish"],"_links":{"self":[{"href":"https:\/\/casinofrog.com\/es\/wp-json\/wp\/v2\/pages\/11370","targetHints":{"allow":["GET"]}}],"collection":[{"href":"https:\/\/casinofrog.com\/es\/wp-json\/wp\/v2\/pages"}],"about":[{"href":"https:\/\/casinofrog.com\/es\/wp-json\/wp\/v2\/types\/page"}],"author":[{"embeddable":true,"href":"https:\/\/casinofrog.com\/es\/wp-json\/wp\/v2\/users\/62"}],"replies":[{"embeddable":true,"href":"https:\/\/casinofrog.com\/es\/wp-json\/wp\/v2\/comments?post=11370"}],"version-history":[{"count":17,"href":"https:\/\/casinofrog.com\/es\/wp-json\/wp\/v2\/pages\/11370\/revisions"}],"predecessor-version":[{"id":20477,"href":"https:\/\/casinofrog.com\/es\/wp-json\/wp\/v2\/pages\/11370\/revisions\/20477"}],"up":[{"embeddable":true,"href":"https:\/\/casinofrog.com\/es\/wp-json\/wp\/v2\/pages\/11333"}],"wp:attachment":[{"href":"https:\/\/casinofrog.com\/es\/wp-json\/wp\/v2\/media?parent=11370"}],"curies":[{"name":"wp","href":"https:\/\/api.w.org\/{rel}","templated":true}]}}